{"id":223446,"date":"2021-10-07T00:26:31","date_gmt":"2021-10-06T22:26:31","guid":{"rendered":"https:\/\/europeancourt.org\/?page_id=223446"},"modified":"2025-11-29T11:30:27","modified_gmt":"2025-11-29T10:30:27","slug":"encontrar-n%c3%bamero-de-demanda-admisi%c3%b3n-o-decisi%c3%b3n","status":"publish","type":"page","link":"https:\/\/europeancourt.org\/es\/servicios\/tedh\/encontrar-n%c3%bamero-de-demanda-admisi%c3%b3n-o-decisi%c3%b3n\/","title":{"rendered":"Encontrar n\u00famero de demanda, admisi\u00f3n o decisi\u00f3n del TEDH"},"content":{"rendered":"<div class=\"mywpcf7cf myshow myhide\">\u00bfConoce el n\u00famero de la demanda en cuesti\u00f3n?<\/div>\r\n<div class=\"mywpcf7cf myshow myhide\">\r\n  <span class=\"mymultyradiobutton blue\">\r\n    <span class=\"wpcf7-list-item wpcf7\">\r\n      <label><input type=\"radio\"><span class=\"wpcf7-list-item-label\">S\u00ed<\/span><\/label>\r\n    <\/span>\r\n  <\/span>\r\n  <span class=\"mymultyradiobutton blue\">\r\n    <span class=\"wpcf7-list-item wpcf7\">\r\n      <label><input type=\"radio\"><span class=\"wpcf7-list-item-label\">No<\/span><\/label>\r\n    <\/span>\r\n  <\/span>\r\n<\/div>\r\n<div class=\"mywpcf7cf-blueleft myshow myhide\">\r\n  <span class=\"mycustomsummary\">\u00bfQu\u00e9 es un n\u00famero de demanda?<\/span>\r\n  <span class=\"mycustomdetails\">\r\n    <span class=\"vlist\">\r\n      <span class=\"vitem\">El n\u00famero de demanda figura en cualquier carta del TEDH relativa a una demanda registrada, inmediatamente despu\u00e9s de \u00abDemanda N\u00b0\u00bb y antes del t\u00edtulo de la demanda. En la correspondencia en ingl\u00e9s se escribe \u00abApplication no.\u00bb; en franc\u00e9s, \u00abRequ\u00eate n\u00b0\u00bb.<\/span>\r\n      <span class=\"vitem\">El formato del n\u00famero de demanda: N\u00daMERO\/A\u00d1O, p. ej., 123\/14. Solo cifras y una barra inclinada hacia la derecha \u00ab\/\u00bb, sin espacios.<\/span>\r\n      <span class=\"vitem\">Un n\u00famero con el mismo formato en una carta del TEDH en la que se indique que el formulario de demanda no re\u00fane los requisitos no es un n\u00famero de demanda. Ese n\u00famero podr\u00e1 convertirse en n\u00famero de demanda \u00fanicamente cuando el TEDH reciba un formulario de demanda que re\u00fana los requisitos y registre la demanda. En esa carta no se indica el t\u00edtulo de la demanda, porque la demanda no est\u00e1 registrada, y normalmente se indica el c\u00f3digo ECHR-Axxx6, donde \u00abxxx\u00bb designa el idioma de la carta. Debajo de este c\u00f3digo a veces figura \u00abNs.\/Rif.\u00bb<\/span>\r\n    <\/span>\r\n  <\/span>\r\n<\/div>\r\n<div class=\"mywpcf7cf myshow myhide mywpcf7cf-utility\">\r\n  <div class=\"mybutton red not-in-text-button is-disabled\" aria-disabled=\"true\">Empezar de nuevo<\/div>\r\n  <a class=\"mybutton red not-in-text-button\" href=\"mailto:oleg.anishchik@europeancourt.org?subject=Encontrar n\u00famero de demanda, admisi\u00f3n o decisi\u00f3n del TEDH: error&#038;body=Descripci\u00f3n del error: \">Informar de un error<\/a>\r\n<\/div>\r\n<div id=\"ajax_content\"><\/div>","protected":false},"excerpt":{"rendered":"\u00bfConoce el n\u00famero de la demanda en cuesti\u00f3n? S\u00ed No \u00bfQu\u00e9 es un n\u00famero de demanda? El n\u00famero de demanda figura en cualquier carta del TEDH relativa a una demanda registrada, inmediatamente despu\u00e9s de&#46;&#46;&#46;","protected":false},"author":1,"featured_media":223447,"parent":177159,"menu_order":0,"comment_status":"closed","ping_status":"closed","template":"","meta":{"footnotes":""},"categories":[],"tags":[],"class_list":["post-223446","page","type-page","status-publish","has-post-thumbnail","hentry"],"_links":{"self":[{"href":"https:\/\/europeancourt.org\/es\/wp-json\/wp\/v2\/pages\/223446","targetHints":{"allow":["GET"]}}],"collection":[{"href":"https:\/\/europeancourt.org\/es\/wp-json\/wp\/v2\/pages"}],"about":[{"href":"https:\/\/europeancourt.org\/es\/wp-json\/wp\/v2\/types\/page"}],"author":[{"embeddable":true,"href":"https:\/\/europeancourt.org\/es\/wp-json\/wp\/v2\/users\/1"}],"replies":[{"embeddable":true,"href":"https:\/\/europeancourt.org\/es\/wp-json\/wp\/v2\/comments?post=223446"}],"version-history":[{"count":1,"href":"https:\/\/europeancourt.org\/es\/wp-json\/wp\/v2\/pages\/223446\/revisions"}],"predecessor-version":[{"id":223448,"href":"https:\/\/europeancourt.org\/es\/wp-json\/wp\/v2\/pages\/223446\/revisions\/223448"}],"up":[{"embeddable":true,"href":"https:\/\/europeancourt.org\/es\/wp-json\/wp\/v2\/pages\/177159"}],"wp:featuredmedia":[{"embeddable":true,"href":"https:\/\/europeancourt.org\/es\/wp-json\/wp\/v2\/media\/223447"}],"wp:attachment":[{"href":"https:\/\/europeancourt.org\/es\/wp-json\/wp\/v2\/media?parent=223446"}],"wp:term":[{"taxonomy":"category","embeddable":true,"href":"https:\/\/europeancourt.org\/es\/wp-json\/wp\/v2\/categories?post=223446"},{"taxonomy":"post_tag","embeddable":true,"href":"https:\/\/europeancourt.org\/es\/wp-json\/wp\/v2\/tags?post=223446"}],"curies":[{"name":"wp","href":"https:\/\/api.w.org\/{rel}","templated":true}]}}