{"id":225259,"date":"2026-04-26T14:48:47","date_gmt":"2026-04-26T12:48:47","guid":{"rendered":"https:\/\/europeancourt.org\/servicios\/tedh\/representaci%c3%b3n-de-demandantes-ante-el-tedh\/"},"modified":"2026-04-26T17:00:32","modified_gmt":"2026-04-26T15:00:32","slug":"representaci%c3%b3n-de-demandantes-ante-el-tedh","status":"publish","type":"page","link":"https:\/\/europeancourt.org\/es\/servicios\/tedh\/representaci%c3%b3n-de-demandantes-ante-el-tedh\/","title":{"rendered":"Representaci\u00f3n de demandantes ante el TEDH"},"content":{"rendered":"<div id=\"ec-representation-page\" class=\"ec-service-page ec-service-representation\" data-service=\"representation\">\n<div class=\"ec-service-screen ec-service-screen-1\">\n<div class=\"mywpcf7cf myshow myhide\">Este servicio solo se ofrece respecto de demandas que ya han sido comunicadas al gobierno del Estado demandado y en las que el TEDH haya informado al demandante de que debe presentar observaciones escritas.<\/div>\n<div class=\"mywpcf7cf myshow myhide\">El precio de la representaci\u00f3n ante el TEDH depende del tiempo necesario para preparar las respuestas a las preguntas del TEDH, las r\u00e9plicas a los argumentos del gobierno del Estado demandado y, en su caso, las precisiones sobre los hechos y las pretensiones de satisfacci\u00f3n equitativa. El margen puede ser muy amplio: desde unos cientos de euros, si bastan dos o tres horas, hasta 10.000 euros o m\u00e1s, si hacen falta decenas de horas.<\/div>\n<div class=\"mywpcf7cf myshow myhide\">Solo a partir de los documentos puedo determinar cu\u00e1nto tiempo har\u00e1 falta en su caso y, por tanto, cu\u00e1l ser\u00e1 el precio de la representaci\u00f3n. Facilite la demanda con todos sus documentos adjuntos, as\u00ed como todo lo que se haya enviado adicionalmente al TEDH en relaci\u00f3n con ella y todo lo que se haya recibido del TEDH. Si necesito documentos adicionales, se los pedir\u00e9.<\/div>\n<div class=\"mywpcf7cf myshow myhide\">Normalmente respondo a las solicitudes de presupuesto para la representaci\u00f3n ante el TEDH en el plazo de una semana desde que recibo todos los documentos y la informaci\u00f3n necesarios. Si el plazo fijado por el TEDH para presentar observaciones u otros materiales vence en los pr\u00f3ximos d\u00edas, escr\u00edbame para preguntarme si puedo examinar la solicitud con urgencia. Me comprometo a responder a ese mensaje en 24 horas. Si confirmo que puedo hacerlo y usted facilita de inmediato los documentos y la informaci\u00f3n necesarios, me comprometo a comunicarle mi conclusi\u00f3n sobre la solicitud en las 48 horas siguientes.<\/div>\n<div class=\"mywpcf7cf myshow myhide\">Al comunicarle el precio del servicio, y para no perder tiempo, le enviar\u00e9 tambi\u00e9n el contrato y el formulario de poder para la representaci\u00f3n ante el TEDH ya cumplimentado. Tendr\u00e1 que imprimir el poder, firmarlo y enviarlo en papel por correo postal a mi direcci\u00f3n en Francia. El servicio puede pagarse mediante transferencia bancaria a mi cuenta en Suiza o por otros medios, seg\u00fan el pa\u00eds desde el que se efect\u00fae el pago, una vez preparados los documentos para el TEDH. No obstante, es preferible hacerlo antes de enviarlos al TEDH, para poder adjuntar a las pretensiones de satisfacci\u00f3n equitativa un documento que confirme el pago: as\u00ed resulta mucho m\u00e1s sencillo justificar la pretensi\u00f3n de reembolso de los gastos ya abonados por la representaci\u00f3n del demandante ante el Tribunal.<\/div>\n<div class=\"mywpcf7cf myshow myhide\">Este servicio no es adecuado para usted si puede suscribir sin reservas cualquiera de estas afirmaciones:<\/div>\n<ul class=\"myshow myhide ec-service-blocker-list\"><li><label><input type=\"checkbox\" class=\"ec-service-blocker\" \/><span>El TEDH todav\u00eda no ha comunicado mi demanda al gobierno del Estado demandado, o la ha comunicado sin solicitar observaciones escritas.<\/span><\/label><\/li>\n<li><label><input type=\"checkbox\" class=\"ec-service-blocker\" \/><span>No estoy dispuesto a facilitar todos los documentos necesarios.<\/span><\/label><\/li>\n<li><label><input type=\"checkbox\" class=\"ec-service-blocker\" \/><span>No estoy dispuesto a ocuparme del poder ni a enviarlo en papel por correo postal.<\/span><\/label><\/li>\n<li><label><input type=\"checkbox\" class=\"ec-service-blocker\" \/><span>No estoy dispuesto a responder durante el trabajo a preguntas aclaratorias ni a facilitar documentos adicionales si son necesarios.<\/span><\/label><\/li><\/ul>\n<div class=\"mywpcf7cf myshow myhide\"><button type=\"button\" class=\"mybutton blue\" id=\"load_ajax_form\" data-ec-service-load=\"representation\" data-blocked-message=\"Mientras est\u00e9 marcada cualquiera de las afirmaciones, no podr\u00e1 continuar. Si la ha marcado por error, desm\u00e1rquela.\">Facilitar documentos<\/button><\/div>\n<div class=\"mywpcf7cf myshow myhide\"><a class=\"mybutton blue not-in-text-button\" href=\"mailto:oleg.anishchik@europeancourt.org?subject=Quisiera aclarar las condiciones\">Quisiera aclarar las condiciones<\/a><\/div>\n<div id=\"ec-service-load-status\" class=\"ec-service-load-status\" aria-live=\"polite\"><\/div>\n<\/div>\n<div id=\"ajax_content\"><\/div>\n<\/div>\n<script>\n(function(){\n  if (window.ecServiceBlockerGuardReady) return;\n  window.ecServiceBlockerGuardReady = true;\n  document.addEventListener('click', function(event) {\n    var button = event.target && event.target.closest ? event.target.closest('[data-ec-service-load]') : null;\n    if (!button) return;\n    var root = button.closest('.ec-service-page');\n    if (!root || !root.querySelector('.ec-service-blocker:checked')) return;\n    event.preventDefault();\n    event.stopPropagation();\n    if (event.stopImmediatePropagation) event.stopImmediatePropagation();\n    var status = root.querySelector('.ec-service-load-status');\n    if (status) status.textContent = button.getAttribute('data-blocked-message') || '';\n  }, true);\n})();\n<\/script>","protected":false},"excerpt":{"rendered":"Este servicio solo se ofrece respecto de demandas que ya han sido comunicadas al gobierno del Estado demandado y en las que el TEDH haya informado al demandante de que debe presentar observaciones escritas.&#46;&#46;&#46;","protected":false},"author":0,"featured_media":0,"parent":177159,"menu_order":0,"comment_status":"closed","ping_status":"closed","template":"","meta":{"footnotes":""},"categories":[],"tags":[],"class_list":["post-225259","page","type-page","status-publish","hentry"],"_links":{"self":[{"href":"https:\/\/europeancourt.org\/es\/wp-json\/wp\/v2\/pages\/225259","targetHints":{"allow":["GET"]}}],"collection":[{"href":"https:\/\/europeancourt.org\/es\/wp-json\/wp\/v2\/pages"}],"about":[{"href":"https:\/\/europeancourt.org\/es\/wp-json\/wp\/v2\/types\/page"}],"replies":[{"embeddable":true,"href":"https:\/\/europeancourt.org\/es\/wp-json\/wp\/v2\/comments?post=225259"}],"version-history":[{"count":1,"href":"https:\/\/europeancourt.org\/es\/wp-json\/wp\/v2\/pages\/225259\/revisions"}],"predecessor-version":[{"id":225583,"href":"https:\/\/europeancourt.org\/es\/wp-json\/wp\/v2\/pages\/225259\/revisions\/225583"}],"up":[{"embeddable":true,"href":"https:\/\/europeancourt.org\/es\/wp-json\/wp\/v2\/pages\/177159"}],"wp:attachment":[{"href":"https:\/\/europeancourt.org\/es\/wp-json\/wp\/v2\/media?parent=225259"}],"wp:term":[{"taxonomy":"category","embeddable":true,"href":"https:\/\/europeancourt.org\/es\/wp-json\/wp\/v2\/categories?post=225259"},{"taxonomy":"post_tag","embeddable":true,"href":"https:\/\/europeancourt.org\/es\/wp-json\/wp\/v2\/tags?post=225259"}],"curies":[{"name":"wp","href":"https:\/\/api.w.org\/{rel}","templated":true}]}}