{"id":225261,"date":"2026-04-26T14:48:59","date_gmt":"2026-04-26T12:48:59","guid":{"rendered":"https:\/\/europeancourt.org\/asesoramiento-jur%c3%addico-y-contactos\/"},"modified":"2026-04-26T17:00:33","modified_gmt":"2026-04-26T15:00:33","slug":"asesoramiento-jur%c3%addico-y-contactos","status":"publish","type":"page","link":"https:\/\/europeancourt.org\/es\/asesoramiento-jur%c3%addico-y-contactos\/","title":{"rendered":"Asesoramiento jur\u00eddico y contactos"},"content":{"rendered":"<div class=\"mywpcf7cf myshow myhide\">Necesito:<\/div>\n\n<div class=\"myshow myhide\"><span class=\"wpcf7-radio\"><span class=\"wpcf7-list-item\"><label><span class=\"wpcf7-list-item-label\">preparar una demanda ante el TEDH<\/span><\/label><\/span><\/span><\/div>\n\n<div class=\"myshow myhide\"><span class=\"wpcf7-radio\"><span class=\"wpcf7-list-item\"><label><span class=\"wpcf7-list-item-label\">revisar el formulario de demanda antes de enviarlo al TEDH<\/span><\/label><\/span><\/span><\/div>\n\n<div class=\"myshow myhide\"><span class=\"wpcf7-radio\"><span class=\"wpcf7-list-item\"><label><span class=\"wpcf7-list-item-label\">representaci\u00f3n del demandante ante el TEDH despu\u00e9s de la comunicaci\u00f3n de la demanda<\/span><\/label><\/span><\/span><\/div>\n\n<div class=\"myshow myhide\"><span class=\"wpcf7-radio\"><span class=\"wpcf7-list-item\"><label><span class=\"wpcf7-list-item-label\">conocer el estado de una demanda ante el TEDH<\/span><\/label><\/span><\/span><\/div>\n\n<div class=\"myshow myhide\"><span class=\"wpcf7-radio\"><span class=\"wpcf7-list-item\"><label><span class=\"wpcf7-list-item-label\">descargar el formulario de demanda ante el TEDH<\/span><\/label><\/span><\/span><\/div>\n\n<div class=\"myshow myhide\"><span class=\"wpcf7-radio\"><span class=\"wpcf7-list-item\"><label><span class=\"wpcf7-list-item-label\">solicitar una consulta<\/span><\/label><\/span><\/span><\/div>\n\n<div class=\"myshow myhide\"><span class=\"wpcf7-radio\"><span class=\"wpcf7-list-item\"><label><span class=\"wpcf7-list-item-label\">mostrar los datos de contacto<\/span><\/label><\/span><\/span><\/div>\n<div id=\"ajax_content\"><\/div>","protected":false},"excerpt":{"rendered":"Necesito: preparar una demanda ante el TEDH revisar el formulario de demanda antes de enviarlo al TEDH representaci\u00f3n del demandante ante el TEDH despu\u00e9s de la comunicaci\u00f3n de la demanda conocer el estado de&#46;&#46;&#46;","protected":false},"author":0,"featured_media":0,"parent":0,"menu_order":0,"comment_status":"closed","ping_status":"closed","template":"","meta":{"footnotes":""},"categories":[],"tags":[],"class_list":["post-225261","page","type-page","status-publish","hentry"],"_links":{"self":[{"href":"https:\/\/europeancourt.org\/es\/wp-json\/wp\/v2\/pages\/225261","targetHints":{"allow":["GET"]}}],"collection":[{"href":"https:\/\/europeancourt.org\/es\/wp-json\/wp\/v2\/pages"}],"about":[{"href":"https:\/\/europeancourt.org\/es\/wp-json\/wp\/v2\/types\/page"}],"replies":[{"embeddable":true,"href":"https:\/\/europeancourt.org\/es\/wp-json\/wp\/v2\/comments?post=225261"}],"version-history":[{"count":2,"href":"https:\/\/europeancourt.org\/es\/wp-json\/wp\/v2\/pages\/225261\/revisions"}],"predecessor-version":[{"id":225584,"href":"https:\/\/europeancourt.org\/es\/wp-json\/wp\/v2\/pages\/225261\/revisions\/225584"}],"wp:attachment":[{"href":"https:\/\/europeancourt.org\/es\/wp-json\/wp\/v2\/media?parent=225261"}],"wp:term":[{"taxonomy":"category","embeddable":true,"href":"https:\/\/europeancourt.org\/es\/wp-json\/wp\/v2\/categories?post=225261"},{"taxonomy":"post_tag","embeddable":true,"href":"https:\/\/europeancourt.org\/es\/wp-json\/wp\/v2\/tags?post=225261"}],"curies":[{"name":"wp","href":"https:\/\/api.w.org\/{rel}","templated":true}]}}