{"id":40602,"date":"2022-04-29T20:07:30","date_gmt":"2022-04-29T18:07:30","guid":{"rendered":"https:\/\/europeancourt.org\/tedh\/"},"modified":"2025-10-05T12:00:15","modified_gmt":"2025-10-05T12:00:15","slug":"tribunal-europeo-de-derechos-humanos","status":"publish","type":"page","link":"https:\/\/europeancourt.org\/es\/","title":{"rendered":"Oleg Aniszczyk, representante ante TEDH, CDH-ONU, Interpol-CCF"},"content":{"rendered":"<p>El Tribunal Europeo de Derechos Humanos es una jurisdicci\u00f3n internacional con sede en Estrasburgo. Solo puede examinar las quejas planteadas por personas f\u00edsicas, organizaciones y sociedades que se consideren v\u00edctimas de una vulneraci\u00f3n de los derechos protegidos por el Convenio Europeo de Derechos Humanos.<\/p> \n<p>El <a title=\"Convenio para la Protecci\u00f3n de los Derechos Humanos y de las Libertades Fundamentales\" href=\"https:\/\/europeancourt.org\/es\/documentos\/consejo-de-europa\/convenio-europeo-de-derechos-humanos\/\">Convenio Europeo de Derechos Humanos<\/a> es un tratado internacional por el que gran parte de los Estados europeos han acordado salvaguardar ciertos derechos fundamentales de los individuos. Los derechos garantizados se hallan enumerados en dicho Convenio y en los Protocolos n\u00bas <a title=\"Protocolo adicional al Convenio para la Protecci\u00f3n de los Derechos Humanos y de las Libertades Fundamentales\" href=\"https:\/\/europeancourt.org\/es\/documentos\/consejo-de-europa\/convenio-europeo-de-derechos-humanos\/protocolo-n%c2%ba1\/\">1<\/a>, <a title=\"Protocolo n\u00ba 4 al Convenio para la Protecci\u00f3n de los Derechos Humanos y de las Libertades Fundamentales\" href=\"https:\/\/europeancourt.org\/es\/documentos\/consejo-de-europa\/convenio-europeo-de-derechos-humanos\/protocolo-n%c2%ba4\/\">4<\/a>, <a title=\"Protocolo n\u00ba 6 al Convenio para la Protecci\u00f3n de los Derechos Humanos y de las Libertades Fundamentales\" href=\"https:\/\/europeancourt.org\/es\/documentos\/consejo-de-europa\/convenio-europeo-de-derechos-humanos\/protocolo-n%c2%ba6\/\">6<\/a>, <a title=\"Protocolo n\u00ba 7 al Convenio para la Protecci\u00f3n de los Derechos Humanos y de las Libertades Fundamentales\" href=\"https:\/\/europeancourt.org\/es\/documentos\/consejo-de-europa\/convenio-europeo-de-derechos-humanos\/protocolo-n%c2%ba7\/\">7<\/a>, <a title=\"Protocolo n\u00ba 12 al Convenio para la Protecci\u00f3n de los Derechos Humanos y de las Libertades Fundamentales\" href=\"https:\/\/europeancourt.org\/es\/documentos\/consejo-de-europa\/convenio-europeo-de-derechos-humanos\/protocolo-n%c2%ba12\/\">12<\/a> y <a title=\"Protocolo n\u00ba 13 al Convenio para la Protecci\u00f3n de los Derechos Humanos y de las Libertades Fundamentales\" href=\"https:\/\/europeancourt.org\/es\/documentos\/consejo-de-europa\/convenio-europeo-de-derechos-humanos\/protocolo-n%c2%ba13\/\">13<\/a>, que algunos Estados han ratificado.<\/p>\n<p>El Tribunal aplica el Convenio Europeo de Derechos Humanos. Su misi\u00f3n consiste en verificar que los derechos y garant\u00edas previstos por el Convenio son respetados por los Estados. Para ello, es necesario que los particulares o, en ocasiones, los Estados, dirijan una queja (\u00abdemanda\u00bb) al Tribunal. Cuando el Tribunal constata la infracci\u00f3n por parte de un Estado miembro de uno o varios de los derechos y garant\u00edas amparados por el Convenio, dicta una sentencia. Esta sentencia es obligatoria, el pa\u00eds afectado tiene la obligaci\u00f3n de ejecutarla.<\/p>\n<p>No es obligatorio que Ud. sea nacional de uno de los <a title=\"Pa\u00edses miembros del Consejo de Europa\" href=\"https:\/\/europeancourt.org\/es\/documentos\/consejo-de-europa\/convenio-europeo-de-derechos-humanos\/#ratificaci%C3%B3n\">pa\u00edses miembros del Consejo de Europa<\/a>. Se precisa simplemente que la violaci\u00f3n que se invoque haya sido cometida por uno de los Estados sometidos a su jurisdicci\u00f3n, lo cual corresponde, en general, con su territorio. El acto o actos impugnados deben emanar de una autoridad p\u00fablica de ese o esos Estados (por ejemplo un tribunal o una administraci\u00f3n p\u00fablica). El Tribunal no puede conocer de demandas dirigidas contra particulares o instituciones privadas como, por ejemplo, sociedades mercantiles.  Es preciso que Ud. sea directa y personalmente v\u00edctima de la infracci\u00f3n denunciada. No puede quejarse de una ley o de un acto en general, por ejemplo, porque lo considere injusto, ni puede quejarse en nombre de otras personas (a menos que esas personas est\u00e9n claramente identificadas y que Ud. sea su representante oficial).   Usted no puede quejarse de la violaci\u00f3n de otro instrumento jur\u00eddico distinto al Convenio Europeo de Derechos Humanos, tales como la Declaraci\u00f3n Universal de Derechos Humanos o la Carta de Derechos Fundamentales de la Uni\u00f3n Europea.<\/p>\n<p>Antes de acudir al Tribunal deben haberse utilizado, en el Estado en cuesti\u00f3n, todos los recursos que hubiesen podido remediar la situaci\u00f3n denunciada (se trata, en general, de una acci\u00f3n ante el juez o tribunal competente, seguida, en su caso, de un recurso de apelaci\u00f3n o incluso de un recurso ante un \u00f3rgano jurisdiccional superior). El ejercicio de estos recursos no es, en s\u00ed mismo, suficiente: es igualmente necesario que usted haya planteado sus agravios (es decir las violaciones del Convenio de las que se queja) en estos recursos. A partir de la fecha de la notificaci\u00f3n de la decisi\u00f3n interna definitiva (en general, la decisi\u00f3n o sentencia de la m\u00e1s alta jurisdicci\u00f3n), usted dispone de un plazo de cuatro meses para presentar su demanda ante el Tribunal.    El <a title=\"Formulario de demanda al Tribunal Europeo de Derechos Humanos\" href=\"https:\/\/europeancourt.org\/es\/documentos\/consejo-de-europa\/tedh\/formulario-de-demanda\/\">formulario de demanda<\/a> debe enviarse al Tribunal junto con toda la informaci\u00f3n y todos los documentos requeridos como tarde el \u00faltimo d\u00eda del plazo de cuatro meses. <a title=\"Verificaci\u00f3n de formulario de demanda \u2013 Tribunal Europeo de Derechos Humanos\" href=\"https:\/\/europeancourt.org\/es\/servicios\/tedh\/comprobaci%c3%b3n-de-los-formularios-de-demanda\/\">Verificar<\/a> que el mismo contiene toda la informaci\u00f3n y documentos requeridos.<\/p>\n<p>El Tribunal solo puede examinar ciertas quejas. Su competencia se circunscribe a los criterios de admisi\u00f3n enunciados en el Convenio, los cuales definen qui\u00e9n puede presentar una queja ante el Tribunal, cu\u00e1ndo y sobre qu\u00e9 materia. M\u00e1s del 90 % de las demandas examinadas por el Tribunal son declaradas inadmisibles. Se ruega verifique cuidadosamente que sus quejas corresponden a los criterios de admisibilidad. Si desea saber m\u00e1s sobre estos criterios, puede <a title=\"Consulta de un abogado \u2013 Tribunal Europeo de Derechos Humanos\" href=\"https:\/\/europeancourt.org\/en\/legal-advice-and-contacts\/\">consultar a un abogado<\/a>.<\/p>\n<p>El examen de su caso es gratuito. Usted s\u00f3lo deber\u00e1 sufragar sus propios gastos (tales como los honorarios de su abogado o sus gastos de investigaci\u00f3n, o de correspondencia). El Tribunal no le puede ayudar a pagar a un <a title=\"Preparaci\u00f3n de demandas ante el Tribunal Europeo de Derechos Humanos\" href=\"https:\/\/europeancourt.org\/en\/services\/echr\/preparing-applications\/\">abogado para la redacci\u00f3n de su demanda<\/a>. Aunque al inicio del procedimiento no sea precisa <a title=\"Representaci\u00f3n letrada \u2013 Tribunal Europeo de Derechos Humano\" href=\"https:\/\/europeancourt.org\/en\/services\/echr\/representing-applicants\/\">representaci\u00f3n letrada<\/a>, \u00e9sta ser\u00e1 necesaria en el caso de que su demanda sea notificada al Gobierno.<\/p>\n<p>Si se constatase una violaci\u00f3n, el Tribunal podr\u00eda acordarle una \u00absatisfacci\u00f3n equitativa\u00bb, que consiste en una compensaci\u00f3n econ\u00f3mica de ciertos perjuicios. El Tribunal puede tambi\u00e9n exigir al Estado demandado que le reembolse los gastos en que Ud. haya podido incurrir para hacer valer sus derechos.<\/p>","protected":false},"excerpt":{"rendered":"El Tribunal Europeo de Derechos Humanos es una jurisdicci\u00f3n internacional con sede en Estrasburgo. Solo puede examinar las quejas planteadas por personas f\u00edsicas, organizaciones y sociedades que se consideren v\u00edctimas de una vulneraci\u00f3n de&#46;&#46;&#46;","protected":false},"author":1,"featured_media":208888,"parent":0,"menu_order":0,"comment_status":"closed","ping_status":"closed","template":"","meta":{"footnotes":""},"categories":[],"tags":[],"class_list":["post-40602","page","type-page","status-publish","has-post-thumbnail","hentry"],"_links":{"self":[{"href":"https:\/\/europeancourt.org\/es\/wp-json\/wp\/v2\/pages\/40602","targetHints":{"allow":["GET"]}}],"collection":[{"href":"https:\/\/europeancourt.org\/es\/wp-json\/wp\/v2\/pages"}],"about":[{"href":"https:\/\/europeancourt.org\/es\/wp-json\/wp\/v2\/types\/page"}],"author":[{"embeddable":true,"href":"https:\/\/europeancourt.org\/es\/wp-json\/wp\/v2\/users\/1"}],"replies":[{"embeddable":true,"href":"https:\/\/europeancourt.org\/es\/wp-json\/wp\/v2\/comments?post=40602"}],"version-history":[{"count":0,"href":"https:\/\/europeancourt.org\/es\/wp-json\/wp\/v2\/pages\/40602\/revisions"}],"wp:featuredmedia":[{"embeddable":true,"href":"https:\/\/europeancourt.org\/es\/wp-json\/wp\/v2\/media\/208888"}],"wp:attachment":[{"href":"https:\/\/europeancourt.org\/es\/wp-json\/wp\/v2\/media?parent=40602"}],"wp:term":[{"taxonomy":"category","embeddable":true,"href":"https:\/\/europeancourt.org\/es\/wp-json\/wp\/v2\/categories?post=40602"},{"taxonomy":"post_tag","embeddable":true,"href":"https:\/\/europeancourt.org\/es\/wp-json\/wp\/v2\/tags?post=40602"}],"curies":[{"name":"wp","href":"https:\/\/api.w.org\/{rel}","templated":true}]}}