{"id":116069,"date":"2022-06-13T12:26:38","date_gmt":"2022-06-13T10:26:38","guid":{"rendered":"https:\/\/europeancourt.org\/dokumendid\/"},"modified":"2024-06-25T16:43:27","modified_gmt":"2024-06-25T14:43:27","slug":"dokumendid","status":"publish","type":"page","link":"https:\/\/europeancourt.org\/et\/dokumendid\/","title":{"rendered":"Dokumendid"},"content":{"rendered":"<ul>\n<li><a href=\"https:\/\/europeancourt.org\/et\/dokumendid\/euroopa-n%c3%b5ukogu\/\" title=\"Euroopa N\u00f5ukogu\">Euroopa N\u00f5ukogu<\/a><\/li>\n<ul>\n<li><a href=\"https:\/\/europeancourt.org\/et\/dokumendid\/euroopa-n%c3%b5ukogu\/euroopa-inim%c3%b5iguste-konventsioon\/\" title=\"Inim\u00f5iguste ja p\u00f5hivabaduste kaitse konventsioon\">Inim\u00f5iguste ja p\u00f5hivabaduste kaitse konventsioon<\/a><\/li>\n<ul>\n<li><a href=\"https:\/\/europeancourt.org\/et\/dokumendid\/euroopa-n%c3%b5ukogu\/euroopa-inim%c3%b5iguste-konventsioon\/protokoll-nr1\/\" title=\"Inim\u00f5iguste ja p\u00f5hivabaduste kaitse konventsiooni lisaprotokoll\">Inim\u00f5iguste ja p\u00f5hivabaduste kaitse konventsiooni lisaprotokoll<\/a><\/li>\n<li><a href=\"https:\/\/europeancourt.org\/et\/dokumendid\/euroopa-n%c3%b5ukogu\/euroopa-inim%c3%b5iguste-konventsioon\/protokoll-nr4\/\" title=\"Inim\u00f5iguste ja p\u00f5hivabaduste kaitse konventsiooni protokoll nr. 4\">Inim\u00f5iguste ja p\u00f5hivabaduste kaitse konventsiooni protokoll nr. 4<\/a><\/li>\n<li><a href=\"https:\/\/europeancourt.org\/et\/dokumendid\/euroopa-n%c3%b5ukogu\/euroopa-inim%c3%b5iguste-konventsioon\/protokoll-nr6\/\" title=\"Inim\u00f5iguste ja p\u00f5hivabaduste kaitse konventsiooni protokoll nr. 6\">Inim\u00f5iguste ja p\u00f5hivabaduste kaitse konventsiooni protokoll nr. 6<\/a><\/li>\n<li><a href=\"https:\/\/europeancourt.org\/et\/dokumendid\/euroopa-n%c3%b5ukogu\/euroopa-inim%c3%b5iguste-konventsioon\/protokoll-nr7\/\" title=\"Inim\u00f5iguste ja p\u00f5hivabaduste kaitse konventsiooni protokoll nr. 7\">Inim\u00f5iguste ja p\u00f5hivabaduste kaitse konventsiooni protokoll nr. 7<\/a><\/li>\n<li><a href=\"https:\/\/europeancourt.org\/et\/dokumendid\/euroopa-n%c3%b5ukogu\/euroopa-inim%c3%b5iguste-konventsioon\/protokoll-nr12\/\" title=\"Inim\u00f5iguste ja p\u00f5hivabaduste kaitse konventsiooni protokoll nr. 12\">Inim\u00f5iguste ja p\u00f5hivabaduste kaitse konventsiooni protokoll nr. 12<\/a><\/li>\n<li><a href=\"https:\/\/europeancourt.org\/et\/dokumendid\/euroopa-n%c3%b5ukogu\/euroopa-inim%c3%b5iguste-konventsioon\/protokoll-nr13\/\" title=\"Inim\u00f5iguste ja p\u00f5hivabaduste kaitse konventsiooni protokoll nr. 13\">Inim\u00f5iguste ja p\u00f5hivabaduste kaitse konventsiooni protokoll nr. 13<\/a><\/li>\n<li><a href=\"https:\/\/europeancourt.org\/et\/dokumendid\/euroopa-n%c3%b5ukogu\/euroopa-inim%c3%b5iguste-konventsioon\/protokoll-nr16\/\" title=\"Inim\u00f5iguste ja p\u00f5hivabaduste kaitse konventsiooni protokoll nr. 16\">Inim\u00f5iguste ja p\u00f5hivabaduste kaitse konventsiooni protokoll nr. 16<\/a><\/li>\n<\/ul>\n<li><a href=\"https:\/\/europeancourt.org\/et\/dokumendid\/euroopa-n%c3%b5ukogu\/eik\/\" title=\"Euroopa Inim\u00f5iguste Kohus\">Euroopa Inim\u00f5iguste Kohus<\/a><\/li>\n<ul>\n<li><a href=\"https:\/\/europeancourt.org\/et\/dokumendid\/euroopa-n%c3%b5ukogu\/eik\/reeglid-reegel-47\/\" title=\"Euroopa Inim\u00f5iguste Kohtu reeglid reegel 47\">Kohtureeglid \u2013 reegel 47<\/a><\/li>\n<li><a href=\"https:\/\/europeancourt.org\/en\/documents\/council-of-europe\/echr\/practice-directions-institution-of-proceedings\/\" title=\"Menetluse alustamine \u2013 Praktiline juhend\">Menetluse alustamine \u2013 Praktiline juhend<\/a><\/li>\n<li><a href=\"https:\/\/europeancourt.org\/et\/dokumendid\/euroopa-n%c3%b5ukogu\/eik\/avalduse-vorm\/\" title=\"Avalduse vorm Euroopa Inim\u00f5iguste Kohtusse\">Avalduse vorm<\/a><\/li>\n<ul>\n<li><a href=\"https:\/\/europeancourt.org\/et\/dokumendid\/euroopa-n%c3%b5ukogu\/eik\/avalduse-vorm\/juhised-t%c3%a4itmiseks\/\" title=\"Juhised avalduse vormi t\u00e4itmiseks\">Juhised avalduse vormi t\u00e4itmiseks<\/a><\/li>\n<\/ul>\n<li><a href=\"https:\/\/europeancourt.org\/et\/dokumendid\/euroopa-n%c3%b5ukogu\/eik\/volikiri\/\" title=\"Volikiri Euroopa Inim\u00f5iguste Kohtule\">Volikiri<\/a><\/li>\n<li><a href=\"https:\/\/europeancourt.org\/downloads\/et\/EIK_kaebajate_tabeli_kus_on_valja_toodud_koik_identifitseerimiseks_vajalikud_detailid_EST.XLSX\" title=\"Euroopa Inim\u00f5iguste Kohtusse kaebajate tabeli, kus on v\u00e4lja toodud k\u00f5ik identifitseerimiseks vajalikud detailid\">Lisa kaebajate paljususe korral<\/a><\/li>\n<\/ul><\/ul><\/ul> ","protected":false},"excerpt":{"rendered":"Euroopa N\u00f5ukogu Inim\u00f5iguste ja p\u00f5hivabaduste kaitse konventsioon Inim\u00f5iguste ja p\u00f5hivabaduste kaitse konventsiooni lisaprotokoll Inim\u00f5iguste ja p\u00f5hivabaduste kaitse konventsiooni protokoll nr. 4 Inim\u00f5iguste ja p\u00f5hivabaduste kaitse konventsiooni protokoll nr. 6 Inim\u00f5iguste ja p\u00f5hivabaduste kaitse konventsiooni&#46;&#46;&#46;","protected":false},"author":1,"featured_media":210035,"parent":0,"menu_order":0,"comment_status":"closed","ping_status":"closed","template":"","meta":{"footnotes":""},"categories":[],"tags":[],"class_list":["post-116069","page","type-page","status-publish","has-post-thumbnail","hentry"],"_links":{"self":[{"href":"https:\/\/europeancourt.org\/et\/wp-json\/wp\/v2\/pages\/116069","targetHints":{"allow":["GET"]}}],"collection":[{"href":"https:\/\/europeancourt.org\/et\/wp-json\/wp\/v2\/pages"}],"about":[{"href":"https:\/\/europeancourt.org\/et\/wp-json\/wp\/v2\/types\/page"}],"author":[{"embeddable":true,"href":"https:\/\/europeancourt.org\/et\/wp-json\/wp\/v2\/users\/1"}],"replies":[{"embeddable":true,"href":"https:\/\/europeancourt.org\/et\/wp-json\/wp\/v2\/comments?post=116069"}],"version-history":[{"count":0,"href":"https:\/\/europeancourt.org\/et\/wp-json\/wp\/v2\/pages\/116069\/revisions"}],"wp:featuredmedia":[{"embeddable":true,"href":"https:\/\/europeancourt.org\/et\/wp-json\/wp\/v2\/media\/210035"}],"wp:attachment":[{"href":"https:\/\/europeancourt.org\/et\/wp-json\/wp\/v2\/media?parent=116069"}],"wp:term":[{"taxonomy":"category","embeddable":true,"href":"https:\/\/europeancourt.org\/et\/wp-json\/wp\/v2\/categories?post=116069"},{"taxonomy":"post_tag","embeddable":true,"href":"https:\/\/europeancourt.org\/et\/wp-json\/wp\/v2\/tags?post=116069"}],"curies":[{"name":"wp","href":"https:\/\/api.w.org\/{rel}","templated":true}]}}