{"id":147360,"date":"2022-06-23T10:51:39","date_gmt":"2022-06-23T08:51:39","guid":{"rendered":"https:\/\/europeancourt.org\/dokumendid\/euroopa-n%c3%b5ukogu\/eik\/"},"modified":"2024-06-25T16:14:56","modified_gmt":"2024-06-25T14:14:56","slug":"eik","status":"publish","type":"page","link":"https:\/\/europeancourt.org\/et\/dokumendid\/euroopa-n%c3%b5ukogu\/eik\/","title":{"rendered":"EIK"},"content":{"rendered":"<ul> \n<li><a href=\"https:\/\/europeancourt.org\/et\/dokumendid\/euroopa-n%c3%b5ukogu\/eik\/reeglid-reegel-47\/\" title=\"Euroopa Inim\u00f5iguste Kohtu reeglid reegel 47\">Kohtureeglid \u2013 reegel 47<\/a><\/li>\n<li><a href=\"https:\/\/europeancourt.org\/en\/documents\/council-of-europe\/echr\/practice-directions-institution-of-proceedings\/\" title=\"Menetluse alustamine \u2013 Praktiline juhend\">Menetluse alustamine \u2013 Praktiline juhend<\/a><\/li>\n<li><a href=\"https:\/\/europeancourt.org\/et\/dokumendid\/euroopa-n%c3%b5ukogu\/eik\/avalduse-vorm\/\" title=\"Avalduse vorm Euroopa Inim\u00f5iguste Kohtusse\">Avalduse vorm<\/a><\/li>\n<ul>\n<li><a href=\"https:\/\/europeancourt.org\/et\/dokumendid\/euroopa-n%c3%b5ukogu\/eik\/avalduse-vorm\/juhised-t%c3%a4itmiseks\/\" title=\"Juhised avalduse vormi t\u00e4itmiseks\">Juhised avalduse vormi t\u00e4itmiseks<\/a><\/li>\n<\/ul>\n<li><a href=\"https:\/\/europeancourt.org\/et\/dokumendid\/euroopa-n%c3%b5ukogu\/eik\/volikiri\/\" title=\"Volikiri Euroopa Inim\u00f5iguste Kohtule\">Volikiri<\/a><\/li>\n<li><a href=\"https:\/\/europeancourt.org\/downloads\/et\/EIK_kaebajate_tabeli_kus_on_valja_toodud_koik_identifitseerimiseks_vajalikud_detailid_EST.XLSX\" title=\"Euroopa Inim\u00f5iguste Kohtusse kaebajate tabeli, kus on v\u00e4lja toodud k\u00f5ik identifitseerimiseks vajalikud detailid\">Lisa kaebajate paljususe korral<\/a><\/li>\n<\/ul>","protected":false},"excerpt":{"rendered":"Kohtureeglid \u2013 reegel 47 Menetluse alustamine \u2013 Praktiline juhend Avalduse vorm Juhised avalduse vormi t\u00e4itmiseks Volikiri Lisa kaebajate paljususe korral","protected":false},"author":1,"featured_media":192043,"parent":116103,"menu_order":0,"comment_status":"closed","ping_status":"closed","template":"","meta":{"footnotes":""},"categories":[],"tags":[],"class_list":["post-147360","page","type-page","status-publish","has-post-thumbnail","hentry"],"_links":{"self":[{"href":"https:\/\/europeancourt.org\/et\/wp-json\/wp\/v2\/pages\/147360","targetHints":{"allow":["GET"]}}],"collection":[{"href":"https:\/\/europeancourt.org\/et\/wp-json\/wp\/v2\/pages"}],"about":[{"href":"https:\/\/europeancourt.org\/et\/wp-json\/wp\/v2\/types\/page"}],"author":[{"embeddable":true,"href":"https:\/\/europeancourt.org\/et\/wp-json\/wp\/v2\/users\/1"}],"replies":[{"embeddable":true,"href":"https:\/\/europeancourt.org\/et\/wp-json\/wp\/v2\/comments?post=147360"}],"version-history":[{"count":0,"href":"https:\/\/europeancourt.org\/et\/wp-json\/wp\/v2\/pages\/147360\/revisions"}],"up":[{"embeddable":true,"href":"https:\/\/europeancourt.org\/et\/wp-json\/wp\/v2\/pages\/116103"}],"wp:featuredmedia":[{"embeddable":true,"href":"https:\/\/europeancourt.org\/et\/wp-json\/wp\/v2\/media\/192043"}],"wp:attachment":[{"href":"https:\/\/europeancourt.org\/et\/wp-json\/wp\/v2\/media?parent=147360"}],"wp:term":[{"taxonomy":"category","embeddable":true,"href":"https:\/\/europeancourt.org\/et\/wp-json\/wp\/v2\/categories?post=147360"},{"taxonomy":"post_tag","embeddable":true,"href":"https:\/\/europeancourt.org\/et\/wp-json\/wp\/v2\/tags?post=147360"}],"curies":[{"name":"wp","href":"https:\/\/api.w.org\/{rel}","templated":true}]}}