{"id":147467,"date":"2022-07-02T14:27:20","date_gmt":"2022-07-02T12:27:20","guid":{"rendered":"https:\/\/europeancourt.org\/dokumendid\/euroopa-n%c3%b5ukogu\/eik\/reeglid-reegel-47\/"},"modified":"2025-10-05T12:00:15","modified_gmt":"2025-10-05T12:00:15","slug":"reeglid-reegel-47","status":"publish","type":"page","link":"https:\/\/europeancourt.org\/et\/dokumendid\/euroopa-n%c3%b5ukogu\/eik\/reeglid-reegel-47\/","title":{"rendered":"Kohtureeglid \u2013 reegel 47"},"content":{"rendered":"<h2 style=\"text-align: center;\">Kohtureeglid<\/h2>\n<p><strong>Reegel 47<a class=\"paddingleft2px\" title=\"Kohtu poolt muudetud 17. juunil ja 8. juulil 2002, 11. detsembril 2007, 22. septembril 2008, 6. mail 2013, 1. juunil ja 5. oktoobril 2015 ja 18. jaanuaril 2024.\" href=\"#fn1\"><sup style=\"cursor:help\">1<\/sup><\/a> \u2013 Individuaalkaebuse sisu<\/strong><\/p>\n<p>1. Individuaalkaebus <a title=\"Inim\u00f5iguste ja p\u00f5hivabaduste kaitse konventsiooni artikkel 34\" href=\"https:\/\/europeancourt.org\/et\/dokumendid\/euroopa-n%c3%b5ukogu\/euroopa-inim%c3%b5iguste-konventsioon\/#artikkel-34\">konventsiooni artikli 34<\/a> alusel tuleb esitada kohtu kantselei koostatud <a href=\"https:\/\/europeancourt.org\/et\/dokumendid\/euroopa-n%c3%b5ukogu\/eik\/avalduse-vorm\/\" title=\"Avalduse vorm Euroopa Inim\u00f5iguste Kohtusse\">avalduse vormil<\/a>, kui kohus ei otsusta teisiti. Kaebuses peab sisalduma avalduse vormil n\u00f5utud informatsioon:<\/p>\n<p style=\"padding-left: 40px;\">(a) kaebaja nimi, s\u00fcnniaeg, kodakondsus ja aadress ning kui kaebajaks on juriidiline isik, siis tema ametlik nimi, asutamis- v\u00f5i registreerimiskuup\u00e4ev, registreerimisnumber (kui see on olemas) ja ametlik aadress;<\/p>\n<p style=\"padding-left: 40px;\">(b) esindaja olemasolul tema nimi, aadress, telefoni ja faksi number ning e-post, kui on olemas;<\/p>\n<p style=\"padding-left: 40px;\">(c) kaebaja originaalallkiri ja kuup\u00e4ev avalduse vormi volituse osas, kui kaebajal on esindaja; avalduse vormi volituse osas peab olema ka esindaja originaalallkiri t\u00f5endamaks, et ta on n\u00f5us kaebajat esindama; Kohus v\u00f5ib aktsepteerida ka allkirja koopiat v\u00f5i muus vormis esitatud riigisisese \u00f5iguse kohaselt kehtivat volitust. Seda eeldusel, et esitatakse kaalukad p\u00f5hjendused, miks eelpool kirjeldatud n\u00f5udeid ei \u00f5nnestunud j\u00e4rgida, ning tingimusel, et originaalallkirjaga varustatud Kohtu volituse vorm edastatakse Kohtule m\u00f5istliku aja jooksul;<\/p>\n<p style=\"padding-left: 40px;\">(d) konventsiooniosaline riik v\u00f5i riigid, kelle vastu kaebus on esitatud;<\/p>\n<p style=\"padding-left: 40px;\">(e) kokkuv\u00f5tlik ja loetav faktiliste asjaolude kirjeldus;<\/p>\n<p style=\"padding-left: 40px;\">(f) konventsiooni v\u00e4idetava rikkumise (v\u00e4idetavate rikkumiste) kokkuv\u00f5tlik loetav kirjeldus ja asjakohased argumendid; ning<\/p>\n<p style=\"padding-left: 40px;\">(g) kokkuv\u00f5tlik ja loetav informatsioon, mis kinnitab <a title=\"Inim\u00f5iguste ja p\u00f5hivabaduste kaitse konventsiooni artikkel 35\" href=\"https:\/\/europeancourt.org\/et\/dokumendid\/euroopa-n%c3%b5ukogu\/euroopa-inim%c3%b5iguste-konventsioon\/#artikkel-35\">konventsiooni artikli 35<\/a> l\u00f5ikes 1 s\u00e4testatud kriteeriumite t\u00e4itmist.<\/p>\n<p>2.<\/p>\n<p style=\"padding-left: 40px;\">(a) Kogu l\u00f5ike 1 punktides e kuni g n\u00f5utud informatsioon peab olema esitatud avalduse vormil kohastes osades ja olema piisav, et kohus saaks asja sisu ja ulatuse ilma muude dokumentide abita kindlaks teha.<\/p>\n<p style=\"padding-left: 40px;\">(b) Kaebaja v\u00f5ib avalduse vormile lisaks esitada fakte, kaebusi konventsiooni v\u00e4idetavate rikkumiste kohta ja asjakohaseid argumente lisalehtedel, mis ei tohi \u00fcletada 20 lehek\u00fclge.<\/p>\n<p>3.1. Avalduse vorm tuleb kaebaja v\u00f5i tema esindaja poolt allkirjastada ning sellele tuleb lisada: <\/p>\n<p style=\"padding-left: 40px;\">(a) koopiad dokumentidest, mis seonduvad kohtulahendite v\u00f5i muude otsuste v\u00f5i meetmetega, mille peale kaevatakse;<\/p>\n<p style=\"padding-left: 40px;\">(b) koopiad dokumentidest v\u00f5i otsustest, mis n\u00e4itavad, et kaebaja on ammendanud riigisisesed \u00f5iguskaitsevahendid ning kinni pidanud <a title=\"Inim\u00f5iguste ja p\u00f5hivabaduste kaitse konventsiooni artikkel 35\" href=\"https:\/\/europeancourt.org\/et\/dokumendid\/euroopa-n%c3%b5ukogu\/euroopa-inim%c3%b5iguste-konventsioon\/#artikkel-35\">konventsiooni artikli 35<\/a> l\u00f5ikes 1 s\u00e4testatud t\u00e4htajast;<\/p>\n<p style=\"padding-left: 40px;\">(c) koopiad dokumentidest, mis seonduvad m\u00f5ne teise rahvusvahelise uurimis- v\u00f5i vaidluste lahendamise menetlusega juhul, kui selline menetlus on algatatud;<\/p>\n<p style=\"padding-left: 40px;\">(d) kui kaebajaks on reegli 47 l\u00f5ike 1 punktis a nimetatud juriidiline isik, dokument v\u00f5i dokumendid t\u00f5endamaks avalduse esitanud f\u00fc\u00fcsilise isiku seadusj\u00e4rgset esindus\u00f5igust v\u00f5i volitust kaebajat esindada.<\/p>\n<p>3.2. Kaebusele lisatavad dokumendid peavad olema kuup\u00e4evade j\u00e4rgi j\u00e4rjekorras, nummerdatud ning selgelt eristatavad.<\/p>\n<p>4. Kaebajad, kes ei taha oma isikut avaldada, peavad tegema sellekohase avalduse ning p\u00f5hjendama, miks nad soovivad erandit kohtu menetluse tavap\u00e4rasest reeglist, mille kohaselt informatsioon on avalik. Kohus v\u00f5ib anon\u00fc\u00fcmsustaotluse rahuldada v\u00f5i kohaldada anon\u00fc\u00fcmsust omal initsiatiivil.<\/p>\n<p>5.1. Kohus ei vaata avaldust l\u00e4bi, kui l\u00f5igetes 1 kuni 3 toodud n\u00f5uded on t\u00e4itmata, v\u00e4lja arvatud kui:<\/p>\n<p style=\"padding-left: 40px;\">(a) kaebaja on n\u00f5uete t\u00e4itmata j\u00e4tmise kohta esitanud m\u00f5juvad p\u00f5hjused;<\/p>\n<p style=\"padding-left: 40px;\">(b) kaebus puudutab esialgsete \u00f5iguskaitsevahendite rakendamist;<\/p>\n<p style=\"padding-left: 40px;\">(c) kohus otsustab omal initsiatiivil v\u00f5i kaebaja palvel teisiti.<\/p>\n<p>5.2. Igal juhul v\u00f5ib kohus n\u00f5uda kaebajalt kohtu m\u00e4\u00e4ratud t\u00e4htajaks mistahes asjakohases vormis v\u00f5i viisil lisainformatsiooni v\u00f5i dokumentide esitamist.<\/p>\n<p>6.<\/p>\n<p style=\"padding-left: 40px;\">(a) Kaebuse esitamise kuup\u00e4ev <a title=\"Inim\u00f5iguste ja p\u00f5hivabaduste kaitse konventsiooni artikkel 35\" href=\"https:\/\/europeancourt.org\/et\/dokumendid\/euroopa-n%c3%b5ukogu\/euroopa-inim%c3%b5iguste-konventsioon\/#artikkel-35\">konventsiooni artikli 35<\/a> l\u00f5ike 1 t\u00e4henduses on kuup\u00e4ev, mil k\u00e4esoleva reegli n\u00f5uetele vastav avalduse vorm saadeti kohtusse. Kohtusse saatmise kuup\u00e4evaks loetakse \u00fcmbrikul olev postitempli kuup\u00e4ev.<\/p>\n<p style=\"padding-left: 40px;\">(b) P\u00f5hjendatud juhtudel v\u00f5ib kohus otsustada, et kaebuse esitamise kuup\u00e4evaks on m\u00f5ni teine kuup\u00e4ev.<\/p>\n<p>7. Kaebajad peavad kohut informeerima oma aadressi ja muude kaebusega seotud asjaolude muutumisest.<\/p>\n__________\n<p id=\"fn1\"><sup>1<\/sup> Kohtu poolt muudetud 17. juunil ja 8. juulil 2002, 11. detsembril 2007, 22. septembril 2008, 6. mail 2013, 1. juunil ja 5. oktoobril 2015 ja 18. jaanuaril 2024.<\/p>","protected":false},"excerpt":{"rendered":"Kohtureeglid Reegel 471 \u2013 Individuaalkaebuse sisu 1. Individuaalkaebus konventsiooni artikli 34 alusel tuleb esitada kohtu kantselei koostatud avalduse vormil, kui kohus ei otsusta teisiti. Kaebuses peab sisalduma avalduse vormil n\u00f5utud informatsioon: (a) kaebaja nimi,&#46;&#46;&#46;","protected":false},"author":1,"featured_media":188907,"parent":147360,"menu_order":0,"comment_status":"closed","ping_status":"closed","template":"","meta":{"footnotes":""},"categories":[],"tags":[],"class_list":["post-147467","page","type-page","status-publish","has-post-thumbnail","hentry"],"_links":{"self":[{"href":"https:\/\/europeancourt.org\/et\/wp-json\/wp\/v2\/pages\/147467","targetHints":{"allow":["GET"]}}],"collection":[{"href":"https:\/\/europeancourt.org\/et\/wp-json\/wp\/v2\/pages"}],"about":[{"href":"https:\/\/europeancourt.org\/et\/wp-json\/wp\/v2\/types\/page"}],"author":[{"embeddable":true,"href":"https:\/\/europeancourt.org\/et\/wp-json\/wp\/v2\/users\/1"}],"replies":[{"embeddable":true,"href":"https:\/\/europeancourt.org\/et\/wp-json\/wp\/v2\/comments?post=147467"}],"version-history":[{"count":0,"href":"https:\/\/europeancourt.org\/et\/wp-json\/wp\/v2\/pages\/147467\/revisions"}],"up":[{"embeddable":true,"href":"https:\/\/europeancourt.org\/et\/wp-json\/wp\/v2\/pages\/147360"}],"wp:featuredmedia":[{"embeddable":true,"href":"https:\/\/europeancourt.org\/et\/wp-json\/wp\/v2\/media\/188907"}],"wp:attachment":[{"href":"https:\/\/europeancourt.org\/et\/wp-json\/wp\/v2\/media?parent=147467"}],"wp:term":[{"taxonomy":"category","embeddable":true,"href":"https:\/\/europeancourt.org\/et\/wp-json\/wp\/v2\/categories?post=147467"},{"taxonomy":"post_tag","embeddable":true,"href":"https:\/\/europeancourt.org\/et\/wp-json\/wp\/v2\/tags?post=147467"}],"curies":[{"name":"wp","href":"https:\/\/api.w.org\/{rel}","templated":true}]}}