{"id":177035,"date":"2022-07-03T16:50:48","date_gmt":"2022-07-03T14:50:48","guid":{"rendered":"https:\/\/europeancourt.org\/dokumendid\/euroopa-n%c3%b5ukogu\/eik\/volikiri\/"},"modified":"2024-06-10T23:57:10","modified_gmt":"2024-06-10T21:57:10","slug":"volikiri","status":"publish","type":"page","link":"https:\/\/europeancourt.org\/et\/dokumendid\/euroopa-n%c3%b5ukogu\/eik\/volikiri\/","title":{"rendered":"Volikiri Euroopa Inim\u00f5iguste Kohtule"},"content":{"rendered":"<p>Vorm t\u00f6\u00f6tab korralikult ainult Adobe Reader 9 v\u00f5i hilisema versiooni olemasolul ning \u00fcksnes Windowsi v\u00f5i Mac OS X operatsioonis\u00fcsteemidega. Hoolitsege selle eest, et Teie arvutisse on laaditud Adobe Reader (<a href=\"https:\/\/get.adobe.com\/reader\/\" title=\"Adobe Reader\" target=\"_blank\" rel=\"noopener\">saadaval www.adobe.com<\/a>).<\/p>\n<ul>\n<li>Salvestage vorm oma arvutis valitud kohas.<\/li>\n<li>Kasutades Adobe Readerit avage oma valitud kohast salvestatud vormi koopia.<\/li>\n<li>T\u00e4itke vorm ning salvestage see.<\/li>\n<li>Kui Te olete vormi t\u00e4itmise l\u00f5petanud, printige see v\u00e4lja, allkirjastage ning saatke kohtule.<\/li>\n<\/ul>\n<p style=\"text-align: center;\"><a title=\"Volikiri Euroopa Inim\u00f5iguste Kohtule\" href=\"https:\/\/europeancourt.org\/downloads\/et\/Volikiri_Euroopa_Inimoiguste_Kohtule_EST_2021-1.PDF\" class=\"extlinkoff mybrightbutton red\" download=\"\">Lae alla <i class=\"fas fa-download\"><\/i><\/a><\/p>\n<iframe class=\"wonderplugin-pdf-iframe\" src=\"https:\/\/europeancourt.org\/wp-content\/plugins\/wonderplugin-pdf-embed\/pdfjs\/web\/viewer.html?v=2&disabledownload=1&disableprint=1&disabledoc=1&disableopenfile=1&externallinktarget=2&file=https:\/\/europeancourt.org\/noindex\/AuthF_EST_2021-1.pdf\" title=\"Volikiri Euroopa Inim\u00f5iguste Kohtule\" width=\"100%\" height=\"900px\" style=\"border:0;\"><\/iframe>","protected":false},"excerpt":{"rendered":"Vorm t\u00f6\u00f6tab korralikult ainult Adobe Reader 9 v\u00f5i hilisema versiooni olemasolul ning \u00fcksnes Windowsi v\u00f5i Mac OS X operatsioonis\u00fcsteemidega. Hoolitsege selle eest, et Teie arvutisse on laaditud Adobe Reader (saadaval www.adobe.com). Salvestage vorm oma&#46;&#46;&#46;","protected":false},"author":1,"featured_media":191805,"parent":147360,"menu_order":0,"comment_status":"closed","ping_status":"closed","template":"","meta":{"footnotes":""},"categories":[],"tags":[],"class_list":["post-177035","page","type-page","status-publish","has-post-thumbnail","hentry"],"_links":{"self":[{"href":"https:\/\/europeancourt.org\/et\/wp-json\/wp\/v2\/pages\/177035","targetHints":{"allow":["GET"]}}],"collection":[{"href":"https:\/\/europeancourt.org\/et\/wp-json\/wp\/v2\/pages"}],"about":[{"href":"https:\/\/europeancourt.org\/et\/wp-json\/wp\/v2\/types\/page"}],"author":[{"embeddable":true,"href":"https:\/\/europeancourt.org\/et\/wp-json\/wp\/v2\/users\/1"}],"replies":[{"embeddable":true,"href":"https:\/\/europeancourt.org\/et\/wp-json\/wp\/v2\/comments?post=177035"}],"version-history":[{"count":0,"href":"https:\/\/europeancourt.org\/et\/wp-json\/wp\/v2\/pages\/177035\/revisions"}],"up":[{"embeddable":true,"href":"https:\/\/europeancourt.org\/et\/wp-json\/wp\/v2\/pages\/147360"}],"wp:featuredmedia":[{"embeddable":true,"href":"https:\/\/europeancourt.org\/et\/wp-json\/wp\/v2\/media\/191805"}],"wp:attachment":[{"href":"https:\/\/europeancourt.org\/et\/wp-json\/wp\/v2\/media?parent=177035"}],"wp:term":[{"taxonomy":"category","embeddable":true,"href":"https:\/\/europeancourt.org\/et\/wp-json\/wp\/v2\/categories?post=177035"},{"taxonomy":"post_tag","embeddable":true,"href":"https:\/\/europeancourt.org\/et\/wp-json\/wp\/v2\/tags?post=177035"}],"curies":[{"name":"wp","href":"https:\/\/api.w.org\/{rel}","templated":true}]}}