{"id":223383,"date":"2021-10-07T00:26:31","date_gmt":"2021-10-06T22:26:31","guid":{"rendered":"https:\/\/europeancourt.org\/?page_id=223383"},"modified":"2025-11-29T11:03:57","modified_gmt":"2025-11-29T10:03:57","slug":"leia-avalduse-number-registreering-v%c3%b5i-otsus","status":"publish","type":"page","link":"https:\/\/europeancourt.org\/et\/teenused\/eik\/leia-avalduse-number-registreering-v%c3%b5i-otsus\/","title":{"rendered":"Leia EIKi avalduse number, registreering v\u00f5i otsus"},"content":{"rendered":"<div class=\"mywpcf7cf myshow myhide\">Kas te teate k\u00f5nealuse avalduse numbrit?<\/div>\r\n<div class=\"mywpcf7cf myshow myhide\">\r\n  <span class=\"mymultyradiobutton blue\">\r\n    <span class=\"wpcf7-list-item wpcf7\">\r\n      <label><input type=\"radio\"><span class=\"wpcf7-list-item-label\">Jah<\/span><\/label>\r\n    <\/span>\r\n  <\/span>\r\n  <span class=\"mymultyradiobutton blue\">\r\n    <span class=\"wpcf7-list-item wpcf7\">\r\n      <label><input type=\"radio\"><span class=\"wpcf7-list-item-label\">Ei<\/span><\/label>\r\n    <\/span>\r\n  <\/span>\r\n<\/div>\r\n<div class=\"mywpcf7cf-blueleft myshow myhide\">\r\n  <span class=\"mycustomsummary\">Mis on avalduse number?<\/span>\r\n  <span class=\"mycustomdetails\">\r\n    <span class=\"vlist\">\r\n      <span class=\"vitem\">Avalduse number on kirjas igas EIK-i kirjas avalduse kohta, mis on registreeritud, kohe p\u00e4rast s\u00f5nu \u201eAvalduse nr.\u201c ja enne avalduse nime. Kirjavahetuses inglise keeles kirjutatakse \u201eApplication no.\u201c, prantsuse keeles \u201eRequ\u00eate n\u00b0\u201c.<\/span>\r\n      <span class=\"vitem\">Avalduse numbri vorm: NUMBER\/AASTA, nt 123\/14. Ainult numbrid ja paremkaldkriips \u201e\/\u201c, ilma t\u00fchikuteta.<\/span>\r\n      <span class=\"vitem\">Sama vorminguga number EIK-i kirjas selle kohta, et avalduse vorm ei vasta n\u00f5uetele, ei ole avalduse number. Sellest numbrist saab avalduse number alles p\u00e4rast seda, kui EIK saab n\u00f5uetele vastava avalduse vormi ja registreerib avalduse. Sellises kirjas avalduse nime ei m\u00e4rgita, sest avaldust ei ole registreeritud, ning tavaliselt m\u00e4rgitakse kood ECHR-Axxx6, kus \u201exxx\u201c t\u00e4histab kirja keelt.<\/span>\r\n    <\/span>\r\n  <\/span>\r\n<\/div>\r\n<div class=\"mywpcf7cf myshow myhide mywpcf7cf-utility\">\r\n  <div class=\"mybutton red not-in-text-button is-disabled\" aria-disabled=\"true\">Alusta uuesti<\/div>\r\n  <a class=\"mybutton red not-in-text-button\" href=\"mailto:oleg.anishchik@europeancourt.org?subject=Leia EIKi avalduse number, registreering v\u00f5i otsus: viga&#038;body=Vea kirjeldus: \">Teata veast<\/a>\r\n<\/div>\r\n<div id=\"ajax_content\"><\/div>","protected":false},"excerpt":{"rendered":"Kas te teate k\u00f5nealuse avalduse numbrit? Jah Ei Mis on avalduse number? Avalduse number on kirjas igas EIK-i kirjas avalduse kohta, mis on registreeritud, kohe p\u00e4rast s\u00f5nu \u201eAvalduse nr.\u201c ja enne avalduse nime. Kirjavahetuses&#46;&#46;&#46;","protected":false},"author":1,"featured_media":223384,"parent":222209,"menu_order":0,"comment_status":"closed","ping_status":"closed","template":"","meta":{"footnotes":""},"categories":[],"tags":[],"class_list":["post-223383","page","type-page","status-publish","has-post-thumbnail","hentry"],"_links":{"self":[{"href":"https:\/\/europeancourt.org\/et\/wp-json\/wp\/v2\/pages\/223383","targetHints":{"allow":["GET"]}}],"collection":[{"href":"https:\/\/europeancourt.org\/et\/wp-json\/wp\/v2\/pages"}],"about":[{"href":"https:\/\/europeancourt.org\/et\/wp-json\/wp\/v2\/types\/page"}],"author":[{"embeddable":true,"href":"https:\/\/europeancourt.org\/et\/wp-json\/wp\/v2\/users\/1"}],"replies":[{"embeddable":true,"href":"https:\/\/europeancourt.org\/et\/wp-json\/wp\/v2\/comments?post=223383"}],"version-history":[{"count":1,"href":"https:\/\/europeancourt.org\/et\/wp-json\/wp\/v2\/pages\/223383\/revisions"}],"predecessor-version":[{"id":223385,"href":"https:\/\/europeancourt.org\/et\/wp-json\/wp\/v2\/pages\/223383\/revisions\/223385"}],"up":[{"embeddable":true,"href":"https:\/\/europeancourt.org\/et\/wp-json\/wp\/v2\/pages\/222209"}],"wp:featuredmedia":[{"embeddable":true,"href":"https:\/\/europeancourt.org\/et\/wp-json\/wp\/v2\/media\/223384"}],"wp:attachment":[{"href":"https:\/\/europeancourt.org\/et\/wp-json\/wp\/v2\/media?parent=223383"}],"wp:term":[{"taxonomy":"category","embeddable":true,"href":"https:\/\/europeancourt.org\/et\/wp-json\/wp\/v2\/categories?post=223383"},{"taxonomy":"post_tag","embeddable":true,"href":"https:\/\/europeancourt.org\/et\/wp-json\/wp\/v2\/tags?post=223383"}],"curies":[{"name":"wp","href":"https:\/\/api.w.org\/{rel}","templated":true}]}}