{"id":225263,"date":"2026-04-26T14:47:47","date_gmt":"2026-04-26T12:47:47","guid":{"rendered":"https:\/\/europeancourt.org\/teenused\/eik\/eiki-avalduste-ettevalmistamine\/"},"modified":"2026-04-26T17:00:43","modified_gmt":"2026-04-26T15:00:43","slug":"eiki-avalduste-ettevalmistamine","status":"publish","type":"page","link":"https:\/\/europeancourt.org\/et\/teenused\/eik\/eiki-avalduste-ettevalmistamine\/","title":{"rendered":"EIKi avalduste ettevalmistamine"},"content":{"rendered":"<div id=\"ec-preparation-page\" class=\"ec-service-page ec-service-preparation\" data-service=\"preparation\">\n<div class=\"ec-service-screen ec-service-screen-1\">\n<div class=\"mywpcf7cf myshow myhide\">EIKile esitatava avalduse ettevalmistamise hind s\u00f5ltub sellest, kui palju aega see t\u00f6\u00f6 n\u00f5uab. Hinnavahemik on v\u00e4ga lai: m\u00f5nesajast eurost, kui k\u00f5ik mahub kahe-kolme tunni sisse, kuni 10 000 euroni v\u00f5i rohkem, kui t\u00f6\u00f6ks kulub k\u00fcmneid tunde. Seda aega on vaja dokumentide uurimiseks, oluliste faktiliste asjaolude v\u00e4ljaselgitamiseks, iga v\u00f5imaliku v\u00e4idetava rikkumise puhul kogu asjassepuutuva ja ajakohase EIKi praktika leidmiseks ja anal\u00fc\u00fcsimiseks nii sisulises osas kui ka vastuv\u00f5etavuse seisukohast, v\u00e4idetavate rikkumiste s\u00f5nastamiseks, iga v\u00e4idetava rikkumise ning iga vastuv\u00f5etavuse kriteeriumi t\u00e4itmise p\u00f5hjendamiseks ning l\u00f5puks k\u00f5ige selle l\u00fchidaks, arusaadavaks ja vastuoludeta esitamiseks avalduse vormis.<\/div>\n<div class=\"mywpcf7cf myshow myhide\">Kui palju aega l\u00e4heb vaja just teie asjas ja kui palju avalduse ettevalmistamine seet\u00f5ttu maksab, saan hinnata ainult dokumentide p\u00f5hjal. Esitage k\u00f5ik otsused, mille suhtes teil on etteheiteid, ning muud dokumendid, millest n\u00e4htuvad meetmed, mida soovite vaidlustada; samuti k\u00f5ik riigisisestele ametiasutustele, sealhulgas kohtutele, esitatud p\u00f6\u00f6rdumised, milles need v\u00e4idetavad rikkumised sisuliselt t\u00f5statati, ning k\u00f5ik nende p\u00f6\u00f6rdumiste kohta tehtud otsused. Kui k\u00f5ik asja materjalid on teil juba elektrooniliselt olemas, on parem saata need kohe tervikuna. \u00c4rge kartke saata ka \u00fcleliigseid dokumente ega muretsege, kui midagi j\u00e4\u00e4b esialgu lisamata: kui p\u00e4rast saadetud materjaliga tutvumist vajan lisadokumente, k\u00fcsin need teilt.<\/div>\n<div class=\"mywpcf7cf myshow myhide\">Tavaliselt vastan avalduse ettevalmistamise hinnap\u00e4ringule \u00fche n\u00e4dala jooksul p\u00e4rast k\u00f5igi vajalike dokumentide ja teabe saamist. Kui EIKi poole p\u00f6\u00f6rdumise t\u00e4htaeg l\u00f5peb l\u00e4hip\u00e4evil, kirjutage mulle ja k\u00fcsige, kas saan teie p\u00e4ringu kiirkorras l\u00e4bi vaadata. Luban sellisele kirjale vastata 24 tunni jooksul. Kui kinnitan, et saan seda teha, ja te esitate kohe vajalikud dokumendid ja teabe, luban hinnap\u00e4ringule vastata j\u00e4rgmise 48 tunni jooksul.<\/div>\n<div class=\"mywpcf7cf myshow myhide\">Kui j\u00f5uan j\u00e4reldusele, et EIKi poole p\u00f6\u00f6rdumiseks on m\u00f5istlikud v\u00e4ljavaated, teatan teile avalduse ettevalmistamise t\u00e4pse hinna, v\u00f5ttes arvesse neid v\u00e4idetavaid rikkumisi, mida on m\u00f5tet avalduses esitada, ja kirjutan v\u00e4ga l\u00fchidalt, mille \u00fcle ei ole m\u00f5tet kaevata. Samal ajal saadan teile avalduse ettevalmistamise lepingu. Teenuse eest saab tasuda panga\u00fclekandega minu \u0160veitsi pangakontole v\u00f5i s\u00f5ltuvalt makse riigist muul viisil. Avalduse ettevalmistamise t\u00e4htaeg on alati selline, et avalduse saab EIKile esitada EIKi poole p\u00f6\u00f6rdumise t\u00e4htaja jooksul. T\u00f6\u00f6 tulemusena saate e-posti teel t\u00e4idetud avalduse vormi, vormistatud lisad ja juhised, kuidas k\u00f5ik \u00f5igesti v\u00e4lja printida, allkirjastada ja EIKile saata. Esindamine EIKis ega muu t\u00f6\u00f6 asjaga ei sisaldu avalduse ettevalmistamise hinnas. Kui j\u00f5uan j\u00e4reldusele, et EIKi poole p\u00f6\u00f6rdumiseks m\u00f5istlikke v\u00e4ljavaateid ei ole, teatan teile ainult sellest.<\/div>\n<div class=\"mywpcf7cf myshow myhide\">See teenus ei sobi teile, kui m\u00f5ni j\u00e4rgmistest v\u00e4idetest k\u00e4ib kindlalt teie kohta:<\/div>\n<ul class=\"myshow myhide ec-service-blocker-list\"><li><label><input type=\"checkbox\" class=\"ec-service-blocker\" \/><span>Mul on juba t\u00e4idetud avalduse vorm ja mul on vaja seda ainult vigade suhtes kontrollida.<\/span><\/label><\/li>\n<li><label><input type=\"checkbox\" class=\"ec-service-blocker\" \/><span>Ma ei ole valmis esitama k\u00f5iki asjas vajalikke dokumente.<\/span><\/label><\/li>\n<li><label><input type=\"checkbox\" class=\"ec-service-blocker\" \/><span>Ma ootan \u00fcksikasjalikke selgitusi iga oma v\u00e4idetava rikkumise kohta ka siis, kui selle puhul ei ole EIKi poole p\u00f6\u00f6rdumiseks m\u00f5istlikke v\u00e4ljavaateid.<\/span><\/label><\/li>\n<li><label><input type=\"checkbox\" class=\"ec-service-blocker\" \/><span>Ma eeldan, et avaldus valmistatakse ette ka siis, kui EIKi poole p\u00f6\u00f6rdumiseks ei ole m\u00f5istlikke v\u00e4ljavaateid.<\/span><\/label><\/li>\n<li><label><input type=\"checkbox\" class=\"ec-service-blocker\" \/><span>V\u00e4idetavate rikkumiste arvu ja minu asjas juba olemasolevate dokumentide mahu j\u00e4rgi on mulle selge, et avalduse ettevalmistamine n\u00f5uab m\u00e4rksa rohkem aega, kui olen valmis selle eest tasuma.<\/span><\/label><\/li>\n<li><label><input type=\"checkbox\" class=\"ec-service-blocker\" \/><span>Ma suudan ise t\u00e4ita avalduse vormi k\u00f5igi EIKi n\u00f5uete kohaselt, esitada selles k\u00f5ik olulised faktilised asjaolud, v\u00e4idetavad rikkumised ja teabe vastuv\u00f5etavuse kriteeriumide t\u00e4itmise kohta iga v\u00e4idetava rikkumise puhul ning teha seda t\u00e4pselt koosk\u00f5las asja materjalide ja minu asjas kohaldatava EIKi ajakohase praktikaga.<\/span><\/label><\/li><\/ul>\n<div class=\"mywpcf7cf myshow myhide\"><button type=\"button\" class=\"mybutton blue\" id=\"load_ajax_form\" data-ec-service-load=\"preparation\" data-blocked-message=\"Edasi ei saa liikuda, kuni m\u00f5ni v\u00e4ide on m\u00e4rgitud. Kui m\u00e4rkisite v\u00e4ite kogemata, eemaldage m\u00e4rge.\">Esita dokumendid<\/button><\/div>\n<div class=\"mywpcf7cf myshow myhide\"><a class=\"mybutton blue not-in-text-button\" href=\"mailto:oleg.anishchik@europeancourt.org?subject=Soovin tingimusi t\u00e4psustada\">Soovin tingimusi t\u00e4psustada<\/a><\/div>\n<div id=\"ec-service-load-status\" class=\"ec-service-load-status\" aria-live=\"polite\"><\/div>\n<\/div>\n<div id=\"ajax_content\"><\/div>\n<\/div>\n<script>\n(function(){\n  if (window.ecServiceBlockerGuardReady) return;\n  window.ecServiceBlockerGuardReady = true;\n  document.addEventListener('click', function(event) {\n    var button = event.target && event.target.closest ? event.target.closest('[data-ec-service-load]') : null;\n    if (!button) return;\n    var root = button.closest('.ec-service-page');\n    if (!root || !root.querySelector('.ec-service-blocker:checked')) return;\n    event.preventDefault();\n    event.stopPropagation();\n    if (event.stopImmediatePropagation) event.stopImmediatePropagation();\n    var status = root.querySelector('.ec-service-load-status');\n    if (status) status.textContent = button.getAttribute('data-blocked-message') || '';\n  }, true);\n})();\n<\/script>","protected":false},"excerpt":{"rendered":"EIKile esitatava avalduse ettevalmistamise hind s\u00f5ltub sellest, kui palju aega see t\u00f6\u00f6 n\u00f5uab. Hinnavahemik on v\u00e4ga lai: m\u00f5nesajast eurost, kui k\u00f5ik mahub kahe-kolme tunni sisse, kuni 10 000 euroni v\u00f5i rohkem, kui t\u00f6\u00f6ks kulub&#46;&#46;&#46;","protected":false},"author":0,"featured_media":0,"parent":222209,"menu_order":0,"comment_status":"closed","ping_status":"closed","template":"","meta":{"footnotes":""},"categories":[],"tags":[],"class_list":["post-225263","page","type-page","status-publish","hentry"],"_links":{"self":[{"href":"https:\/\/europeancourt.org\/et\/wp-json\/wp\/v2\/pages\/225263","targetHints":{"allow":["GET"]}}],"collection":[{"href":"https:\/\/europeancourt.org\/et\/wp-json\/wp\/v2\/pages"}],"about":[{"href":"https:\/\/europeancourt.org\/et\/wp-json\/wp\/v2\/types\/page"}],"replies":[{"embeddable":true,"href":"https:\/\/europeancourt.org\/et\/wp-json\/wp\/v2\/comments?post=225263"}],"version-history":[{"count":1,"href":"https:\/\/europeancourt.org\/et\/wp-json\/wp\/v2\/pages\/225263\/revisions"}],"predecessor-version":[{"id":225585,"href":"https:\/\/europeancourt.org\/et\/wp-json\/wp\/v2\/pages\/225263\/revisions\/225585"}],"up":[{"embeddable":true,"href":"https:\/\/europeancourt.org\/et\/wp-json\/wp\/v2\/pages\/222209"}],"wp:attachment":[{"href":"https:\/\/europeancourt.org\/et\/wp-json\/wp\/v2\/media?parent=225263"}],"wp:term":[{"taxonomy":"category","embeddable":true,"href":"https:\/\/europeancourt.org\/et\/wp-json\/wp\/v2\/categories?post=225263"},{"taxonomy":"post_tag","embeddable":true,"href":"https:\/\/europeancourt.org\/et\/wp-json\/wp\/v2\/tags?post=225263"}],"curies":[{"name":"wp","href":"https:\/\/api.w.org\/{rel}","templated":true}]}}