{"id":40722,"date":"2022-04-29T20:07:30","date_gmt":"2022-04-29T18:07:30","guid":{"rendered":"https:\/\/europeancourt.org\/euroopa-inim%c3%b5iguste-konventsioon\/"},"modified":"2026-04-23T12:01:05","modified_gmt":"2026-04-23T10:01:05","slug":"euroopa-inim%c3%b5iguste-kohus","status":"publish","type":"page","link":"https:\/\/europeancourt.org\/et\/","title":{"rendered":"Oleg Ani\u0161t\u0161ik, esindaja EIKs, \u00dcRO I\u00d5Ks, Interpol-CCFis"},"content":{"rendered":"<p>Euroopa Inim\u00f5iguste Kohus (EIK) on rahvusvaheline organ (asub Strasbourgis), mis vaatab l\u00e4bi f\u00fc\u00fcsiliste ja juriidiliste isikute kaebusi, milles v\u00e4idetakse, et nende Euroopa inim\u00f5iguste konventsiooniga tagatud \u00f5igusi on rikutud.<\/p> \n<p><a title=\"Inim\u00f5iguste ja p\u00f5hivabaduste kaitse konventsioon\" href=\"https:\/\/europeancourt.org\/et\/dokumendid\/euroopa-n%c3%b5ukogu\/euroopa-inim%c3%b5iguste-konventsioon\/\">Inim\u00f5iguste ja p\u00f5hivabaduste kaitse konventsioon<\/a> on rahvusvaheline leping, millega suur osa Euroopa riikidest on v\u00f5tnud endale kohustuse tagada kindlad p\u00f5hi\u00f5igused. Need \u00f5igused on s\u00e4testatud konventsioonis, samuti konventsiooni lisaprotokollides nr. <a title=\"Inim\u00f5iguste ja p\u00f5hivabaduste kaitse konventsiooni lisaprotokoll\" href=\"https:\/\/europeancourt.org\/et\/dokumendid\/euroopa-n%c3%b5ukogu\/euroopa-inim%c3%b5iguste-konventsioon\/protokoll-nr1\/\">1<\/a>, <a title=\"Inim\u00f5iguste ja p\u00f5hivabaduste kaitse konventsiooni protokoll nr. 4\" href=\"https:\/\/europeancourt.org\/et\/dokumendid\/euroopa-n%c3%b5ukogu\/euroopa-inim%c3%b5iguste-konventsioon\/protokoll-nr4\/\">4<\/a>, <a title=\"Inim\u00f5iguste ja p\u00f5hivabaduste kaitse konventsiooni protokoll nr. 6\" href=\"https:\/\/europeancourt.org\/et\/dokumendid\/euroopa-n%c3%b5ukogu\/euroopa-inim%c3%b5iguste-konventsioon\/protokoll-nr6\/\">6<\/a>, <a title=\"Inim\u00f5iguste ja p\u00f5hivabaduste kaitse konventsiooni protokoll nr. 7\" href=\"https:\/\/europeancourt.org\/et\/dokumendid\/euroopa-n%c3%b5ukogu\/euroopa-inim%c3%b5iguste-konventsioon\/protokoll-nr7\/\">7<\/a>, <a title=\"Inim\u00f5iguste ja p\u00f5hivabaduste kaitse konventsiooni protokoll nr. 12\" href=\"https:\/\/europeancourt.org\/et\/dokumendid\/euroopa-n%c3%b5ukogu\/euroopa-inim%c3%b5iguste-konventsioon\/protokoll-nr12\/\">12<\/a> ja <a title=\"Inim\u00f5iguste ja p\u00f5hivabaduste kaitse konventsiooni protokoll nr. 13\" href=\"https:\/\/europeancourt.org\/et\/dokumendid\/euroopa-n%c3%b5ukogu\/euroopa-inim%c3%b5iguste-konventsioon\/protokoll-nr13\/\">13<\/a>, millega vaid osa riike on \u00fchinenud.<\/p>\n<p>Kohus kohaldab Euroopa inim\u00f5iguste konventsiooni. Tema \u00fclesanne on tagada, et riigid austaksid konventsioonis s\u00e4testatud \u00f5igusi ja vabadusi. Ta vaatab l\u00e4bi kaebused (avaldused), mille isikud ja m\u00f5nikord ka riigid on esitanud. Kui kohus leiab, et liikmesriik on m\u00f5nda konventsioonis s\u00e4testatud \u00f5igust v\u00f5i vabadust rikkunud, teeb ta otsuse. Kohtu otsused on asja pooleks olnud riigile t\u00e4itmiseks kohustuslikud.<\/p>\n<p>Te ei pea olema <a title=\"Euroopa N\u00f5ukogu liikmesriigid\" href=\"https:\/\/europeancourt.org\/et\/dokumendid\/euroopa-n%c3%b5ukogu\/euroopa-inim%c3%b5iguste-konventsioon\/#ratifitseerimine\">Euroopa N\u00f5ukogu liikmesriigi<\/a> kodanik. Rikkumise, mille \u00fcle Te kaebate, peab olema toime pannud \u00fcks konventsiooniosalistest riikidest, kes on kohustunud tagama s\u00e4testatud \u00f5igused k\u00f5igile oma jurisdiktsiooni all olevatele (tavaliselt oma territooriumil asuvatele) isikutele. Rikkumise peab olema toime pannud m\u00f5ni asjaomase riigi v\u00f5imuorgan (n\u00e4iteks kohus v\u00f5i haldusorgan). Kohus ei k\u00e4sitle \u00fcksikisikute v\u00f5i eraettev\u00f5tete vastu esitatud kaebusi.  V\u00e4idetav rikkumine peab olema toime pandud kaebuse esitaja isiku suhtes. Esitada ei saa \u00fcldistavat kaebust eba\u00f5iglasena tunduvate \u00f5igusaktide v\u00f5i eba\u00f5iglasena tunduva \u00f5iguspraktika suhtes. Samuti ei saa esitada kaebusi, mis puudutavad kolmandaid isikuid (v\u00e4lja arvatud juhul, kui on selgelt t\u00f5estatud, et tegu on konkreetse isiku seadusliku esindajaga).   Peale Euroopa inim\u00f5iguste konventsiooni ei saa Te kaevata teiste \u00f5igusdokumentide nagu Inim\u00f5iguste \u00fclddeklaratsiooni v\u00f5i Inim\u00f5iguste harta rikkumise peale.<\/p>\n<p>Te peate olema ammendanud k\u00f5ik siseriiklikud \u00f5iguste kaitse v\u00f5imalused kaebuse lahendamiseks. (Tavaliselt t\u00e4hendab see, et Te olete esitanud avalduse asjakohasesse kohtusse ning kaevanud otsuse edasi kuni k\u00f5rgeima kohtuni, kui see on olemas.) Ammendamise n\u00f5ude t\u00e4itmiseks ei piisa k\u00f5igi kohtuinstantside l\u00e4bimisest. Te peate olema seal ka t\u00f5statanud asjaolud, mis on aluseks Teie kaebusele Euroopa Inim\u00f5iguste Kohtule. Inim\u00f5iguste kohtule v\u00f5ite Te avalduse esitada nelja kuu jooksul p\u00e4rast l\u00f5pliku otsuse tegemist siseriiklikul tasandil (tavaliselt p\u00e4rast k\u00f5rgeima siseriikliku kohtu otsust).    <a title=\"Avalduse vorm Euroopa Inim\u00f5iguste Kohtusse\" href=\"https:\/\/europeancourt.org\/et\/dokumendid\/euroopa-n%c3%b5ukogu\/eik\/avalduse-vorm\/\">Avalduse vorm<\/a> kogu n\u00f5utud informatsiooni ja dokumentidega tuleb kohtusse saata hiljemalt neljakuulise t\u00e4htaja viimasel p\u00e4eval. <a title=\"Avalduse kontrollimine \u2013 Euroopa Inim\u00f5iguste Kohus\" href=\"https:\/\/europeancourt.org\/en\/services\/echr\/checking-filled-in-applications\/\">Kontrollige<\/a>, kas selles sisaldub kogu vajalik informatsioon ja dokumendid.<\/p>\n<p>Kohus ei saa tegeleda k\u00f5ikide kaebustega. Tema p\u00e4devust piiravad konventsioonis s\u00e4testatud vastuv\u00f5etavuse kriteeriumid kaebuse esitaja, t\u00e4htaja ja sisu kohta. \u00dcle 90% kaebustest tunnistatakse kohtu poolt vastuv\u00f5etamatuks. Te peate seet\u00f5ttu kontrollima, kas Teie kaebused vastavad tingimustele. Lisainformatsiooni saamiseks kriteeriumite kohta <a title=\"Juristi konsultatsioon \u2013 Euroopa Inim\u00f5iguste Kohus\" href=\"https:\/\/europeancourt.org\/et\/%c3%95igusn%c3%b5ustamine-ja-kontaktid\/\">p\u00f6\u00f6rduge juristi poole<\/a>.<\/p>\n<p>Teie asjaga tegeletakse tasuta. Teil tuleb kanda ainult oma isiklikud kulud (n\u00e4iteks advokaaditasud ning uurimise ja kirjavahetusega seonduvad kulud). Kohus ei aita Teil maksta <a title=\"Euroopa Inim\u00f5iguste Kohtule avalduste koostamine\" href=\"https:\/\/europeancourt.org\/et\/teenused\/eik\/eiki-avalduste-ettevalmistamine\/\">advokaadile avalduse vormistamise<\/a> eest. Kuigi menetluse algstaadiumis ei pea Teil olema advokaadist esindajat, on <a title=\"Juristi esindamine \u2013 Euroopa Inim\u00f5iguste Kohus\" href=\"https:\/\/europeancourt.org\/et\/teenused\/eik\/kaebajate-esindamine-eiks\/\">advokaat vajalik alates sellest, kui Teie avaldusest teavitatakse Valitsust<\/a>.<\/p>\n<p>Kui kohus leiab, et konventsiooni rikkumine on toimunud, v\u00f5ib ta m\u00f5ista Teile \u00f5iglase h\u00fcvituse, so rahalise kompensatsiooni teatavate kahjude eest. Kohus v\u00f5ib ka kohustada asjaomast riiki kandma kohtukulusid.<\/p>","protected":false},"excerpt":{"rendered":"Euroopa Inim\u00f5iguste Kohus (EIK) on rahvusvaheline organ (asub Strasbourgis), mis vaatab l\u00e4bi f\u00fc\u00fcsiliste ja juriidiliste isikute kaebusi, milles v\u00e4idetakse, et nende Euroopa inim\u00f5iguste konventsiooniga tagatud \u00f5igusi on rikutud. Inim\u00f5iguste ja p\u00f5hivabaduste kaitse konventsioon on&#46;&#46;&#46;","protected":false},"author":1,"featured_media":208865,"parent":0,"menu_order":0,"comment_status":"closed","ping_status":"closed","template":"","meta":{"footnotes":""},"categories":[],"tags":[],"class_list":["post-40722","page","type-page","status-publish","has-post-thumbnail","hentry"],"_links":{"self":[{"href":"https:\/\/europeancourt.org\/et\/wp-json\/wp\/v2\/pages\/40722","targetHints":{"allow":["GET"]}}],"collection":[{"href":"https:\/\/europeancourt.org\/et\/wp-json\/wp\/v2\/pages"}],"about":[{"href":"https:\/\/europeancourt.org\/et\/wp-json\/wp\/v2\/types\/page"}],"author":[{"embeddable":true,"href":"https:\/\/europeancourt.org\/et\/wp-json\/wp\/v2\/users\/1"}],"replies":[{"embeddable":true,"href":"https:\/\/europeancourt.org\/et\/wp-json\/wp\/v2\/comments?post=40722"}],"version-history":[{"count":1,"href":"https:\/\/europeancourt.org\/et\/wp-json\/wp\/v2\/pages\/40722\/revisions"}],"predecessor-version":[{"id":224976,"href":"https:\/\/europeancourt.org\/et\/wp-json\/wp\/v2\/pages\/40722\/revisions\/224976"}],"wp:featuredmedia":[{"embeddable":true,"href":"https:\/\/europeancourt.org\/et\/wp-json\/wp\/v2\/media\/208865"}],"wp:attachment":[{"href":"https:\/\/europeancourt.org\/et\/wp-json\/wp\/v2\/media?parent=40722"}],"wp:term":[{"taxonomy":"category","embeddable":true,"href":"https:\/\/europeancourt.org\/et\/wp-json\/wp\/v2\/categories?post=40722"},{"taxonomy":"post_tag","embeddable":true,"href":"https:\/\/europeancourt.org\/et\/wp-json\/wp\/v2\/tags?post=40722"}],"curies":[{"name":"wp","href":"https:\/\/api.w.org\/{rel}","templated":true}]}}