{"id":116066,"date":"2022-06-13T12:26:38","date_gmt":"2022-06-13T10:26:38","guid":{"rendered":"https:\/\/europeancourt.org\/asiakirjat\/"},"modified":"2024-06-25T16:43:26","modified_gmt":"2024-06-25T14:43:26","slug":"asiakirjat","status":"publish","type":"page","link":"https:\/\/europeancourt.org\/fi\/asiakirjat\/","title":{"rendered":"Asiakirjat"},"content":{"rendered":"<ul>\n<li><a href=\"https:\/\/europeancourt.org\/fi\/asiakirjat\/euroopan-neuvosto\/\" title=\"Euroopan neuvosto\">Euroopan neuvosto<\/a><\/li>\n<ul>\n<li><a href=\"https:\/\/europeancourt.org\/fi\/asiakirjat\/euroopan-neuvosto\/euroopan-ihmisoikeussopimus\/\" title=\"Yleissopimus ihmisoikeuksien ja perusvapauksien suojaamiseksi\">Yleissopimus ihmisoikeuksien ja perusvapauksien suojaamiseksi<\/a><\/li>\n<ul>\n<li><a href=\"https:\/\/europeancourt.org\/fi\/asiakirjat\/euroopan-neuvosto\/euroopan-ihmisoikeussopimus\/p%c3%b6yt%c3%a4kirja-nro1\/\" title=\"Ihmisoikeuksien ja perusvapauksien suojaamista koskevan yleissopimuksen ensimm\u00e4inen p\u00f6yt\u00e4kirja\">Ihmisoikeuksien ja perusvapauksien suojaamista koskevan yleissopimuksen ensimm\u00e4inen p\u00f6yt\u00e4kirja<\/a><\/li>\n<li><a href=\"https:\/\/europeancourt.org\/fi\/asiakirjat\/euroopan-neuvosto\/euroopan-ihmisoikeussopimus\/p%c3%b6yt%c3%a4kirja-nro4\/\" title=\"Ihmisoikeuksien ja perusvapauksien suojaamista koskevan yleissopimuksen nelj\u00e4s p\u00f6yt\u00e4kirja\">Ihmisoikeuksien ja perusvapauksien suojaamista koskevan yleissopimuksen nelj\u00e4s p\u00f6yt\u00e4kirja<\/a><\/li>\n<li><a href=\"https:\/\/europeancourt.org\/fi\/asiakirjat\/euroopan-neuvosto\/euroopan-ihmisoikeussopimus\/p%c3%b6yt%c3%a4kirja-nro6\/\" title=\"Ihmisoikeuksien ja perusvapauksien suojaamista koskevan yleissopimuksen kuudes p\u00f6yt\u00e4kirja\">Ihmisoikeuksien ja perusvapauksien suojaamista koskevan yleissopimuksen kuudes p\u00f6yt\u00e4kirja<\/a><\/li>\n<li><a href=\"https:\/\/europeancourt.org\/fi\/asiakirjat\/euroopan-neuvosto\/euroopan-ihmisoikeussopimus\/p%c3%b6yt%c3%a4kirja-nro7\/\" title=\"Ihmisoikeuksien ja perusvapauksien suojaamista koskevan yleissopimuksen seitsem\u00e4s p\u00f6yt\u00e4kirja\">Ihmisoikeuksien ja perusvapauksien suojaamista koskevan yleissopimuksen seitsem\u00e4s p\u00f6yt\u00e4kirja<\/a><\/li>\n<li><a href=\"https:\/\/europeancourt.org\/fi\/asiakirjat\/euroopan-neuvosto\/euroopan-ihmisoikeussopimus\/p%c3%b6yt%c3%a4kirja-nro12\/\" title=\"Ihmisoikeuksien ja perusvapauksien suojaamista koskevan yleissopimuksen kahdestoista p\u00f6yt\u00e4kirja\">Ihmisoikeuksien ja perusvapauksien suojaamista koskevan yleissopimuksen kahdestoista p\u00f6yt\u00e4kirja<\/a><\/li>\n<li><a href=\"https:\/\/europeancourt.org\/fi\/asiakirjat\/euroopan-neuvosto\/euroopan-ihmisoikeussopimus\/p%c3%b6yt%c3%a4kirja-nro13\/\" title=\"Ihmisoikeuksien ja perusvapauksien suojaamista koskevan yleissopimuksen kolmastoista p\u00f6yt\u00e4kirja\">Ihmisoikeuksien ja perusvapauksien suojaamista koskevan yleissopimuksen kolmastoista p\u00f6yt\u00e4kirja<\/a><\/li>\n<li><a href=\"https:\/\/europeancourt.org\/fi\/asiakirjat\/euroopan-neuvosto\/euroopan-ihmisoikeussopimus\/p%c3%b6yt%c3%a4kirja-nro16\/\" title=\"Ihmisoikeuksien ja perusvapauksien suojaamista koskevan yleissopimuksen kuudestoista p\u00f6yt\u00e4kirja\">Ihmisoikeuksien ja perusvapauksien suojaamista koskevan yleissopimuksen kuudestoista p\u00f6yt\u00e4kirja<\/a><\/li>\n<\/ul>\n<li><a href=\"https:\/\/europeancourt.org\/fi\/asiakirjat\/euroopan-neuvosto\/eit\/\" title=\"Euroopan ihmisoikeustuomioistuin\">Euroopan ihmisoikeustuomioistuin<\/a><\/li>\n<ul>\n<li><a href=\"https:\/\/europeancourt.org\/fi\/asiakirjat\/euroopan-neuvosto\/eit\/ty%c3%b6j%c3%a4rjestys-s%c3%a4%c3%a4nt%c3%b6-47\/\" title=\"Euroopan ihmisoikeustuomioistuimen ty\u00f6j\u00e4rjestyksen s\u00e4\u00e4nt\u00f6 47\">Tuomioistuimen ty\u00f6j\u00e4rjestys \u2013 S\u00e4\u00e4nt\u00f6 47<\/a><\/li>\n<li><a href=\"https:\/\/europeancourt.org\/en\/documents\/council-of-europe\/echr\/practice-directions-institution-of-proceedings\/\" title=\"K\u00e4yt\u00e4nn\u00f6n ohjeet \u2013 Valituksen tekeminen\">K\u00e4yt\u00e4nn\u00f6n ohjeet \u2013 Valituksen tekeminen<\/a><\/li>\n<li><a href=\"https:\/\/europeancourt.org\/fi\/asiakirjat\/euroopan-neuvosto\/eit\/valituslomake\/\" title=\"Valituslomake Euroopan ihmisoikeustuomioistuimelle\">Valituslomake<\/a><\/li>\n<ul>\n<li><a href=\"https:\/\/europeancourt.org\/fi\/asiakirjat\/euroopan-neuvosto\/eit\/valituslomake\/ohjeet-t%c3%a4ytt%c3%a4miseen\/\" title=\"Ohjeet valituslomakkeen t\u00e4ytt\u00e4miseen\">Ohjeet valituslomakkeen t\u00e4ytt\u00e4miseen<\/a><\/li>\n<\/ul>\n<li><a href=\"https:\/\/europeancourt.org\/fi\/asiakirjat\/euroopan-neuvosto\/eit\/valtakirja\/\" title=\"Valtakirja Euroopan ihmisoikeustuomioistuimelle\">Valtakirja<\/a><\/li>\n<li><a href=\"https:\/\/europeancourt.org\/downloads\/en\/Table_setting_out_the_required_identifying_details_for_each_applicant_to_the_ECtHR_ENG.XLSX\" title=\"Taulukko Euroopan ihmisoikeustuomioistuimeen valittajien yksil\u00f6intitiedoista (englannin kielell\u00e4)\">Lis\u00e4ys koskien ryhm\u00e4valituksia ja monilukuisia valittajia<\/a><\/li>\n<\/ul><\/ul><\/ul> ","protected":false},"excerpt":{"rendered":"Euroopan neuvosto Yleissopimus ihmisoikeuksien ja perusvapauksien suojaamiseksi Ihmisoikeuksien ja perusvapauksien suojaamista koskevan yleissopimuksen ensimm\u00e4inen p\u00f6yt\u00e4kirja Ihmisoikeuksien ja perusvapauksien suojaamista koskevan yleissopimuksen nelj\u00e4s p\u00f6yt\u00e4kirja Ihmisoikeuksien ja perusvapauksien suojaamista koskevan yleissopimuksen kuudes p\u00f6yt\u00e4kirja Ihmisoikeuksien ja perusvapauksien&#46;&#46;&#46;","protected":false},"author":1,"featured_media":210036,"parent":0,"menu_order":0,"comment_status":"closed","ping_status":"closed","template":"","meta":{"footnotes":""},"categories":[],"tags":[],"class_list":["post-116066","page","type-page","status-publish","has-post-thumbnail","hentry"],"_links":{"self":[{"href":"https:\/\/europeancourt.org\/fi\/wp-json\/wp\/v2\/pages\/116066","targetHints":{"allow":["GET"]}}],"collection":[{"href":"https:\/\/europeancourt.org\/fi\/wp-json\/wp\/v2\/pages"}],"about":[{"href":"https:\/\/europeancourt.org\/fi\/wp-json\/wp\/v2\/types\/page"}],"author":[{"embeddable":true,"href":"https:\/\/europeancourt.org\/fi\/wp-json\/wp\/v2\/users\/1"}],"replies":[{"embeddable":true,"href":"https:\/\/europeancourt.org\/fi\/wp-json\/wp\/v2\/comments?post=116066"}],"version-history":[{"count":0,"href":"https:\/\/europeancourt.org\/fi\/wp-json\/wp\/v2\/pages\/116066\/revisions"}],"wp:featuredmedia":[{"embeddable":true,"href":"https:\/\/europeancourt.org\/fi\/wp-json\/wp\/v2\/media\/210036"}],"wp:attachment":[{"href":"https:\/\/europeancourt.org\/fi\/wp-json\/wp\/v2\/media?parent=116066"}],"wp:term":[{"taxonomy":"category","embeddable":true,"href":"https:\/\/europeancourt.org\/fi\/wp-json\/wp\/v2\/categories?post=116066"},{"taxonomy":"post_tag","embeddable":true,"href":"https:\/\/europeancourt.org\/fi\/wp-json\/wp\/v2\/tags?post=116066"}],"curies":[{"name":"wp","href":"https:\/\/api.w.org\/{rel}","templated":true}]}}