{"id":147362,"date":"2022-06-23T10:51:39","date_gmt":"2022-06-23T08:51:39","guid":{"rendered":"https:\/\/europeancourt.org\/asiakirjat\/euroopan-neuvosto\/eit\/"},"modified":"2024-06-25T16:17:46","modified_gmt":"2024-06-25T14:17:46","slug":"eit","status":"publish","type":"page","link":"https:\/\/europeancourt.org\/fi\/asiakirjat\/euroopan-neuvosto\/eit\/","title":{"rendered":"EIT"},"content":{"rendered":"<ul> \n<li><a href=\"https:\/\/europeancourt.org\/fi\/asiakirjat\/euroopan-neuvosto\/eit\/ty%c3%b6j%c3%a4rjestys-s%c3%a4%c3%a4nt%c3%b6-47\/\" title=\"Euroopan ihmisoikeustuomioistuimen ty\u00f6j\u00e4rjestyksen s\u00e4\u00e4nt\u00f6 47\">Tuomioistuimen ty\u00f6j\u00e4rjestys \u2013 S\u00e4\u00e4nt\u00f6 47<\/a><\/li>\n<li><a href=\"https:\/\/europeancourt.org\/en\/documents\/council-of-europe\/echr\/practice-directions-institution-of-proceedings\/\" title=\"K\u00e4yt\u00e4nn\u00f6n ohjeet \u2013 Valituksen tekeminen\">K\u00e4yt\u00e4nn\u00f6n ohjeet \u2013 Valituksen tekeminen<\/a><\/li>\n<li><a href=\"https:\/\/europeancourt.org\/fi\/asiakirjat\/euroopan-neuvosto\/eit\/valituslomake\/\" title=\"Valituslomake Euroopan ihmisoikeustuomioistuimelle\">Valituslomake<\/a><\/li>\n<ul>\n<li><a href=\"https:\/\/europeancourt.org\/fi\/asiakirjat\/euroopan-neuvosto\/eit\/valituslomake\/ohjeet-t%c3%a4ytt%c3%a4miseen\/\" title=\"Ohjeet valituslomakkeen t\u00e4ytt\u00e4miseen\">Ohjeet valituslomakkeen t\u00e4ytt\u00e4miseen<\/a><\/li>\n<\/ul>\n<li><a href=\"https:\/\/europeancourt.org\/fi\/asiakirjat\/euroopan-neuvosto\/eit\/valtakirja\/\" title=\"Valtakirja Euroopan ihmisoikeustuomioistuimelle\">Valtakirja<\/a><\/li>\n<li><a href=\"https:\/\/europeancourt.org\/downloads\/en\/Table_setting_out_the_required_identifying_details_for_each_applicant_to_the_ECtHR_ENG.XLSX\" title=\"Taulukko Euroopan ihmisoikeustuomioistuimeen valittajien yksil\u00f6intitiedoista (englannin kielell\u00e4)\">Lis\u00e4ys koskien ryhm\u00e4valituksia ja monilukuisia valittajia<\/a><\/li>\n<\/ul>","protected":false},"excerpt":{"rendered":"Tuomioistuimen ty\u00f6j\u00e4rjestys \u2013 S\u00e4\u00e4nt\u00f6 47 K\u00e4yt\u00e4nn\u00f6n ohjeet \u2013 Valituksen tekeminen Valituslomake Ohjeet valituslomakkeen t\u00e4ytt\u00e4miseen Valtakirja Lis\u00e4ys koskien ryhm\u00e4valituksia ja monilukuisia valittajia","protected":false},"author":1,"featured_media":192025,"parent":116104,"menu_order":0,"comment_status":"closed","ping_status":"closed","template":"","meta":{"footnotes":""},"categories":[],"tags":[],"class_list":["post-147362","page","type-page","status-publish","has-post-thumbnail","hentry"],"_links":{"self":[{"href":"https:\/\/europeancourt.org\/fi\/wp-json\/wp\/v2\/pages\/147362","targetHints":{"allow":["GET"]}}],"collection":[{"href":"https:\/\/europeancourt.org\/fi\/wp-json\/wp\/v2\/pages"}],"about":[{"href":"https:\/\/europeancourt.org\/fi\/wp-json\/wp\/v2\/types\/page"}],"author":[{"embeddable":true,"href":"https:\/\/europeancourt.org\/fi\/wp-json\/wp\/v2\/users\/1"}],"replies":[{"embeddable":true,"href":"https:\/\/europeancourt.org\/fi\/wp-json\/wp\/v2\/comments?post=147362"}],"version-history":[{"count":0,"href":"https:\/\/europeancourt.org\/fi\/wp-json\/wp\/v2\/pages\/147362\/revisions"}],"up":[{"embeddable":true,"href":"https:\/\/europeancourt.org\/fi\/wp-json\/wp\/v2\/pages\/116104"}],"wp:featuredmedia":[{"embeddable":true,"href":"https:\/\/europeancourt.org\/fi\/wp-json\/wp\/v2\/media\/192025"}],"wp:attachment":[{"href":"https:\/\/europeancourt.org\/fi\/wp-json\/wp\/v2\/media?parent=147362"}],"wp:term":[{"taxonomy":"category","embeddable":true,"href":"https:\/\/europeancourt.org\/fi\/wp-json\/wp\/v2\/categories?post=147362"},{"taxonomy":"post_tag","embeddable":true,"href":"https:\/\/europeancourt.org\/fi\/wp-json\/wp\/v2\/tags?post=147362"}],"curies":[{"name":"wp","href":"https:\/\/api.w.org\/{rel}","templated":true}]}}