{"id":147432,"date":"2022-07-02T14:27:20","date_gmt":"2022-07-02T12:27:20","guid":{"rendered":"https:\/\/europeancourt.org\/asiakirjat\/euroopan-neuvosto\/eit\/ty%c3%b6j%c3%a4rjestys-s%c3%a4%c3%a4nt%c3%b6-47\/"},"modified":"2025-10-05T12:00:15","modified_gmt":"2025-10-05T12:00:15","slug":"ty%c3%b6j%c3%a4rjestys-s%c3%a4%c3%a4nt%c3%b6-47","status":"publish","type":"page","link":"https:\/\/europeancourt.org\/fi\/asiakirjat\/euroopan-neuvosto\/eit\/ty%c3%b6j%c3%a4rjestys-s%c3%a4%c3%a4nt%c3%b6-47\/","title":{"rendered":"Tuomioistuimen ty\u00f6j\u00e4rjestys \u2013 S\u00e4\u00e4nt\u00f6 47"},"content":{"rendered":"<h2 style=\"text-align: center;\">Tuomioistuimen ty\u00f6j\u00e4rjestys<\/h2>\n<p><strong>S\u00e4\u00e4nt\u00f6 47<a class=\"paddingleft2px\" title=\"Sellaisena kuin se on tuomioistuimen tekemien muutosten j\u00e4lkeen 17.6. ja 8.7.2002, 11.12.2007, 22.9.2008, 6.5.2013, 1.6. ja 5.10.2015 ja 18.1.2024.\" href=\"#fn1\"><sup style=\"cursor:help\">1<\/sup><\/a> \u2013 Yksil\u00f6valituksen sis\u00e4lt\u00f6<\/strong><\/p>\n<p>1. <a title=\"Ihmisoikeussopimuksen 34 artikla\" href=\"https:\/\/europeancourt.org\/fi\/asiakirjat\/euroopan-neuvosto\/euroopan-ihmisoikeussopimus\/#34-artikla\">Ihmisoikeussopimuksen 34 artiklan<\/a> mukainen valitus tulee tehd\u00e4 tuomioistuimen sihteerist\u00f6n <a href=\"https:\/\/europeancourt.org\/fi\/asiakirjat\/euroopan-neuvosto\/eit\/valituslomake\/\" title=\"Valituslomake Euroopan ihmisoikeustuomioistuimelle\">viralliselle valituslomakkeelle<\/a>, ellei tuomioistuin toisin p\u00e4\u00e4t\u00e4. Valituksen tulee sis\u00e4lt\u00e4\u00e4 kaikki valituslomakkeessa yksil\u00f6idyt tiedot ja siit\u00e4 tulee k\u00e4yd\u00e4 ilmi<\/p>\n<p style=\"padding-left: 40px;\">a) valittajan nimi, syntym\u00e4aika, kansallisuus ja osoite sek\u00e4, mik\u00e4li valittajana on oikeushenkil\u00f6, valittajan t\u00e4ydellinen nimi, perustamis- tai rekister\u00f6intip\u00e4iv\u00e4, mahdollinen yritys- tai yhteis\u00f6tunnus sek\u00e4 virallinen osoite;<\/p>\n<p style=\"padding-left: 40px;\">b) mik\u00e4li valittaja k\u00e4ytt\u00e4\u00e4 asiamiest\u00e4 tai edustajaa, t\u00e4m\u00e4n nimi, osoite, puhelin- ja faksinumero sek\u00e4 s\u00e4hk\u00f6postiosoite;<\/p>\n<p style=\"padding-left: 40px;\">c) mik\u00e4li valittaja k\u00e4ytt\u00e4\u00e4 asiamiest\u00e4 tai edustajaa, tulee valituslomakkeen kohdassa \u201dvaltakirja\u201d olla valittajan alkuper\u00e4inen allekirjoitus ja p\u00e4iv\u00e4m\u00e4\u00e4r\u00e4, samoin kuin asiamiehen alkuper\u00e4inen allekirjoitus ja p\u00e4iv\u00e4m\u00e4\u00e4r\u00e4 osoittamassa, ett\u00e4 h\u00e4n on suostunut edustamaan valittajaa. Tuomioistuin voi kuitenkin hyv\u00e4ksy\u00e4 allekirjoitukset joko kopiona tai sopimuspuolten kansallisen lains\u00e4\u00e4d\u00e4nn\u00f6n mukaisena muuna valtakirjana, mik\u00e4li valittaja on ilmoittanut pakottavan syyn olla t\u00e4ytt\u00e4m\u00e4tt\u00e4 t\u00e4m\u00e4n s\u00e4\u00e4nn\u00f6ksen vaatimuksia ja toimittanut tuomioistuimelle sen sihteerist\u00f6n virallisen valtakirjan alkuper\u00e4isine allekirjoituksineen kohtuullisessa ajassa;<\/p>\n<p style=\"padding-left: 40px;\">d) sen sopimusvaltion tai -valtioiden nimet, joihin valitus kohdistuu;<\/p>\n<p style=\"padding-left: 40px;\">e) ytimek\u00e4s ja selke\u00e4 kuvaus tapahtumista;<\/p>\n<p style=\"padding-left: 40px;\">f) ytimek\u00e4s ja selke\u00e4 kuvaus v\u00e4itety(i)st\u00e4 sopimusloukkauksesta tai -loukkauksista perusteluineen; ja<\/p>\n<p style=\"padding-left: 40px;\">g) ytimek\u00e4s ja selke\u00e4 selvitys siit\u00e4, ett\u00e4 valitus t\u00e4ytt\u00e4\u00e4 <a title=\"Ihmisoikeussopimuksen 35 artikla\" href=\"https:\/\/europeancourt.org\/fi\/asiakirjat\/euroopan-neuvosto\/euroopan-ihmisoikeussopimus\/#35-artikla\">ihmisoikeussopimuksen 35 artiklan<\/a> 1-kohdan mukaiset tutkittavaksi ottamisen edellytykset.<\/p>\n<p>2.<\/p>\n<p style=\"padding-left: 40px;\">a) Kaikkien yll\u00e4 1 e) \u2013 g)-kohdissa mainittujen valituslomakkeen tietojen tulee olla riitt\u00e4v\u00e4t, jotta tuomioistuin voi niiden perusteella m\u00e4\u00e4ritell\u00e4 valituksen luonteen ja laajuuden turvautumatta muihin asiakirjoihin.<\/p>\n<p style=\"padding-left: 40px;\">b) Valittaja voi kuitenkin antaa lis\u00e4tietoja valituksesta liitt\u00e4m\u00e4ll\u00e4 valituslomakkeeseen tarkempia tapahtumatietoja, laajemman kuvauksen v\u00e4itetyist\u00e4 sopimusloukkauksista sek\u00e4 muita olennaisia tietoja. T\u00e4m\u00e4 valitukseen liitett\u00e4v\u00e4 lis\u00e4selvitys ei saa kuitenkaan ylitt\u00e4\u00e4 20 sivua.<\/p>\n<p>3.1. Valituslomakkeessa tulee olla valittajan, h\u00e4nen edustajansa tai asiamiehens\u00e4 allekirjoitus ja siihen tulee liitt\u00e4\u00e4 <\/p>\n<p style=\"padding-left: 40px;\">a) j\u00e4ljenn\u00f6kset valituksenalaisista tuomioistuinten tai muiden viranomaisten ratkaisuista sek\u00e4 muista valitukseen olennaisesti liittyvist\u00e4 asiakirjoista;<\/p>\n<p style=\"padding-left: 40px;\">b) j\u00e4ljenn\u00f6kset asiakirjoista ja ratkaisuista, jotka osoittavat valittajan turvautuneen <a title=\"Ihmisoikeussopimuksen 35 artikla\" href=\"https:\/\/europeancourt.org\/fi\/asiakirjat\/euroopan-neuvosto\/euroopan-ihmisoikeussopimus\/#35-artikla\">ihmisoikeussopimuksen 35 artiklan<\/a> 1-kohdan mukaisiin kotimaisiin oikeussuojakeinoihin sek\u00e4 noudattaneen valituksen tekemiselle asetettua m\u00e4\u00e4r\u00e4aikaa;<\/p>\n<p style=\"padding-left: 40px;\">c) soveltuvin osin my\u00f6s j\u00e4ljenn\u00f6kset asiakirjoista, jotka liittyv\u00e4t mahdollisiin muihin kansainv\u00e4lisiin valitus- tai sovintomenettelyihin;<\/p>\n<p style=\"padding-left: 40px;\">d) edustajan todistus oikeudestaan toimia oikeushenkil\u00f6n puolesta, mik\u00e4li valittajana on t\u00e4m\u00e4n s\u00e4\u00e4nn\u00f6n 1 a)-kohdan mukainen oikeushenkil\u00f6.<\/p>\n<p>3.2. Valituksen liitteen\u00e4 toimitettavien asiakirjojen tulee olla kronologisesti j\u00e4rjestetty p\u00e4iv\u00e4yksen mukaan, juoksevasti numeroitu sek\u00e4 selke\u00e4sti toisistaan erotettavissa.<\/p>\n<p>4. Valittajan on ilmoitettava tuomioistuimelle, mik\u00e4li h\u00e4n haluaa henkil\u00f6llisyytens\u00e4 salattavan, sek\u00e4 perusteltava, miksi p\u00e4\u00e4s\u00e4\u00e4nt\u00f6isest\u00e4 tuomioistuink\u00e4sittelyn julkisuusperiaatteesta tulisi h\u00e4nen kohdallaan poiketa. Tuomioistuin voi hyv\u00e4ksy\u00e4 henkil\u00f6llisyyden salaamista koskevan pyynn\u00f6n tai p\u00e4\u00e4tt\u00e4\u00e4 salata sen my\u00f6s omasta aloitteestaan.<\/p>\n<p>5.1. T\u00e4m\u00e4n s\u00e4\u00e4nn\u00f6n 1\u20133-kohdissa esitettyjen vaatimusten laiminly\u00f6nti johtaa valituksen tutkimatta j\u00e4tt\u00e4miseen, ellei<\/p>\n<p style=\"padding-left: 40px;\">a) valittaja ole toimittanut riitt\u00e4v\u00e4\u00e4 selvityst\u00e4 laiminly\u00f6nnin syist\u00e4;<\/p>\n<p style=\"padding-left: 40px;\">b) valitus koske pyynt\u00f6\u00e4 v\u00e4liaikaism\u00e4\u00e4r\u00e4yksen antamiseksi;<\/p>\n<p style=\"padding-left: 40px;\">c) tuomioistuin muutoin niin p\u00e4\u00e4t\u00e4 omasta tai valittajan aloitteesta.<\/p>\n<p>5.2. Tuomioistuin voi kaikissa tilanteissa pyyt\u00e4\u00e4 valittajaa toimittamaan lis\u00e4selvityst\u00e4 tai -asiakirjoja tietyn m\u00e4\u00e4r\u00e4ajan kuluessa, jos se katsoo sen tarpeelliseksi.<\/p>\n<p>6.<\/p>\n<p style=\"padding-left: 40px;\">a) <a title=\"Ihmisoikeussopimuksen 35 artikla\" href=\"https:\/\/europeancourt.org\/fi\/asiakirjat\/euroopan-neuvosto\/euroopan-ihmisoikeussopimus\/#35-artikla\">Ihmisoikeussopimuksen 35 artiklan<\/a> 1-kohdassa tarkoitettuna valituksen vireilletulop\u00e4iv\u00e4n\u00e4 pidet\u00e4\u00e4n sit\u00e4 p\u00e4iv\u00e4\u00e4, jolloin t\u00e4m\u00e4n s\u00e4\u00e4nn\u00f6n mukaiset tiedot sis\u00e4lt\u00e4v\u00e4 valituslomake on l\u00e4hetetty tuomioistuimelle. L\u00e4hetysp\u00e4iv\u00e4n\u00e4 pidet\u00e4\u00e4n postileiman p\u00e4iv\u00e4m\u00e4\u00e4r\u00e4\u00e4.<\/p>\n<p style=\"padding-left: 40px;\">b) Tuomioistuin voi kuitenkin perustellusta syyst\u00e4 p\u00e4\u00e4tt\u00e4\u00e4, ett\u00e4 valitus katsotaan tulleeksi vireille jonain muuna kuin yll\u00e4 mainittuna ajankohtana.<\/p>\n<p>7. Valittajan tulee ilmoittaa tuomioistuimelle osoitteensa muutoksesta sek\u00e4 kaikista valitukseen liittyvien olosuhteiden muutoksista.<\/p>\n__________\n<p id=\"fn1\"><sup>1<\/sup> Sellaisena kuin se on tuomioistuimen tekemien muutosten j\u00e4lkeen 17.6. ja 8.7.2002, 11.12.2007, 22.9.2008, 6.5.2013, 1.6. ja 5.10.2015 ja 18.1.2024.<\/p>","protected":false},"excerpt":{"rendered":"Tuomioistuimen ty\u00f6j\u00e4rjestys S\u00e4\u00e4nt\u00f6 471 \u2013 Yksil\u00f6valituksen sis\u00e4lt\u00f6 1. Ihmisoikeussopimuksen 34 artiklan mukainen valitus tulee tehd\u00e4 tuomioistuimen sihteerist\u00f6n viralliselle valituslomakkeelle, ellei tuomioistuin toisin p\u00e4\u00e4t\u00e4. Valituksen tulee sis\u00e4lt\u00e4\u00e4 kaikki valituslomakkeessa yksil\u00f6idyt tiedot ja siit\u00e4 tulee k\u00e4yd\u00e4&#46;&#46;&#46;","protected":false},"author":1,"featured_media":188908,"parent":147362,"menu_order":0,"comment_status":"closed","ping_status":"closed","template":"","meta":{"footnotes":""},"categories":[],"tags":[],"class_list":["post-147432","page","type-page","status-publish","has-post-thumbnail","hentry"],"_links":{"self":[{"href":"https:\/\/europeancourt.org\/fi\/wp-json\/wp\/v2\/pages\/147432","targetHints":{"allow":["GET"]}}],"collection":[{"href":"https:\/\/europeancourt.org\/fi\/wp-json\/wp\/v2\/pages"}],"about":[{"href":"https:\/\/europeancourt.org\/fi\/wp-json\/wp\/v2\/types\/page"}],"author":[{"embeddable":true,"href":"https:\/\/europeancourt.org\/fi\/wp-json\/wp\/v2\/users\/1"}],"replies":[{"embeddable":true,"href":"https:\/\/europeancourt.org\/fi\/wp-json\/wp\/v2\/comments?post=147432"}],"version-history":[{"count":0,"href":"https:\/\/europeancourt.org\/fi\/wp-json\/wp\/v2\/pages\/147432\/revisions"}],"up":[{"embeddable":true,"href":"https:\/\/europeancourt.org\/fi\/wp-json\/wp\/v2\/pages\/147362"}],"wp:featuredmedia":[{"embeddable":true,"href":"https:\/\/europeancourt.org\/fi\/wp-json\/wp\/v2\/media\/188908"}],"wp:attachment":[{"href":"https:\/\/europeancourt.org\/fi\/wp-json\/wp\/v2\/media?parent=147432"}],"wp:term":[{"taxonomy":"category","embeddable":true,"href":"https:\/\/europeancourt.org\/fi\/wp-json\/wp\/v2\/categories?post=147432"},{"taxonomy":"post_tag","embeddable":true,"href":"https:\/\/europeancourt.org\/fi\/wp-json\/wp\/v2\/tags?post=147432"}],"curies":[{"name":"wp","href":"https:\/\/api.w.org\/{rel}","templated":true}]}}