{"id":176225,"date":"2022-06-28T15:55:16","date_gmt":"2022-06-28T13:55:16","guid":{"rendered":"https:\/\/europeancourt.org\/asiakirjat\/euroopan-neuvosto\/eit\/valituslomake\/"},"modified":"2024-06-10T23:41:29","modified_gmt":"2024-06-10T21:41:29","slug":"valituslomake","status":"publish","type":"page","link":"https:\/\/europeancourt.org\/fi\/asiakirjat\/euroopan-neuvosto\/eit\/valituslomake\/","title":{"rendered":"Valituslomake Euroopan ihmisoikeustuomioistuimelle"},"content":{"rendered":"<p>Valituslomakkeen virheett\u00f6m\u00e4\u00e4n t\u00e4ytt\u00e4miseen tarvitaan v\u00e4hint\u00e4\u00e4n Adobe Reader 9 -ohjelma. Lomake toimii ainoastaan Windows ja Mac OS X-k\u00e4ytt\u00f6j\u00e4rjestelmill\u00e4. Teid\u00e4n tulee varmistaa, ett\u00e4 tietokoneellenne on asennettu Adobe Reader (<a href=\"https:\/\/get.adobe.com\/fi\/reader\/\" title=\"Adobe Reader\" target=\"_blank\" rel=\"noopener\">ladattavissa osoitteessa www.adobe.com<\/a>).<\/p>\n<ul>\n<li>Tallentakaa lomake tietokoneellenne haluamaanne kohtaan.<\/li>\n<li>Avatkaa tallentamanne lomakkeen kopio Adobe Reader -ohjelman avulla.<\/li>\n<li>T\u00e4ytt\u00e4k\u00e4\u00e4 lomake ja tallentakaa se.<\/li>\n<li>T\u00e4ytetty\u00e4nne lomakkeen Teid\u00e4n tulee tulostaa se, allekirjoittaa se ja postittaa se tuomioistuimelle.<\/li>\n<\/ul>\n<p style=\"text-align:center\"><a title=\"Valituslomake Euroopan ihmisoikeustuomioistuimelle\" href=\"https:\/\/europeancourt.org\/downloads\/fi\/Valituslomake_Euroopan_ihmisoikeustuomioistuimelle_FIN_2022-2.PDF\" class=\"extlinkoff mybrightbutton red\" download=\"\">Ladata <i class=\"fas fa-download\"><\/i><\/a><\/p>\n<iframe class=\"wonderplugin-pdf-iframe\" src=\"https:\/\/europeancourt.org\/wp-content\/plugins\/wonderplugin-pdf-embed\/pdfjs\/web\/viewer.html?v=2&disabledownload=1&disableprint=1&disabledoc=1&disableopenfile=1&externallinktarget=2&file=https:\/\/europeancourt.org\/noindex\/AppF_FIN_2022-2.pdf\" title=\"Valituslomake Euroopan ihmisoikeustuomioistuimelle\" width=\"100%\" height=\"900px\" style=\"border:0\"><\/iframe>\n","protected":false},"excerpt":{"rendered":"Valituslomakkeen virheett\u00f6m\u00e4\u00e4n t\u00e4ytt\u00e4miseen tarvitaan v\u00e4hint\u00e4\u00e4n Adobe Reader 9 -ohjelma. Lomake toimii ainoastaan Windows ja Mac OS X-k\u00e4ytt\u00f6j\u00e4rjestelmill\u00e4. Teid\u00e4n tulee varmistaa, ett\u00e4 tietokoneellenne on asennettu Adobe Reader (ladattavissa osoitteessa www.adobe.com). Tallentakaa lomake tietokoneellenne haluamaanne kohtaan.&#46;&#46;&#46;","protected":false},"author":1,"featured_media":191905,"parent":147362,"menu_order":0,"comment_status":"closed","ping_status":"closed","template":"","meta":{"footnotes":""},"categories":[],"tags":[],"class_list":["post-176225","page","type-page","status-publish","has-post-thumbnail","hentry"],"_links":{"self":[{"href":"https:\/\/europeancourt.org\/fi\/wp-json\/wp\/v2\/pages\/176225","targetHints":{"allow":["GET"]}}],"collection":[{"href":"https:\/\/europeancourt.org\/fi\/wp-json\/wp\/v2\/pages"}],"about":[{"href":"https:\/\/europeancourt.org\/fi\/wp-json\/wp\/v2\/types\/page"}],"author":[{"embeddable":true,"href":"https:\/\/europeancourt.org\/fi\/wp-json\/wp\/v2\/users\/1"}],"replies":[{"embeddable":true,"href":"https:\/\/europeancourt.org\/fi\/wp-json\/wp\/v2\/comments?post=176225"}],"version-history":[{"count":0,"href":"https:\/\/europeancourt.org\/fi\/wp-json\/wp\/v2\/pages\/176225\/revisions"}],"up":[{"embeddable":true,"href":"https:\/\/europeancourt.org\/fi\/wp-json\/wp\/v2\/pages\/147362"}],"wp:featuredmedia":[{"embeddable":true,"href":"https:\/\/europeancourt.org\/fi\/wp-json\/wp\/v2\/media\/191905"}],"wp:attachment":[{"href":"https:\/\/europeancourt.org\/fi\/wp-json\/wp\/v2\/media?parent=176225"}],"wp:term":[{"taxonomy":"category","embeddable":true,"href":"https:\/\/europeancourt.org\/fi\/wp-json\/wp\/v2\/categories?post=176225"},{"taxonomy":"post_tag","embeddable":true,"href":"https:\/\/europeancourt.org\/fi\/wp-json\/wp\/v2\/tags?post=176225"}],"curies":[{"name":"wp","href":"https:\/\/api.w.org\/{rel}","templated":true}]}}