{"id":222210,"date":"2024-01-08T15:08:29","date_gmt":"2024-01-08T14:08:29","guid":{"rendered":"https:\/\/europeancourt.org\/palvelut\/eit\/"},"modified":"2025-10-02T23:00:58","modified_gmt":"2025-10-02T23:00:58","slug":"eit","status":"publish","type":"page","link":"https:\/\/europeancourt.org\/fi\/palvelut\/eit\/","title":{"rendered":"EIT"},"content":{"rendered":"<ul>\r\n\t\t<li><a href=\"https:\/\/europeancourt.org\/en\/services\/echr\/preparing-applications\/\" title=\"EIT:lle valitusten valmistelu\">EIT:lle valitusten valmistelu<\/a><\/li>\r\n\r\n\t<li><a href=\"https:\/\/europeancourt.org\/en\/services\/echr\/checking-filled-in-applications\/\" title=\"EIT:n t\u00e4ytettyjen valituslomakkeiden tarkastaminen\">EIT:n t\u00e4ytettyjen valituslomakkeiden tarkastaminen<\/a><\/li>\r\n\r\n\t<li><a href=\"https:\/\/europeancourt.org\/en\/services\/echr\/representing-applicants\/\" title=\"Valittajien edustaminen EIT:ss\u00e4\">Valittajien edustaminen EIT:ss\u00e4<\/a><\/li>\r\n\r\n\t<li><a href=\"https:\/\/europeancourt.org\/en\/services\/echr\/translating-applications-into-english\/\" title=\"EIT:lle valitusten k\u00e4\u00e4nt\u00e4minen englanniksi\">EIT:lle valitusten k\u00e4\u00e4nt\u00e4minen englanniksi<\/a><\/li>\r\n\r\n\t<li><a href=\"https:\/\/europeancourt.org\/fi\/palvelut\/eit\/l%c3%b6yd%c3%a4-valituksen-numero-rekister%c3%b6inti-tai-tuomio\/\" title=\"L\u00f6yd\u00e4 EIT-valituksen numero, rekister\u00f6inti tai tuomio\">L\u00f6yd\u00e4 EIT-valituksen numero, rekister\u00f6inti tai tuomio<\/a><\/li>\r\n\r\n\t<li><a href=\"https:\/\/europeancourt.org\/en\/legal-advice-and-contacts\/\" title=\"Oikeudellinen neuvonta ja yhteystiedot\">Oikeudellinen neuvonta ja yhteystiedot<\/a><\/li>\r\n\r\n<\/ul>\r\n\r\n","protected":false},"excerpt":{"rendered":"EIT:lle valitusten valmistelu EIT:n t\u00e4ytettyjen valituslomakkeiden tarkastaminen Valittajien edustaminen EIT:ss\u00e4 EIT:lle valitusten k\u00e4\u00e4nt\u00e4minen englanniksi L\u00f6yd\u00e4 EIT-valituksen numero, rekister\u00f6inti tai tuomio Oikeudellinen neuvonta ja yhteystiedot","protected":false},"author":1,"featured_media":222469,"parent":222175,"menu_order":0,"comment_status":"closed","ping_status":"closed","template":"","meta":{"footnotes":""},"categories":[],"tags":[],"class_list":["post-222210","page","type-page","status-publish","has-post-thumbnail","hentry"],"_links":{"self":[{"href":"https:\/\/europeancourt.org\/fi\/wp-json\/wp\/v2\/pages\/222210","targetHints":{"allow":["GET"]}}],"collection":[{"href":"https:\/\/europeancourt.org\/fi\/wp-json\/wp\/v2\/pages"}],"about":[{"href":"https:\/\/europeancourt.org\/fi\/wp-json\/wp\/v2\/types\/page"}],"author":[{"embeddable":true,"href":"https:\/\/europeancourt.org\/fi\/wp-json\/wp\/v2\/users\/1"}],"replies":[{"embeddable":true,"href":"https:\/\/europeancourt.org\/fi\/wp-json\/wp\/v2\/comments?post=222210"}],"version-history":[{"count":1,"href":"https:\/\/europeancourt.org\/fi\/wp-json\/wp\/v2\/pages\/222210\/revisions"}],"predecessor-version":[{"id":222284,"href":"https:\/\/europeancourt.org\/fi\/wp-json\/wp\/v2\/pages\/222210\/revisions\/222284"}],"up":[{"embeddable":true,"href":"https:\/\/europeancourt.org\/fi\/wp-json\/wp\/v2\/pages\/222175"}],"wp:featuredmedia":[{"embeddable":true,"href":"https:\/\/europeancourt.org\/fi\/wp-json\/wp\/v2\/media\/222469"}],"wp:attachment":[{"href":"https:\/\/europeancourt.org\/fi\/wp-json\/wp\/v2\/media?parent=222210"}],"wp:term":[{"taxonomy":"category","embeddable":true,"href":"https:\/\/europeancourt.org\/fi\/wp-json\/wp\/v2\/categories?post=222210"},{"taxonomy":"post_tag","embeddable":true,"href":"https:\/\/europeancourt.org\/fi\/wp-json\/wp\/v2\/tags?post=222210"}],"curies":[{"name":"wp","href":"https:\/\/api.w.org\/{rel}","templated":true}]}}