{"id":223386,"date":"2021-10-07T00:26:31","date_gmt":"2021-10-06T22:26:31","guid":{"rendered":"https:\/\/europeancourt.org\/?page_id=223386"},"modified":"2025-11-29T11:05:04","modified_gmt":"2025-11-29T10:05:04","slug":"l%c3%b6yd%c3%a4-valituksen-numero-rekister%c3%b6inti-tai-tuomio","status":"publish","type":"page","link":"https:\/\/europeancourt.org\/fi\/palvelut\/eit\/l%c3%b6yd%c3%a4-valituksen-numero-rekister%c3%b6inti-tai-tuomio\/","title":{"rendered":"L\u00f6yd\u00e4 EIT-valituksen numero, rekister\u00f6inti tai tuomio"},"content":{"rendered":"<div class=\"mywpcf7cf myshow myhide\">Tied\u00e4tk\u00f6 kyseisen valituksen numeron?<\/div>\r\n<div class=\"mywpcf7cf myshow myhide\">\r\n  <span class=\"mymultyradiobutton blue\">\r\n    <span class=\"wpcf7-list-item wpcf7\">\r\n      <label><input type=\"radio\"><span class=\"wpcf7-list-item-label\">Kyll\u00e4<\/span><\/label>\r\n    <\/span>\r\n  <\/span>\r\n  <span class=\"mymultyradiobutton blue\">\r\n    <span class=\"wpcf7-list-item wpcf7\">\r\n      <label><input type=\"radio\"><span class=\"wpcf7-list-item-label\">Ei<\/span><\/label>\r\n    <\/span>\r\n  <\/span>\r\n<\/div>\r\n<div class=\"mywpcf7cf-blueleft myshow myhide\">\r\n  <span class=\"mycustomsummary\">Mik\u00e4 on valituksen numero?<\/span>\r\n  <span class=\"mycustomdetails\">\r\n    <span class=\"vlist\">\r\n      <span class=\"vitem\">Valituksen numero on EIT:n kirjeess\u00e4 jokaisesta rekister\u00f6idyst\u00e4 valituksesta, heti sanojen \u201dValitusnro.\u201d j\u00e4lkeen ja ennen valituksen nime\u00e4. Kirjeenvaihdossa englanniksi kirjoitetaan \u201dApplication no.\u201d, ranskaksi \u201dRequ\u00eate n\u00b0\u201d.<\/span>\r\n      <span class=\"vitem\">Valitusnumeron muoto: NUMERO\/VUOSI, esim. 123\/14. Vain numerot ja oikealle kallistuva kauttaviiva \u201d\/\u201d ilman v\u00e4lily\u00f6ntej\u00e4.<\/span>\r\n      <span class=\"vitem\">Samanmuotoinen numero EIT:n kirjeess\u00e4, jossa ilmoitetaan, ett\u00e4 valituslomake ei t\u00e4yt\u00e4 vaatimuksia, ei ole valituksen numero. T\u00e4st\u00e4 numerosta voi tulla valituksen numero vasta, kun EIT saa valituslomakkeen, joka t\u00e4ytt\u00e4\u00e4 vaatimukset, ja rekister\u00f6i valituksen. T\u00e4llaisessa kirjeess\u00e4 ei ilmoiteta valituksen nime\u00e4, koska valitus ei ole rekister\u00f6ity, ja yleens\u00e4 ilmoitetaan koodi ECHR-Axxx6, jossa \u201dxxx\u201d tarkoittaa kirjeen kielt\u00e4.<\/span>\r\n    <\/span>\r\n  <\/span>\r\n<\/div>\r\n<div class=\"mywpcf7cf myshow myhide mywpcf7cf-utility\">\r\n  <div class=\"mybutton red not-in-text-button is-disabled\" aria-disabled=\"true\">Aloita alusta<\/div>\r\n  <a class=\"mybutton red not-in-text-button\" href=\"mailto:oleg.anishchik@europeancourt.org?subject=L\u00f6yd\u00e4 EIT-valituksen numero, rekister\u00f6inti tai tuomio: virhe&#038;body=Virheen kuvaus: \">Ilmoita virheest\u00e4<\/a>\r\n<\/div>\r\n<div id=\"ajax_content\"><\/div>","protected":false},"excerpt":{"rendered":"Tied\u00e4tk\u00f6 kyseisen valituksen numeron? Kyll\u00e4 Ei Mik\u00e4 on valituksen numero? Valituksen numero on EIT:n kirjeess\u00e4 jokaisesta rekister\u00f6idyst\u00e4 valituksesta, heti sanojen \u201dValitusnro.\u201d j\u00e4lkeen ja ennen valituksen nime\u00e4. Kirjeenvaihdossa englanniksi kirjoitetaan \u201dApplication no.\u201d, ranskaksi \u201dRequ\u00eate n\u00b0\u201d.&#46;&#46;&#46;","protected":false},"author":1,"featured_media":223387,"parent":222210,"menu_order":0,"comment_status":"closed","ping_status":"closed","template":"","meta":{"footnotes":""},"categories":[],"tags":[],"class_list":["post-223386","page","type-page","status-publish","has-post-thumbnail","hentry"],"_links":{"self":[{"href":"https:\/\/europeancourt.org\/fi\/wp-json\/wp\/v2\/pages\/223386","targetHints":{"allow":["GET"]}}],"collection":[{"href":"https:\/\/europeancourt.org\/fi\/wp-json\/wp\/v2\/pages"}],"about":[{"href":"https:\/\/europeancourt.org\/fi\/wp-json\/wp\/v2\/types\/page"}],"author":[{"embeddable":true,"href":"https:\/\/europeancourt.org\/fi\/wp-json\/wp\/v2\/users\/1"}],"replies":[{"embeddable":true,"href":"https:\/\/europeancourt.org\/fi\/wp-json\/wp\/v2\/comments?post=223386"}],"version-history":[{"count":1,"href":"https:\/\/europeancourt.org\/fi\/wp-json\/wp\/v2\/pages\/223386\/revisions"}],"predecessor-version":[{"id":223388,"href":"https:\/\/europeancourt.org\/fi\/wp-json\/wp\/v2\/pages\/223386\/revisions\/223388"}],"up":[{"embeddable":true,"href":"https:\/\/europeancourt.org\/fi\/wp-json\/wp\/v2\/pages\/222210"}],"wp:featuredmedia":[{"embeddable":true,"href":"https:\/\/europeancourt.org\/fi\/wp-json\/wp\/v2\/media\/223387"}],"wp:attachment":[{"href":"https:\/\/europeancourt.org\/fi\/wp-json\/wp\/v2\/media?parent=223386"}],"wp:term":[{"taxonomy":"category","embeddable":true,"href":"https:\/\/europeancourt.org\/fi\/wp-json\/wp\/v2\/categories?post=223386"},{"taxonomy":"post_tag","embeddable":true,"href":"https:\/\/europeancourt.org\/fi\/wp-json\/wp\/v2\/tags?post=223386"}],"curies":[{"name":"wp","href":"https:\/\/api.w.org\/{rel}","templated":true}]}}