{"id":225271,"date":"2026-04-26T14:47:47","date_gmt":"2026-04-26T12:47:47","guid":{"rendered":"https:\/\/europeancourt.org\/palvelut\/eit\/eitlle-valitusten-valmistelu\/"},"modified":"2026-04-26T17:01:43","modified_gmt":"2026-04-26T15:01:43","slug":"eitlle-valitusten-valmistelu","status":"publish","type":"page","link":"https:\/\/europeancourt.org\/fi\/palvelut\/eit\/eitlle-valitusten-valmistelu\/","title":{"rendered":"EIT:lle valitusten valmistelu"},"content":{"rendered":"<div id=\"ec-preparation-page\" class=\"ec-service-page ec-service-preparation\" data-service=\"preparation\">\n<div class=\"ec-service-screen ec-service-screen-1\">\n<div class=\"mywpcf7cf myshow myhide\">EIT-valituksen laatimisen hinta riippuu siihen tarvittavasta ty\u00f6ajasta. Vaihteluv\u00e4li on hyvin suuri: muutamasta sadasta eurosta, jos ty\u00f6 vie kaksi\u2013kolme tuntia, 10 000 euroon tai sit\u00e4kin suurempiin summiin, jos ty\u00f6h\u00f6n tarvitaan kymmeni\u00e4 tunteja. Ty\u00f6aika kuluu asiakirjojen tutkimiseen, keskeisten tosiseikkojen erottamiseen, kunkin mahdollisen v\u00e4itetyn loukkauksen kannalta olennaisen EIT:n ajantasaisen oikeusk\u00e4yt\u00e4nn\u00f6n etsimiseen ja analysoimiseen sek\u00e4 asiakysymysten ett\u00e4 tutkittavaksi ottamisen edellytysten osalta, valituskohtien muotoilemiseen, v\u00e4itettyjen loukkausten ja tutkittavaksi ottamisen edellytysten perustelemiseen sek\u00e4 t\u00e4m\u00e4n kaiken esitt\u00e4miseen valituslomakkeessa lyhyesti, selv\u00e4sti ja ristiriidattomasti.<\/div>\n<div class=\"mywpcf7cf myshow myhide\">Voin arvioida vasta asiakirjojen perusteella, kuinka paljon aikaa juuri sinun asiasi vaatii ja mik\u00e4 valituksen laatimisen hinta siksi on. Toimita kaikki ratkaisut, joihin v\u00e4itteesi kohdistuvat, sek\u00e4 muut asiakirjat, joista valituksen kohteena olevat toimenpiteet ilmenev\u00e4t. Toimita my\u00f6s kaikki kansallisille viranomaisille, tuomioistuimet mukaan lukien, tehdyt hakemukset, valitukset ja muut kirjelm\u00e4t, joissa n\u00e4m\u00e4 v\u00e4itteet on esitetty sis\u00e4ll\u00f6llisesti, sek\u00e4 kaikki niihin annetut ratkaisut. Jos koko asiakirja-aineisto on jo s\u00e4hk\u00f6isess\u00e4 muodossa, toimita se mieluiten kerralla. \u00c4l\u00e4 huolehdi siit\u00e4, ett\u00e4 l\u00e4het\u00e4t liikaa asiakirjoja tai ett\u00e4 jokin j\u00e4\u00e4 l\u00e4hett\u00e4m\u00e4tt\u00e4: jos tarvitsen l\u00e4hett\u00e4m\u00e4si aineiston l\u00e4pik\u00e4ynnin j\u00e4lkeen lis\u00e4\u00e4 asiakirjoja, pyyd\u00e4n niit\u00e4 sinulta.<\/div>\n<div class=\"mywpcf7cf myshow myhide\">Vastaan yleens\u00e4 valituksen laatimista koskevaan hinta-arviopyynt\u00f6\u00f6n viikon kuluessa siit\u00e4, kun olen saanut kaikki tarvittavat asiakirjat ja tiedot. Jos EIT:hen valittamisen m\u00e4\u00e4r\u00e4aika p\u00e4\u00e4ttyy l\u00e4hip\u00e4ivin\u00e4, kirjoita minulle ja kysy, voinko k\u00e4sitell\u00e4 pyynt\u00f6si kiireellisen\u00e4. Lupaan vastata t\u00e4llaiseen viestiin 24 tunnin kuluessa. Jos vahvistan, ett\u00e4 voin k\u00e4sitell\u00e4 pyynn\u00f6n kiireellisen\u00e4, ja toimitat heti tarvittavat asiakirjat ja tiedot, lupaan ilmoittaa arvioni seuraavien 48 tunnin kuluessa.<\/div>\n<div class=\"mywpcf7cf myshow myhide\">Jos katson, ett\u00e4 EIT-valitus voidaan oikeudellisesti perustella, ilmoitan sinulle valituksen laatimisen tarkan hinnan niiden valituskohtien perusteella, jotka kannattaa esitt\u00e4\u00e4, ja kirjoitan hyvin lyhyesti, mist\u00e4 valittaminen ei ole mielek\u00e4st\u00e4. Samalla l\u00e4het\u00e4n sinulle valituksen laatimista koskevan palvelusopimuksen. Palvelun voi maksaa pankkisiirrolla Sveitsiss\u00e4 olevalle pankkitililleni tai maksumaasta riippuen muulla tavalla. Valituksen laatimisaikataulu m\u00e4\u00e4ritet\u00e4\u00e4n aina niin, ett\u00e4 valitus ehdit\u00e4\u00e4n toimittaa EIT:hen m\u00e4\u00e4r\u00e4ajassa. Ty\u00f6n valmistuttua saat s\u00e4hk\u00f6postitse t\u00e4ytetyn valituslomakkeen, siihen kuuluvat liitteet ja ohjeet siit\u00e4, miten ne tulostetaan, allekirjoitetaan ja l\u00e4hetet\u00e4\u00e4n EIT:hen oikein. Valittajan edustaminen EIT:ss\u00e4 ja muu asian hoitaminen eiv\u00e4t sis\u00e4lly valituksen laatimisen hintaan. Jos katson, ettei EIT-valitusta voida oikeudellisesti perustella, ilmoitan sinulle vain sen.<\/div>\n<div class=\"mywpcf7cf myshow myhide\">T\u00e4m\u00e4 palvelu ei selv\u00e4stik\u00e4\u00e4n ole sinulle oikea, jos jokin seuraavista v\u00e4itteist\u00e4 pit\u00e4\u00e4 kohdallasi varmasti paikkansa:<\/div>\n<ul class=\"myshow myhide ec-service-blocker-list\"><li><label><input type=\"checkbox\" class=\"ec-service-blocker\" \/><span>Minulla on jo t\u00e4ytetty valituslomake, ja haluan vain tarkistaa sen virheiden varalta.<\/span><\/label><\/li>\n<li><label><input type=\"checkbox\" class=\"ec-service-blocker\" \/><span>En ole valmis toimittamaan kaikkia asiaan tarvittavia asiakirjoja.<\/span><\/label><\/li>\n<li><label><input type=\"checkbox\" class=\"ec-service-blocker\" \/><span>Odotan saavani yksityiskohtaiset selitykset jokaisesta valituskohdastani, vaikka kyseist\u00e4 valituskohtaa ei voitaisi oikeudellisesti perustella EIT-valituksena.<\/span><\/label><\/li>\n<li><label><input type=\"checkbox\" class=\"ec-service-blocker\" \/><span>Odotan, ett\u00e4 valitus laaditaan, vaikka EIT-valitusta ei voitaisi oikeudellisesti perustella.<\/span><\/label><\/li>\n<li><label><input type=\"checkbox\" class=\"ec-service-blocker\" \/><span>Valituskohtieni m\u00e4\u00e4r\u00e4n ja jo hallussani olevien asiakirjojen m\u00e4\u00e4r\u00e4n perusteella minulle on selv\u00e4\u00e4, ett\u00e4 valituksen laatiminen vaatii huomattavasti enemm\u00e4n aikaa kuin olen valmis maksamaan.<\/span><\/label><\/li>\n<li><label><input type=\"checkbox\" class=\"ec-service-blocker\" \/><span>Pystyn itse t\u00e4ytt\u00e4m\u00e4\u00e4n valituslomakkeen kaikkien EIT:n vaatimusten mukaisesti ja esitt\u00e4m\u00e4\u00e4n siin\u00e4 asiakirja-aineiston ja asiaani sovellettavan EIT:n ajantasaisen oikeusk\u00e4yt\u00e4nn\u00f6n perusteella t\u00e4sm\u00e4llisesti kaikki keskeiset tosiseikat, v\u00e4itetyt loukkaukset sek\u00e4 tiedot siit\u00e4, ett\u00e4 tutkittavaksi ottamisen edellytykset t\u00e4yttyv\u00e4t kunkin v\u00e4itetyn loukkauksen osalta.<\/span><\/label><\/li><\/ul>\n<div class=\"mywpcf7cf myshow myhide\"><button type=\"button\" class=\"mybutton blue\" id=\"load_ajax_form\" data-ec-service-load=\"preparation\" data-blocked-message=\"Et voi siirty\u00e4 eteenp\u00e4in niin kauan kuin jokin v\u00e4itteist\u00e4 on valittuna. Jos valitsit kohdan vahingossa, poista valinta.\">Toimita asiakirjat<\/button><\/div>\n<div class=\"mywpcf7cf myshow myhide\"><a class=\"mybutton blue not-in-text-button\" href=\"mailto:oleg.anishchik@europeancourt.org?subject=Haluaisin kysy\u00e4 ehdoista\">Haluaisin kysy\u00e4 ehdoista<\/a><\/div>\n<div id=\"ec-service-load-status\" class=\"ec-service-load-status\" aria-live=\"polite\"><\/div>\n<\/div>\n<div id=\"ajax_content\"><\/div>\n<\/div>\n<script>\n(function(){\n  if (window.ecServiceBlockerGuardReady) return;\n  window.ecServiceBlockerGuardReady = true;\n  document.addEventListener('click', function(event) {\n    var button = event.target && event.target.closest ? event.target.closest('[data-ec-service-load]') : null;\n    if (!button) return;\n    var root = button.closest('.ec-service-page');\n    if (!root || !root.querySelector('.ec-service-blocker:checked')) return;\n    event.preventDefault();\n    event.stopPropagation();\n    if (event.stopImmediatePropagation) event.stopImmediatePropagation();\n    var status = root.querySelector('.ec-service-load-status');\n    if (status) status.textContent = button.getAttribute('data-blocked-message') || '';\n  }, true);\n})();\n<\/script>","protected":false},"excerpt":{"rendered":"EIT-valituksen laatimisen hinta riippuu siihen tarvittavasta ty\u00f6ajasta. Vaihteluv\u00e4li on hyvin suuri: muutamasta sadasta eurosta, jos ty\u00f6 vie kaksi\u2013kolme tuntia, 10 000 euroon tai sit\u00e4kin suurempiin summiin, jos ty\u00f6h\u00f6n tarvitaan kymmeni\u00e4 tunteja. Ty\u00f6aika kuluu asiakirjojen&#46;&#46;&#46;","protected":false},"author":0,"featured_media":0,"parent":222210,"menu_order":0,"comment_status":"closed","ping_status":"closed","template":"","meta":{"footnotes":""},"categories":[],"tags":[],"class_list":["post-225271","page","type-page","status-publish","hentry"],"_links":{"self":[{"href":"https:\/\/europeancourt.org\/fi\/wp-json\/wp\/v2\/pages\/225271","targetHints":{"allow":["GET"]}}],"collection":[{"href":"https:\/\/europeancourt.org\/fi\/wp-json\/wp\/v2\/pages"}],"about":[{"href":"https:\/\/europeancourt.org\/fi\/wp-json\/wp\/v2\/types\/page"}],"replies":[{"embeddable":true,"href":"https:\/\/europeancourt.org\/fi\/wp-json\/wp\/v2\/comments?post=225271"}],"version-history":[{"count":1,"href":"https:\/\/europeancourt.org\/fi\/wp-json\/wp\/v2\/pages\/225271\/revisions"}],"predecessor-version":[{"id":225588,"href":"https:\/\/europeancourt.org\/fi\/wp-json\/wp\/v2\/pages\/225271\/revisions\/225588"}],"up":[{"embeddable":true,"href":"https:\/\/europeancourt.org\/fi\/wp-json\/wp\/v2\/pages\/222210"}],"wp:attachment":[{"href":"https:\/\/europeancourt.org\/fi\/wp-json\/wp\/v2\/media?parent=225271"}],"wp:term":[{"taxonomy":"category","embeddable":true,"href":"https:\/\/europeancourt.org\/fi\/wp-json\/wp\/v2\/categories?post=225271"},{"taxonomy":"post_tag","embeddable":true,"href":"https:\/\/europeancourt.org\/fi\/wp-json\/wp\/v2\/tags?post=225271"}],"curies":[{"name":"wp","href":"https:\/\/api.w.org\/{rel}","templated":true}]}}