{"id":225275,"date":"2026-04-26T14:48:47","date_gmt":"2026-04-26T12:48:47","guid":{"rendered":"https:\/\/europeancourt.org\/palvelut\/eit\/valittajien-edustaminen-eitss%c3%a4\/"},"modified":"2026-04-26T17:01:56","modified_gmt":"2026-04-26T15:01:56","slug":"valittajien-edustaminen-eitss%c3%a4","status":"publish","type":"page","link":"https:\/\/europeancourt.org\/fi\/palvelut\/eit\/valittajien-edustaminen-eitss%c3%a4\/","title":{"rendered":"Valittajien edustaminen EIT:ss\u00e4"},"content":{"rendered":"<div id=\"ec-representation-page\" class=\"ec-service-page ec-service-representation\" data-service=\"representation\">\n<div class=\"ec-service-screen ec-service-screen-1\">\n<div class=\"mywpcf7cf myshow myhide\">T\u00e4m\u00e4 palvelu on tarkoitettu vain valituksiin, jotka ovat jo edenneet siihen vaiheeseen, ett\u00e4 EIT on ilmoittanut valittajalle, ett\u00e4 h\u00e4nen on toimitettava kirjallisia vastineita.<\/div>\n<div class=\"mywpcf7cf myshow myhide\">EIT:ss\u00e4 edustamisen hinta riippuu ty\u00f6ajasta: aikaa kuluu EIT:n kysymyksiin vastaamiseen, vastaajavaltion v\u00e4itteisiin vastaamiseen sek\u00e4 tarvittaessa tosiseikkojen t\u00e4sment\u00e4miseen ja kohtuullista hyvityst\u00e4 koskevien vaatimusten laatimiseen. Vaihteluv\u00e4li on hyvin suuri: muutamasta sadasta eurosta, jos ty\u00f6 mahtuu kahteen tai kolmeen tuntiin, 10 000 euroon tai sit\u00e4kin suurempiin summiin, jos ty\u00f6h\u00f6n tarvitaan kymmeni\u00e4 tunteja.<\/div>\n<div class=\"mywpcf7cf myshow myhide\">Voin arvioida vasta asiakirjojen perusteella, kuinka paljon aikaa juuri sinun asiasi vaatii ja mik\u00e4 edustamisen hinta siksi on. Toimita valitus kaikkine liitteineen, kaikki muu valituksen johdosta EIT:hen l\u00e4hetetty aineisto sek\u00e4 kaikki EIT:lt\u00e4 saatu aineisto. Jos tarvitsen lis\u00e4\u00e4 asiakirjoja, pyyd\u00e4n niit\u00e4 sinulta.<\/div>\n<div class=\"mywpcf7cf myshow myhide\">Vastaan yleens\u00e4 EIT:ss\u00e4 edustamista koskevaan hinta-arviopyynt\u00f6\u00f6n viikon kuluessa siit\u00e4, kun olen saanut kaikki tarvittavat asiakirjat ja tiedot. Jos EIT:n asettama m\u00e4\u00e4r\u00e4aika kirjallisten vastineiden tai muun aineiston toimittamiselle p\u00e4\u00e4ttyy l\u00e4hip\u00e4ivin\u00e4, kirjoita minulle ja kysy, voinko k\u00e4sitell\u00e4 pyynt\u00f6si kiireellisen\u00e4. Lupaan vastata t\u00e4llaiseen viestiin 24 tunnin kuluessa. Jos vahvistan, ett\u00e4 voin k\u00e4sitell\u00e4 pyynn\u00f6n kiireellisen\u00e4, ja toimitat heti tarvittavat asiakirjat ja tiedot, lupaan ilmoittaa arvioni seuraavien 48 tunnin kuluessa.<\/div>\n<div class=\"mywpcf7cf myshow myhide\">Ajan s\u00e4\u00e4st\u00e4miseksi l\u00e4het\u00e4n sinulle palvelun hinnan ilmoittamisen yhteydess\u00e4 my\u00f6s palvelusopimuksen ja valmiiksi t\u00e4ytetyn valtakirjalomakkeen EIT:ss\u00e4 edustamista varten. Valtakirja on tulostettava, allekirjoitettava ja l\u00e4hetett\u00e4v\u00e4 postitse paperiversiona osoitteeseeni Ranskassa. Palvelun voi maksaa pankkisiirrolla Sveitsiss\u00e4 olevalle pankkitililleni tai maksumaasta riippuen muulla tavalla sen j\u00e4lkeen, kun EIT:lle toimitettavat asiakirjat ovat valmiit. On kuitenkin parempi maksaa ennen niiden l\u00e4hett\u00e4mist\u00e4 EIT:hen, jotta kohtuullista hyvityst\u00e4 koskeviin vaatimuksiin voidaan liitt\u00e4\u00e4 maksun osoittava asiakirja: EIT:ss\u00e4 edustamisesta jo aiheutuneiden kulujen korvaamista koskeva vaatimus on silloin paljon helpompi perustella.<\/div>\n<div class=\"mywpcf7cf myshow myhide\">T\u00e4m\u00e4 palvelu ei selv\u00e4stik\u00e4\u00e4n ole sinulle oikea, jos jokin seuraavista v\u00e4itteist\u00e4 pit\u00e4\u00e4 kohdallasi varmasti paikkansa:<\/div>\n<ul class=\"myshow myhide ec-service-blocker-list\"><li><label><input type=\"checkbox\" class=\"ec-service-blocker\" \/><span>Valitukseni ei ole viel\u00e4 edennyt siihen vaiheeseen, ett\u00e4 EIT olisi pyyt\u00e4nyt minulta kirjallisia vastineita.<\/span><\/label><\/li>\n<li><label><input type=\"checkbox\" class=\"ec-service-blocker\" \/><span>En ole valmis toimittamaan kaikkia tarvittavia asiakirjoja.<\/span><\/label><\/li>\n<li><label><input type=\"checkbox\" class=\"ec-service-blocker\" \/><span>En ole valmis huolehtimaan valtakirjasta ja l\u00e4hett\u00e4m\u00e4\u00e4n sit\u00e4 postitse paperiversiona.<\/span><\/label><\/li>\n<li><label><input type=\"checkbox\" class=\"ec-service-blocker\" \/><span>En ole valmis vastaamaan ty\u00f6n aikana t\u00e4sment\u00e4viin kysymyksiin ja toimittamaan lis\u00e4asiakirjoja, jos niit\u00e4 tarvitaan.<\/span><\/label><\/li><\/ul>\n<div class=\"mywpcf7cf myshow myhide\"><button type=\"button\" class=\"mybutton blue\" id=\"load_ajax_form\" data-ec-service-load=\"representation\" data-blocked-message=\"Et voi siirty\u00e4 eteenp\u00e4in niin kauan kuin jokin v\u00e4itteist\u00e4 on valittuna. Jos valitsit kohdan vahingossa, poista valinta.\">Toimita asiakirjat<\/button><\/div>\n<div class=\"mywpcf7cf myshow myhide\"><a class=\"mybutton blue not-in-text-button\" href=\"mailto:oleg.anishchik@europeancourt.org?subject=Haluaisin kysy\u00e4 ehdoista\">Haluaisin kysy\u00e4 ehdoista<\/a><\/div>\n<div id=\"ec-service-load-status\" class=\"ec-service-load-status\" aria-live=\"polite\"><\/div>\n<\/div>\n<div id=\"ajax_content\"><\/div>\n<\/div>\n<script>\n(function(){\n  if (window.ecServiceBlockerGuardReady) return;\n  window.ecServiceBlockerGuardReady = true;\n  document.addEventListener('click', function(event) {\n    var button = event.target && event.target.closest ? event.target.closest('[data-ec-service-load]') : null;\n    if (!button) return;\n    var root = button.closest('.ec-service-page');\n    if (!root || !root.querySelector('.ec-service-blocker:checked')) return;\n    event.preventDefault();\n    event.stopPropagation();\n    if (event.stopImmediatePropagation) event.stopImmediatePropagation();\n    var status = root.querySelector('.ec-service-load-status');\n    if (status) status.textContent = button.getAttribute('data-blocked-message') || '';\n  }, true);\n})();\n<\/script>","protected":false},"excerpt":{"rendered":"T\u00e4m\u00e4 palvelu on tarkoitettu vain valituksiin, jotka ovat jo edenneet siihen vaiheeseen, ett\u00e4 EIT on ilmoittanut valittajalle, ett\u00e4 h\u00e4nen on toimitettava kirjallisia vastineita. EIT:ss\u00e4 edustamisen hinta riippuu ty\u00f6ajasta: aikaa kuluu EIT:n kysymyksiin vastaamiseen, vastaajavaltion&#46;&#46;&#46;","protected":false},"author":0,"featured_media":0,"parent":222210,"menu_order":0,"comment_status":"closed","ping_status":"closed","template":"","meta":{"footnotes":""},"categories":[],"tags":[],"class_list":["post-225275","page","type-page","status-publish","hentry"],"_links":{"self":[{"href":"https:\/\/europeancourt.org\/fi\/wp-json\/wp\/v2\/pages\/225275","targetHints":{"allow":["GET"]}}],"collection":[{"href":"https:\/\/europeancourt.org\/fi\/wp-json\/wp\/v2\/pages"}],"about":[{"href":"https:\/\/europeancourt.org\/fi\/wp-json\/wp\/v2\/types\/page"}],"replies":[{"embeddable":true,"href":"https:\/\/europeancourt.org\/fi\/wp-json\/wp\/v2\/comments?post=225275"}],"version-history":[{"count":1,"href":"https:\/\/europeancourt.org\/fi\/wp-json\/wp\/v2\/pages\/225275\/revisions"}],"predecessor-version":[{"id":225589,"href":"https:\/\/europeancourt.org\/fi\/wp-json\/wp\/v2\/pages\/225275\/revisions\/225589"}],"up":[{"embeddable":true,"href":"https:\/\/europeancourt.org\/fi\/wp-json\/wp\/v2\/pages\/222210"}],"wp:attachment":[{"href":"https:\/\/europeancourt.org\/fi\/wp-json\/wp\/v2\/media?parent=225275"}],"wp:term":[{"taxonomy":"category","embeddable":true,"href":"https:\/\/europeancourt.org\/fi\/wp-json\/wp\/v2\/categories?post=225275"},{"taxonomy":"post_tag","embeddable":true,"href":"https:\/\/europeancourt.org\/fi\/wp-json\/wp\/v2\/tags?post=225275"}],"curies":[{"name":"wp","href":"https:\/\/api.w.org\/{rel}","templated":true}]}}