{"id":225277,"date":"2026-04-26T14:48:59","date_gmt":"2026-04-26T12:48:59","guid":{"rendered":"https:\/\/europeancourt.org\/oikeudellinen-neuvonta-ja-yhteystiedot\/"},"modified":"2026-05-01T03:30:28","modified_gmt":"2026-05-01T01:30:28","slug":"oikeudellinen-neuvonta-ja-yhteystiedot","status":"publish","type":"page","link":"https:\/\/europeancourt.org\/fi\/oikeudellinen-neuvonta-ja-yhteystiedot\/","title":{"rendered":"Oikeudellinen neuvonta ja yhteystiedot"},"content":{"rendered":"<div id=\"ec-contact-shell\" class=\"ec-service-page ec-service-contacts\" data-service=\"contacts\">\n<div class=\"ec-service-screen-1\">\n<div class=\"wpcf7\">\n<div data-id=\"group-firstpage\">\n<div class=\"mywpcf7cf\">Tarvitsen:<\/div>\n\n<span class=\"wpcf7-form-control-wrap\" data-name=\"radio-firstpage1\"><span class=\"wpcf7-form-control wpcf7-acceptance optional\"><span class=\"wpcf7-list-item\"><label><input type=\"checkbox\" name=\"radio-firstpage1\" value=\"1\" aria-invalid=\"false\" \/><span class=\"ec-shell-choice-marker\" aria-hidden=\"true\"><\/span><span class=\"wpcf7-list-item-label\"><a title=\"EIT:lle valitusten valmistelu\" href=\"https:\/\/europeancourt.org\/fi\/palvelut\/eit\/eitlle-valitusten-valmistelu\/\">EIT-valituksen laatimista<\/a><\/span><\/label><\/span><\/span><\/span>\n\n<span class=\"wpcf7-form-control-wrap\" data-name=\"radio-firstpage2\"><span class=\"wpcf7-form-control wpcf7-acceptance optional\"><span class=\"wpcf7-list-item\"><label><input type=\"checkbox\" name=\"radio-firstpage2\" value=\"1\" aria-invalid=\"false\" \/><span class=\"ec-shell-choice-marker\" aria-hidden=\"true\"><\/span><span class=\"wpcf7-list-item-label\"><a title=\"EIT:n t\u00e4ytettyjen valituslomakkeiden tarkastaminen\" href=\"https:\/\/europeancourt.org\/fi\/palvelut\/eit\/eitn-t%c3%a4ytettyjen-valituslomakkeiden-tarkastaminen\/\">valituslomakkeen tarkistamista virheiden varalta ennen sen l\u00e4hett\u00e4mist\u00e4 EIT:hen<\/a><\/span><\/label><\/span><\/span><\/span>\n\n<span class=\"wpcf7-form-control-wrap\" data-name=\"radio-firstpage3\"><span class=\"wpcf7-form-control wpcf7-acceptance optional\"><span class=\"wpcf7-list-item\"><label><input type=\"checkbox\" name=\"radio-firstpage3\" value=\"1\" aria-invalid=\"false\" \/><span class=\"ec-shell-choice-marker\" aria-hidden=\"true\"><\/span><span class=\"wpcf7-list-item-label\"><a title=\"Valittajien edustaminen EIT:ss\u00e4\" href=\"https:\/\/europeancourt.org\/fi\/palvelut\/eit\/valittajien-edustaminen-eitss%c3%a4\/\">valittajan edustamista EIT:ss\u00e4 valituksen edetty\u00e4 vastinevaiheeseen<\/a><\/span><\/label><\/span><\/span><\/span>\n\n<span class=\"wpcf7-form-control-wrap\" data-name=\"radio-firstpage7\"><span class=\"wpcf7-form-control wpcf7-acceptance optional\"><span class=\"wpcf7-list-item\"><label><input type=\"checkbox\" name=\"radio-firstpage7\" value=\"1\" aria-invalid=\"false\" \/><span class=\"ec-shell-choice-marker\" aria-hidden=\"true\"><\/span><span class=\"wpcf7-list-item-label\"><a title=\"L\u00f6yd\u00e4 EIT-valituksen numero, rekister\u00f6inti tai tuomio\" href=\"https:\/\/europeancourt.org\/fi\/palvelut\/eit\/l%c3%b6yd%c3%a4-valituksen-numero-rekister%c3%b6inti-tai-tuomio\/\">EIT-valituksen tilanteen selvitt\u00e4mist\u00e4<\/a><\/span><\/label><\/span><\/span><\/span>\n\n<span class=\"wpcf7-form-control-wrap\" data-name=\"radio-firstpage8\"><span class=\"wpcf7-form-control wpcf7-acceptance optional\"><span class=\"wpcf7-list-item\"><label><input type=\"checkbox\" name=\"radio-firstpage8\" value=\"1\" aria-invalid=\"false\" \/><span class=\"ec-shell-choice-marker\" aria-hidden=\"true\"><\/span><span class=\"wpcf7-list-item-label\"><a title=\"Valituslomake Euroopan ihmisoikeustuomioistuimelle\" href=\"https:\/\/europeancourt.org\/fi\/asiakirjat\/euroopan-neuvosto\/eit\/valituslomake\/\">EIT-valituslomakkeen lataamista<\/a><\/span><\/label><\/span><\/span><\/span>\n\n<span class=\"wpcf7-form-control-wrap\" data-name=\"radio-firstpage22\"><span class=\"wpcf7-form-control wpcf7-acceptance optional\"><span class=\"wpcf7-list-item\"><label><input type=\"checkbox\" name=\"radio-firstpage22\" value=\"1\" aria-invalid=\"false\" \/><span class=\"ec-shell-choice-marker\" aria-hidden=\"true\"><\/span><span class=\"wpcf7-list-item-label\">kirjallista konsultaatiota<\/span><\/label><\/span><\/span><\/span>\n\n<span class=\"wpcf7-form-control-wrap\" data-name=\"radio-firstpage23\"><span class=\"wpcf7-form-control wpcf7-acceptance optional\"><span class=\"wpcf7-list-item\"><label><input type=\"checkbox\" name=\"radio-firstpage23\" value=\"1\" aria-invalid=\"false\" \/><span class=\"ec-shell-choice-marker\" aria-hidden=\"true\"><\/span><span class=\"wpcf7-list-item-label\">yhteystietoja<\/span><\/label><\/span><\/span><\/span>\n\n<\/div>\n<\/div>\n<\/div>\n<div class=\"ec-service-form-shell\"><div id=\"ajax_content\" data-loaded=\"0\"><\/div><\/div>\n<\/div>\n","protected":false},"excerpt":{"rendered":"Tarvitsen: EIT-valituksen laatimista valituslomakkeen tarkistamista virheiden varalta ennen sen l\u00e4hett\u00e4mist\u00e4 EIT:hen valittajan edustamista EIT:ss\u00e4 valituksen edetty\u00e4 vastinevaiheeseen EIT-valituksen tilanteen selvitt\u00e4mist\u00e4 EIT-valituslomakkeen lataamista kirjallista konsultaatiota yhteystietoja","protected":false},"author":0,"featured_media":0,"parent":0,"menu_order":0,"comment_status":"closed","ping_status":"closed","template":"","meta":{"footnotes":""},"categories":[],"tags":[],"class_list":["post-225277","page","type-page","status-publish","hentry"],"_links":{"self":[{"href":"https:\/\/europeancourt.org\/fi\/wp-json\/wp\/v2\/pages\/225277","targetHints":{"allow":["GET"]}}],"collection":[{"href":"https:\/\/europeancourt.org\/fi\/wp-json\/wp\/v2\/pages"}],"about":[{"href":"https:\/\/europeancourt.org\/fi\/wp-json\/wp\/v2\/types\/page"}],"replies":[{"embeddable":true,"href":"https:\/\/europeancourt.org\/fi\/wp-json\/wp\/v2\/comments?post=225277"}],"version-history":[{"count":4,"href":"https:\/\/europeancourt.org\/fi\/wp-json\/wp\/v2\/pages\/225277\/revisions"}],"predecessor-version":[{"id":226710,"href":"https:\/\/europeancourt.org\/fi\/wp-json\/wp\/v2\/pages\/225277\/revisions\/226710"}],"wp:attachment":[{"href":"https:\/\/europeancourt.org\/fi\/wp-json\/wp\/v2\/media?parent=225277"}],"wp:term":[{"taxonomy":"category","embeddable":true,"href":"https:\/\/europeancourt.org\/fi\/wp-json\/wp\/v2\/categories?post=225277"},{"taxonomy":"post_tag","embeddable":true,"href":"https:\/\/europeancourt.org\/fi\/wp-json\/wp\/v2\/tags?post=225277"}],"curies":[{"name":"wp","href":"https:\/\/api.w.org\/{rel}","templated":true}]}}