{"id":40726,"date":"2022-04-29T20:07:30","date_gmt":"2022-04-29T18:07:30","guid":{"rendered":"https:\/\/europeancourt.org\/euroopan-ihmisoikeussopimus\/"},"modified":"2025-10-05T12:00:15","modified_gmt":"2025-10-05T12:00:15","slug":"euroopan-ihmisoikeustuomioistuin","status":"publish","type":"page","link":"https:\/\/europeancourt.org\/fi\/","title":{"rendered":"Oleg Ani\u0161t\u0161ik, edustaja EIT:ss\u00e4, YK-IOK:ssa, Interpol-CCF:ss\u00e4"},"content":{"rendered":"<p>Euroopan ihmisoikeustuomioistuin on kansainv\u00e4linen tuomioistuin, jonka toimipaikka on Strasbourgissa, joka voi tutkia ainoastaan yksityishenkil\u00f6ilt\u00e4, j\u00e4rjest\u00f6ilt\u00e4 ja yhti\u00f6ilt\u00e4 saamiaan valituksia, joissa ne katsovat Euroopan ihmisoikeussopimuksessa turvattujen oikeuksiensa tulleen loukatuiksi.<\/p> \n<p><a title=\"Yleissopimus ihmisoikeuksien ja perusvapauksien suojaamiseksi\" href=\"https:\/\/europeancourt.org\/fi\/asiakirjat\/euroopan-neuvosto\/euroopan-ihmisoikeussopimus\/\">Yleissopimus ihmisoikeuksien ja perusvapauksien suojaamiseksi<\/a> on kansainv\u00e4linen sopimus, jossa l\u00e4hes kaikki Euroopan valtiot ovat sitoutuneet takaamaan tietyt perusoikeudet. Taatut oikeudet on kirjattu itse ihmisoikeussopimukseen sek\u00e4 sen p\u00f6yt\u00e4kirjoihin nrot <a title=\"Ihmisoikeuksien ja perusvapauksien suojaamista koskevan yleissopimuksen ensimm\u00e4inen p\u00f6yt\u00e4kirja\" href=\"https:\/\/europeancourt.org\/fi\/asiakirjat\/euroopan-neuvosto\/euroopan-ihmisoikeussopimus\/p%c3%b6yt%c3%a4kirja-nro1\/\">1<\/a>, <a title=\"Ihmisoikeuksien ja perusvapauksien suojaamista koskevan yleissopimuksen nelj\u00e4s p\u00f6yt\u00e4kirja\" href=\"https:\/\/europeancourt.org\/fi\/asiakirjat\/euroopan-neuvosto\/euroopan-ihmisoikeussopimus\/p%c3%b6yt%c3%a4kirja-nro4\/\">4<\/a>, <a title=\"Ihmisoikeuksien ja perusvapauksien suojaamista koskevan yleissopimuksen kuudes p\u00f6yt\u00e4kirja\" href=\"https:\/\/europeancourt.org\/fi\/asiakirjat\/euroopan-neuvosto\/euroopan-ihmisoikeussopimus\/p%c3%b6yt%c3%a4kirja-nro6\/\">6<\/a>, <a title=\"Ihmisoikeuksien ja perusvapauksien suojaamista koskevan yleissopimuksen seitsem\u00e4s p\u00f6yt\u00e4kirja\" href=\"https:\/\/europeancourt.org\/fi\/asiakirjat\/euroopan-neuvosto\/euroopan-ihmisoikeussopimus\/p%c3%b6yt%c3%a4kirja-nro7\/\">7<\/a>, <a title=\"Ihmisoikeuksien ja perusvapauksien suojaamista koskevan yleissopimuksen kahdestoista p\u00f6yt\u00e4kirja\" href=\"https:\/\/europeancourt.org\/fi\/asiakirjat\/euroopan-neuvosto\/euroopan-ihmisoikeussopimus\/p%c3%b6yt%c3%a4kirja-nro12\/\">12<\/a> ja <a title=\"Ihmisoikeuksien ja perusvapauksien suojaamista koskevan yleissopimuksen kolmastoista p\u00f6yt\u00e4kirja\" href=\"https:\/\/europeancourt.org\/fi\/asiakirjat\/euroopan-neuvosto\/euroopan-ihmisoikeussopimus\/p%c3%b6yt%c3%a4kirja-nro13\/\">13<\/a>, joita kaikki sopimusvaltiot eiv\u00e4t ole v\u00e4ltt\u00e4m\u00e4tt\u00e4 hyv\u00e4ksyneet.<\/p>\n<p>Tuomioistuin soveltaa Euroopan ihmisoikeussopimusta. Sen teht\u00e4v\u00e4n\u00e4 on varmistaa, ett\u00e4 yleissopimuksessa mainittuja oikeuksia ja takuita noudatetaan j\u00e4senvaltioissa. T\u00e4t\u00e4 varten tuomioistuin ottaa vastaan yksityishenkil\u00f6iden ja joskus valtioiden sille toimittamia kanteluita (joita kutsutaan valituksiksi). Jos tuomioistuin toteaa, ett\u00e4 jokin j\u00e4senvaltio on rikkonut yht\u00e4 tai useampia sopimukseen sis\u00e4ltyneit\u00e4 oikeuksia ja takuita, tuomioistuin antaa asiasta tuomion. Tuomiot ovat sitovia: vastaajavaltioiden on pakko noudattaa niit\u00e4.<\/p>\n<p>Valituksen esitt\u00e4j\u00e4ll\u00e4 ei tarvitse olla <a title=\"Euroopan neuvoston j\u00e4senvaltiot\" href=\"https:\/\/europeancourt.org\/fi\/asiakirjat\/euroopan-neuvosto\/euroopan-ihmisoikeussopimus\/#ratifiointi\">Euroopan neuvoston j\u00e4senmaan<\/a> kansalaisuutta. Jonkun n\u00e4ist\u00e4 valtioista on ainoastaan t\u00e4ytynyt aiheuttaa valituksen kohteena oleva loukkaus kyseisen valtion tuomiovallan alueella, mik\u00e4 yleens\u00e4 tarkoittaa sen maantieteellisell\u00e4 alueella. Loukkaavan teon tai laiminly\u00f6nnin on tullut aiheuttaa kyseisen valtion\/kyseisten valtioiden julkinen viranomainen (esim. tuomioistuin tai julkishallinto). Tuomioistuin ei voi k\u00e4sitell\u00e4 yksityishenkil\u00f6it\u00e4 tai yksityisi\u00e4 tahoja, kuten kaupallisia yhti\u00f6it\u00e4 vastaan esitettyj\u00e4 valituksia.  Valituksen tekij\u00e4n on henkil\u00f6kohtaisesti oltava sen loukkauksen kohteena, josta h\u00e4n valittaa. Et voi valittaa jostakin laista tai toimenpiteest\u00e4 yleisesti vain siksi, ett\u00e4 se tuntuu ep\u00e4oikeudenmukaiselta; et my\u00f6sk\u00e4\u00e4n voi esitt\u00e4\u00e4 valitusta toisten henkil\u00f6iden puolesta (muutoin kun siin\u00e4 tapauksessa, ett\u00e4 heid\u00e4n henkil\u00f6llisyytens\u00e4 k\u00e4y t\u00e4ysin selv\u00e4ksi ja edustat heit\u00e4 virallisesti).   Et voi valittaa muista kuin Euroopan ihmisoikeussopimukseen liittyvist\u00e4 seikoista, eik\u00e4 valitus voi siten kohdistua esimerkiksi Yhdistyneiden kansakuntien ihmisoikeuksien yleismaailmalliseen julistukseen tai Euroopan unionin perusoikeuskirjaan.<\/p>\n<p>Sinun on t\u00e4ytynyt k\u00e4ytt\u00e4\u00e4 kyseisess\u00e4 valtiossa kaikki ne oikeussuojakeinot, joilla valitusta koskeva tilanne olisi voitu ratkaista (kyse on usein kanteen nostamisesta toimivaltaisessa tuomioistuimessa ja sen j\u00e4lkeen tarvittaessa valituksen tekemisest\u00e4 tai jopa valittamisesta ylimpiin oikeusasteisiin kuten korkeimpaan oikeuteen, korkeimpaan hallinto-oikeuteen tai perustuslakituomioistuimeen, mik\u00e4li sellainen on olemassa). N\u00e4iden oikeuskeinojen pelkk\u00e4 k\u00e4ytt\u00f6 ei riit\u00e4: sinun on my\u00f6s todella t\u00e4ytynyt vedota valituksen kohteena olevaan asiaan (ts. niihin yleissopimuksen loukkauksiin, joita v\u00e4it\u00e4t asiassa tapahtuneen). Sinulla on lopullisen kansallisen ratkaisun (yleens\u00e4 ylin oikeusaste) antamisp\u00e4iv\u00e4m\u00e4\u00e4r\u00e4st\u00e4 l\u00e4htien vain nelj\u00e4 kuukautta aikaa valituksen tekemiseen.    <a title=\"Valituslomake Euroopan ihmisoikeustuomioistuimelle\" href=\"https:\/\/europeancourt.org\/fi\/asiakirjat\/euroopan-neuvosto\/eit\/valituslomake\/\">Valituslomake<\/a> tulee l\u00e4hett\u00e4\u00e4 tuomioistuimelle (yhdess\u00e4 kaikkien vaadittujen tietojen ja asiakirjojen kanssa) nelj\u00e4n kuukauden m\u00e4\u00e4r\u00e4ajan umpeutumisp\u00e4iv\u00e4n\u00e4 tai sit\u00e4 ennen. <a title=\"Valituslomakkeen tarkistaminen \u2013 Euroopan ihmisoikeustuomioistuin\" href=\"https:\/\/europeancourt.org\/en\/services\/echr\/checking-filled-in-applications\/\">Tarkistaa<\/a>, ett\u00e4 siihen on liitetty kaikki vaaditut tiedot ja asiakirjat.<\/p>\n<p>Ihmisoikeustuomioistuin ei voi tutkia kaikenlaisia sille toimitettuja valituksia. Sen toimivaltaa rajoittavat ihmisoikeussopimuksessa luetellut tutkittavaksi ottamisen kriteerit, jotka rajoittavat, kuka voi valittaa, mist\u00e4 ja milloin. Yli 90 % tuomioistuimen k\u00e4sittelemist\u00e4 valituksista j\u00e4tet\u00e4\u00e4n tutkittavaksi ottamatta. Teid\u00e4n tulee siten tarkistaa, t\u00e4ytt\u00e4\u00e4k\u00f6 valituksenne tutkittavaksi ottamisen edellytykset. Lis\u00e4tietojen saamiseksi ottakaa <a title=\"Lakimiehen konsultointi \u2013 Euroopan ihmisoikeustuomioistuin\" href=\"https:\/\/europeancourt.org\/en\/legal-advice-and-contacts\/\">yhteytt\u00e4 lakimieheen<\/a>.<\/p>\n<p>Asiakirjasi k\u00e4sittely on ilmaista. Sinun on maksettava ainoastaan omat kulusi (kuten asianajajan palkkio tai asian valmisteluun tai kirjeenvaihtoon liittyv\u00e4t kulut). Tuomioistuin ei auta sinua maksamaan <a title=\"Valitusten valmistelu Euroopan ihmisoikeustuomioistuimeen\" href=\"https:\/\/europeancourt.org\/en\/services\/echr\/preparing-applications\/\">valituksen tekemisess\u00e4 tarvittavaa asianajajaa<\/a>. Vaikka et tarvitse asianajajaa menettelyn alkuvaiheessa, tarvitset <a title=\"Edustus asianajajan toimesta \u2013 Euroopan ihmisoikeustuomioistuin\" href=\"https:\/\/europeancourt.org\/en\/services\/echr\/representing-applicants\/\">asianajajan heti kun valituksesi on annettu hallitukselle tiedoksi<\/a>.<\/p>\n<p>Mik\u00e4li tuomioistuin toteaa ihmisoikeusloukkauksen tapahtuneen, se voi my\u00f6nt\u00e4\u00e4 sinulle \u201dkohtuullisen hyvityksen\u201d, joka koostuu tiettyjen vahinkojen rahallisesta korvauksesta. Tuomioistuin voi my\u00f6s vaatia, ett\u00e4 kyseinen valtio korvaa sinulle valittamisesta aiheutuneet kulut.<\/p>","protected":false},"excerpt":{"rendered":"Euroopan ihmisoikeustuomioistuin on kansainv\u00e4linen tuomioistuin, jonka toimipaikka on Strasbourgissa, joka voi tutkia ainoastaan yksityishenkil\u00f6ilt\u00e4, j\u00e4rjest\u00f6ilt\u00e4 ja yhti\u00f6ilt\u00e4 saamiaan valituksia, joissa ne katsovat Euroopan ihmisoikeussopimuksessa turvattujen oikeuksiensa tulleen loukatuiksi. Yleissopimus ihmisoikeuksien ja perusvapauksien suojaamiseksi on&#46;&#46;&#46;","protected":false},"author":1,"featured_media":208869,"parent":0,"menu_order":0,"comment_status":"closed","ping_status":"closed","template":"","meta":{"footnotes":""},"categories":[],"tags":[],"class_list":["post-40726","page","type-page","status-publish","has-post-thumbnail","hentry"],"_links":{"self":[{"href":"https:\/\/europeancourt.org\/fi\/wp-json\/wp\/v2\/pages\/40726","targetHints":{"allow":["GET"]}}],"collection":[{"href":"https:\/\/europeancourt.org\/fi\/wp-json\/wp\/v2\/pages"}],"about":[{"href":"https:\/\/europeancourt.org\/fi\/wp-json\/wp\/v2\/types\/page"}],"author":[{"embeddable":true,"href":"https:\/\/europeancourt.org\/fi\/wp-json\/wp\/v2\/users\/1"}],"replies":[{"embeddable":true,"href":"https:\/\/europeancourt.org\/fi\/wp-json\/wp\/v2\/comments?post=40726"}],"version-history":[{"count":0,"href":"https:\/\/europeancourt.org\/fi\/wp-json\/wp\/v2\/pages\/40726\/revisions"}],"wp:featuredmedia":[{"embeddable":true,"href":"https:\/\/europeancourt.org\/fi\/wp-json\/wp\/v2\/media\/208869"}],"wp:attachment":[{"href":"https:\/\/europeancourt.org\/fi\/wp-json\/wp\/v2\/media?parent=40726"}],"wp:term":[{"taxonomy":"category","embeddable":true,"href":"https:\/\/europeancourt.org\/fi\/wp-json\/wp\/v2\/categories?post=40726"},{"taxonomy":"post_tag","embeddable":true,"href":"https:\/\/europeancourt.org\/fi\/wp-json\/wp\/v2\/tags?post=40726"}],"curies":[{"name":"wp","href":"https:\/\/api.w.org\/{rel}","templated":true}]}}