{"id":116020,"date":"2022-06-13T12:27:21","date_gmt":"2022-06-13T10:27:21","guid":{"rendered":"https:\/\/europeancourt.org\/conseil-de-l%27europe\/"},"modified":"2024-06-05T23:31:32","modified_gmt":"2024-06-05T21:31:32","slug":"conseil-de-leurope","status":"publish","type":"page","link":"https:\/\/europeancourt.org\/fr\/documents\/conseil-de-leurope\/","title":{"rendered":"Conseil de l&rsquo;Europe"},"content":{"rendered":"<ul> \n<li><a href=\"https:\/\/europeancourt.org\/fr\/documents\/conseil-de-leurope\/convention-europ%c3%a9enne-des-droits-de-lhomme\/\" title=\"Convention de sauvegarde des droits de l\u2019homme et des libert\u00e9s fondamentales\">Convention de sauvegarde des droits de l\u2019homme et des libert\u00e9s fondamentales<\/a><\/li>\n<ul>\n<li><a href=\"https:\/\/europeancourt.org\/fr\/documents\/conseil-de-leurope\/convention-europ%c3%a9enne-des-droits-de-lhomme\/protocole-no1\/\" title=\"Protocole additionnel \u00e0 la Convention de sauvegarde des droits de l\u2019homme et des libert\u00e9s fondamentales\">Protocole additionnel \u00e0 la Convention de sauvegarde des droits de l\u2019homme et des libert\u00e9s fondamentales<\/a><\/li>\n<li><a href=\"https:\/\/europeancourt.org\/fr\/documents\/conseil-de-leurope\/convention-europ%c3%a9enne-des-droits-de-lhomme\/protocole-no4\/\" title=\"Protocole n\u1d52 4 \u00e0 la Convention de sauvegarde des droits de l\u2019homme et des libert\u00e9s fondamentales\">Protocole n\u1d52 4 \u00e0 la Convention de sauvegarde des droits de l\u2019homme et des libert\u00e9s fondamentales<\/a><\/li>\n<li><a href=\"https:\/\/europeancourt.org\/fr\/documents\/conseil-de-leurope\/convention-europ%c3%a9enne-des-droits-de-lhomme\/protocole-no6\/\" title=\"Protocole n\u1d52 6 \u00e0 la Convention de sauvegarde des droits de l\u2019homme et des libert\u00e9s fondamentales\">Protocole n\u1d52 6 \u00e0 la Convention de sauvegarde des droits de l\u2019homme et des libert\u00e9s fondamentales<\/a><\/li>\n<li><a href=\"https:\/\/europeancourt.org\/fr\/documents\/conseil-de-leurope\/convention-europ%c3%a9enne-des-droits-de-lhomme\/protocole-no7\/\" title=\"Protocole n\u1d52 7 \u00e0 la Convention de sauvegarde des droits de l\u2019homme et des libert\u00e9s fondamentales\">Protocole n\u1d52 7 \u00e0 la Convention de sauvegarde des droits de l\u2019homme et des libert\u00e9s fondamentales<\/a><\/li>\n<li><a href=\"https:\/\/europeancourt.org\/fr\/documents\/conseil-de-leurope\/convention-europ%c3%a9enne-des-droits-de-lhomme\/protocole-no12\/\" title=\"Protocole n\u1d52 12 \u00e0 la Convention de sauvegarde des droits de l\u2019homme et des libert\u00e9s fondamentales\">Protocole n\u1d52 12 \u00e0 la Convention de sauvegarde des droits de l\u2019homme et des libert\u00e9s fondamentales<\/a><\/li>\n<li><a href=\"https:\/\/europeancourt.org\/fr\/documents\/conseil-de-leurope\/convention-europ%c3%a9enne-des-droits-de-lhomme\/protocole-no13\/\" title=\"Protocole n\u1d52 13 \u00e0 la Convention de sauvegarde des droits de l\u2019homme et des libert\u00e9s fondamentales\">Protocole n\u1d52 13 \u00e0 la Convention de sauvegarde des droits de l\u2019homme et des libert\u00e9s fondamentales<\/a><\/li>\n<li><a href=\"https:\/\/europeancourt.org\/fr\/documents\/conseil-de-leurope\/convention-europ%c3%a9enne-des-droits-de-lhomme\/protocole-no16\/\" title=\"Protocole n\u1d52 16 \u00e0 la Convention de sauvegarde des droits de l\u2019homme et des libert\u00e9s fondamentales\">Protocole n\u1d52 16 \u00e0 la Convention de sauvegarde des droits de l\u2019homme et des libert\u00e9s fondamentales<\/a><\/li>\n<\/ul>\n<li><a href=\"https:\/\/europeancourt.org\/fr\/documents\/conseil-de-leurope\/cedh\/\" title=\"Cour europ\u00e9enne des droits de l\u2019homme\">Cour europ\u00e9enne des droits de l\u2019homme<\/a><\/li>\n<ul>\n<li><a href=\"https:\/\/europeancourt.org\/fr\/documents\/conseil-de-leurope\/cedh\/r%c3%a8glement-article-47\/\" title=\"Article 47 du r\u00e8glement de la Cour europ\u00e9enne des droits de l\u2019homme\">R\u00e8glement de la Cour \u2013 Article 47<\/a><\/li>\n<li><a href=\"https:\/\/europeancourt.org\/fr\/documents\/conseil-de-leurope\/cedh\/instruction-lintroduction-de-linstance\/\" title=\"L\u2019introduction de l\u2019instance \u2013 Instruction pratiques\">L\u2019introduction de l\u2019instance \u2013 Instruction pratiques<\/a><\/li>\n<li><a href=\"https:\/\/europeancourt.org\/fr\/documents\/conseil-de-leurope\/cedh\/formulaire-de-requ%c3%aate\/\" title=\"Formulaire de requ\u00eate \u00e0 la Cour europ\u00e9enne des droits de l\u2019homme\">Formulaire de requ\u00eate<\/a><\/li>\n<ul>\n<li><a href=\"https:\/\/europeancourt.org\/fr\/documents\/conseil-de-leurope\/cedh\/formulaire-de-requ%c3%aate\/comment-remplir\/\" title=\"Comment remplir le formulaire de requ\u00eate\">Comment remplir le formulaire de requ\u00eate<\/a><\/li>\n<\/ul>\n<li><a href=\"https:\/\/europeancourt.org\/fr\/documents\/conseil-de-leurope\/cedh\/formulaire-de-pouvoir\/\" title=\"Formulaire de pouvoir pour la Cour europ\u00e9enne des droits de l\u2019homme\">Formulaire de pouvoir<\/a><\/li>\n<li><a href=\"https:\/\/europeancourt.org\/downloads\/fr\/Tableau_recapitulant_les_noms_et_coordonnees_de_chaque_requerant_aupres_de_la_CEDH_FRA.XLSX\" title=\"Tableau r\u00e9capitulant les noms et coordonn\u00e9es de chaque requ\u00e9rant aupr\u00e8s de la Cour europ\u00e9enne des droits de l\u2019homme\">Addendum pour requ\u00e9rants multiples<\/a><\/li>\n<\/ul>\n<\/ul>","protected":false},"excerpt":{"rendered":"Convention de sauvegarde des droits de l\u2019homme et des libert\u00e9s fondamentales Protocole additionnel \u00e0 la Convention de sauvegarde des droits de l\u2019homme et des libert\u00e9s fondamentales Protocole n\u1d52 4 \u00e0 la Convention de sauvegarde&#46;&#46;&#46;","protected":false},"author":1,"featured_media":209963,"parent":116022,"menu_order":0,"comment_status":"closed","ping_status":"closed","template":"","meta":{"footnotes":""},"categories":[],"tags":[],"class_list":["post-116020","page","type-page","status-publish","has-post-thumbnail","hentry"],"_links":{"self":[{"href":"https:\/\/europeancourt.org\/fr\/wp-json\/wp\/v2\/pages\/116020","targetHints":{"allow":["GET"]}}],"collection":[{"href":"https:\/\/europeancourt.org\/fr\/wp-json\/wp\/v2\/pages"}],"about":[{"href":"https:\/\/europeancourt.org\/fr\/wp-json\/wp\/v2\/types\/page"}],"author":[{"embeddable":true,"href":"https:\/\/europeancourt.org\/fr\/wp-json\/wp\/v2\/users\/1"}],"replies":[{"embeddable":true,"href":"https:\/\/europeancourt.org\/fr\/wp-json\/wp\/v2\/comments?post=116020"}],"version-history":[{"count":0,"href":"https:\/\/europeancourt.org\/fr\/wp-json\/wp\/v2\/pages\/116020\/revisions"}],"up":[{"embeddable":true,"href":"https:\/\/europeancourt.org\/fr\/wp-json\/wp\/v2\/pages\/116022"}],"wp:featuredmedia":[{"embeddable":true,"href":"https:\/\/europeancourt.org\/fr\/wp-json\/wp\/v2\/media\/209963"}],"wp:attachment":[{"href":"https:\/\/europeancourt.org\/fr\/wp-json\/wp\/v2\/media?parent=116020"}],"wp:term":[{"taxonomy":"category","embeddable":true,"href":"https:\/\/europeancourt.org\/fr\/wp-json\/wp\/v2\/categories?post=116020"},{"taxonomy":"post_tag","embeddable":true,"href":"https:\/\/europeancourt.org\/fr\/wp-json\/wp\/v2\/tags?post=116020"}],"curies":[{"name":"wp","href":"https:\/\/api.w.org\/{rel}","templated":true}]}}