{"id":143629,"date":"2022-06-28T15:55:16","date_gmt":"2022-06-28T13:55:16","guid":{"rendered":"https:\/\/europeancourt.org\/en\/documents\/conseil-de-leurope\/cedh\/formulaire-de-requ%c3%aate\/"},"modified":"2024-06-10T23:41:28","modified_gmt":"2024-06-10T21:41:28","slug":"formulaire-de-requ%c3%aate","status":"publish","type":"page","link":"https:\/\/europeancourt.org\/fr\/documents\/conseil-de-leurope\/cedh\/formulaire-de-requ%c3%aate\/","title":{"rendered":"Formulaire de requ\u00eate \u00e0 la Cour europ\u00e9enne des droits de l\u2019homme"},"content":{"rendered":"<p>Ce formulaire ne fonctionne correctement qu\u2019avec Adobe Reader 9 ou les versions ult\u00e9rieures et qu\u2019avec les syst\u00e8mes d\u2019exploitation Windows et Mac OS X. Assurez vous qu&rsquo;Adobe Reader est install\u00e9 sur votre ordinateur (<a href=\"https:\/\/get.adobe.com\/fr\/reader\/\" title=\"Adobe Reader\" target=\"_blank\" rel=\"noopener\">t\u00e9l\u00e9chargement disponible \u00e0 l\u2019adresse www.adobe.com<\/a>).<\/p>\n<ul>\n<li>Sauvegardez le formulaire sur votre ordinateur \u00e0 l\u2019endroit que vous aurez choisi.<\/li>\n<li>Ouvrez la copie du formulaire que vous avez sauvegard\u00e9e avec Adobe Reader.<\/li>\n<li>Remplissez le formulaire et sauvegardez-le.<\/li>\n<li>Une fois que vous l\u2019avez rempli, imprimez le formulaire, signez-le et envoyez-le \u00e0 la Cour par courrier postal.<\/li>\n<\/ul>\n<p style=\"text-align:center\"><a title=\"Formulaire de requ\u00eate \u00e0 la Cour europ\u00e9enne des droits de l\u2019homme\" href=\"https:\/\/europeancourt.org\/downloads\/fr\/Formulaire_de_requete_a_la_Cour_europeenne_des_droits_de_lhomme_FRA_2022-2.PDF\" class=\"extlinkoff mybrightbutton red\" download=\"\">T\u00e9l\u00e9chargez <i class=\"fas fa-download\"><\/i><\/a><\/p>\n<iframe class=\"wonderplugin-pdf-iframe\" src=\"https:\/\/europeancourt.org\/wp-content\/plugins\/wonderplugin-pdf-embed\/pdfjs\/web\/viewer.html?v=2&disabledownload=1&disableprint=1&disabledoc=1&disableopenfile=1&externallinktarget=2&file=https:\/\/europeancourt.org\/noindex\/AppF_FRA_2022-2.pdf\" title=\"Formulaire de requ\u00eate \u00e0 la Cour europ\u00e9enne des droits de l\u2019homme\" width=\"100%\" height=\"900px\" style=\"border:0\"><\/iframe>\n","protected":false},"excerpt":{"rendered":"Ce formulaire ne fonctionne correctement qu\u2019avec Adobe Reader 9 ou les versions ult\u00e9rieures et qu\u2019avec les syst\u00e8mes d\u2019exploitation Windows et Mac OS X. Assurez vous qu&rsquo;Adobe Reader est install\u00e9 sur votre ordinateur (t\u00e9l\u00e9chargement disponible&#46;&#46;&#46;","protected":false},"author":1,"featured_media":191923,"parent":143090,"menu_order":0,"comment_status":"closed","ping_status":"closed","template":"","meta":{"footnotes":""},"categories":[],"tags":[],"class_list":["post-143629","page","type-page","status-publish","has-post-thumbnail","hentry"],"_links":{"self":[{"href":"https:\/\/europeancourt.org\/fr\/wp-json\/wp\/v2\/pages\/143629","targetHints":{"allow":["GET"]}}],"collection":[{"href":"https:\/\/europeancourt.org\/fr\/wp-json\/wp\/v2\/pages"}],"about":[{"href":"https:\/\/europeancourt.org\/fr\/wp-json\/wp\/v2\/types\/page"}],"author":[{"embeddable":true,"href":"https:\/\/europeancourt.org\/fr\/wp-json\/wp\/v2\/users\/1"}],"replies":[{"embeddable":true,"href":"https:\/\/europeancourt.org\/fr\/wp-json\/wp\/v2\/comments?post=143629"}],"version-history":[{"count":0,"href":"https:\/\/europeancourt.org\/fr\/wp-json\/wp\/v2\/pages\/143629\/revisions"}],"up":[{"embeddable":true,"href":"https:\/\/europeancourt.org\/fr\/wp-json\/wp\/v2\/pages\/143090"}],"wp:featuredmedia":[{"embeddable":true,"href":"https:\/\/europeancourt.org\/fr\/wp-json\/wp\/v2\/media\/191923"}],"wp:attachment":[{"href":"https:\/\/europeancourt.org\/fr\/wp-json\/wp\/v2\/media?parent=143629"}],"wp:term":[{"taxonomy":"category","embeddable":true,"href":"https:\/\/europeancourt.org\/fr\/wp-json\/wp\/v2\/categories?post=143629"},{"taxonomy":"post_tag","embeddable":true,"href":"https:\/\/europeancourt.org\/fr\/wp-json\/wp\/v2\/tags?post=143629"}],"curies":[{"name":"wp","href":"https:\/\/api.w.org\/{rel}","templated":true}]}}