{"id":143644,"date":"2022-07-02T14:27:20","date_gmt":"2022-07-02T12:27:20","guid":{"rendered":"https:\/\/europeancourt.org\/en\/documents\/conseil-de-leurope\/cedh\/r%c3%a8glement-article-47\/"},"modified":"2025-10-05T12:00:15","modified_gmt":"2025-10-05T12:00:15","slug":"r%c3%a8glement-article-47","status":"publish","type":"page","link":"https:\/\/europeancourt.org\/fr\/documents\/conseil-de-leurope\/cedh\/r%c3%a8glement-article-47\/","title":{"rendered":"R\u00e8glement de la Cour \u2013 Article 47"},"content":{"rendered":"<h2 style=\"text-align: center;\">R\u00e8glement de la Cour<\/h2>\n<p><strong>Article 47<a class=\"paddingleft2px\" title=\"Tel que la Cour l\u2019a modifi\u00e9 les 17 juin et 8 juillet 2002, 11 d\u00e9cembre 2007, 22 septembre 2008, 6 mai 2013, 1er juin et 5 octobre 2015 et 18 janvier 2024.\" href=\"#fn1\"><sup style=\"cursor:help\">1<\/sup><\/a> \u2013 Contenu d\u2019une requ\u00eate individuelle<\/strong><\/p>\n<p>1. Toute requ\u00eate d\u00e9pos\u00e9e en vertu de <a title=\"Article 34 de la Convention de sauvegarde des droits de l\u2019homme et des libert\u00e9s fondamentales\" href=\"https:\/\/europeancourt.org\/fr\/documents\/conseil-de-leurope\/convention-europ%C3%A9enne-des-droits-de-lhomme\/#article-34\">l\u2019article 34 de la Convention<\/a> est pr\u00e9sent\u00e9e sur le <a href=\"https:\/\/europeancourt.org\/fr\/documents\/conseil-de-leurope\/cedh\/formulaire-de-requ%c3%aate\/\" title=\"Formulaire de requ\u00eate \u00e0 la Cour europ\u00e9enne des droits de l\u2019homme\">formulaire<\/a> fourni par le greffe, sauf si la Cour en d\u00e9cide autrement. Elle doit contenir tous les renseignements demand\u00e9s dans les parties pertinentes du formulaire de requ\u00eate et indiquer :<\/p>\n<p style=\"padding-left: 40px;\">a) les nom, date de naissance, nationalit\u00e9 et adresse du requ\u00e9rant et, lorsque le requ\u00e9rant est une personne morale, les nom complet, date de constitution ou d\u2019enregistrement, num\u00e9ro officiel d\u2019enregistrement (le cas \u00e9ch\u00e9ant) et adresse officielle de celle-ci ;<\/p>\n<p style=\"padding-left: 40px;\">b) s\u2019il y a lieu, les nom, adresse, num\u00e9ros de t\u00e9l\u00e9phone et de t\u00e9l\u00e9copie et adresse \u00e9lectronique de son repr\u00e9sentant ;<\/p>\n<p style=\"padding-left: 40px;\">c) si le requ\u00e9rant a un repr\u00e9sentant, la date et la signature originale du requ\u00e9rant dans l\u2019encadr\u00e9 du formulaire de requ\u00eate r\u00e9serv\u00e9 au pouvoir ; la signature originale du repr\u00e9sentant montrant qu\u2019il a accept\u00e9 d\u2019agir au nom du requ\u00e9rant doit aussi figurer dans cet encadr\u00e9 ; la Cour peut accepter une copie des signatures ou d\u2019autres attestations de pouvoir valides dans le droit interne des Parties contractantes si des motifs imp\u00e9rieux pour le non-respect de ces obligations sont pr\u00e9sent\u00e9s et si le formulaire de pouvoir fourni par la Cour, avec les signatures originales, est communiqu\u00e9 \u00e0 la Cour dans un d\u00e9lai raisonnable ;<\/p>\n<p style=\"padding-left: 40px;\">d) la ou les Parties contractantes contre lesquelles la requ\u00eate est dirig\u00e9e ;<\/p>\n<p style=\"padding-left: 40px;\">e) un expos\u00e9 concis et lisible des faits ;<\/p>\n<p style=\"padding-left: 40px;\">f) un expos\u00e9 concis et lisible de la ou des violations all\u00e9gu\u00e9es de la Convention et des arguments pertinents ; et<\/p>\n<p style=\"padding-left: 40px;\">g) un expos\u00e9 concis et lisible confirmant le respect par le requ\u00e9rant des crit\u00e8res de recevabilit\u00e9 \u00e9nonc\u00e9s \u00e0 <a title=\"Article 35 de la Convention de sauvegarde des droits de l\u2019homme et des libert\u00e9s fondamentales\" href=\"https:\/\/europeancourt.org\/fr\/documents\/conseil-de-leurope\/convention-europ%C3%A9enne-des-droits-de-lhomme\/#article-35\">l\u2019article 35 \u00a7 1 de la Convention<\/a>.<\/p>\n<p>2.<\/p>\n<p style=\"padding-left: 40px;\">a) Toutes les informations vis\u00e9es aux alin\u00e9as e) \u00e0 g) du paragraphe 1 ci-dessus doivent \u00eatre expos\u00e9es dans la partie pertinente du formulaire de requ\u00eate et \u00eatre suffisantes pour permettre \u00e0 la Cour de d\u00e9terminer, sans avoir \u00e0 consulter d\u2019autres documents, la nature et l\u2019objet de la requ\u00eate.<\/p>\n<p style=\"padding-left: 40px;\">b) Le requ\u00e9rant peut toutefois compl\u00e9ter ces informations en joignant au formulaire de requ\u00eate un document d\u2019une longueur maximale de 20 pages exposant en d\u00e9tail les faits, les violations all\u00e9gu\u00e9es de la Convention et les arguments pertinents.<\/p>\n<p>3.1. Le formulaire de requ\u00eate doit \u00eatre sign\u00e9 par le requ\u00e9rant ou son repr\u00e9sentant et \u00eatre assorti : <\/p>\n<p style=\"padding-left: 40px;\">a) des copies des documents aff\u00e9rents aux d\u00e9cisions ou mesures d\u00e9nonc\u00e9es, qu\u2019elles soient de nature judiciaire ou autre ;<\/p>\n<p style=\"padding-left: 40px;\">b) des copies des documents et d\u00e9cisions montrant que le requ\u00e9rant a \u00e9puis\u00e9 les voies de recours internes et observ\u00e9 le d\u00e9lai exig\u00e9 \u00e0 <a title=\"Article 35 de la Convention de sauvegarde des droits de l\u2019homme et des libert\u00e9s fondamentales\" href=\"https:\/\/europeancourt.org\/fr\/documents\/conseil-de-leurope\/convention-europ%C3%A9enne-des-droits-de-lhomme\/#article-35\">l\u2019article 35 \u00a7 1 de la Convention<\/a> ;<\/p>\n<p style=\"padding-left: 40px;\">c) le cas \u00e9ch\u00e9ant, des copies des documents relatifs \u00e0 toute autre proc\u00e9dure internationale d\u2019enqu\u00eate ou de r\u00e8glement ;<\/p>\n<p style=\"padding-left: 40px;\">d) si le requ\u00e9rant est une personne morale, comme le paragraphe 1 a) du pr\u00e9sent article le pr\u00e9voit, du (des) document(s) montrant que l\u2019individu qui introduit la requ\u00eate a qualit\u00e9 pour repr\u00e9senter le requ\u00e9rant ou d\u00e9tient un pouvoir \u00e0 cet effet.<\/p>\n<p>3.2. Les documents soumis \u00e0 l\u2019appui de la requ\u00eate doivent figurer sur une liste par ordre chronologique, porter des num\u00e9ros qui se suivent et \u00eatre clairement identifi\u00e9s.<\/p>\n<p>4. Le requ\u00e9rant qui ne d\u00e9sire pas que son identit\u00e9 soit r\u00e9v\u00e9l\u00e9e doit le pr\u00e9ciser et fournir un expos\u00e9 des raisons justifiant une d\u00e9rogation \u00e0 la r\u00e8gle normale de publicit\u00e9 de la proc\u00e9dure devant la Cour. Cette derni\u00e8re peut autoriser l\u2019anonymat ou d\u00e9cider de l\u2019accorder d\u2019office.<\/p>\n<p>5.1. En cas de non-respect des obligations \u00e9num\u00e9r\u00e9es aux paragraphes 1 \u00e0 3 du pr\u00e9sent article, la requ\u00eate ne sera pas examin\u00e9e par la Cour, sauf si :<\/p>\n<p style=\"padding-left: 40px;\">a) le requ\u00e9rant a fourni une explication satisfaisante pour le non-respect en question ;<\/p>\n<p style=\"padding-left: 40px;\">b) la requ\u00eate concerne une demande de mesure provisoire ;<\/p>\n<p style=\"padding-left: 40px;\">c) la Cour en d\u00e9cide autrement, d\u2019office ou \u00e0 la demande d\u2019un requ\u00e9rant.<\/p>\n<p>5.2. La Cour pourra toujours demander \u00e0 un requ\u00e9rant de soumettre dans un d\u00e9lai d\u00e9termin\u00e9 toute information ou tout document utiles sous la forme ou de la mani\u00e8re jug\u00e9es appropri\u00e9es.<\/p>\n<p>6.<\/p>\n<p style=\"padding-left: 40px;\">a) Aux fins de <a title=\"Article 35 de la Convention de sauvegarde des droits de l\u2019homme et des libert\u00e9s fondamentales\" href=\"https:\/\/europeancourt.org\/fr\/documents\/conseil-de-leurope\/convention-europ%C3%A9enne-des-droits-de-lhomme\/#article-35\">l\u2019article 35 \u00a7 1 de la Convention<\/a>, la requ\u00eate est r\u00e9put\u00e9e introduite \u00e0 la date \u00e0 laquelle un formulaire de requ\u00eate satisfaisant aux exigences pos\u00e9es par le pr\u00e9sent article est envoy\u00e9 \u00e0 la Cour, le cachet de la poste faisant foi.<\/p>\n<p style=\"padding-left: 40px;\">b) Si elle l\u2019estime justifi\u00e9, la Cour peut toutefois d\u00e9cider de retenir une autre date.<\/p>\n<p>7. Le requ\u00e9rant doit informer la Cour de tout changement d\u2019adresse et de tout fait pertinent pour l\u2019examen de sa requ\u00eate.<\/p>\n__________\n<p id=\"fn1\"><sup>1<\/sup> Tel que la Cour l\u2019a modifi\u00e9 les 17 juin et 8 juillet 2002, 11 d\u00e9cembre 2007, 22 septembre 2008, 6 mai 2013, 1er juin et 5 octobre 2015 et 18 janvier 2024.<\/p>","protected":false},"excerpt":{"rendered":"R\u00e8glement de la Cour Article 471 \u2013 Contenu d\u2019une requ\u00eate individuelle 1. Toute requ\u00eate d\u00e9pos\u00e9e en vertu de l\u2019article 34 de la Convention est pr\u00e9sent\u00e9e sur le formulaire fourni par le greffe, sauf si&#46;&#46;&#46;","protected":false},"author":1,"featured_media":188909,"parent":143090,"menu_order":0,"comment_status":"closed","ping_status":"closed","template":"","meta":{"footnotes":""},"categories":[],"tags":[],"class_list":["post-143644","page","type-page","status-publish","has-post-thumbnail","hentry"],"_links":{"self":[{"href":"https:\/\/europeancourt.org\/fr\/wp-json\/wp\/v2\/pages\/143644","targetHints":{"allow":["GET"]}}],"collection":[{"href":"https:\/\/europeancourt.org\/fr\/wp-json\/wp\/v2\/pages"}],"about":[{"href":"https:\/\/europeancourt.org\/fr\/wp-json\/wp\/v2\/types\/page"}],"author":[{"embeddable":true,"href":"https:\/\/europeancourt.org\/fr\/wp-json\/wp\/v2\/users\/1"}],"replies":[{"embeddable":true,"href":"https:\/\/europeancourt.org\/fr\/wp-json\/wp\/v2\/comments?post=143644"}],"version-history":[{"count":0,"href":"https:\/\/europeancourt.org\/fr\/wp-json\/wp\/v2\/pages\/143644\/revisions"}],"up":[{"embeddable":true,"href":"https:\/\/europeancourt.org\/fr\/wp-json\/wp\/v2\/pages\/143090"}],"wp:featuredmedia":[{"embeddable":true,"href":"https:\/\/europeancourt.org\/fr\/wp-json\/wp\/v2\/media\/188909"}],"wp:attachment":[{"href":"https:\/\/europeancourt.org\/fr\/wp-json\/wp\/v2\/media?parent=143644"}],"wp:term":[{"taxonomy":"category","embeddable":true,"href":"https:\/\/europeancourt.org\/fr\/wp-json\/wp\/v2\/categories?post=143644"},{"taxonomy":"post_tag","embeddable":true,"href":"https:\/\/europeancourt.org\/fr\/wp-json\/wp\/v2\/tags?post=143644"}],"curies":[{"name":"wp","href":"https:\/\/api.w.org\/{rel}","templated":true}]}}