{"id":177130,"date":"2021-11-04T19:39:01","date_gmt":"2021-11-04T18:39:01","guid":{"rendered":"https:\/\/europeancourt.org\/v%c3%a9rification-des-requ%c3%aates-remplies\/"},"modified":"2025-11-23T00:50:25","modified_gmt":"2025-11-22T23:50:25","slug":"examen-formulaire-requ%c3%aate","status":"publish","type":"page","link":"https:\/\/europeancourt.org\/fr\/services\/cedh\/examen-formulaire-requ%c3%aate\/","title":{"rendered":"V\u00e9rification du formulaire de requ\u00eate \u00e0 la CEDH"},"content":{"rendered":"<div class=\"mywpcf7cf myshow myhide\">Je peux v\u00e9rifier une requ\u00eate \u00e0 la CEDH pr\u00e9par\u00e9e par vous ou par quelqu\u2019un d\u2019autre en cas de doute sur sa conformit\u00e9 aux exigences. Pour la v\u00e9rification, vous pouvez soumettre un <a title=\"Formulaire de requ\u00eate \u00e0 la Cour europ\u00e9enne des droits de l\u2019homme\" href=\"https:\/\/europeancourt.org\/fr\/documents\/conseil-de-leurope\/cedh\/formulaire-de-requ%c3%aate\/\" target=\"_blank\" rel=\"noopener\">formulaire de requ\u00eate<\/a> contenant des griefs \u00e0 l\u2019encontre de n\u2019importe quel \u00c9tat membre du Conseil de l\u2019Europe ou de la Russie, dans l\u2019une des 37 langues officielles de ces pays. Vous obtiendrez les r\u00e9sultats en anglais avec une <span class=\"mycustomsummary\">traduction dans une autre langue de votre choix.<\/span> <span class=\"mycustomdetails\"> Cette traduction sera r\u00e9alis\u00e9e \u00e0 l&rsquo;aide de DeepL, un service de traduction bas\u00e9 sur des r\u00e9seaux neuronaux convolutionnels largement utilis\u00e9s dans mon travail multilingue (la traduction que vous lisez a \u00e9galement \u00e9t\u00e9 cr\u00e9\u00e9e \u00e0 l\u2019aide de ce service).<\/span> <span class=\"mycustomsummary\">Que se passe-t-il si je n\u2019ai pas de formulaire de requ\u00eate d\u00fbment rempli ?<\/span> <span class=\"mycustomdetails\">Dans ce cas, je peux <a title=\"\u00c9valuer les perspectives de succ\u00e8s d\u2019une requ\u00eate \u00e0 la CEDH\" href=\"https:\/\/europeancourt.org\/en\/services\/echr\/preparing-applications\/\">\u00e9valuer les perspectives de succ\u00e8s d\u2019une requ\u00eate \u00e0 la CEDH<\/a> et pr\u00e9parer un formulaire de requ\u00eate appropri\u00e9 si ces perspectives vous conviennent.<\/span> <span class=\"mycustomsummary\">Est-il utile de v\u00e9rifier la conformit\u00e9 d\u2019un formulaire de requ\u00eate \u00e0 la CEDH d\u00e9j\u00e0 envoy\u00e9 ?<\/span> <span class=\"mycustomdetails\">Oui, il y a un certain int\u00e9r\u00eat \u00e0 le faire. Parfois, le requ\u00e9rant peut \u00ab corriger \u00bb le formulaire de requ\u00eate probl\u00e9matique envoy\u00e9 \u00e0 la CEDH en y apportant un compl\u00e9ment avant le d\u00e9but de l\u2019examen du dossier. Il se peut que le d\u00e9lai d\u2019introduction d\u2019une requ\u00eate \u00e0 la CEDH n\u2019ait pas expir\u00e9. Dans ce cas, il est possible d\u2019envoyer un autre formulaire de requ\u00eate \u00e0 la CEDH, m\u00eame si le formulaire de requ\u00eate probl\u00e9matique contient les m\u00eames griefs et \u00e9ventuellement m\u00eame si la CEDH a d\u00e9j\u00e0 d\u00e9clar\u00e9 la requ\u00eate respective irrecevable. Je peux expliquer pourquoi la CEDH a pris cette d\u00e9cision si cela n\u00e9cessite des \u00e9claircissements.<\/span><\/div>\n\n<div class=\"mywpcf7cf myshow myhide\">La v\u00e9rification permet de comprendre si l\u2019auteur du formulaire de requ\u00eate a commis des erreurs susceptibles d\u2019entra\u00eener le refus d\u2019enregistrer la requ\u00eate ou d\u2019influer n\u00e9gativement sur le r\u00e9sultat de l\u2019examen de la requ\u00eate. Apr\u00e8s avoir v\u00e9rifi\u00e9 un formulaire de requ\u00eate, je cocherai sur cette <span class=\"mycustomsummary\">liste de v\u00e9rifications<\/span> si j\u2019ai d\u00e9couvert de telles erreurs. <span class=\"mycustomdetails\">\n<div class=\"mywpcf7cf myshow myhide\" style=\"text-align:center\"><b>Liste de v\u00e9rifications pour un formulaire de requ\u00eate<\/b><\/div>\n<div class=\"mywpcf7cf myshow myhide\"><table>\n<thead>\n<tr>\n<th>Qu\u2019est-ce qui est v\u00e9rifi\u00e9 ?<\/th>\n<th>Les r\u00e9sultats<br><span style=\"font-weight:normal\">(\u00ab Non \u00bb est bon ;<br>\u00ab Oui \u00bb signifie que j\u2019ai trouv\u00e9 au moins un probl\u00e8me significatif du type)<\/span><\/th>\n<\/tr>\n<\/thead>\n<tbody>\n<tr>\n<td>(1) L\u2019auteur a-t-il utilis\u00e9 un formulaire de requ\u00eate qui n\u2019\u00e9tait pas valable soit au moment o\u00f9 il l\u2019a envoy\u00e9 \u00e0 la CEDH, soit au moment o\u00f9 je l\u2019ai v\u00e9rifi\u00e9 s\u2019il n\u2019avait pas \u00e9t\u00e9 envoy\u00e9 ?<\/td>\n<td><\/td>\n<\/tr>\n<tr>\n<td>(2) Ai-je constat\u00e9 des \u00e9carts importants par rapport aux exigences requises pour remplir le formulaire de requ\u00eate (et ses \u00e9ventuels addenda) ?<\/td>\n<td><\/td>\n<\/tr>\n<tr>\n<td>(3) Ai-je constat\u00e9 qu\u2019il n\u2019y avait pas de copies des documents requis pour \u00eatre joints au formulaire de requ\u00eate ou d\u2019explications raisonnables quant \u00e0 l\u2019impossibilit\u00e9 de les obtenir ?<\/td>\n<td><\/td>\n<\/tr>\n<tr>\n<td>(4) Ai-je trouv\u00e9 dans le formulaire de requ\u00eate des griefs qui ne remplissent incontestablement pas les crit\u00e8res de recevabilit\u00e9 concernant l\u2019objet (actes ou omissions reproch\u00e9s), l\u2019\u00c9tat (la personne) vis\u00e9(e) par la plainte, et le moment ou le lieu o\u00f9 les violations all\u00e9gu\u00e9es ont \u00e9t\u00e9 commises ? En particulier, l\u2019auteur s\u2019est-il plaint de violations de droits et libert\u00e9s<\/td>\n<td><\/td>\n<\/tr>\n<tr>\n<td style=\"padding-left:20px\">(4.1) non garantis par la <a title=\"Convention de sauvegarde des droits de l\u2019homme et des libert\u00e9s fondamentales\" href=\"https:\/\/europeancourt.org\/fr\/documents\/conseil-de-leurope\/convention-europ%c3%a9enne-des-droits-de-lhomme\/\" target=\"_blank\" rel=\"noopener\">Convention de sauvegarde des droits de l\u2019homme et des libert\u00e9s fondamentales<\/a> et <a title=\"Protocoles \u00e0 la Convention de sauvegarde des droits de l\u2019homme et des libert\u00e9s fondamentales\" href=\"https:\/\/europeancourt.org\/fr\/documents\/conseil-de-leurope\/\" target=\"_blank\" rel=\"noopener\">ses Protocoles<\/a> ratifi\u00e9s par l\u2019Etat d\u00e9fendeur ; ou qui<\/td>\n<td><\/td>\n<\/tr>\n<tr>\n<td style=\"padding-left:20px\">(4.2) ont \u00e9t\u00e9 commises par un \u00c9tat qui n\u2019est pas partie \u00e0 la Convention ou<\/td>\n<td><\/td>\n<\/tr>\n<tr>\n<td style=\"padding-left:20px\">(4.3) par une personne dont l\u2019\u00c9tat d\u00e9fendeur ne peut \u00eatre tenu pour responsable ou<\/td>\n<td><\/td>\n<\/tr>\n<tr>\n<td style=\"padding-left:20px\">(4.4) lorsque la Convention ou le Protocole n\u2019\u00e9tait pas en vigueur pour l\u2019\u00c9tat d\u00e9fendeur, ou<\/td>\n<td><\/td>\n<\/tr>\n<tr>\n<td style=\"padding-left:20px\">(4.5) lorsque le territoire concern\u00e9 ne relevait pas de la juridiction de l\u2019\u00c9tat d\u00e9fendeur ?<\/td>\n<td><\/td>\n<\/tr>\n<tr>\n<td>(5) Ai-je constat\u00e9 des violations significatives des r\u00e8gles de la logique formelle dans<\/td>\n<td><\/td>\n<\/tr>\n<tr>\n<td style=\"padding-left:20px\">(5.1) l\u2019expos\u00e9 des faits,<\/td>\n<td><\/td>\n<\/tr>\n<tr>\n<td style=\"padding-left:20px\">(5.2) la justification des violations all\u00e9gu\u00e9es, et<\/td>\n<td><\/td>\n<\/tr>\n<tr>\n<td style=\"padding-left:20px\">(5.3) la preuve de la satisfaction des crit\u00e8res de recevabilit\u00e9 ?<\/td>\n<td><\/td>\n<\/tr>\n<tr>\n<td>(6) Ai-je constat\u00e9 des incoh\u00e9rences significatives entre<\/td>\n<td><\/td>\n<\/tr>\n<tr>\n<td style=\"padding-left:20px\">(6.1) le contenu des documents joints et l\u2019expos\u00e9 des faits (dans n\u2019importe quelle section du formulaire de requ\u00eate),<\/td>\n<td><\/td>\n<\/tr>\n<tr>\n<td style=\"padding-left:20px\">(6.2) la justification des violations all\u00e9gu\u00e9es et l\u2019expos\u00e9 des faits,<\/td>\n<td><\/td>\n<\/tr>\n<tr>\n<td style=\"padding-left:20px\">(6.3) la justification susmentionn\u00e9e et la jurisprudence \u00e9tablie applicable de la CEDH,<\/td>\n<td><\/td>\n<\/tr>\n<tr>\n<td style=\"padding-left:20px\">(6.4) la preuve de l\u2019\u00e9puisement ou de l\u2019absence d\u2019\u00e9puisement des recours internes et l\u2019expos\u00e9 des faits,<\/td>\n<td><\/td>\n<\/tr>\n<tr>\n<td style=\"padding-left:20px\">(6.5) la preuve susmentionn\u00e9e et la jurisprudence \u00e9tablie applicable de la CEDH,<\/td>\n<td><\/td>\n<\/tr>\n<tr>\n<td style=\"padding-left:20px\">(6.6) la preuve du respect du d\u00e9lai d\u2019introduction d\u2019une requ\u00eate aupr\u00e8s de la CEDH et l\u2019expos\u00e9 des faits, ou<\/td>\n<td><\/td>\n<\/tr>\n<tr>\n<td style=\"padding-left:20px\">(6.7) la preuve susmentionn\u00e9e et la jurisprudence \u00e9tablie applicable de la CEDH ?<\/td>\n<td><\/td>\n<\/tr>\n<tr>\n<td>(7) Si le requ\u00e9rant n\u2019est pas une victime de la violation all\u00e9gu\u00e9e ou si le repr\u00e9sentant des requ\u00e9rants n\u2019agit pas sur la base du formulaire de pouvoir qui devrait faire partie du formulaire de requ\u00eate et \u00eatre sign\u00e9 par ce requ\u00e9rant, ai-je \u00e9tabli que le formulaire de requ\u00eate ne justifie pas le droit de saisir la CEDH conform\u00e9ment \u00e0 l\u2019expos\u00e9 des faits, \u00e0 la jurisprudence \u00e9tablie applicable de la CEDH et \u00e0 la logique ?<\/td>\n<td><\/td>\n<\/tr>\n<tr>\n<td>(8) Ai-je \u00e9tabli que le formulaire de requ\u00eate ne justifie pas le fait d\u2019avoir ou de continuer \u00e0 pr\u00e9tendre \u00e0 la qualit\u00e9 de victime conform\u00e9ment \u00e0 l\u2019expos\u00e9 des faits, \u00e0 la jurisprudence \u00e9tablie applicable de la CEDH et \u00e0 la logique, lorsque la qualit\u00e9 susmentionn\u00e9e semble \u00eatre contest\u00e9e ?<\/td>\n<td><\/td>\n<\/tr>\n<tr>\n<td>(9) Ai-je relev\u00e9 d\u2019autres erreurs significatives ? (Dans l\u2019affirmative, quelles sont-elles ?)<\/td>\n<td><\/td>\n<\/tr>\n<\/tbody>\n<\/table>\nAu point 2, je fais r\u00e9f\u00e9rence \u00e0 des \u00e9carts significatifs par rapport aux exigences requises pour remplir le formulaire de requ\u00eate qui entra\u00eeneront probablement le refus d\u2019enregistrer la requ\u00eate, par exemple en laissant en blanc des encadr\u00e9s du formulaire de requ\u00eate qui doivent \u00eatre remplis. Aux points 5, 6 et 9, je fais r\u00e9f\u00e9rence \u00e0 des erreurs significatives, des incoh\u00e9rences, des probl\u00e8mes et des violations des r\u00e8gles de logique, susceptibles de justifier la justification des violations all\u00e9gu\u00e9es et la preuve du respect des crit\u00e8res de recevabilit\u00e9 et, partant, d\u2019influer n\u00e9gativement sur l\u2019issue de l\u2019examen de la requ\u00eate. Aux points 4, 5.2, 5.3 et 6.2\u20146.7, je r\u00e9ponds aux questions s\u00e9par\u00e9ment pour chaque grief identifiable (violation all\u00e9gu\u00e9e). Au point 7, je r\u00e9ponds \u00e0 la question s\u00e9par\u00e9ment pour chaque requ\u00e9rant, chaque repr\u00e9sentant et chaque violation all\u00e9gu\u00e9e. Au point 8, je r\u00e9ponds \u00e0 la question s\u00e9par\u00e9ment pour chaque requ\u00e9rant et chaque violation all\u00e9gu\u00e9e. Au point 9, je note g\u00e9n\u00e9ralement des probl\u00e8mes concernant les autres crit\u00e8res de recevabilit\u00e9. Par exemple, l\u2019absence de pr\u00e9judice important subi ou l\u2019abus du droit de saisir la CEDH.<\/div><\/span><\/div>\n\n<div class=\"mywpcf7cf myshow myhide\">Le co\u00fbt d\u2019une v\u00e9rification de base du formulaire de requ\u00eate aux exigences est de 500 \u20ac. Ce prix ne d\u00e9pend pas des \u00c9tats d\u00e9fendeurs, de la langue dans laquelle le formulaire de requ\u00eate est rempli, du nombre de violations all\u00e9gu\u00e9es, du nombre de requ\u00e9rants, du volume des documents joints ou du nombre d\u2019erreurs que je d\u00e9couvre finalement. Je ne m\u2019engage pas \u00e0 mentionner et \u00e0 expliquer chaque probl\u00e8me que je trouve ni \u00e0 compter le nombre total d\u2019erreurs, y compris par type, lors d\u2019une v\u00e9rification de base du formulaire de requ\u00eate avec les exigences. Il est parfois possible de trouver le temps de fournir certaines, voire toutes les clarifications n\u00e9cessaires dans les deux heures et demie que j\u2019accorde pour v\u00e9rifier un formulaire de requ\u00eate. Dans ce cas, je les offrirai en prime. Si le temps n\u00e9cessaire pour pr\u00e9parer les explications compl\u00e8tes pour tous les probl\u00e8mes que j\u2019ai trouv\u00e9s d\u00e9passe largement ce qui est indiqu\u00e9, je vous enverrai la liste de v\u00e9rifications compl\u00e9t\u00e9e et indiquerai le co\u00fbt de la pr\u00e9paration des explications restantes (il s\u2019agit toujours de mon estimation du temps requis, multipli\u00e9e par un tarif de 200 \u20ac de l\u2019heure). Les explications restantes peuvent alors \u00eatre command\u00e9es s\u00e9par\u00e9ment si vous le souhaitez.<\/div>\n\n<div class=\"mywpcf7cf myshow myhide\">Parfois, v\u00e9rifier le formulaire de requ\u00eate pourrait r\u00e9v\u00e9ler tellement de probl\u00e8mes significatifs qu\u2019il faudrait beaucoup de temps pour les expliquer. Au lieu d\u2019une explication, vous pouvez donc toujours <a title=\"\u00c9valuer les perspectives de succ\u00e8s d\u2019une requ\u00eate \u00e0 la CEDH\" href=\"https:\/\/europeancourt.org\/en\/services\/echr\/preparing-applications\/\">commander une \u00e9valuation des perspectives de succ\u00e8s de la requ\u00eate aupr\u00e8s de la CEDH<\/a>. Je peux pr\u00e9parer un nouveau formulaire de requ\u00eate si vous \u00eates satisfait des perspectives.<\/div>\n\n<div class=\"mywpcf7cf myshow myhide\">Si vous \u00eates absolument certain que le contenu de votre formulaire de requ\u00eate est si simple et concis que moins de deux heures et demie seraient certainement n\u00e9cessaires pour le v\u00e9rifier, ou bien si vous vous rendez compte que la situation est si complexe et probl\u00e9matique que deux heures et demie seraient clairement insuffisantes, vous pouvez me demander d\u2019effectuer la v\u00e9rification sur la base d\u2019un taux horaire plut\u00f4t que sur la base d\u2019un forfait. Il vous suffit de me l\u2019indiquer dans l\u2019encadr\u00e9 r\u00e9serv\u00e9 aux commentaires lorsque vous commandez ce service.<\/div>\n\n<div class=\"mywpcf7cf myshow myhide\">La v\u00e9rification de la conformit\u00e9 aux exigences ne comprend pas la correction d\u2019un formulaire de requ\u00eate probl\u00e9matique ni la v\u00e9rification de la possibilit\u00e9 de le faire. <span class=\"mycustomsummary\">Pourquoi ?<\/span> <span class=\"mycustomdetails\">Le fait de remplir un formulaire de requ\u00eate de mani\u00e8re incorrecte est souvent d\u00fb \u00e0 des probl\u00e8mes li\u00e9s au contenu du formulaire de requ\u00eate. Par exemple, des erreurs dans le formulaire de pouvoir, qui fait partie du formulaire de requ\u00eate, peuvent dissimuler des probl\u00e8mes li\u00e9s aux crit\u00e8res de recevabilit\u00e9 relatifs \u00e0 la qualit\u00e9 de victime ou au droit d\u2019une personne \u00e0 introduire une requ\u00eate aupr\u00e8s de la CEDH au nom d\u2019une autre personne. En ne joignant pas les copies des documents requis, l\u2019auteur du formulaire de requ\u00eate peut \u00e9galement avoir n\u00e9glig\u00e9 le contenu crucial de ces documents dans la pr\u00e9paration de l\u2019expos\u00e9 des faits, la justification des violations all\u00e9gu\u00e9es et la preuve du respect des crit\u00e8res de recevabilit\u00e9. D\u2019autre part, l\u2019inclusion dans le formulaire de requ\u00eate de violations all\u00e9gu\u00e9es des droits de la personne non cit\u00e9e comme requ\u00e9rant peut n\u00e9cessiter que le formulaire de requ\u00eate soit compl\u00e9t\u00e9 au nom de cette autre personne en tant que requ\u00e9rant suppl\u00e9mentaire. Parfois, le formulaire de requ\u00eate soumis pour v\u00e9rification contient une description des circonstances qui pourraient \u00eatre utilis\u00e9es pour prouver les violations all\u00e9gu\u00e9es devant la CEDH. Dans certains cas, on peut faire valoir que les griefs potentiels li\u00e9s \u00e0 ces violations all\u00e9gu\u00e9es remplissent les crit\u00e8res de recevabilit\u00e9. Toutefois, les sections d\u2019un formulaire de requ\u00eate sont interd\u00e9pendantes. Presque chaque erreur significative exige, pour la corriger, une nouvelle r\u00e9daction de l\u2019expos\u00e9 des faits, une nouvelle justification des violations all\u00e9gu\u00e9es et une r\u00e9vision de la preuve du respect des crit\u00e8res de recevabilit\u00e9. Il ne s\u2019agit donc plus de \u00ab corriger \u00bb le formulaire de requ\u00eate. Il s\u2019agit de pr\u00e9parer un nouveau formulaire de requ\u00eate, dont le remplissage serait conforme \u00e0 toutes les exigences et dont le contenu serait coh\u00e9rent avec tous les documents requis et autres documents cruciaux, ainsi qu\u2019avec la jurisprudence \u00e9tablie applicable de la CEDH. En outre, il se peut que le formulaire de requ\u00eate n\u2019identifie pas certaines des violations des droits que je peux constater \u00e0 partir des documents et pour lesquelles tous les crit\u00e8res de recevabilit\u00e9 pourraient \u00eatre remplis. Je dois souvent me r\u00e9f\u00e9rer \u00e0 des documents suppl\u00e9mentaires non joints au formulaire de requ\u00eate pour l\u2019\u00e9tablir. Dans certains cas, cela doit \u00e9galement \u00eatre fait pour les violations all\u00e9gu\u00e9es dans le formulaire de requ\u00eate. Par cons\u00e9quent, une \u00e9valuation des perspectives de succ\u00e8s d\u2019une requ\u00eate aupr\u00e8s de la CEDH est requise, dont les r\u00e9sultats servent de base \u00e0 l\u2019\u00e9laboration d\u2019un nouveau formulaire de requ\u00eate. Bien entendu, il peut arriver que tous les probl\u00e8mes significatifs d\u2019un formulaire de requ\u00eate soient des erreurs purement \u00ab techniques \u00bb qui peuvent \u00eatre rapidement et facilement corrig\u00e9es. Vous pouvez alors le faire vous-m\u00eame \u00e0 l\u2019aide de mes explications.<\/span><\/div>\n\n<div class=\"mywpcf7cf myshow myhide\">Il est pr\u00e9f\u00e9rable de soumettre le formulaire de requ\u00eate pour v\u00e9rification exactement sous la m\u00eame forme que celle que vous avez l\u2019intention d\u2019envoyer ou que vous avez d\u00e9j\u00e0 envoy\u00e9e \u00e0 la CEDH, y compris tous les documents joints. Mais supposons tout de m\u00eame que je re\u00e7oive un <a title=\"Formulaire de requ\u00eate \u00e0 la Cour europ\u00e9enne des droits de l\u2019homme\" href=\"https:\/\/europeancourt.org\/fr\/documents\/conseil-de-leurope\/cedh\/formulaire-de-requ%c3%aate\/\" target=\"_blank\" rel=\"noopener\">formulaire de requ\u00eate<\/a> sans signatures dans les encadr\u00e9s 33, 35, 53, 55 et 73 ou sans dates dans les encadr\u00e9s 34, 36, 54, 56 et 72. Dans ce cas, je partirai toujours du principe que les signatures et les dates (lorsqu\u2019elles sont exig\u00e9es) seront appos\u00e9es dans ces encadr\u00e9s et ne noterai pas leur absence. Supposons que le formulaire de requ\u00eate ou les documents joints soient fournis sous forme de photocopies ou de scans (c\u2019est-\u00e0-dire des fichiers contenant des \u00ab images \u00bb des pages du document). Dans ce cas, ils doivent \u00eatre lisibles afin que, si n\u00e9cessaire, un logiciel de reconnaissance optique de caract\u00e8res puisse les convertir en texte lisible par machine pour la traduction dans une autre langue et pour une recherche rapide et efficace d\u2019informations importantes (en fait, il s\u2019agit de l\u2019une des exigences relatives aux documents joints au formulaire de requ\u00eate, qui sont \u00e9nonc\u00e9es dans la notice <a title=\"Comment remplir le formulaire de requ\u00eate\" href=\"https:\/\/europeancourt.org\/fr\/documents\/conseil-de-leurope\/cedh\/formulaire-de-requ%c3%aate\/comment-remplir\/#section-i-liste-des-documents-joints\" target=\"_blank\" rel=\"noopener\">\u00ab Comment remplir le formulaire de requ\u00eate \u00bb<\/a> ). <span class=\"mycustomsummary\">Puis-je soumettre un formulaire de requ\u00eate partiellement rempli pour v\u00e9rification ?<\/span> <span class=\"mycustomdetails\">Vous pouvez soumettre un formulaire de requ\u00eate pour v\u00e9rification avec seulement quelques documents joints ou aucun d\u2019entre eux, en laissant d\u00e9lib\u00e9r\u00e9ment vides des encadr\u00e9s qui devraient \u00eatre remplis, ou m\u00eame en modifiant le contenu (par exemple en omettant les donn\u00e9es personnelles), \u00e0 condition que vous confirmiez que vous \u00eates conscient de l\u2019effet n\u00e9gatif que cela peut avoir sur la v\u00e9rification du formulaire de requ\u00eate. La v\u00e9rification de l\u2019exhaustivit\u00e9 et de la coh\u00e9rence de l\u2019expos\u00e9 des faits et de la preuve du respect des crit\u00e8res de recevabilit\u00e9 par rapport \u00e0 l\u2019ensemble des documents joints n\u2019est possible que si ces derniers sont fournis. De m\u00eame, si vous soumettez un formulaire de requ\u00eate pour v\u00e9rification dont certains encadr\u00e9s sont vides, je ne vous expliquerai pas comment les remplir, je vous dirai seulement que vous devez le faire.<\/span><\/div>\n\n<div class=\"mywpcf7cf myshow myhide\">Vous pouvez commander la v\u00e9rification du formulaire de requ\u00eate en remplissant et en envoyant le formulaire de commande directement \u00e0 partir de cette page. Dans les 24 heures, je vous enverrai un contrat sign\u00e9 en anglais (parfois accompagn\u00e9 d\u2019une traduction dans une autre langue pour plus de commodit\u00e9). Une fois que vous avez re\u00e7u le contrat, vous devez le signer en ligne, directement dans votre navigateur ou votre appareil mobile, en utilisant le service Acrobat Sign d\u2019Adobe, o\u00f9 des copies authentiques de tous les contrats sign\u00e9s sont stock\u00e9es et toujours disponibles pour les parties (aucune installation de logiciel suppl\u00e9mentaire n\u2019est exig\u00e9e). Je v\u00e9rifie ensuite le formulaire de requ\u00eate et vous envoie les r\u00e9sultats par courriel, <span class=\"mycustomsummary\">g\u00e9n\u00e9ralement dans un d\u00e9lai d\u2019une semaine calendaire.<\/span> <span class=\"mycustomdetails\">Supposons que j\u2019aie besoin de plus de temps pour une certaine p\u00e9riode. Dans ce cas, je vous donnerai toujours \u00e0 l\u2019avance une date d\u2019ach\u00e8vement raisonnable et pr\u00e9cise. Si vous avez besoin des r\u00e9sultats plus t\u00f4t, veuillez me le faire savoir dans l\u2019encadr\u00e9 r\u00e9serv\u00e9 aux commentaires. Je vous r\u00e9pondrai alors si je peux r\u00e9pondre \u00e0 votre demande.<\/span> Vous pouvez payer mes services en transf\u00e9rant des fonds sur mon compte bancaire suisse en utilisant les coordonn\u00e9es fournies dans le contrat. <span class=\"mycustomsummary\">Existe-t-il d\u2019autres modes de paiement ?<\/span> <span class=\"mycustomdetails\">Sur demande, vous pouvez payer par virement interne en roubles russes, ce qui peut \u00eatre pratique pour les r\u00e9sidents de Russie qui ne peuvent pas payer en euros, ainsi que par virement dans diff\u00e9rentes devises sur mon compte dans une banque kazakhe, ce qui peut \u00eatre pratique pour les personnes vivant en dehors de l\u2019Europe et de la Russie. Veuillez indiquer vos souhaits concernant le mode de paiement dans l\u2019encadr\u00e9 r\u00e9serv\u00e9 aux commentaires du formulaire de commande sur cette page.<\/span><\/div>\n\n<div class=\"mywpcf7cf myshow myhide\"><button class=\"mybutton blue\" id=\"load_ajax_form\">Je suis satisfait de tous ces termes<\/button><\/div>\n<div id=\"ajax_content\"><\/div>\n<div class=\"mywpcf7cf myshow myhide\"><a title=\"Conseils juridiques et contacts\" href=\"https:\/\/europeancourt.org\/en\/legal-advice-and-contacts\/\" class=\"mybutton blue\" style=\"text-decoration: none\">J\u2019aimerais clarifier les termes<\/a><\/div>","protected":false},"excerpt":{"rendered":"Je peux v\u00e9rifier une requ\u00eate \u00e0 la CEDH pr\u00e9par\u00e9e par vous ou par quelqu\u2019un d\u2019autre en cas de doute sur sa conformit\u00e9 aux exigences. Pour la v\u00e9rification, vous pouvez soumettre un formulaire de requ\u00eate&#46;&#46;&#46;","protected":false},"author":1,"featured_media":223303,"parent":177155,"menu_order":0,"comment_status":"closed","ping_status":"closed","template":"","meta":{"footnotes":""},"categories":[],"tags":[],"class_list":["post-177130","page","type-page","status-publish","has-post-thumbnail","hentry"],"_links":{"self":[{"href":"https:\/\/europeancourt.org\/fr\/wp-json\/wp\/v2\/pages\/177130","targetHints":{"allow":["GET"]}}],"collection":[{"href":"https:\/\/europeancourt.org\/fr\/wp-json\/wp\/v2\/pages"}],"about":[{"href":"https:\/\/europeancourt.org\/fr\/wp-json\/wp\/v2\/types\/page"}],"author":[{"embeddable":true,"href":"https:\/\/europeancourt.org\/fr\/wp-json\/wp\/v2\/users\/1"}],"replies":[{"embeddable":true,"href":"https:\/\/europeancourt.org\/fr\/wp-json\/wp\/v2\/comments?post=177130"}],"version-history":[{"count":8,"href":"https:\/\/europeancourt.org\/fr\/wp-json\/wp\/v2\/pages\/177130\/revisions"}],"predecessor-version":[{"id":223171,"href":"https:\/\/europeancourt.org\/fr\/wp-json\/wp\/v2\/pages\/177130\/revisions\/223171"}],"up":[{"embeddable":true,"href":"https:\/\/europeancourt.org\/fr\/wp-json\/wp\/v2\/pages\/177155"}],"wp:featuredmedia":[{"embeddable":true,"href":"https:\/\/europeancourt.org\/fr\/wp-json\/wp\/v2\/media\/223303"}],"wp:attachment":[{"href":"https:\/\/europeancourt.org\/fr\/wp-json\/wp\/v2\/media?parent=177130"}],"wp:term":[{"taxonomy":"category","embeddable":true,"href":"https:\/\/europeancourt.org\/fr\/wp-json\/wp\/v2\/categories?post=177130"},{"taxonomy":"post_tag","embeddable":true,"href":"https:\/\/europeancourt.org\/fr\/wp-json\/wp\/v2\/tags?post=177130"}],"curies":[{"name":"wp","href":"https:\/\/api.w.org\/{rel}","templated":true}]}}