{"id":223389,"date":"2021-10-07T00:26:31","date_gmt":"2021-10-06T22:26:31","guid":{"rendered":"https:\/\/europeancourt.org\/?page_id=223389"},"modified":"2025-11-29T11:06:13","modified_gmt":"2025-11-29T10:06:13","slug":"savoir-o%c3%b9-en-est-une-requ%c3%aate","status":"publish","type":"page","link":"https:\/\/europeancourt.org\/fr\/services\/cedh\/savoir-o%c3%b9-en-est-une-requ%c3%aate\/","title":{"rendered":"Savoir o\u00f9 en est une requ\u00eate \u00e0 la CEDH"},"content":{"rendered":"<div class=\"mywpcf7cf myshow myhide\">Connaissez-vous le num\u00e9ro de la requ\u00eate en cause&nbsp;?<\/div>\r\n<div class=\"mywpcf7cf myshow myhide\">\r\n  <span class=\"mymultyradiobutton blue\">\r\n    <span class=\"wpcf7-list-item wpcf7\">\r\n      <label><input type=\"radio\"><span class=\"wpcf7-list-item-label\">Oui<\/span><\/label>\r\n    <\/span>\r\n  <\/span>\r\n  <span class=\"mymultyradiobutton blue\">\r\n    <span class=\"wpcf7-list-item wpcf7\">\r\n      <label><input type=\"radio\"><span class=\"wpcf7-list-item-label\">Non<\/span><\/label>\r\n    <\/span>\r\n  <\/span>\r\n<\/div>\r\n<div class=\"mywpcf7cf-blueleft myshow myhide\">\r\n  <span class=\"mycustomsummary\">Qu\u2019est-ce qu\u2019un num\u00e9ro de requ\u00eate&nbsp;?<\/span>\r\n  <span class=\"mycustomdetails\">\r\n    <span class=\"vlist\">\r\n      <span class=\"vitem\">Le num\u00e9ro de requ\u00eate figure dans tout courrier de la CEDH concernant une requ\u00eate qui a \u00e9t\u00e9 enregistr\u00e9e, imm\u00e9diatement apr\u00e8s \u00ab&nbsp;Requ\u00eate n\u00b0&nbsp;\u00bb et avant le titre de la requ\u00eate (l\u2019affaire).<\/span>\r\n      <span class=\"vitem\">Le format du num\u00e9ro de requ\u00eate&nbsp;: NUM\u00c9RO\/ANN\u00c9E, p. ex. 123\/14. Chiffres uniquement, barre oblique inclin\u00e9e vers la droite \u00ab&nbsp;\/&nbsp;\u00bb, sans espaces.<\/span>\r\n      <span class=\"vitem\">Un num\u00e9ro de m\u00eame format figurant dans une lettre de la CEDH relative \u00e0 la non-conformit\u00e9 du formulaire de requ\u00eate aux exigences n\u2019est pas un num\u00e9ro de requ\u00eate. Ce num\u00e9ro ne peut devenir un num\u00e9ro de requ\u00eate qu\u2019apr\u00e8s que la CEDH aura re\u00e7u un nouveau formulaire de requ\u00eate conforme aux exigences et aura enregistr\u00e9 la requ\u00eate. Dans une telle lettre, le titre de la requ\u00eate (l\u2019affaire) n\u2019est pas indiqu\u00e9, car la requ\u00eate n\u2019est pas enregistr\u00e9e, et un code ECHR-Axxx6 est g\u00e9n\u00e9ralement mentionn\u00e9, o\u00f9 \u00ab&nbsp;xxx&nbsp;\u00bb d\u00e9signe la langue de la lettre. Sous ce code, on trouve parfois la mention \u00ab&nbsp;Notre r\u00e9f\u00e9rence&nbsp;\u00bb.<\/span>\r\n    <\/span>\r\n  <\/span>\r\n<\/div>\r\n<div class=\"mywpcf7cf myshow myhide mywpcf7cf-utility\">\r\n  <div class=\"mybutton red not-in-text-button is-disabled\" aria-disabled=\"true\">Recommencer<\/div>\r\n  <a class=\"mybutton red not-in-text-button\" href=\"mailto:oleg.anishchik@europeancourt.org?subject=Savoir o\u00f9 en est une requ\u00eate \u00e0 la CEDH&nbsp;: erreur&#038;body=Description de l\u2019erreur&nbsp;: \">Signaler une erreur<\/a>\r\n<\/div>\r\n<div id=\"ajax_content\"><\/div>","protected":false},"excerpt":{"rendered":"Connaissez-vous le num\u00e9ro de la requ\u00eate en cause&nbsp;? Oui Non Qu\u2019est-ce qu\u2019un num\u00e9ro de requ\u00eate&nbsp;? Le num\u00e9ro de requ\u00eate figure dans tout courrier de la CEDH concernant une requ\u00eate qui a \u00e9t\u00e9 enregistr\u00e9e, imm\u00e9diatement&#46;&#46;&#46;","protected":false},"author":1,"featured_media":223390,"parent":177155,"menu_order":0,"comment_status":"closed","ping_status":"closed","template":"","meta":{"footnotes":""},"categories":[],"tags":[],"class_list":["post-223389","page","type-page","status-publish","has-post-thumbnail","hentry"],"_links":{"self":[{"href":"https:\/\/europeancourt.org\/fr\/wp-json\/wp\/v2\/pages\/223389","targetHints":{"allow":["GET"]}}],"collection":[{"href":"https:\/\/europeancourt.org\/fr\/wp-json\/wp\/v2\/pages"}],"about":[{"href":"https:\/\/europeancourt.org\/fr\/wp-json\/wp\/v2\/types\/page"}],"author":[{"embeddable":true,"href":"https:\/\/europeancourt.org\/fr\/wp-json\/wp\/v2\/users\/1"}],"replies":[{"embeddable":true,"href":"https:\/\/europeancourt.org\/fr\/wp-json\/wp\/v2\/comments?post=223389"}],"version-history":[{"count":1,"href":"https:\/\/europeancourt.org\/fr\/wp-json\/wp\/v2\/pages\/223389\/revisions"}],"predecessor-version":[{"id":223391,"href":"https:\/\/europeancourt.org\/fr\/wp-json\/wp\/v2\/pages\/223389\/revisions\/223391"}],"up":[{"embeddable":true,"href":"https:\/\/europeancourt.org\/fr\/wp-json\/wp\/v2\/pages\/177155"}],"wp:featuredmedia":[{"embeddable":true,"href":"https:\/\/europeancourt.org\/fr\/wp-json\/wp\/v2\/media\/223390"}],"wp:attachment":[{"href":"https:\/\/europeancourt.org\/fr\/wp-json\/wp\/v2\/media?parent=223389"}],"wp:term":[{"taxonomy":"category","embeddable":true,"href":"https:\/\/europeancourt.org\/fr\/wp-json\/wp\/v2\/categories?post=223389"},{"taxonomy":"post_tag","embeddable":true,"href":"https:\/\/europeancourt.org\/fr\/wp-json\/wp\/v2\/tags?post=223389"}],"curies":[{"name":"wp","href":"https:\/\/api.w.org\/{rel}","templated":true}]}}