{"id":225284,"date":"2026-04-26T14:48:59","date_gmt":"2026-04-26T12:48:59","guid":{"rendered":"https:\/\/europeancourt.org\/conseils-juridiques-et-contacts\/"},"modified":"2026-05-01T03:30:38","modified_gmt":"2026-05-01T01:30:38","slug":"conseils-juridiques-et-contacts","status":"publish","type":"page","link":"https:\/\/europeancourt.org\/fr\/conseils-juridiques-et-contacts\/","title":{"rendered":"Conseils juridiques et contacts"},"content":{"rendered":"<div id=\"ec-contact-shell\" class=\"ec-service-page ec-service-contacts\" data-service=\"contacts\">\n<div class=\"ec-service-screen-1\">\n<div class=\"wpcf7\">\n<div data-id=\"group-firstpage\">\n<div class=\"mywpcf7cf\">J\u2019ai besoin de :<\/div>\n\n<span class=\"wpcf7-form-control-wrap\" data-name=\"radio-firstpage1\"><span class=\"wpcf7-form-control wpcf7-acceptance optional\"><span class=\"wpcf7-list-item\"><label><input type=\"checkbox\" name=\"radio-firstpage1\" value=\"1\" aria-invalid=\"false\" \/><span class=\"ec-shell-choice-marker\" aria-hidden=\"true\"><\/span><span class=\"wpcf7-list-item-label\"><a title=\"Pr\u00e9paration des requ\u00eates \u00e0 la CEDH\" href=\"https:\/\/europeancourt.org\/fr\/services\/cedh\/pr%c3%a9paration-des-requ%c3%aates-%c3%a0-la-cedh\/\">pr\u00e9parer une requ\u00eate devant la CEDH<\/a><\/span><\/label><\/span><\/span><\/span>\n\n<span class=\"wpcf7-form-control-wrap\" data-name=\"radio-firstpage2\"><span class=\"wpcf7-form-control wpcf7-acceptance optional\"><span class=\"wpcf7-list-item\"><label><input type=\"checkbox\" name=\"radio-firstpage2\" value=\"1\" aria-invalid=\"false\" \/><span class=\"ec-shell-choice-marker\" aria-hidden=\"true\"><\/span><span class=\"wpcf7-list-item-label\"><a title=\"V\u00e9rification du formulaire de requ\u00eate \u00e0 la CEDH\" href=\"https:\/\/europeancourt.org\/fr\/services\/cedh\/v%c3%a9rification-du-formulaire-de-requ%c3%aate-%c3%a0-la-cedh\/\">faire v\u00e9rifier un formulaire de requ\u00eate avant son envoi \u00e0 la CEDH<\/a><\/span><\/label><\/span><\/span><\/span>\n\n<span class=\"wpcf7-form-control-wrap\" data-name=\"radio-firstpage3\"><span class=\"wpcf7-form-control wpcf7-acceptance optional\"><span class=\"wpcf7-list-item\"><label><input type=\"checkbox\" name=\"radio-firstpage3\" value=\"1\" aria-invalid=\"false\" \/><span class=\"ec-shell-choice-marker\" aria-hidden=\"true\"><\/span><span class=\"wpcf7-list-item-label\"><a title=\"Repr\u00e9sentation des requ\u00e9rants devant la CEDH\" href=\"https:\/\/europeancourt.org\/fr\/services\/cedh\/repr%c3%a9sentation-des-requ%c3%a9rants-devant-la-cedh\/\">\u00eatre repr\u00e9sent\u00e9 devant la CEDH apr\u00e8s communication de la requ\u00eate<\/a><\/span><\/label><\/span><\/span><\/span>\n\n<span class=\"wpcf7-form-control-wrap\" data-name=\"radio-firstpage7\"><span class=\"wpcf7-form-control wpcf7-acceptance optional\"><span class=\"wpcf7-list-item\"><label><input type=\"checkbox\" name=\"radio-firstpage7\" value=\"1\" aria-invalid=\"false\" \/><span class=\"ec-shell-choice-marker\" aria-hidden=\"true\"><\/span><span class=\"wpcf7-list-item-label\"><a title=\"Savoir o\u00f9 en est une requ\u00eate \u00e0 la CEDH\" href=\"https:\/\/europeancourt.org\/fr\/services\/cedh\/savoir-o%c3%b9-en-est-une-requ%c3%aate\/\">conna\u00eetre le sort d\u2019une requ\u00eate devant la CEDH<\/a><\/span><\/label><\/span><\/span><\/span>\n\n<span class=\"wpcf7-form-control-wrap\" data-name=\"radio-firstpage8\"><span class=\"wpcf7-form-control wpcf7-acceptance optional\"><span class=\"wpcf7-list-item\"><label><input type=\"checkbox\" name=\"radio-firstpage8\" value=\"1\" aria-invalid=\"false\" \/><span class=\"ec-shell-choice-marker\" aria-hidden=\"true\"><\/span><span class=\"wpcf7-list-item-label\"><a title=\"Formulaire de requ\u00eate \u00e0 la Cour europ\u00e9enne des droits de l\u2019homme\" href=\"https:\/\/europeancourt.org\/fr\/documents\/conseil-de-leurope\/cedh\/formulaire-de-requ%c3%aate\/\">t\u00e9l\u00e9charger le formulaire de requ\u00eate \u00e0 la CEDH<\/a><\/span><\/label><\/span><\/span><\/span>\n\n<span class=\"wpcf7-form-control-wrap\" data-name=\"radio-firstpage22\"><span class=\"wpcf7-form-control wpcf7-acceptance optional\"><span class=\"wpcf7-list-item\"><label><input type=\"checkbox\" name=\"radio-firstpage22\" value=\"1\" aria-invalid=\"false\" \/><span class=\"ec-shell-choice-marker\" aria-hidden=\"true\"><\/span><span class=\"wpcf7-list-item-label\">demander une consultation<\/span><\/label><\/span><\/span><\/span>\n\n<span class=\"wpcf7-form-control-wrap\" data-name=\"radio-firstpage23\"><span class=\"wpcf7-form-control wpcf7-acceptance optional\"><span class=\"wpcf7-list-item\"><label><input type=\"checkbox\" name=\"radio-firstpage23\" value=\"1\" aria-invalid=\"false\" \/><span class=\"ec-shell-choice-marker\" aria-hidden=\"true\"><\/span><span class=\"wpcf7-list-item-label\">afficher les coordonn\u00e9es<\/span><\/label><\/span><\/span><\/span>\n\n<\/div>\n<\/div>\n<\/div>\n<div class=\"ec-service-form-shell\"><div id=\"ajax_content\" data-loaded=\"0\"><\/div><\/div>\n<\/div>\n","protected":false},"excerpt":{"rendered":"J\u2019ai besoin de : pr\u00e9parer une requ\u00eate devant la CEDH faire v\u00e9rifier un formulaire de requ\u00eate avant son envoi \u00e0 la CEDH \u00eatre repr\u00e9sent\u00e9 devant la CEDH apr\u00e8s communication de la requ\u00eate conna\u00eetre le&#46;&#46;&#46;","protected":false},"author":0,"featured_media":0,"parent":0,"menu_order":0,"comment_status":"closed","ping_status":"closed","template":"","meta":{"footnotes":""},"categories":[],"tags":[],"class_list":["post-225284","page","type-page","status-publish","hentry"],"_links":{"self":[{"href":"https:\/\/europeancourt.org\/fr\/wp-json\/wp\/v2\/pages\/225284","targetHints":{"allow":["GET"]}}],"collection":[{"href":"https:\/\/europeancourt.org\/fr\/wp-json\/wp\/v2\/pages"}],"about":[{"href":"https:\/\/europeancourt.org\/fr\/wp-json\/wp\/v2\/types\/page"}],"replies":[{"embeddable":true,"href":"https:\/\/europeancourt.org\/fr\/wp-json\/wp\/v2\/comments?post=225284"}],"version-history":[{"count":4,"href":"https:\/\/europeancourt.org\/fr\/wp-json\/wp\/v2\/pages\/225284\/revisions"}],"predecessor-version":[{"id":226711,"href":"https:\/\/europeancourt.org\/fr\/wp-json\/wp\/v2\/pages\/225284\/revisions\/226711"}],"wp:attachment":[{"href":"https:\/\/europeancourt.org\/fr\/wp-json\/wp\/v2\/media?parent=225284"}],"wp:term":[{"taxonomy":"category","embeddable":true,"href":"https:\/\/europeancourt.org\/fr\/wp-json\/wp\/v2\/categories?post=225284"},{"taxonomy":"post_tag","embeddable":true,"href":"https:\/\/europeancourt.org\/fr\/wp-json\/wp\/v2\/tags?post=225284"}],"curies":[{"name":"wp","href":"https:\/\/api.w.org\/{rel}","templated":true}]}}