{"id":116076,"date":"2022-06-13T12:26:38","date_gmt":"2022-06-13T10:26:38","guid":{"rendered":"https:\/\/europeancourt.org\/dokumenti\/"},"modified":"2024-06-25T16:43:31","modified_gmt":"2024-06-25T14:43:31","slug":"dokumenti","status":"publish","type":"page","link":"https:\/\/europeancourt.org\/hr\/dokumenti\/","title":{"rendered":"Dokumenti"},"content":{"rendered":"<ul>\n<li><a href=\"https:\/\/europeancourt.org\/hr\/dokumenti\/vije%c4%87e-europe\/\" title=\"Vije\u0107e Europe\">Vije\u0107e Europe<\/a><\/li>\n<ul>\n<li><a href=\"https:\/\/europeancourt.org\/hr\/dokumenti\/vije%c4%87e-europe\/europska-konvencija-o-ljudskim-pravima\/\" title=\"Konvencija za za\u0161titu ljudskih prava i temeljnih sloboda\">Konvencija za za\u0161titu ljudskih prava i temeljnih sloboda<\/a><\/li>\n<ul>\n<li><a href=\"https:\/\/europeancourt.org\/hr\/dokumenti\/vije%c4%87e-europe\/europska-konvencija-o-ljudskim-pravima\/protokol-br1\/\" title=\"Protokol uz Konvenciju za za\u0161titu ljudskih prava i temeljnih sloboda\">Protokol uz Konvenciju za za\u0161titu ljudskih prava i temeljnih sloboda<\/a><\/li>\n<li><a href=\"https:\/\/europeancourt.org\/hr\/dokumenti\/vije%c4%87e-europe\/europska-konvencija-o-ljudskim-pravima\/protokol-br4\/\" title=\"Protokol br. 4 uz Konvenciju za za\u0161titu ljudskih prava i temeljnih sloboda\">Protokol br. 4 uz Konvenciju za za\u0161titu ljudskih prava i temeljnih sloboda<\/a><\/li>\n<li><a href=\"https:\/\/europeancourt.org\/hr\/dokumenti\/vije%c4%87e-europe\/europska-konvencija-o-ljudskim-pravima\/protokol-br6\/\" title=\"Protokol br. 6 uz Konvenciju za za\u0161titu ljudskih prava i temeljnih sloboda\">Protokol br. 6 uz Konvenciju za za\u0161titu ljudskih prava i temeljnih sloboda<\/a><\/li>\n<li><a href=\"https:\/\/europeancourt.org\/hr\/dokumenti\/vije%c4%87e-europe\/europska-konvencija-o-ljudskim-pravima\/protokol-br7\/\" title=\"Protokol br. 7 uz Konvenciju za za\u0161titu ljudskih prava i temeljnih sloboda\">Protokol br. 7 uz Konvenciju za za\u0161titu ljudskih prava i temeljnih sloboda<\/a><\/li>\n<li><a href=\"https:\/\/europeancourt.org\/hr\/dokumenti\/vije%c4%87e-europe\/europska-konvencija-o-ljudskim-pravima\/protokol-br12\/\" title=\"Protokol br. 12 uz Konvenciju za za\u0161titu ljudskih prava i temeljnih sloboda\">Protokol br. 12 uz Konvenciju za za\u0161titu ljudskih prava i temeljnih sloboda<\/a><\/li>\n<li><a href=\"https:\/\/europeancourt.org\/hr\/dokumenti\/vije%c4%87e-europe\/europska-konvencija-o-ljudskim-pravima\/protokol-br13\/\" title=\"Protokol br. 13 uz Konvenciju za za\u0161titu ljudskih prava i temeljnih sloboda\">Protokol br. 13 uz Konvenciju za za\u0161titu ljudskih prava i temeljnih sloboda<\/a><\/li>\n<li><a href=\"https:\/\/europeancourt.org\/hr\/dokumenti\/vije%c4%87e-europe\/europska-konvencija-o-ljudskim-pravima\/protokol-br16\/\" title=\"Protokol br. 16 uz Konvenciju za za\u0161titu ljudskih prava i temeljnih sloboda\">Protokol br. 16 uz Konvenciju za za\u0161titu ljudskih prava i temeljnih sloboda<\/a><\/li>\n<\/ul>\n<li><a href=\"https:\/\/europeancourt.org\/hr\/dokumenti\/vije%c4%87e-europe\/esljp\/\" title=\"Europski sud za ljudska prava\">Europski sud za ljudska prava<\/a><\/li>\n<ul>\n<li><a href=\"https:\/\/europeancourt.org\/hr\/dokumenti\/vije%c4%87e-europe\/esljp\/poslovnik-pravilo-47\/\" title=\"Pravilo 47. Poslovnika Europskog suda za ljudska prava\">Poslovnik Suda \u2013 pravilo 47.<\/a><\/li>\n<li><a href=\"https:\/\/europeancourt.org\/en\/documents\/council-of-europe\/echr\/practice-directions-institution-of-proceedings\/\" title=\"Pokretanje postupka \u2013 Prakti\u010dne upute\">Pokretanje postupka \u2013 Prakti\u010dne upute<\/a><\/li>\n<li><a href=\"https:\/\/europeancourt.org\/hr\/dokumenti\/vije%c4%87e-europe\/esljp\/obrazac-zahtjeva\/\" title=\"Obrazac zahtjeva Europskom sudu za ljudska prava\">Obrazac zahtjeva<\/a><\/li>\n<ul>\n<li><a href=\"https:\/\/europeancourt.org\/hr\/dokumenti\/vije%c4%87e-europe\/esljp\/obrazac-zahtjeva\/upute-za-ispunjavanje\/\" title=\"Upute za ispunjavanje obrasca zahtjeva\">Upute za ispunjavanje obrasca zahtjeva<\/a><\/li>\n<\/ul>\n<li><a href=\"https:\/\/europeancourt.org\/hr\/dokumenti\/vije%c4%87e-europe\/esljp\/punomo%c4%87\/\" title=\"Punomo\u0107 za Europski sud za ljudska prava\">Punomo\u0107<\/a><\/li>\n<li><a href=\"https:\/\/europeancourt.org\/downloads\/hr\/Tabelu_s_osobnim_podacima_i_podacima_za_kontakt_za_svakog_podnositelja_zahtjeva_ESLJP_HRV.XLSX\" title=\"Tabelu s osobnim podacima i podacima za kontakt za svakog podnositelja zahtjeva Europskom sudu za ljudska prava\">Dodatak za zahtjeve s vi\u0161e podnositelja<\/a><\/li>\n<\/ul><\/ul><\/ul> ","protected":false},"excerpt":{"rendered":"Vije\u0107e Europe Konvencija za za\u0161titu ljudskih prava i temeljnih sloboda Protokol uz Konvenciju za za\u0161titu ljudskih prava i temeljnih sloboda Protokol br. 4 uz Konvenciju za za\u0161titu ljudskih prava i temeljnih sloboda Protokol br.&#46;&#46;&#46;","protected":false},"author":1,"featured_media":210070,"parent":0,"menu_order":0,"comment_status":"closed","ping_status":"closed","template":"","meta":{"footnotes":""},"categories":[],"tags":[],"class_list":["post-116076","page","type-page","status-publish","has-post-thumbnail","hentry"],"_links":{"self":[{"href":"https:\/\/europeancourt.org\/hr\/wp-json\/wp\/v2\/pages\/116076","targetHints":{"allow":["GET"]}}],"collection":[{"href":"https:\/\/europeancourt.org\/hr\/wp-json\/wp\/v2\/pages"}],"about":[{"href":"https:\/\/europeancourt.org\/hr\/wp-json\/wp\/v2\/types\/page"}],"author":[{"embeddable":true,"href":"https:\/\/europeancourt.org\/hr\/wp-json\/wp\/v2\/users\/1"}],"replies":[{"embeddable":true,"href":"https:\/\/europeancourt.org\/hr\/wp-json\/wp\/v2\/comments?post=116076"}],"version-history":[{"count":0,"href":"https:\/\/europeancourt.org\/hr\/wp-json\/wp\/v2\/pages\/116076\/revisions"}],"wp:featuredmedia":[{"embeddable":true,"href":"https:\/\/europeancourt.org\/hr\/wp-json\/wp\/v2\/media\/210070"}],"wp:attachment":[{"href":"https:\/\/europeancourt.org\/hr\/wp-json\/wp\/v2\/media?parent=116076"}],"wp:term":[{"taxonomy":"category","embeddable":true,"href":"https:\/\/europeancourt.org\/hr\/wp-json\/wp\/v2\/categories?post=116076"},{"taxonomy":"post_tag","embeddable":true,"href":"https:\/\/europeancourt.org\/hr\/wp-json\/wp\/v2\/tags?post=116076"}],"curies":[{"name":"wp","href":"https:\/\/api.w.org\/{rel}","templated":true}]}}