{"id":147364,"date":"2022-06-23T10:51:39","date_gmt":"2022-06-23T08:51:39","guid":{"rendered":"https:\/\/europeancourt.org\/dokumenti\/vije%c4%87e-europe\/esljp\/"},"modified":"2024-06-25T16:14:46","modified_gmt":"2024-06-25T14:14:46","slug":"esljp","status":"publish","type":"page","link":"https:\/\/europeancourt.org\/hr\/dokumenti\/vije%c4%87e-europe\/esljp\/","title":{"rendered":"ESLJP"},"content":{"rendered":"<ul> \n<li><a href=\"https:\/\/europeancourt.org\/hr\/dokumenti\/vije%c4%87e-europe\/esljp\/poslovnik-pravilo-47\/\" title=\"Pravilo 47. Poslovnika Europskog suda za ljudska prava\">Poslovnik Suda \u2013 pravilo 47.<\/a><\/li>\n<li><a href=\"https:\/\/europeancourt.org\/en\/documents\/council-of-europe\/echr\/practice-directions-institution-of-proceedings\/\" title=\"Pokretanje postupka \u2013 Prakti\u010dne upute\">Pokretanje postupka \u2013 Prakti\u010dne upute<\/a><\/li>\n<li><a href=\"https:\/\/europeancourt.org\/hr\/dokumenti\/vije%c4%87e-europe\/esljp\/obrazac-zahtjeva\/\" title=\"Obrazac zahtjeva Europskom sudu za ljudska prava\">Obrazac zahtjeva<\/a><\/li>\n<ul>\n<li><a href=\"https:\/\/europeancourt.org\/hr\/dokumenti\/vije%c4%87e-europe\/esljp\/obrazac-zahtjeva\/upute-za-ispunjavanje\/\" title=\"Upute za ispunjavanje obrasca zahtjeva\">Upute za ispunjavanje obrasca zahtjeva<\/a><\/li>\n<\/ul>\n<li><a href=\"https:\/\/europeancourt.org\/hr\/dokumenti\/vije%c4%87e-europe\/esljp\/punomo%c4%87\/\" title=\"Punomo\u0107 za Europski sud za ljudska prava\">Punomo\u0107<\/a><\/li>\n<li><a href=\"https:\/\/europeancourt.org\/downloads\/hr\/Tabelu_s_osobnim_podacima_i_podacima_za_kontakt_za_svakog_podnositelja_zahtjeva_ESLJP_HRV.XLSX\" title=\"Tabelu s osobnim podacima i podacima za kontakt za svakog podnositelja zahtjeva Europskom sudu za ljudska prava\">Dodatak za zahtjeve s vi\u0161e podnositelja<\/a><\/li>\n<\/ul>","protected":false},"excerpt":{"rendered":"Poslovnik Suda \u2013 pravilo 47. Pokretanje postupka \u2013 Prakti\u010dne upute Obrazac zahtjeva Upute za ispunjavanje obrasca zahtjeva Punomo\u0107 Dodatak za zahtjeve s vi\u0161e podnositelja","protected":false},"author":1,"featured_media":192017,"parent":116101,"menu_order":0,"comment_status":"closed","ping_status":"closed","template":"","meta":{"footnotes":""},"categories":[],"tags":[],"class_list":["post-147364","page","type-page","status-publish","has-post-thumbnail","hentry"],"_links":{"self":[{"href":"https:\/\/europeancourt.org\/hr\/wp-json\/wp\/v2\/pages\/147364","targetHints":{"allow":["GET"]}}],"collection":[{"href":"https:\/\/europeancourt.org\/hr\/wp-json\/wp\/v2\/pages"}],"about":[{"href":"https:\/\/europeancourt.org\/hr\/wp-json\/wp\/v2\/types\/page"}],"author":[{"embeddable":true,"href":"https:\/\/europeancourt.org\/hr\/wp-json\/wp\/v2\/users\/1"}],"replies":[{"embeddable":true,"href":"https:\/\/europeancourt.org\/hr\/wp-json\/wp\/v2\/comments?post=147364"}],"version-history":[{"count":0,"href":"https:\/\/europeancourt.org\/hr\/wp-json\/wp\/v2\/pages\/147364\/revisions"}],"up":[{"embeddable":true,"href":"https:\/\/europeancourt.org\/hr\/wp-json\/wp\/v2\/pages\/116101"}],"wp:featuredmedia":[{"embeddable":true,"href":"https:\/\/europeancourt.org\/hr\/wp-json\/wp\/v2\/media\/192017"}],"wp:attachment":[{"href":"https:\/\/europeancourt.org\/hr\/wp-json\/wp\/v2\/media?parent=147364"}],"wp:term":[{"taxonomy":"category","embeddable":true,"href":"https:\/\/europeancourt.org\/hr\/wp-json\/wp\/v2\/categories?post=147364"},{"taxonomy":"post_tag","embeddable":true,"href":"https:\/\/europeancourt.org\/hr\/wp-json\/wp\/v2\/tags?post=147364"}],"curies":[{"name":"wp","href":"https:\/\/api.w.org\/{rel}","templated":true}]}}