{"id":147465,"date":"2022-07-02T14:27:20","date_gmt":"2022-07-02T12:27:20","guid":{"rendered":"https:\/\/europeancourt.org\/dokumenti\/vije%c4%87e-europe\/esljp\/poslovnik-pravilo-47\/"},"modified":"2025-10-05T12:00:15","modified_gmt":"2025-10-05T12:00:15","slug":"poslovnik-pravilo-47","status":"publish","type":"page","link":"https:\/\/europeancourt.org\/hr\/dokumenti\/vije%c4%87e-europe\/esljp\/poslovnik-pravilo-47\/","title":{"rendered":"Poslovnik Suda \u2013 pravilo 47."},"content":{"rendered":"<h2 style=\"text-align: center;\">Poslovnik Suda<\/h2>\n<p><strong>Pravilo 47.<a class=\"paddingleft2px\" title=\"Izmjene I dopune od 17. lipnja i 8. srpnja 2002., 11. prosinca 2007., 22. rujna 2008. 6. svibnja 2013, 1. lipnja i 5. listopada 2015 i 18. sije\u010dnja 2024.\" href=\"#fn1\"><sup style=\"cursor:help\">1<\/sup><\/a> \u2013 Sadr\u017eaj pojedina\u010dnog zahtjeva<\/strong><\/p>\n<p>1. Svaki se zahtjev prema <a title=\"\u010clanak 34. Konvencije za za\u0161titu ljudskih prava i temeljnih sloboda\" href=\"https:\/\/europeancourt.org\/hr\/dokumenti\/vije%c4%87e-europe\/europska-konvencija-o-ljudskim-pravima\/#%C4%8Dlanak-34\">\u010dlanku 34. Konvencije<\/a> podnosi na <a href=\"https:\/\/europeancourt.org\/hr\/dokumenti\/vije%c4%87e-europe\/esljp\/obrazac-zahtjeva\/\" title=\"Obrazac zahtjeva Europskom sudu za ljudska prava\">obrascu<\/a> koji daje Tajni\u0161tvo, osim ako Sud odlu\u010di druga\u010dije. Zahtjev treba sadr\u017eavati sve tra\u017eene podatke u odgovaraju\u0107im dijelovima obrasca te je u njemu potrebno navesti:<\/p>\n<p style=\"padding-left: 40px;\">(a) ime, datum ro\u0111enja, dr\u017eavljanstvo i adresu podnositelja zahtjeva te, ako je podnositelj zahtjeva pravna osoba, punu tvrtku ili naziv, datum osnivanja ili upisa, te broj pod kojim je upisana (ako postoji) kao i slu\u017ebenu adresu sjedi\u0161ta;<\/p>\n<p style=\"padding-left: 40px;\">(b) ime, adresu, broj telefona i telefaksa, e-mail adresu zastupnika, ukoliko ga imate;<\/p>\n<p style=\"padding-left: 40px;\">(c) ako podnositelj zahtjeva ima punomo\u0107nika, datum i potpis podnositelja u izvorniku u dijelu obrasca previ\u0111enom za punomo\u0107; potpis punomo\u0107nika u izvorniku, kojim potvr\u0111uje svoj pristanak da zastupa podnositelja zahtjeva, mora se tako\u0111er nalaziti u dijelu obrasca previ\u0111enom za punomo\u0107; Sud mo\u017ee prihvatiti preslike potpisa ili druge obrasce punomo\u0107i koji vrijede u doma\u0107em pravu ugovornih stranaka ako se navedu uvjerljivi razlozi za odstupanje od ovih zahtjeva i ako se obrazac punomo\u0107i s izvornim potpisima dostavi Sudu u razumnom roku;<\/p>\n<p style=\"padding-left: 40px;\">(d) ime ugovorne stranke ili stranaka protiv koje\/kojih se podnosi zahtjev;<\/p>\n<p style=\"padding-left: 40px;\">(e) sa\u017eetu i \u010ditku izjavu o \u010dinjenicama;<\/p>\n<p style=\"padding-left: 40px;\">(f) sa\u017eetu i \u010ditku izjavu o navodnim povredama Konvencije i odgovaraju\u0107e obrazlo\u017eenje; i<\/p>\n<p style=\"padding-left: 40px;\">(g) sa\u017eetu i \u010ditku izjavu o tome je li se podnositelj zahtjeva pridr\u017eavao uvjeta dopu\u0161tenosti sadr\u017eanih u <a title=\"\u010clanak 35. Konvencije za za\u0161titu ljudskih prava i temeljnih sloboda\" href=\"https:\/\/europeancourt.org\/hr\/dokumenti\/vije%c4%87e-europe\/europska-konvencija-o-ljudskim-pravima\/#%C4%8Dlanak-35\">\u010dlanku 35. stavku 1. Konvencije<\/a>.<\/p>\n<p>2.<\/p>\n<p style=\"padding-left: 40px;\">(a) Svi podaci iz stavka 1. (e) do (g) navedeni u odgovaraju\u0107em dijelu obrasca zahtjeva trebali bi biti dovoljni Sudu da odredi vrstu i predmet zahtjeva bez uvida u bilo koji drugi dokument.<\/p>\n<p style=\"padding-left: 40px;\">(b) Me\u0111utim, podnositelj zahtjeva mo\u017ee nadopuniti navedene podatke prila\u017eu\u0107i uz obrazac zahtjeva dodatne informacije koje se odnose na \u010dinjenice, navodne povrede Konvencije i relevantna obrazlo\u017eenja. Ti prilozi ne smiju biti du\u017ei od 20 stranica.<\/p>\n<p>3.1. Podnositelj zahtjeva ili njegov zastupnik moraju potpisati obrazac zahtjeva te uz njega <\/p>\n<p style=\"padding-left: 40px;\">(a) preslike dokumenata, sudskih ili drugih odluka, koje se odnose na predmet zahtjeva;<\/p>\n<p style=\"padding-left: 40px;\">(b) preslike dokumenta i odluka kao dokaz da se podnositelj zahtjeva pridr\u017eavao pravila o iscrpljivanju doma\u0107ih pravnih sredstava i roka iz <a title=\"\u010clanak 35. Konvencije za za\u0161titu ljudskih prava i temeljnih sloboda\" href=\"https:\/\/europeancourt.org\/hr\/dokumenti\/vije%c4%87e-europe\/europska-konvencija-o-ljudskim-pravima\/#%C4%8Dlanak-35\">\u010dlanka 35. stavka 1. Konvencije<\/a>;<\/p>\n<p style=\"padding-left: 40px;\">(c) ukoliko postoje, preslike dokumenata koji se odnose na sve druge postupke pred me\u0111unarodnim tijelima;<\/p>\n<p style=\"padding-left: 40px;\">(d) ako je podnositelj zahtjeva pravna osoba, kako je navedeno u stavku 1 (a) ovog pravila, dokument(e) iz kojih je razvidno da je pojedinac koji je podnio zahtjev ovla\u0161ten zastupati podnositelja.<\/p>\n<p>3.2. Dokumenti prilo\u017eeni uz obrazac zahtjeva moraju biti poredani po datumu, te ozna\u010deni rednim brojevima.<\/p>\n<p>4. Podnositelji zahtjeva koji ne \u017eele da se njihov identitet otkrije javnosti moraju to jasno nazna\u010diti te navesti razloge za odstupanje od uobi\u010dajenog pravila o javnosti podataka u postupku pred Sudom. Sud mo\u017ee odobriti zahtjev za anonimnost ili je dodijeliti samoinicijativno.<\/p>\n<p>5.1. Ukoliko ne ispunite uvjete iz stavka 1. do 3. ovog Poslovnika, Sud ne\u0107e razmotriti Va\u0161 zahtjev, osim:<\/p>\n<p style=\"padding-left: 40px;\">(a) ako podnositelj dostavi odgovaraju\u0107e obja\u0161njenje za odstupanje od pravila;<\/p>\n<p style=\"padding-left: 40px;\">(b) ako se zahtjev odnosi na zahtjev za izdavanjem privremene mjere;<\/p>\n<p style=\"padding-left: 40px;\">(c) ako Sud sam ili na zahtjev podnositelja zahtjeva odlu\u010di druga\u010dije.<\/p>\n<p>5.2. Sud u svakom slu\u010daju mo\u017ee zatra\u017eiti od podnositelja zahtjeva da dostavi informacije ili dokumente u bilo kojoj formi ili na bilo koji na\u010din koji se mo\u017ee smatrati odgovaraju\u0107im i u odre\u0111enom vremenskom roku.<\/p>\n<p>6.<\/p>\n<p style=\"padding-left: 40px;\">(a) Datumom podno\u0161enja zahtjeva u smislu <a title=\"\u010clanak 35. Konvencije za za\u0161titu ljudskih prava i temeljnih sloboda\" href=\"https:\/\/europeancourt.org\/hr\/dokumenti\/vije%c4%87e-europe\/europska-konvencija-o-ljudskim-pravima\/#%C4%8Dlanak-35\">\u010dlanka 35. stavka 1. Konvencije<\/a> smatra se datum kada je obrazac zahtjeva koji ispunjava uvjete iz ovog Poslovnika poslan Sudu. Kao datum po\u0161iljke smatra se datum po\u0161tanskog \u017eiga.<\/p>\n<p style=\"padding-left: 40px;\">(b) Sud mo\u017ee, me\u0111utim, ukoliko to smatra opravdanim, odlu\u010diti da se kao datum podno\u0161enja zahtjeva smatra neki drugi datum.<\/p>\n<p>7. Podnositelji zahtjeva moraju obavje\u0161tavati Sud o svakoj promjeni adrese i o svim va\u017enim okolnostima.<\/p>\n__________\n<p id=\"fn1\"><sup>1<\/sup> Izmjene I dopune od 17. lipnja i 8. srpnja 2002., 11. prosinca 2007., 22. rujna 2008. 6. svibnja 2013, 1. lipnja i 5. listopada 2015 i 18. sije\u010dnja 2024.<\/p>","protected":false},"excerpt":{"rendered":"Poslovnik Suda Pravilo 47.1 \u2013 Sadr\u017eaj pojedina\u010dnog zahtjeva 1. Svaki se zahtjev prema \u010dlanku 34. Konvencije podnosi na obrascu koji daje Tajni\u0161tvo, osim ako Sud odlu\u010di druga\u010dije. Zahtjev treba sadr\u017eavati sve tra\u017eene podatke u&#46;&#46;&#46;","protected":false},"author":1,"featured_media":188931,"parent":147364,"menu_order":0,"comment_status":"closed","ping_status":"closed","template":"","meta":{"footnotes":""},"categories":[],"tags":[],"class_list":["post-147465","page","type-page","status-publish","has-post-thumbnail","hentry"],"_links":{"self":[{"href":"https:\/\/europeancourt.org\/hr\/wp-json\/wp\/v2\/pages\/147465","targetHints":{"allow":["GET"]}}],"collection":[{"href":"https:\/\/europeancourt.org\/hr\/wp-json\/wp\/v2\/pages"}],"about":[{"href":"https:\/\/europeancourt.org\/hr\/wp-json\/wp\/v2\/types\/page"}],"author":[{"embeddable":true,"href":"https:\/\/europeancourt.org\/hr\/wp-json\/wp\/v2\/users\/1"}],"replies":[{"embeddable":true,"href":"https:\/\/europeancourt.org\/hr\/wp-json\/wp\/v2\/comments?post=147465"}],"version-history":[{"count":0,"href":"https:\/\/europeancourt.org\/hr\/wp-json\/wp\/v2\/pages\/147465\/revisions"}],"up":[{"embeddable":true,"href":"https:\/\/europeancourt.org\/hr\/wp-json\/wp\/v2\/pages\/147364"}],"wp:featuredmedia":[{"embeddable":true,"href":"https:\/\/europeancourt.org\/hr\/wp-json\/wp\/v2\/media\/188931"}],"wp:attachment":[{"href":"https:\/\/europeancourt.org\/hr\/wp-json\/wp\/v2\/media?parent=147465"}],"wp:term":[{"taxonomy":"category","embeddable":true,"href":"https:\/\/europeancourt.org\/hr\/wp-json\/wp\/v2\/categories?post=147465"},{"taxonomy":"post_tag","embeddable":true,"href":"https:\/\/europeancourt.org\/hr\/wp-json\/wp\/v2\/tags?post=147465"}],"curies":[{"name":"wp","href":"https:\/\/api.w.org\/{rel}","templated":true}]}}