{"id":177031,"date":"2022-07-03T16:50:48","date_gmt":"2022-07-03T14:50:48","guid":{"rendered":"https:\/\/europeancourt.org\/dokumenti\/vije%c4%87e-europe\/esljp\/punomo%c4%87\/"},"modified":"2024-06-10T23:57:11","modified_gmt":"2024-06-10T21:57:11","slug":"punomo%c4%87","status":"publish","type":"page","link":"https:\/\/europeancourt.org\/hr\/dokumenti\/vije%c4%87e-europe\/esljp\/punomo%c4%87\/","title":{"rendered":"Punomo\u0107 za Europski sud za ljudska prava"},"content":{"rendered":"<p>Obrazac je mogu\u0107e ispravno ispuniti samo uz program Adobe Reader 9 ili neku njegovu noviju verziju i to samo u Windows ili Mac OS X operativnom sustavu. Provjerite imate li na ra\u010dunalu instaliran Adobe Reader (mo\u017eete ga <a href=\"https:\/\/get.adobe.com\/hr\/reader\/\" title=\"Adobe Reader\" target=\"_blank\" rel=\"noopener\">preuzeti na stranici www.adobe.com<\/a>).<\/p>\n<ul>\n<li>Spremite obrazac na izabranu lokaciju u Va\u0161em ra\u010dunalu.<\/li>\n<li>Otvorite spremljeni primjerak obrasca u Adobe Readeru s izabrane lokacije.<\/li>\n<li>Ispunite obrazac i spremite ga.<\/li>\n<li>Nakon \u0161to ste ispunili obrazac, ispi\u0161ite ga, potpi\u0161ite te po\u0161aljite po\u0161tom Sudu.<\/li>\n<\/ul>\n<p style=\"text-align: center;\"><a title=\"Punomo\u0107 za Europski sud za ljudska prava\" href=\"https:\/\/europeancourt.org\/downloads\/hr\/Punomoc_za_Europski_sud_za_ljudska_prava_HRV_2021-1.PDF\" class=\"extlinkoff mybrightbutton red\" download=\"\">Preuzimanje datoteka <i class=\"fas fa-download\"><\/i><\/a><\/p>\n<iframe class=\"wonderplugin-pdf-iframe\" src=\"https:\/\/europeancourt.org\/wp-content\/plugins\/wonderplugin-pdf-embed\/pdfjs\/web\/viewer.html?v=2&disabledownload=1&disableprint=1&disabledoc=1&disableopenfile=1&externallinktarget=2&file=https:\/\/europeancourt.org\/noindex\/AuthF_HRV_2021-1.pdf\" title=\"Punomo\u0107 za Europski sud za ljudska prava\" width=\"100%\" height=\"900px\" style=\"border:0;\"><\/iframe>","protected":false},"excerpt":{"rendered":"Obrazac je mogu\u0107e ispravno ispuniti samo uz program Adobe Reader 9 ili neku njegovu noviju verziju i to samo u Windows ili Mac OS X operativnom sustavu. Provjerite imate li na ra\u010dunalu instaliran Adobe&#46;&#46;&#46;","protected":false},"author":1,"featured_media":191800,"parent":147364,"menu_order":0,"comment_status":"closed","ping_status":"closed","template":"","meta":{"footnotes":""},"categories":[],"tags":[],"class_list":["post-177031","page","type-page","status-publish","has-post-thumbnail","hentry"],"_links":{"self":[{"href":"https:\/\/europeancourt.org\/hr\/wp-json\/wp\/v2\/pages\/177031","targetHints":{"allow":["GET"]}}],"collection":[{"href":"https:\/\/europeancourt.org\/hr\/wp-json\/wp\/v2\/pages"}],"about":[{"href":"https:\/\/europeancourt.org\/hr\/wp-json\/wp\/v2\/types\/page"}],"author":[{"embeddable":true,"href":"https:\/\/europeancourt.org\/hr\/wp-json\/wp\/v2\/users\/1"}],"replies":[{"embeddable":true,"href":"https:\/\/europeancourt.org\/hr\/wp-json\/wp\/v2\/comments?post=177031"}],"version-history":[{"count":0,"href":"https:\/\/europeancourt.org\/hr\/wp-json\/wp\/v2\/pages\/177031\/revisions"}],"up":[{"embeddable":true,"href":"https:\/\/europeancourt.org\/hr\/wp-json\/wp\/v2\/pages\/147364"}],"wp:featuredmedia":[{"embeddable":true,"href":"https:\/\/europeancourt.org\/hr\/wp-json\/wp\/v2\/media\/191800"}],"wp:attachment":[{"href":"https:\/\/europeancourt.org\/hr\/wp-json\/wp\/v2\/media?parent=177031"}],"wp:term":[{"taxonomy":"category","embeddable":true,"href":"https:\/\/europeancourt.org\/hr\/wp-json\/wp\/v2\/categories?post=177031"},{"taxonomy":"post_tag","embeddable":true,"href":"https:\/\/europeancourt.org\/hr\/wp-json\/wp\/v2\/tags?post=177031"}],"curies":[{"name":"wp","href":"https:\/\/api.w.org\/{rel}","templated":true}]}}