{"id":223367,"date":"2021-10-07T00:26:31","date_gmt":"2021-10-06T22:26:31","guid":{"rendered":"https:\/\/europeancourt.org\/?page_id=223367"},"modified":"2025-11-29T10:53:00","modified_gmt":"2025-11-29T09:53:00","slug":"prona%c4%91ite-broj-zahtjeva-registraciju-ili-presudu","status":"publish","type":"page","link":"https:\/\/europeancourt.org\/hr\/usluge\/esljp\/prona%c4%91ite-broj-zahtjeva-registraciju-ili-presudu\/","title":{"rendered":"Prona\u0111ite broj zahtjeva ESLJP-a, registraciju ili presudu"},"content":{"rendered":"<div class=\"mywpcf7cf myshow myhide\">Znate li broj zahtjeva o kojem je rije\u010d?<\/div>\r\n<div class=\"mywpcf7cf myshow myhide\">\r\n  <span class=\"mymultyradiobutton blue\">\r\n    <span class=\"wpcf7-list-item wpcf7\">\r\n      <label><input type=\"radio\"><span class=\"wpcf7-list-item-label\">Da<\/span><\/label>\r\n    <\/span>\r\n  <\/span>\r\n  <span class=\"mymultyradiobutton blue\">\r\n    <span class=\"wpcf7-list-item wpcf7\">\r\n      <label><input type=\"radio\"><span class=\"wpcf7-list-item-label\">Ne<\/span><\/label>\r\n    <\/span>\r\n  <\/span>\r\n<\/div>\r\n<div class=\"mywpcf7cf-blueleft myshow myhide\">\r\n  <span class=\"mycustomsummary\">\u0160to zna\u010di broj zahtjeva?<\/span>\r\n  <span class=\"mycustomdetails\">\r\n    <span class=\"vlist\">\r\n      <span class=\"vitem\">Broj zahtjeva naveden je u svakom pismu ESLJP-a o zahtjevu koji je registriran, odmah nakon rije\u010di \u201eBroj zahtjeva\u201d, a prije naziva zahtjeva (predmeta). U pismima na engleskom navodi se \u201eApplication no.\u201d, a na francuskom \u201eRequ\u00eate n\u00b0\u201d.<\/span>\r\n      <span class=\"vitem\">Format broja zahtjeva: BROJ\/GODINA, npr. 123\/14. Samo znamenke i kosa crta nagnuta udesno: \u201e\/\u201d bez razmaka.<\/span>\r\n      <span class=\"vitem\">Broj istog formata u pismu ESLJP-a o nesukladnosti obrasca zahtjeva s uvjetima nije broj zahtjeva. Taj broj mo\u017ee postati broj zahtjeva tek nakon \u0161to ESLJP zaprimi novi obrazac zahtjeva koji ispunjava uvjete i registrira zahtjev. U takvom pismu ne navodi se naziv zahtjeva (predmeta), jer zahtjev nije registriran, a obi\u010dno se navodi k\u00f4d ECHR-Axxx6, gdje \u201exxx\u201d ozna\u010dava jezik pisma.<\/span>\r\n    <\/span>\r\n  <\/span>\r\n<\/div>\r\n<div class=\"mywpcf7cf myshow myhide mywpcf7cf-utility\">\r\n  <div class=\"mybutton red not-in-text-button is-disabled\" aria-disabled=\"true\">Zapo\u010dni ispo\u010detka<\/div>\r\n  <a class=\"mybutton red not-in-text-button\" href=\"mailto:oleg.anishchik@europeancourt.org?subject=Prona\u0111ite broj zahtjeva ESLJP-a, registraciju ili presudu: pogre\u0161ka&#038;body=Opis pogre\u0161ke: \">Prijavi pogre\u0161ku<\/a>\r\n<\/div>\r\n<div id=\"ajax_content\"><\/div>","protected":false},"excerpt":{"rendered":"Znate li broj zahtjeva o kojem je rije\u010d? Da Ne \u0160to zna\u010di broj zahtjeva? Broj zahtjeva naveden je u svakom pismu ESLJP-a o zahtjevu koji je registriran, odmah nakon rije\u010di \u201eBroj zahtjeva\u201d, a prije&#46;&#46;&#46;","protected":false},"author":1,"featured_media":223368,"parent":222207,"menu_order":0,"comment_status":"closed","ping_status":"closed","template":"","meta":{"footnotes":""},"categories":[],"tags":[],"class_list":["post-223367","page","type-page","status-publish","has-post-thumbnail","hentry"],"_links":{"self":[{"href":"https:\/\/europeancourt.org\/hr\/wp-json\/wp\/v2\/pages\/223367","targetHints":{"allow":["GET"]}}],"collection":[{"href":"https:\/\/europeancourt.org\/hr\/wp-json\/wp\/v2\/pages"}],"about":[{"href":"https:\/\/europeancourt.org\/hr\/wp-json\/wp\/v2\/types\/page"}],"author":[{"embeddable":true,"href":"https:\/\/europeancourt.org\/hr\/wp-json\/wp\/v2\/users\/1"}],"replies":[{"embeddable":true,"href":"https:\/\/europeancourt.org\/hr\/wp-json\/wp\/v2\/comments?post=223367"}],"version-history":[{"count":1,"href":"https:\/\/europeancourt.org\/hr\/wp-json\/wp\/v2\/pages\/223367\/revisions"}],"predecessor-version":[{"id":223369,"href":"https:\/\/europeancourt.org\/hr\/wp-json\/wp\/v2\/pages\/223367\/revisions\/223369"}],"up":[{"embeddable":true,"href":"https:\/\/europeancourt.org\/hr\/wp-json\/wp\/v2\/pages\/222207"}],"wp:featuredmedia":[{"embeddable":true,"href":"https:\/\/europeancourt.org\/hr\/wp-json\/wp\/v2\/media\/223368"}],"wp:attachment":[{"href":"https:\/\/europeancourt.org\/hr\/wp-json\/wp\/v2\/media?parent=223367"}],"wp:term":[{"taxonomy":"category","embeddable":true,"href":"https:\/\/europeancourt.org\/hr\/wp-json\/wp\/v2\/categories?post=223367"},{"taxonomy":"post_tag","embeddable":true,"href":"https:\/\/europeancourt.org\/hr\/wp-json\/wp\/v2\/tags?post=223367"}],"curies":[{"name":"wp","href":"https:\/\/api.w.org\/{rel}","templated":true}]}}