{"id":225286,"date":"2026-04-26T14:47:47","date_gmt":"2026-04-26T12:47:47","guid":{"rendered":"https:\/\/europeancourt.org\/usluge\/esljp\/priprema-zahtjeva-esljp-u\/"},"modified":"2026-04-26T17:02:20","modified_gmt":"2026-04-26T15:02:20","slug":"priprema-zahtjeva-esljp-u","status":"publish","type":"page","link":"https:\/\/europeancourt.org\/hr\/usluge\/esljp\/priprema-zahtjeva-esljp-u\/","title":{"rendered":"Priprema zahtjeva ESLJP-u"},"content":{"rendered":"<div id=\"ec-preparation-page\" class=\"ec-service-page ec-service-preparation\" data-service=\"preparation\">\n<div class=\"ec-service-screen ec-service-screen-1\">\n<div class=\"mywpcf7cf myshow myhide\">Cijena pripreme zahtjeva ESLJP-u ovisi o vremenu potrebnom za taj rad. Raspon je vrlo velik: od nekoliko stotina eura, kada se sve mo\u017ee obaviti u dva-tri sata rada, do 10 tisu\u0107a eura i vi\u0161e, kada su potrebni deseci sati. To vrijeme obuhva\u0107a prou\u010davanje dokumenata, izdvajanje klju\u010dnih \u010dinjenica, pronala\u017eenje i analizu cjelokupne aktualne prakse ESLJP-a o osnovanosti i dopu\u0161tenosti u odnosu na svaku mogu\u0107u pritu\u017ebu, formuliranje tih pritu\u017ebi, obrazlaganje svake povrede i pridr\u017eavanja uvjeta dopu\u0161tenosti za svaku od njih te sa\u017eeto, razumljivo i dosljedno izlaganje svega toga u obrascu zahtjeva.<\/div>\n<div class=\"mywpcf7cf myshow myhide\">Koliko \u0107e vremena trebati upravo u va\u0161em slu\u010daju i kolika \u0107e, prema tome, biti cijena pripreme zahtjeva, mogu utvrditi samo na temelju dokumenata. Dostavite sve odluke na koje se va\u0161e pritu\u017ebe odnose, druge dokumente u kojima su zabilje\u017eene mjere na koje se pritu\u017eujete, sve podneske i druga obra\u0107anja nacionalnim tijelima, uklju\u010duju\u0107i sudove, u kojima su te pritu\u017ebe sadr\u017eajno iznesene, kao i sve odluke donesene o tim podnescima ili obra\u0107anjima. Ako sve spise predmeta ve\u0107 imate u elektroni\u010dkom obliku, najbolje je da ih dostavite odmah. Ne brinite ako dostavite i dokumente koji se poslije poka\u017eu nepotrebnima ili ako ne\u0161to propustite prilo\u017eiti: ako mi nakon prou\u010davanja dostavljenog materijala budu potrebni dodatni dokumenti, zatra\u017eit \u0107u ih od vas.<\/div>\n<div class=\"mywpcf7cf myshow myhide\">Obi\u010dno na upit o cijeni pripreme zahtjeva odgovorim u roku od jednog tjedna nakon \u0161to primim sve potrebne dokumente i informacije. Ako rok za obra\u0107anje ESLJP-u istje\u010de u sljede\u0107ih nekoliko dana, napi\u0161ite mi i pitajte mogu li va\u0161 upit razmotriti hitno. Na takvu \u0107u poruku odgovoriti u roku od 24 sata. Ako potvrdim da mogu i ako odmah dostavite potrebne dokumente i informacije, svoj odgovor na upit poslat \u0107u vam u sljede\u0107ih 48 sati.<\/div>\n<div class=\"mywpcf7cf myshow myhide\">Ako zaklju\u010dim da postoje razumni izgledi za obra\u0107anje ESLJP-u, priop\u0107it \u0107u vam to\u010dnu cijenu pripreme zahtjeva s obzirom na pritu\u017ebe koje ima smisla iznijeti i vrlo \u0107u kratko navesti na koje se pritu\u017ebe nema smisla pozivati. Istodobno \u0107u vam poslati ugovor o pripremi zahtjeva. Uslugu mo\u017eete platiti bankovnom doznakom na moj ra\u010dun u \u0160vicarskoj ili na drugi na\u010din, ovisno o zemlji iz koje se pla\u0107a. Rok za pripremu zahtjeva bit \u0107e odre\u0111en tako da ga mo\u017eete podnijeti ESLJP-u uz po\u0161tovanje roka za obra\u0107anje. Po zavr\u0161etku rada e-po\u0161tom \u0107ete dobiti ispunjeni obrazac zahtjeva, ure\u0111ene priloge i obja\u0161njenja kako sve to pravilno ispisati, potpisati i poslati ESLJP-u. Zastupanje pred ESLJP-om i bilo kakav drugi rad na predmetu nisu uklju\u010deni u cijenu pripreme zahtjeva. Ako zaklju\u010dim da nema nikakvih razumnih izgleda za obra\u0107anje ESLJP-u, priop\u0107it \u0107u vam samo to.<\/div>\n<div class=\"mywpcf7cf myshow myhide\">Ova usluga nije za vas ako se na vas odnosi barem jedna od sljede\u0107ih tvrdnji:<\/div>\n<ul class=\"myshow myhide ec-service-blocker-list\"><li><label><input type=\"checkbox\" class=\"ec-service-blocker\" \/><span>Ve\u0107 imam ispunjen obrazac zahtjeva i treba mi samo provjera pogre\u0161aka.<\/span><\/label><\/li>\n<li><label><input type=\"checkbox\" class=\"ec-service-blocker\" \/><span>Nisam spreman\/spremna dostaviti sve potrebne dokumente o predmetu.<\/span><\/label><\/li>\n<li><label><input type=\"checkbox\" class=\"ec-service-blocker\" \/><span>O\u010dekujem da \u0107u dobiti podrobna obja\u0161njenja za svaku svoju pritu\u017ebu, \u010dak i ako za nju ne\u0107e postojati razumni izgledi za obra\u0107anje ESLJP-u.<\/span><\/label><\/li>\n<li><label><input type=\"checkbox\" class=\"ec-service-blocker\" \/><span>Ra\u010dunam na to da \u0107e zahtjev biti pripremljen \u010dak i ako ne budu postojali razumni izgledi za obra\u0107anje ESLJP-u.<\/span><\/label><\/li>\n<li><label><input type=\"checkbox\" class=\"ec-service-blocker\" \/><span>Zbog broja mojih pritu\u017ebi i opsega dokumenata koje ve\u0107 imam u predmetu o\u010dito mi je da \u0107e za pripremu zahtjeva trebati znatno vi\u0161e vremena nego \u0161to sam spreman\/spremna platiti.<\/span><\/label><\/li>\n<li><label><input type=\"checkbox\" class=\"ec-service-blocker\" \/><span>Mogu samostalno ispuniti obrazac zahtjeva u skladu sa svim zahtjevima ESLJP-a te u njemu iznijeti sve klju\u010dne \u010dinjenice, povrede i podatke o pridr\u017eavanju uvjeta dopu\u0161tenosti za svaku povredu, u potpunom skladu s materijalima predmeta i aktualnom praksom ESLJP-a primjenjivom na moj predmet.<\/span><\/label><\/li><\/ul>\n<div class=\"mywpcf7cf myshow myhide\"><button type=\"button\" class=\"mybutton blue\" id=\"load_ajax_form\" data-ec-service-load=\"preparation\" data-blocked-message=\"Dok je ozna\u010dena bilo koja od izjava, nije mogu\u0107e nastaviti. Ako ste neku ozna\u010dili pogre\u0161kom, uklonite oznaku.\">Dostaviti dokumente<\/button><\/div>\n<div class=\"mywpcf7cf myshow myhide\"><a class=\"mybutton blue not-in-text-button\" href=\"mailto:oleg.anishchik@europeancourt.org?subject=\u017delim razjasniti uvjete\">\u017delim razjasniti uvjete<\/a><\/div>\n<div id=\"ec-service-load-status\" class=\"ec-service-load-status\" aria-live=\"polite\"><\/div>\n<\/div>\n<div id=\"ajax_content\"><\/div>\n<\/div>\n<script>\n(function(){\n  if (window.ecServiceBlockerGuardReady) return;\n  window.ecServiceBlockerGuardReady = true;\n  document.addEventListener('click', function(event) {\n    var button = event.target && event.target.closest ? event.target.closest('[data-ec-service-load]') : null;\n    if (!button) return;\n    var root = button.closest('.ec-service-page');\n    if (!root || !root.querySelector('.ec-service-blocker:checked')) return;\n    event.preventDefault();\n    event.stopPropagation();\n    if (event.stopImmediatePropagation) event.stopImmediatePropagation();\n    var status = root.querySelector('.ec-service-load-status');\n    if (status) status.textContent = button.getAttribute('data-blocked-message') || '';\n  }, true);\n})();\n<\/script>","protected":false},"excerpt":{"rendered":"Cijena pripreme zahtjeva ESLJP-u ovisi o vremenu potrebnom za taj rad. Raspon je vrlo velik: od nekoliko stotina eura, kada se sve mo\u017ee obaviti u dva-tri sata rada, do 10 tisu\u0107a eura i vi\u0161e,&#46;&#46;&#46;","protected":false},"author":0,"featured_media":0,"parent":222207,"menu_order":0,"comment_status":"closed","ping_status":"closed","template":"","meta":{"footnotes":""},"categories":[],"tags":[],"class_list":["post-225286","page","type-page","status-publish","hentry"],"_links":{"self":[{"href":"https:\/\/europeancourt.org\/hr\/wp-json\/wp\/v2\/pages\/225286","targetHints":{"allow":["GET"]}}],"collection":[{"href":"https:\/\/europeancourt.org\/hr\/wp-json\/wp\/v2\/pages"}],"about":[{"href":"https:\/\/europeancourt.org\/hr\/wp-json\/wp\/v2\/types\/page"}],"replies":[{"embeddable":true,"href":"https:\/\/europeancourt.org\/hr\/wp-json\/wp\/v2\/comments?post=225286"}],"version-history":[{"count":1,"href":"https:\/\/europeancourt.org\/hr\/wp-json\/wp\/v2\/pages\/225286\/revisions"}],"predecessor-version":[{"id":225594,"href":"https:\/\/europeancourt.org\/hr\/wp-json\/wp\/v2\/pages\/225286\/revisions\/225594"}],"up":[{"embeddable":true,"href":"https:\/\/europeancourt.org\/hr\/wp-json\/wp\/v2\/pages\/222207"}],"wp:attachment":[{"href":"https:\/\/europeancourt.org\/hr\/wp-json\/wp\/v2\/media?parent=225286"}],"wp:term":[{"taxonomy":"category","embeddable":true,"href":"https:\/\/europeancourt.org\/hr\/wp-json\/wp\/v2\/categories?post=225286"},{"taxonomy":"post_tag","embeddable":true,"href":"https:\/\/europeancourt.org\/hr\/wp-json\/wp\/v2\/tags?post=225286"}],"curies":[{"name":"wp","href":"https:\/\/api.w.org\/{rel}","templated":true}]}}