{"id":225290,"date":"2026-04-26T14:48:47","date_gmt":"2026-04-26T12:48:47","guid":{"rendered":"https:\/\/europeancourt.org\/usluge\/esljp\/zastupanje-podnositelja-zahtjeva-pred-esljp-om\/"},"modified":"2026-04-26T17:05:20","modified_gmt":"2026-04-26T15:05:20","slug":"zastupanje-podnositelja-zahtjeva-pred-esljp-om","status":"publish","type":"page","link":"https:\/\/europeancourt.org\/hr\/usluge\/esljp\/zastupanje-podnositelja-zahtjeva-pred-esljp-om\/","title":{"rendered":"Zastupanje podnositelja zahtjeva pred ESLJP-om"},"content":{"rendered":"<div id=\"ec-representation-page\" class=\"ec-service-page ec-service-representation\" data-service=\"representation\">\n<div class=\"ec-service-screen ec-service-screen-1\">\n<div class=\"mywpcf7cf myshow myhide\">Ova se usluga nudi samo u predmetima koji su ve\u0107 dostavljeni Vladi tu\u017eene dr\u017eave i u kojima je ESLJP podnositelja zahtjeva obavijestio da treba dostaviti pisana o\u010ditovanja.<\/div>\n<div class=\"mywpcf7cf myshow myhide\">Cijena zastupanja pred ESLJP-om ovisi o tome koliko \u0107e vremena trebati za pripremu odgovora na pitanja ESLJP-a, odgovora na o\u010ditovanja Vlade tu\u017eene dr\u017eave te, prema potrebi, poja\u0161njenja \u010dinjenica i zahtjeva za pravednu naknadu. Raspon je vrlo velik: od nekoliko stotina eura, kada se sve mo\u017ee obaviti u dva-tri sata rada, do 10 tisu\u0107a eura i vi\u0161e, kada su potrebni deseci sati.<\/div>\n<div class=\"mywpcf7cf myshow myhide\">Koliko \u0107e vremena trebati upravo u va\u0161em slu\u010daju i kolika \u0107e, prema tome, biti cijena zastupanja, mogu utvrditi samo na temelju dokumenata. Dostavite zahtjev sa svim prilozima, sve \u0161to je dodatno poslano ESLJP-u u vezi s tim predmetom i sve \u0161to ste primili od ESLJP-a. Ako mi budu potrebni dodatni dokumenti, zatra\u017eit \u0107u ih od vas.<\/div>\n<div class=\"mywpcf7cf myshow myhide\">Obi\u010dno na upit o cijeni zastupanja pred ESLJP-om odgovorim u roku od jednog tjedna nakon \u0161to primim sve potrebne dokumente i informacije. Ako rok koji je ESLJP odredio za dostavljanje o\u010ditovanja ili drugih materijala istje\u010de u sljede\u0107ih nekoliko dana, napi\u0161ite mi i pitajte mogu li va\u0161 upit razmotriti hitno. Na takvu \u0107u poruku odgovoriti u roku od 24 sata. Ako potvrdim da mogu i ako odmah dostavite potrebne dokumente i informacije, svoj odgovor na upit poslat \u0107u vam u sljede\u0107ih 48 sati.<\/div>\n<div class=\"mywpcf7cf myshow myhide\">Zajedno s informacijom o cijeni usluge, kako ne bismo gubili vrijeme, poslat \u0107u vam ugovor i ispunjeni obrazac punomo\u0107i za zastupanje pred ESLJP-om. Punomo\u0107 \u0107ete trebati ispisati, potpisati i po\u0161tom poslati na moju adresu u Francuskoj. Uslugu mo\u017eete platiti nakon pripreme dokumenata za ESLJP, bankovnom doznakom na moj ra\u010dun u \u0160vicarskoj ili na drugi na\u010din, ovisno o zemlji iz koje se pla\u0107a. Ipak, bolje je platiti prije slanja dokumenata ESLJP-u kako bi se uz zahtjev za pravednu naknadu mogao prilo\u017eiti dokaz o pla\u0107anju: tada je mnogo lak\u0161e obrazlo\u017eiti zahtjev za naknadu ve\u0107 nastalih tro\u0161kova zastupanja podnositelja zahtjeva pred Sudom.<\/div>\n<div class=\"mywpcf7cf myshow myhide\">Ova usluga nije za vas ako se na vas odnosi barem jedna od sljede\u0107ih tvrdnji:<\/div>\n<ul class=\"myshow myhide ec-service-blocker-list\"><li><label><input type=\"checkbox\" class=\"ec-service-blocker\" \/><span>Moj predmet jo\u0161 nije dostavljen Vladi tu\u017eene dr\u017eave ili je dostavljen bez zahtjeva za dostavljanje pisanih o\u010ditovanja.<\/span><\/label><\/li>\n<li><label><input type=\"checkbox\" class=\"ec-service-blocker\" \/><span>Nisam spreman\/spremna dostaviti sve potrebne dokumente.<\/span><\/label><\/li>\n<li><label><input type=\"checkbox\" class=\"ec-service-blocker\" \/><span>Nisam spreman\/spremna ispisati i potpisati punomo\u0107 te je poslati po\u0161tom.<\/span><\/label><\/li>\n<li><label><input type=\"checkbox\" class=\"ec-service-blocker\" \/><span>Nisam spreman\/spremna tijekom rada odgovarati na dodatna pitanja i dostavljati dodatne dokumente ako budu potrebni.<\/span><\/label><\/li><\/ul>\n<div class=\"mywpcf7cf myshow myhide\"><button type=\"button\" class=\"mybutton blue\" id=\"load_ajax_form\" data-ec-service-load=\"representation\" data-blocked-message=\"Dok je ozna\u010dena bilo koja od izjava, nije mogu\u0107e nastaviti. Ako ste neku ozna\u010dili pogre\u0161kom, uklonite oznaku.\">Dostaviti dokumente<\/button><\/div>\n<div class=\"mywpcf7cf myshow myhide\"><a class=\"mybutton blue not-in-text-button\" href=\"mailto:oleg.anishchik@europeancourt.org?subject=\u017delim razjasniti uvjete\">\u017delim razjasniti uvjete<\/a><\/div>\n<div id=\"ec-service-load-status\" class=\"ec-service-load-status\" aria-live=\"polite\"><\/div>\n<\/div>\n<div id=\"ajax_content\"><\/div>\n<\/div>\n<script>\n(function(){\n  if (window.ecServiceBlockerGuardReady) return;\n  window.ecServiceBlockerGuardReady = true;\n  document.addEventListener('click', function(event) {\n    var button = event.target && event.target.closest ? event.target.closest('[data-ec-service-load]') : null;\n    if (!button) return;\n    var root = button.closest('.ec-service-page');\n    if (!root || !root.querySelector('.ec-service-blocker:checked')) return;\n    event.preventDefault();\n    event.stopPropagation();\n    if (event.stopImmediatePropagation) event.stopImmediatePropagation();\n    var status = root.querySelector('.ec-service-load-status');\n    if (status) status.textContent = button.getAttribute('data-blocked-message') || '';\n  }, true);\n})();\n<\/script>","protected":false},"excerpt":{"rendered":"Ova se usluga nudi samo u predmetima koji su ve\u0107 dostavljeni Vladi tu\u017eene dr\u017eave i u kojima je ESLJP podnositelja zahtjeva obavijestio da treba dostaviti pisana o\u010ditovanja. Cijena zastupanja pred ESLJP-om ovisi o tome&#46;&#46;&#46;","protected":false},"author":0,"featured_media":0,"parent":222207,"menu_order":0,"comment_status":"closed","ping_status":"closed","template":"","meta":{"footnotes":""},"categories":[],"tags":[],"class_list":["post-225290","page","type-page","status-publish","hentry"],"_links":{"self":[{"href":"https:\/\/europeancourt.org\/hr\/wp-json\/wp\/v2\/pages\/225290","targetHints":{"allow":["GET"]}}],"collection":[{"href":"https:\/\/europeancourt.org\/hr\/wp-json\/wp\/v2\/pages"}],"about":[{"href":"https:\/\/europeancourt.org\/hr\/wp-json\/wp\/v2\/types\/page"}],"replies":[{"embeddable":true,"href":"https:\/\/europeancourt.org\/hr\/wp-json\/wp\/v2\/comments?post=225290"}],"version-history":[{"count":1,"href":"https:\/\/europeancourt.org\/hr\/wp-json\/wp\/v2\/pages\/225290\/revisions"}],"predecessor-version":[{"id":225595,"href":"https:\/\/europeancourt.org\/hr\/wp-json\/wp\/v2\/pages\/225290\/revisions\/225595"}],"up":[{"embeddable":true,"href":"https:\/\/europeancourt.org\/hr\/wp-json\/wp\/v2\/pages\/222207"}],"wp:attachment":[{"href":"https:\/\/europeancourt.org\/hr\/wp-json\/wp\/v2\/media?parent=225290"}],"wp:term":[{"taxonomy":"category","embeddable":true,"href":"https:\/\/europeancourt.org\/hr\/wp-json\/wp\/v2\/categories?post=225290"},{"taxonomy":"post_tag","embeddable":true,"href":"https:\/\/europeancourt.org\/hr\/wp-json\/wp\/v2\/tags?post=225290"}],"curies":[{"name":"wp","href":"https:\/\/api.w.org\/{rel}","templated":true}]}}