{"id":225292,"date":"2026-04-26T14:48:59","date_gmt":"2026-04-26T12:48:59","guid":{"rendered":"https:\/\/europeancourt.org\/pravne-konzultacije-i-kontakti\/"},"modified":"2026-04-27T14:29:55","modified_gmt":"2026-04-27T12:29:55","slug":"pravne-konzultacije-i-kontakti","status":"publish","type":"page","link":"https:\/\/europeancourt.org\/hr\/pravne-konzultacije-i-kontakti\/","title":{"rendered":"Pravne konzultacije i kontakti"},"content":{"rendered":"<div class=\"mywpcf7cf myshow myhide\">Trebam:<\/div>\n\n<div class=\"myshow myhide\"><span class=\"wpcf7-radio\"><span class=\"wpcf7-list-item\"><label><span class=\"wpcf7-list-item-label\">pripremiti zahtjev ESLJP-u<\/span><\/label><\/span><\/span><\/div>\n\n<div class=\"myshow myhide\"><span class=\"wpcf7-radio\"><span class=\"wpcf7-list-item\"><label><span class=\"wpcf7-list-item-label\">provjeriti ima li u obrascu zahtjeva pogre\u0161aka prije slanja ESLJP-u<\/span><\/label><\/span><\/span><\/div>\n\n<div class=\"myshow myhide\"><span class=\"wpcf7-radio\"><span class=\"wpcf7-list-item\"><label><span class=\"wpcf7-list-item-label\">zastupanje podnositelja zahtjeva pred ESLJP-om nakon \u0161to je predmet dostavljen Vladi tu\u017eene dr\u017eave<\/span><\/label><\/span><\/span><\/div>\n\n<div class=\"myshow myhide\"><span class=\"wpcf7-radio\"><span class=\"wpcf7-list-item\"><label><span class=\"wpcf7-list-item-label\">saznati status zahtjeva pred ESLJP-om<\/span><\/label><\/span><\/span><\/div>\n\n<div class=\"myshow myhide\"><span class=\"wpcf7-radio\"><span class=\"wpcf7-list-item\"><label><span class=\"wpcf7-list-item-label\">preuzeti obrazac zahtjeva za ESLJP<\/span><\/label><\/span><\/span><\/div>\n\n<div class=\"myshow myhide\"><span class=\"wpcf7-radio\"><span class=\"wpcf7-list-item\"><label><span class=\"wpcf7-list-item-label\">zatra\u017eiti konzultaciju<\/span><\/label><\/span><\/span><\/div>\n\n<div class=\"myshow myhide\"><span class=\"wpcf7-radio\"><span class=\"wpcf7-list-item\"><label><span class=\"wpcf7-list-item-label\">prikazati kontaktne podatke<\/span><\/label><\/span><\/span><\/div>\n<div id=\"ajax_content\"><\/div>","protected":false},"excerpt":{"rendered":"Trebam: pripremiti zahtjev ESLJP-u provjeriti ima li u obrascu zahtjeva pogre\u0161aka prije slanja ESLJP-u zastupanje podnositelja zahtjeva pred ESLJP-om nakon \u0161to je predmet dostavljen Vladi tu\u017eene dr\u017eave saznati status zahtjeva pred ESLJP-om preuzeti obrazac&#46;&#46;&#46;","protected":false},"author":0,"featured_media":0,"parent":0,"menu_order":0,"comment_status":"closed","ping_status":"closed","template":"","meta":{"footnotes":""},"categories":[],"tags":[],"class_list":["post-225292","page","type-page","status-publish","hentry"],"_links":{"self":[{"href":"https:\/\/europeancourt.org\/hr\/wp-json\/wp\/v2\/pages\/225292","targetHints":{"allow":["GET"]}}],"collection":[{"href":"https:\/\/europeancourt.org\/hr\/wp-json\/wp\/v2\/pages"}],"about":[{"href":"https:\/\/europeancourt.org\/hr\/wp-json\/wp\/v2\/types\/page"}],"replies":[{"embeddable":true,"href":"https:\/\/europeancourt.org\/hr\/wp-json\/wp\/v2\/comments?post=225292"}],"version-history":[{"count":2,"href":"https:\/\/europeancourt.org\/hr\/wp-json\/wp\/v2\/pages\/225292\/revisions"}],"predecessor-version":[{"id":225596,"href":"https:\/\/europeancourt.org\/hr\/wp-json\/wp\/v2\/pages\/225292\/revisions\/225596"}],"wp:attachment":[{"href":"https:\/\/europeancourt.org\/hr\/wp-json\/wp\/v2\/media?parent=225292"}],"wp:term":[{"taxonomy":"category","embeddable":true,"href":"https:\/\/europeancourt.org\/hr\/wp-json\/wp\/v2\/categories?post=225292"},{"taxonomy":"post_tag","embeddable":true,"href":"https:\/\/europeancourt.org\/hr\/wp-json\/wp\/v2\/tags?post=225292"}],"curies":[{"name":"wp","href":"https:\/\/api.w.org\/{rel}","templated":true}]}}