{"id":40667,"date":"2022-04-29T20:07:30","date_gmt":"2022-04-29T18:07:30","guid":{"rendered":"https:\/\/europeancourt.org\/europski-sud-za-ljudska-prava\/"},"modified":"2025-10-05T12:00:15","modified_gmt":"2025-10-05T12:00:15","slug":"europski-sud-za-ljudska-prava","status":"publish","type":"page","link":"https:\/\/europeancourt.org\/hr\/","title":{"rendered":"Oleg Anishchik, zastupnik pred ESLJP, OLJP UN, Interpol-CCF"},"content":{"rendered":"<p>Europski sud za ljudska prava (ESLJP) je me\u0111unarodni sud sa sjedi\u0161tem u Strasbourgu, koji mo\u017ee razmatrati samo zahtjeve fizi\u010dkih osoba, organizacija i poduze\u0107a koje tvrde da su prekr\u0161ena njihova prava zajam\u010dena Europskom konvencijom o ljudskim pravima.<\/p> \n<p><a title=\"Konvencija za za\u0161titu ljudskih prava i temeljnih sloboda\" href=\"https:\/\/europeancourt.org\/hr\/dokumenti\/vije%c4%87e-europe\/europska-konvencija-o-ljudskim-pravima\/\">Europska konvencija o ljudskim pravima<\/a> (EKLJP) je me\u0111unarodni ugovor kojim su se brojne europske dr\u017eave obvezale osigurati odre\u0111ena temeljna prava. Zajam\u010dena prava sadr\u017eana su u samoj Konvenciji, te u <a title=\"Protokol uz Konvenciju za za\u0161titu ljudskih prava i temeljnih sloboda\" href=\"https:\/\/europeancourt.org\/hr\/dokumenti\/vije%c4%87e-europe\/europska-konvencija-o-ljudskim-pravima\/protokol-br1\/\">Prvom<\/a>, <a title=\"Protokol br. 4 uz Konvenciju za za\u0161titu ljudskih prava i temeljnih sloboda\" href=\"https:\/\/europeancourt.org\/hr\/dokumenti\/vije%c4%87e-europe\/europska-konvencija-o-ljudskim-pravima\/protokol-br4\/\">\u010cetvrtom<\/a>, <a title=\"Protokol br. 6 uz Konvenciju za za\u0161titu ljudskih prava i temeljnih sloboda\" href=\"https:\/\/europeancourt.org\/hr\/dokumenti\/vije%c4%87e-europe\/europska-konvencija-o-ljudskim-pravima\/protokol-br6\/\">\u0160estom<\/a>, <a title=\"Protokol br. 7 uz Konvenciju za za\u0161titu ljudskih prava i temeljnih sloboda\" href=\"https:\/\/europeancourt.org\/hr\/dokumenti\/vije%c4%87e-europe\/europska-konvencija-o-ljudskim-pravima\/protokol-br7\/\">Sedmom<\/a>, <a title=\"Protokol br. 12 uz Konvenciju za za\u0161titu ljudskih prava i temeljnih sloboda\" href=\"https:\/\/europeancourt.org\/hr\/dokumenti\/vije%c4%87e-europe\/europska-konvencija-o-ljudskim-pravima\/protokol-br12\/\">Dvanaestom<\/a> i <a title=\"Protokol br. 13 uz Konvenciju za za\u0161titu ljudskih prava i temeljnih sloboda\" href=\"https:\/\/europeancourt.org\/hr\/dokumenti\/vije%c4%87e-europe\/europska-konvencija-o-ljudskim-pravima\/protokol-br13\/\">Trinaestom<\/a> Protokolu koje su prihvatile samo neke dr\u017eave.<\/p>\n<p>Sud primjenjuje Europsku konvenciju o ljudskim pravima. Njegov zadatak je osigurati da dr\u017eave po\u0161tuju prava i jamstva predvi\u0111ena Konvencijom. To \u010dini ispitivanjem prigovora (koji se nazivaju \u201ezahtjevi\u201d) podnesenih od strane pojedinaca ili, ponekad, od strane samih dr\u017eava. Kada utvrdi da je neka dr\u017eava povrijedila jedno ili vi\u0161e tih prava i jamstava, Sud donosi presudu. Presude su obvezuju\u0107e: doti\u010dne zemlje imaju obvezu postupati po njima.<\/p>\n<p>Ne morate biti dr\u017eavljanin jedne od <a title=\"Dr\u017eave \u010dlanice Vije\u0107a Europe\" href=\"https:\/\/europeancourt.org\/hr\/dokumenti\/vije%c4%87e-europe\/europska-konvencija-o-ljudskim-pravima\/#ratifikacija\">dr\u017eava ugovornica Konvencije<\/a>. Povreda na koju se zahtjev odnosi mora biti po\u010dinjena od strane jedne od tih dr\u017eava u okviru njihove \u201enadle\u017enosti\u201d, \u0161to obi\u010dno zna\u010di na njihovom teritoriju. \u010cin ili propust naveden u zahtjevu mora biti po\u010dinjen od jednog ili vi\u0161e tijela javne vlasti doti\u010dne dr\u017eave (na primjer, suda ili upravnog tijela). Sud ne mo\u017ee razmatrati zahtjeve protiv pojedinaca ili privatnih udru\u017eenja, kao \u0161to su trgova\u010dka dru\u0161tva.  Morate izravno i osobno biti \u017ertva povrede na koju se zahtjev odnosi. Ne mo\u017eete podnijeti op\u0107i prigovor o zakonu ili mjeri, na primjer, jer se \u010dini nepravedno, niti se mo\u017eete \u017ealiti u ime drugih ljudi (osim ako su jasno identificirani, a Vi ste njihov slu\u017ebeni zastupnik).   Ne mo\u017eete se \u017ealiti na kr\u0161enje bilo kojeg drugog pravnog instrumenta osim Europske konvencije o ljudskim pravima, kao \u0161to su na primjer Op\u0107a deklaracija o ljudskim pravima ili Povelja o temeljnim pravima.<\/p>\n<p>Svi pravni lijekovi u konkretnoj dr\u017eavi, koji bi mogli rije\u0161iti predmet spora moraju biti iscrpljeni (obi\u010dno su to tu\u017eba nadle\u017enom sudu, nakon \u010dega slijedi \u017ealba, ukoliko je dopu\u0161tena, pa \u010dak i dalje revizija vi\u0161em sudu kao \u0161to je Vrhovni sud ili ustavna tu\u017eba Ustavnom sudu, ako postoji). Nije dovoljna samo uporaba pravnih lijekova. Prilikom kori\u0161tenja svakog od njih, morate izri\u010dito navesti svoje prigovore (odnosno bit povrede Konvencije na koju se \u017ealite). Zahtjev mo\u017eete podnijeti samo u roku od \u010detiri mjeseca od dana dono\u0161enja kona\u010dne odluke na doma\u0107oj razini (op\u0107enito govore\u0107i, presude najvi\u0161eg suda).    <a title=\"Obrazac zahtjeva Europskom sudu za ljudska prava\" href=\"https:\/\/europeancourt.org\/hr\/dokumenti\/vije%c4%87e-europe\/esljp\/obrazac-zahtjeva\/\">Obrazac zahtjeva<\/a> sa svim potrebnim podacima i dokumentima morate poslati najkasnije zadnjeg dana isteka roka od \u010detiri mjeseca. <a title=\"Provjera zahtjeva \u2013 Europski sud za ljudska prava\" href=\"https:\/\/europeancourt.org\/en\/services\/echr\/checking-filled-in-applications\/\">Provjerite<\/a> sadr\u017ei li obrazac sve potrebne podatke i dokumente.<\/p>\n<p>Sud ne mo\u017ee razmatrati sve vrste pritu\u017ebi. Njegova je nadle\u017enost ograni\u010dena uvjetima dopu\u0161tenosti navedenima u Konvenciji, koji odre\u0111uju tko se mo\u017ee obratiti Sudu, kada i u vezi \u010dega. Sud vi\u0161e od 90% zahtjeva koje razmotri proglasi nedopu\u0161tenima. Stoga trebate provjeriti zadovoljavaju li Va\u0161e pritu\u017ebe dolje navedene uvjete dopu\u0161tenosti. Za dodatne podatke o ovim uvjetima mo\u017eete se <a title=\"Savjetovanje odvjetnika \u2013 Europski sud za ljudska prava\" href=\"https:\/\/europeancourt.org\/en\/legal-advice-and-contacts\/\">obratiti odvjetniku<\/a>.<\/p>\n<p>Va\u0161 slu\u010daj \u0107e se rje\u0161avati besplatno. Snosit \u0107ete samo vlastite tro\u0161kove (kao \u0161to su odvjetni\u010dke naknade ili tro\u0161kovi koji se odnose na istra\u017eivanje i dopisivanje). Sud Vam ne\u0107e pomo\u0107i platiti <a title=\"Priprema zahtjeva Europskom sudu za ljudska prava\" href=\"https:\/\/europeancourt.org\/en\/services\/echr\/preparing-applications\/\">odvjetnika za sastavljanje Va\u0161eg zahtjev<\/a>. Iako u prvom stadiju postupka ne morate biti zastupani po odvjetniku, trebat \u0107e Vam <a title=\"Odvjetnik nakon \u0161to o zahtjevu obavije\u0161tena Vlada \u2013 Europski sud za ljudska prava\" href=\"https:\/\/europeancourt.org\/en\/services\/echr\/representing-applicants\/\">odvjetnik nakon \u0161to o Va\u0161em zahtjevu bude obavije\u0161tena Vlada<\/a>.<\/p>\n<p>Ukoliko Sud utvrdi da je do\u0161lo do povrede, dosudit \u0107e vam \u201epravednu naknadu\u201d, koja se sastoji od naknade \u0161tete u novcu. Sud od dr\u017eave tako\u0111er mo\u017ee zahtijevati da Vam naknadi tro\u0161kove postupka.<\/p>","protected":false},"excerpt":{"rendered":"Europski sud za ljudska prava (ESLJP) je me\u0111unarodni sud sa sjedi\u0161tem u Strasbourgu, koji mo\u017ee razmatrati samo zahtjeve fizi\u010dkih osoba, organizacija i poduze\u0107a koje tvrde da su prekr\u0161ena njihova prava zajam\u010dena Europskom konvencijom o&#46;&#46;&#46;","protected":false},"author":1,"featured_media":208861,"parent":0,"menu_order":0,"comment_status":"closed","ping_status":"closed","template":"","meta":{"footnotes":""},"categories":[],"tags":[],"class_list":["post-40667","page","type-page","status-publish","has-post-thumbnail","hentry"],"_links":{"self":[{"href":"https:\/\/europeancourt.org\/hr\/wp-json\/wp\/v2\/pages\/40667","targetHints":{"allow":["GET"]}}],"collection":[{"href":"https:\/\/europeancourt.org\/hr\/wp-json\/wp\/v2\/pages"}],"about":[{"href":"https:\/\/europeancourt.org\/hr\/wp-json\/wp\/v2\/types\/page"}],"author":[{"embeddable":true,"href":"https:\/\/europeancourt.org\/hr\/wp-json\/wp\/v2\/users\/1"}],"replies":[{"embeddable":true,"href":"https:\/\/europeancourt.org\/hr\/wp-json\/wp\/v2\/comments?post=40667"}],"version-history":[{"count":0,"href":"https:\/\/europeancourt.org\/hr\/wp-json\/wp\/v2\/pages\/40667\/revisions"}],"wp:featuredmedia":[{"embeddable":true,"href":"https:\/\/europeancourt.org\/hr\/wp-json\/wp\/v2\/media\/208861"}],"wp:attachment":[{"href":"https:\/\/europeancourt.org\/hr\/wp-json\/wp\/v2\/media?parent=40667"}],"wp:term":[{"taxonomy":"category","embeddable":true,"href":"https:\/\/europeancourt.org\/hr\/wp-json\/wp\/v2\/categories?post=40667"},{"taxonomy":"post_tag","embeddable":true,"href":"https:\/\/europeancourt.org\/hr\/wp-json\/wp\/v2\/tags?post=40667"}],"curies":[{"name":"wp","href":"https:\/\/api.w.org\/{rel}","templated":true}]}}