{"id":116109,"date":"2022-06-13T12:27:21","date_gmt":"2022-06-13T10:27:21","guid":{"rendered":"https:\/\/europeancourt.org\/dokumentumok\/eur%c3%b3pa-tan%c3%a1cs\/"},"modified":"2024-06-25T16:32:22","modified_gmt":"2024-06-25T14:32:22","slug":"eur%c3%b3pa-tan%c3%a1cs","status":"publish","type":"page","link":"https:\/\/europeancourt.org\/hu\/dokumentumok\/eur%c3%b3pa-tan%c3%a1cs\/","title":{"rendered":"Eur\u00f3pa Tan\u00e1cs"},"content":{"rendered":"<ul> \n<li><a href=\"https:\/\/europeancourt.org\/hu\/dokumentumok\/eur%c3%b3pa-tan%c3%a1cs\/emberi-jogok-eur%c3%b3pai-egyezm%c3%a9nye\/\" title=\"Egyezm\u00e9ny az emberi jogok \u00e9s alapvet\u0151 szabads\u00e1gok v\u00e9delm\u00e9r\u0151l\">Egyezm\u00e9ny az emberi jogok \u00e9s alapvet\u0151 szabads\u00e1gok v\u00e9delm\u00e9r\u0151l<\/a><\/li>\n<ul>\n<li><a href=\"https:\/\/europeancourt.org\/hu\/dokumentumok\/eur%c3%b3pa-tan%c3%a1cs\/emberi-jogok-eur%c3%b3pai-egyezm%c3%a9nye\/1-jegyz%c5%91k%c3%b6nyv\/\" title=\"Kieg\u00e9sz\u00edt\u0151 Jegyz\u0151k\u00f6nyv az emberi jogok \u00e9s alapvet\u0151 szabads\u00e1gok v\u00e9delm\u00e9r\u0151l sz\u00f3l\u00f3 Egyezm\u00e9nyhez\">Kieg\u00e9sz\u00edt\u0151 Jegyz\u0151k\u00f6nyv az emberi jogok \u00e9s alapvet\u0151 szabads\u00e1gok v\u00e9delm\u00e9r\u0151l sz\u00f3l\u00f3 Egyezm\u00e9nyhez<\/a><\/li>\n<li><a href=\"https:\/\/europeancourt.org\/hu\/dokumentumok\/eur%c3%b3pa-tan%c3%a1cs\/emberi-jogok-eur%c3%b3pai-egyezm%c3%a9nye\/4-jegyz%c5%91k%c3%b6nyv\/\" title=\"Negyedik Jegyz\u0151k\u00f6nyv az emberi jogok \u00e9s alapvet\u0151 szabads\u00e1gok v\u00e9delm\u00e9r\u0151l sz\u00f3l\u00f3 Egyezm\u00e9nyhez\">Negyedik Jegyz\u0151k\u00f6nyv az emberi jogok \u00e9s alapvet\u0151 szabads\u00e1gok v\u00e9delm\u00e9r\u0151l sz\u00f3l\u00f3 Egyezm\u00e9nyhez<\/a><\/li>\n<li><a href=\"https:\/\/europeancourt.org\/hu\/dokumentumok\/eur%c3%b3pa-tan%c3%a1cs\/emberi-jogok-eur%c3%b3pai-egyezm%c3%a9nye\/6-jegyz%c5%91k%c3%b6nyv\/\" title=\"Hatodik Jegyz\u0151k\u00f6nyv az emberi jogok \u00e9s alapvet\u0151 szabads\u00e1gok v\u00e9delm\u00e9r\u0151l sz\u00f3l\u00f3 Egyezm\u00e9nyhez\">Hatodik Jegyz\u0151k\u00f6nyv az emberi jogok \u00e9s alapvet\u0151 szabads\u00e1gok v\u00e9delm\u00e9r\u0151l sz\u00f3l\u00f3 Egyezm\u00e9nyhez<\/a><\/li>\n<li><a href=\"https:\/\/europeancourt.org\/hu\/dokumentumok\/eur%c3%b3pa-tan%c3%a1cs\/emberi-jogok-eur%c3%b3pai-egyezm%c3%a9nye\/7-jegyz%c5%91k%c3%b6nyv\/\" title=\"Hetedik Jegyz\u0151k\u00f6nyv az emberi jogok \u00e9s alapvet\u0151 szabads\u00e1gok v\u00e9delm\u00e9r\u0151l sz\u00f3l\u00f3 Egyezm\u00e9nyhez\">Hetedik Jegyz\u0151k\u00f6nyv az emberi jogok \u00e9s alapvet\u0151 szabads\u00e1gok v\u00e9delm\u00e9r\u0151l sz\u00f3l\u00f3 Egyezm\u00e9nyhez<\/a><\/li>\n<li><a href=\"https:\/\/europeancourt.org\/hu\/dokumentumok\/eur%c3%b3pa-tan%c3%a1cs\/emberi-jogok-eur%c3%b3pai-egyezm%c3%a9nye\/12-jegyz%c5%91k%c3%b6nyv\/\" title=\"Tizenkettedik Jegyz\u0151k\u00f6nyv az emberi jogok \u00e9s alapvet\u0151 szabads\u00e1gok v\u00e9delm\u00e9r\u0151l sz\u00f3l\u00f3 Egyezm\u00e9nyhez\">Tizenkettedik Jegyz\u0151k\u00f6nyv az emberi jogok \u00e9s alapvet\u0151 szabads\u00e1gok v\u00e9delm\u00e9r\u0151l sz\u00f3l\u00f3 Egyezm\u00e9nyhez<\/a><\/li>\n<li><a href=\"https:\/\/europeancourt.org\/hu\/dokumentumok\/eur%c3%b3pa-tan%c3%a1cs\/emberi-jogok-eur%c3%b3pai-egyezm%c3%a9nye\/13-jegyz%c5%91k%c3%b6nyv\/\" title=\"Tizenharmadik Jegyz\u0151k\u00f6nyv az emberi jogok \u00e9s alapvet\u0151 szabads\u00e1gok v\u00e9delm\u00e9r\u0151l sz\u00f3l\u00f3 Egyezm\u00e9nyhez\">Tizenharmadik Jegyz\u0151k\u00f6nyv az emberi jogok \u00e9s alapvet\u0151 szabads\u00e1gok v\u00e9delm\u00e9r\u0151l sz\u00f3l\u00f3 Egyezm\u00e9nyhez<\/a><\/li>\n<li><a href=\"https:\/\/europeancourt.org\/hu\/dokumentumok\/eur%c3%b3pa-tan%c3%a1cs\/emberi-jogok-eur%c3%b3pai-egyezm%c3%a9nye\/16-jegyz%c5%91k%c3%b6nyv\/\" title=\"Tizenhatodik Jegyz\u0151k\u00f6nyv az emberi jogok \u00e9s alapvet\u0151 szabads\u00e1gok v\u00e9delm\u00e9r\u0151l sz\u00f3l\u00f3 Egyezm\u00e9nyhez\">Tizenhatodik Jegyz\u0151k\u00f6nyv az emberi jogok \u00e9s alapvet\u0151 szabads\u00e1gok v\u00e9delm\u00e9r\u0151l sz\u00f3l\u00f3 Egyezm\u00e9nyhez<\/a><\/li>\n<\/ul>\n<li><a href=\"https:\/\/europeancourt.org\/hu\/dokumentumok\/eur%c3%b3pa-tan%c3%a1cs\/ejeb\/\" title=\"Emberi Jogok Eur\u00f3pai B\u00edr\u00f3s\u00e1ga\">Emberi Jogok Eur\u00f3pai B\u00edr\u00f3s\u00e1ga<\/a><\/li>\n<ul>\n<li><a href=\"https:\/\/europeancourt.org\/hu\/dokumentumok\/eur%c3%b3pa-tan%c3%a1cs\/ejeb\/elj%c3%a1r%c3%a1si-szab%c3%a1lyzat-47-bekezd%c3%a9s\/\" title=\"Emberi Jogok Eur\u00f3pai B\u00edr\u00f3s\u00e1ga Elj\u00e1r\u00e1si Szab\u00e1lyzat\u00e1nak 47. Cikk\">Elj\u00e1r\u00e1si Szab\u00e1lyzat \u2013 47. \u00a7<\/a><\/li>\n<li><a href=\"https:\/\/europeancourt.org\/en\/documents\/council-of-europe\/echr\/practice-directions-institution-of-proceedings\/\" title=\"Az elj\u00e1r\u00e1s kezdem\u00e9nyez\u00e9se \u2013 Gyakorlati \u00fatmutat\u00f3\">Az elj\u00e1r\u00e1s kezdem\u00e9nyez\u00e9se \u2013 Gyakorlati \u00fatmutat\u00f3<\/a><\/li>\n<li><a href=\"https:\/\/europeancourt.org\/hu\/dokumentumok\/eur%c3%b3pa-tan%c3%a1cs\/ejeb\/k%c3%a9relmez%c5%91i-%c5%b1rlap\/\" title=\"K\u00e9relmez\u0151i \u0171rlap az Eur\u00f3pai Emberi Jogi B\u00edr\u00f3s\u00e1ghoz\">K\u00e9relmez\u0151i \u0171rlap<\/a><\/li>\n<ul>\n<li><a href=\"https:\/\/europeancourt.org\/hu\/dokumentumok\/eur%c3%b3pa-tan%c3%a1cs\/ejeb\/k%c3%a9relmez%c5%91i-%c5%b1rlap\/t%c3%a1j%c3%a9koztat%c3%b3-a-kit%c3%b6lt%c3%a9s%c3%a9hez\/\" title=\"T\u00e1j\u00e9koztat\u00f3 a k\u00e9relmez\u0151i \u0171rlap kit\u00f6lt\u00e9s\u00e9hez\">T\u00e1j\u00e9koztat\u00f3 a k\u00e9relmez\u0151i \u0171rlap kit\u00f6lt\u00e9s\u00e9hez<\/a><\/li>\n<\/ul>\n<li><a href=\"https:\/\/europeancourt.org\/hu\/dokumentumok\/eur%c3%b3pa-tan%c3%a1cs\/ejeb\/meghatalmaz%c3%a1s\/\" title=\"Emberi Jogok Eur\u00f3pai B\u00edr\u00f3s\u00e1g\u00e1nak Meghatalmaz\u00e1sa\">Meghatalmaz\u00e1s<\/a><\/li>\n<li><a href=\"https:\/\/europeancourt.org\/downloads\/en\/Table_setting_out_the_required_identifying_details_for_each_applicant_to_the_ECtHR_ENG.XLSX\" title=\"T\u00e1bl\u00e1zat, amely az Emberi Jogok Eur\u00f3pai B\u00edr\u00f3s\u00e1g\u00e1n minden egyes k\u00e9relmez\u0151 adatait tartalmazza (angol nyelven)\">Csoportos k\u00e9relmek \u00e9s nagysz\u00e1m\u00fa k\u00e9relmez\u0151<\/a><\/li>\n<\/ul>\n<\/ul>","protected":false},"excerpt":{"rendered":"Egyezm\u00e9ny az emberi jogok \u00e9s alapvet\u0151 szabads\u00e1gok v\u00e9delm\u00e9r\u0151l Kieg\u00e9sz\u00edt\u0151 Jegyz\u0151k\u00f6nyv az emberi jogok \u00e9s alapvet\u0151 szabads\u00e1gok v\u00e9delm\u00e9r\u0151l sz\u00f3l\u00f3 Egyezm\u00e9nyhez Negyedik Jegyz\u0151k\u00f6nyv az emberi jogok \u00e9s alapvet\u0151 szabads\u00e1gok v\u00e9delm\u00e9r\u0151l sz\u00f3l\u00f3 Egyezm\u00e9nyhez Hatodik Jegyz\u0151k\u00f6nyv az emberi&#46;&#46;&#46;","protected":false},"author":1,"featured_media":209981,"parent":116050,"menu_order":0,"comment_status":"closed","ping_status":"closed","template":"","meta":{"footnotes":""},"categories":[],"tags":[],"class_list":["post-116109","page","type-page","status-publish","has-post-thumbnail","hentry"],"_links":{"self":[{"href":"https:\/\/europeancourt.org\/hu\/wp-json\/wp\/v2\/pages\/116109","targetHints":{"allow":["GET"]}}],"collection":[{"href":"https:\/\/europeancourt.org\/hu\/wp-json\/wp\/v2\/pages"}],"about":[{"href":"https:\/\/europeancourt.org\/hu\/wp-json\/wp\/v2\/types\/page"}],"author":[{"embeddable":true,"href":"https:\/\/europeancourt.org\/hu\/wp-json\/wp\/v2\/users\/1"}],"replies":[{"embeddable":true,"href":"https:\/\/europeancourt.org\/hu\/wp-json\/wp\/v2\/comments?post=116109"}],"version-history":[{"count":0,"href":"https:\/\/europeancourt.org\/hu\/wp-json\/wp\/v2\/pages\/116109\/revisions"}],"up":[{"embeddable":true,"href":"https:\/\/europeancourt.org\/hu\/wp-json\/wp\/v2\/pages\/116050"}],"wp:featuredmedia":[{"embeddable":true,"href":"https:\/\/europeancourt.org\/hu\/wp-json\/wp\/v2\/media\/209981"}],"wp:attachment":[{"href":"https:\/\/europeancourt.org\/hu\/wp-json\/wp\/v2\/media?parent=116109"}],"wp:term":[{"taxonomy":"category","embeddable":true,"href":"https:\/\/europeancourt.org\/hu\/wp-json\/wp\/v2\/categories?post=116109"},{"taxonomy":"post_tag","embeddable":true,"href":"https:\/\/europeancourt.org\/hu\/wp-json\/wp\/v2\/tags?post=116109"}],"curies":[{"name":"wp","href":"https:\/\/api.w.org\/{rel}","templated":true}]}}