{"id":147371,"date":"2022-06-23T10:51:39","date_gmt":"2022-06-23T08:51:39","guid":{"rendered":"https:\/\/europeancourt.org\/dokumentumok\/eur%c3%b3pa-tan%c3%a1cs\/ejeb\/"},"modified":"2024-06-25T16:17:47","modified_gmt":"2024-06-25T14:17:47","slug":"ejeb","status":"publish","type":"page","link":"https:\/\/europeancourt.org\/hu\/dokumentumok\/eur%c3%b3pa-tan%c3%a1cs\/ejeb\/","title":{"rendered":"EJEB"},"content":{"rendered":"<ul> \n<li><a href=\"https:\/\/europeancourt.org\/hu\/dokumentumok\/eur%c3%b3pa-tan%c3%a1cs\/ejeb\/elj%c3%a1r%c3%a1si-szab%c3%a1lyzat-47-bekezd%c3%a9s\/\" title=\"Emberi Jogok Eur\u00f3pai B\u00edr\u00f3s\u00e1ga Elj\u00e1r\u00e1si Szab\u00e1lyzat\u00e1nak 47. Cikk\">Elj\u00e1r\u00e1si Szab\u00e1lyzat \u2013 47. \u00a7<\/a><\/li>\n<li><a href=\"https:\/\/europeancourt.org\/en\/documents\/council-of-europe\/echr\/practice-directions-institution-of-proceedings\/\" title=\"Az elj\u00e1r\u00e1s kezdem\u00e9nyez\u00e9se \u2013 Gyakorlati \u00fatmutat\u00f3\">Az elj\u00e1r\u00e1s kezdem\u00e9nyez\u00e9se \u2013 Gyakorlati \u00fatmutat\u00f3<\/a><\/li>\n<li><a href=\"https:\/\/europeancourt.org\/hu\/dokumentumok\/eur%c3%b3pa-tan%c3%a1cs\/ejeb\/k%c3%a9relmez%c5%91i-%c5%b1rlap\/\" title=\"K\u00e9relmez\u0151i \u0171rlap az Eur\u00f3pai Emberi Jogi B\u00edr\u00f3s\u00e1ghoz\">K\u00e9relmez\u0151i \u0171rlap<\/a><\/li>\n<ul>\n<li><a href=\"https:\/\/europeancourt.org\/hu\/dokumentumok\/eur%c3%b3pa-tan%c3%a1cs\/ejeb\/k%c3%a9relmez%c5%91i-%c5%b1rlap\/t%c3%a1j%c3%a9koztat%c3%b3-a-kit%c3%b6lt%c3%a9s%c3%a9hez\/\" title=\"T\u00e1j\u00e9koztat\u00f3 a k\u00e9relmez\u0151i \u0171rlap kit\u00f6lt\u00e9s\u00e9hez\">T\u00e1j\u00e9koztat\u00f3 a k\u00e9relmez\u0151i \u0171rlap kit\u00f6lt\u00e9s\u00e9hez<\/a><\/li>\n<\/ul>\n<li><a href=\"https:\/\/europeancourt.org\/hu\/dokumentumok\/eur%c3%b3pa-tan%c3%a1cs\/ejeb\/meghatalmaz%c3%a1s\/\" title=\"Emberi Jogok Eur\u00f3pai B\u00edr\u00f3s\u00e1g\u00e1nak Meghatalmaz\u00e1sa\">Meghatalmaz\u00e1s<\/a><\/li>\n<li><a href=\"https:\/\/europeancourt.org\/downloads\/en\/Table_setting_out_the_required_identifying_details_for_each_applicant_to_the_ECtHR_ENG.XLSX\" title=\"T\u00e1bl\u00e1zat, amely az Emberi Jogok Eur\u00f3pai B\u00edr\u00f3s\u00e1g\u00e1n minden egyes k\u00e9relmez\u0151 adatait tartalmazza (angol nyelven)\">Csoportos k\u00e9relmek \u00e9s nagysz\u00e1m\u00fa k\u00e9relmez\u0151<\/a><\/li>\n<\/ul>","protected":false},"excerpt":{"rendered":"Elj\u00e1r\u00e1si Szab\u00e1lyzat \u2013 47. \u00a7 Az elj\u00e1r\u00e1s kezdem\u00e9nyez\u00e9se \u2013 Gyakorlati \u00fatmutat\u00f3 K\u00e9relmez\u0151i \u0171rlap T\u00e1j\u00e9koztat\u00f3 a k\u00e9relmez\u0151i \u0171rlap kit\u00f6lt\u00e9s\u00e9hez Meghatalmaz\u00e1s Csoportos k\u00e9relmek \u00e9s nagysz\u00e1m\u00fa k\u00e9relmez\u0151","protected":false},"author":1,"featured_media":192172,"parent":116109,"menu_order":0,"comment_status":"closed","ping_status":"closed","template":"","meta":{"footnotes":""},"categories":[],"tags":[],"class_list":["post-147371","page","type-page","status-publish","has-post-thumbnail","hentry"],"_links":{"self":[{"href":"https:\/\/europeancourt.org\/hu\/wp-json\/wp\/v2\/pages\/147371","targetHints":{"allow":["GET"]}}],"collection":[{"href":"https:\/\/europeancourt.org\/hu\/wp-json\/wp\/v2\/pages"}],"about":[{"href":"https:\/\/europeancourt.org\/hu\/wp-json\/wp\/v2\/types\/page"}],"author":[{"embeddable":true,"href":"https:\/\/europeancourt.org\/hu\/wp-json\/wp\/v2\/users\/1"}],"replies":[{"embeddable":true,"href":"https:\/\/europeancourt.org\/hu\/wp-json\/wp\/v2\/comments?post=147371"}],"version-history":[{"count":0,"href":"https:\/\/europeancourt.org\/hu\/wp-json\/wp\/v2\/pages\/147371\/revisions"}],"up":[{"embeddable":true,"href":"https:\/\/europeancourt.org\/hu\/wp-json\/wp\/v2\/pages\/116109"}],"wp:featuredmedia":[{"embeddable":true,"href":"https:\/\/europeancourt.org\/hu\/wp-json\/wp\/v2\/media\/192172"}],"wp:attachment":[{"href":"https:\/\/europeancourt.org\/hu\/wp-json\/wp\/v2\/media?parent=147371"}],"wp:term":[{"taxonomy":"category","embeddable":true,"href":"https:\/\/europeancourt.org\/hu\/wp-json\/wp\/v2\/categories?post=147371"},{"taxonomy":"post_tag","embeddable":true,"href":"https:\/\/europeancourt.org\/hu\/wp-json\/wp\/v2\/tags?post=147371"}],"curies":[{"name":"wp","href":"https:\/\/api.w.org\/{rel}","templated":true}]}}