{"id":147471,"date":"2022-07-02T14:27:20","date_gmt":"2022-07-02T12:27:20","guid":{"rendered":"https:\/\/europeancourt.org\/dokumentumok\/eur%c3%b3pa-tan%c3%a1cs\/ejeb\/elj%c3%a1r%c3%a1si-szab%c3%a1lyzat-47-bekezd%c3%a9s\/"},"modified":"2025-10-05T12:00:15","modified_gmt":"2025-10-05T12:00:15","slug":"elj%c3%a1r%c3%a1si-szab%c3%a1lyzat-47-bekezd%c3%a9s","status":"publish","type":"page","link":"https:\/\/europeancourt.org\/hu\/dokumentumok\/eur%c3%b3pa-tan%c3%a1cs\/ejeb\/elj%c3%a1r%c3%a1si-szab%c3%a1lyzat-47-bekezd%c3%a9s\/","title":{"rendered":"Elj\u00e1r\u00e1si Szab\u00e1lyzat \u2013 47. \u00a7"},"content":{"rendered":"<h2 style=\"text-align: center;\">Elj\u00e1r\u00e1si Szab\u00e1lyzat<\/h2>\n<p><strong>47. \u00a7<a class=\"paddingleft2px\" title=\"A B\u00edr\u00f3s\u00e1g \u00e1ltal m\u00f3dos\u00edtva 2002. j\u00fanius 17-\u00e9n \u00e9s j\u00falius 8-\u00e1n, 2007. december 11-\u00e9n, 2008. szeptember 22-\u00e9n, 2013. m\u00e1jus 6-\u00e1n, 2015. j\u00fanius 1-j\u00e9n, okt\u00f3ber 5-\u00e9n \u00e9s 2024. janu\u00e1r 18-\u00e1n.\" href=\"#fn1\"><sup style=\"cursor:help\">1<\/sup><\/a> \u2013 Az egy\u00e9ni k\u00e9relem tartalma<\/strong><\/p>\n<p>1. Az <a title=\"Az emberi jogok \u00e9s alapvet\u0151 szabads\u00e1gok v\u00e9delm\u00e9r\u0151l sz\u00f3l\u00f3 Egyezm\u00e9ny 34. Cikke\" href=\"https:\/\/europeancourt.org\/hu\/dokumentumok\/eur%c3%b3pa-tan%c3%a1cs\/emberi-jogok-eur%c3%b3pai-egyezm%c3%a9nye\/#34-cikk\">Egyezm\u00e9ny 34. Cikke<\/a> szerint el\u0151terjesztett k\u00e9relmet a Hivatal \u00e1ltal rendelkez\u00e9sre bocs\u00e1tott <a href=\"https:\/\/europeancourt.org\/hu\/dokumentumok\/eur%c3%b3pa-tan%c3%a1cs\/ejeb\/k%c3%a9relmez%c5%91i-%c5%b1rlap\/\" title=\"K\u00e9relmez\u0151i \u0171rlap az Eur\u00f3pai Emberi Jogi B\u00edr\u00f3s\u00e1ghoz\">k\u00e9relmez\u0151i \u0171rlapon<\/a> kell beny\u00fajtani, hacsak a B\u00edr\u00f3s\u00e1g err\u0151l m\u00e1sk\u00e9pp nem hat\u00e1roz. Tartalmaznia kell az \u0171rlap vonatkoz\u00f3 r\u00e9szein k\u00e9rt adatokat, \u00edgy<\/p>\n<p style=\"padding-left: 40px;\">(a) a k\u00e9relmez\u0151 nev\u00e9t, sz\u00fclet\u00e9si idej\u00e9t, \u00e1llampolg\u00e1rs\u00e1g\u00e1t \u00e9s lakc\u00edm\u00e9t, \u00e9s amennyiben a k\u00e9relmez\u0151 jogi szem\u00e9ly vagy egy\u00e9b szervezet, annak teljes nev\u00e9t, bejegyz\u00e9s\u00e9nek vagy alap\u00edt\u00e1s\u00e1nak idej\u00e9t, az (esetleges) c\u00e9gbejegyz\u00e9si sz\u00e1mot \u00e9s a hivatalos c\u00edmet;<\/p>\n<p style=\"padding-left: 40px;\">(b) az esetleges k\u00e9pvisel\u0151 nev\u00e9t, c\u00edm\u00e9t, telefon \u00e9s fax sz\u00e1m\u00e1t, valamint email c\u00edm\u00e9t;<\/p>\n<p style=\"padding-left: 40px;\">(c) amennyiben a k\u00e9relmez\u0151 k\u00e9pvisel\u0151 \u00fatj\u00e1n ny\u00fajtja be a k\u00e9relmet, a k\u00e9relmez\u0151nek a K\u00e9relmez\u0151i \u0171rlap meghatalmaz\u00e1si rovat\u00e1ban elhelyezett, keltez\u00e9ssel ell\u00e1tott, eredeti al\u00e1\u00edr\u00e1s\u00e1t, valamint ugyanabban a rovatban a k\u00e9pvisel\u0151 eredeti al\u00e1\u00edr\u00e1s\u00e1t, amely tan\u00fas\u00edtja, hogy a meghatalmaz\u00e1st elfogadja; a B\u00edr\u00f3s\u00e1g elfogadhatja az al\u00e1\u00edr\u00e1sok f\u00e9nym\u00e1solat\u00e1t vagy m\u00e1s, a Szerz\u0151d\u0151 Felek hazai joga szerint \u00e9rv\u00e9nyes meghatalmaz\u00e1st is, ha ezeknek a k\u00f6vetelm\u00e9nyeknek nyom\u00f3s okb\u00f3l nem lehet eleget tenni, \u00e9s a k\u00e9relmez\u0151i \u0171rlapban tal\u00e1lhat\u00f3, eredeti al\u00e1\u00edr\u00e1sokkal ell\u00e1tott meghatalmaz\u00e1s ut\u00f3bb \u00e9sszer\u0171 id\u0151n bel\u00fcl meg\u00e9rkezik a B\u00edr\u00f3s\u00e1gra;<\/p>\n<p style=\"padding-left: 40px;\">(d) a Szerz\u0151d\u0151 F\u00e9l (Felek) megnevez\u00e9s\u00e9t, amely(ek) ellen a k\u00e9relem ir\u00e1nyul;<\/p>\n<p style=\"padding-left: 40px;\">(e) a t\u00e9nyek t\u00f6m\u00f6r \u00e9s vil\u00e1gos le\u00edr\u00e1s\u00e1t;<\/p>\n<p style=\"padding-left: 40px;\">(f) a k\u00e9relmez\u0151 \u00e1ltal \u00e1ll\u00edtott egyezm\u00e9ny- (ill. jegyz\u0151k\u00f6nyv-) s\u00e9rt\u00e9s(ek) t\u00f6m\u00f6r \u00e9s vil\u00e1gos le\u00edr\u00e1s\u00e1t \u00e9s az azokat al\u00e1t\u00e1maszt\u00f3 \u00e9rveket; valamint<\/p>\n<p style=\"padding-left: 40px;\">(g) annak t\u00f6m\u00f6r \u00e9s vil\u00e1gos le\u00edr\u00e1s\u00e1t, hogy a k\u00e9relmez\u0151 eleget tett az <a title=\"Az emberi jogok \u00e9s alapvet\u0151 szabads\u00e1gok v\u00e9delm\u00e9r\u0151l sz\u00f3l\u00f3 Egyezm\u00e9ny 35. Cikke\" href=\"https:\/\/europeancourt.org\/hu\/dokumentumok\/eur%c3%b3pa-tan%c3%a1cs\/emberi-jogok-eur%c3%b3pai-egyezm%c3%a9nye\/#35-cikk\">Egyezm\u00e9ny 35. Cikk<\/a> (1) bekezd\u00e9se szerinti elfogadhat\u00f3s\u00e1gi k\u00f6vetelm\u00e9nyeknek.<\/p>\n<p>2.<\/p>\n<p style=\"padding-left: 40px;\">(a) Az 1 (e) \u2013 (g) pontokban eml\u00edtett \u00e9s a k\u00e9relmez\u0151i \u0171rlap idev\u00e1g\u00f3 r\u00e9sz\u00e9n kifejtett t\u00e9nyeknek elegend\u0151eknek kell lenni\u00fck ahhoz, hogy a B\u00edr\u00f3s\u00e1g meg tudja \u00e1llap\u00edtani a k\u00e9relem jelleg\u00e9t \u00e9s tartalm\u00e1t tov\u00e1bbi irat ig\u00e9nybev\u00e9tele n\u00e9lk\u00fcl.<\/p>\n<p style=\"padding-left: 40px;\">(b) A k\u00e9relmez\u0151 a fenti adatokat mindamellett tov\u00e1bbi r\u00e9szletekkel eg\u00e9sz\u00edtheti ki a t\u00e9nyek, az \u00e1ll\u00edtott egyezm\u00e9nys\u00e9rt\u00e9sek \u00e9s az \u00e9rvek vonatkoz\u00e1s\u00e1ban. A kieg\u00e9sz\u00edt\u00e9s nem haladhatja meg a 20 oldalt.<\/p>\n<p>3.1. A k\u00e9relmez\u0151i \u0171rlapot a k\u00e9relmez\u0151nek vagy k\u00e9pvisel\u0151j\u00e9nek al\u00e1 kell \u00edrnia, \u00e9s csatolni kell hozz\u00e1 a k\u00f6vetkez\u0151ket: <\/p>\n<p style=\"padding-left: 40px;\">(a) a panaszolt b\u00edr\u00f3s\u00e1gi vagy egy\u00e9b hat\u00e1rozatok m\u00e1solatait;<\/p>\n<p style=\"padding-left: 40px;\">(b) azon iratok \u00e9s hat\u00e1rozatok m\u00e1solat\u00e1t, amelyek igazolj\u00e1k, hogy a k\u00e9relmez\u0151 eleget tett az <a title=\"Az emberi jogok \u00e9s alapvet\u0151 szabads\u00e1gok v\u00e9delm\u00e9r\u0151l sz\u00f3l\u00f3 Egyezm\u00e9ny 35. Cikke\" href=\"https:\/\/europeancourt.org\/hu\/dokumentumok\/eur%c3%b3pa-tan%c3%a1cs\/emberi-jogok-eur%c3%b3pai-egyezm%c3%a9nye\/#35-cikk\">Egyezm\u00e9ny 35. Cikk<\/a> (1) bekezd\u00e9se szerint a vonatkoz\u00f3 hat\u00e1rid\u0151 ill. a hazai jogorvoslatok kimer\u00edt\u00e9se k\u00f6vetelm\u00e9ny\u00e9nek;<\/p>\n<p style=\"padding-left: 40px;\">(c) m\u00e1s nemzetk\u00f6zi kivizsg\u00e1l\u00e1si ill. rendez\u00e9si elj\u00e1r\u00e1sra vonatkoz\u00f3 iratok m\u00e1solat\u00e1t (amennyiben sor ker\u00fclt ilyen elj\u00e1r\u00e1sra);<\/p>\n<p style=\"padding-left: 40px;\">(d) amennyiben a k\u00e9relmez\u0151 jogi szem\u00e9ly vagy egy\u00e9b szervezet (ld. Elj\u00e1r\u00e1si Szab\u00e1lyzat 47. \u00a7 (1) bek. a) pont), \u00fagy okirati igazol\u00e1s\u00e1t annak, hogy a k\u00e9relmet beny\u00fajt\u00f3 egy\u00e9n szervezeti k\u00e9pvisel\u0151i jogosults\u00e1ggal rendelkezik.<\/p>\n<p>3.2. A k\u00e9relem al\u00e1t\u00e1maszt\u00e1s\u00e1ra beny\u00fajtott iratokat id\u0151rendben, folyamatos sz\u00e1moz\u00e1ssal \u00e9s pontos megnevez\u00e9ssel kell felsorolni.<\/p>\n<p>4. Azok a k\u00e9relmez\u0151k, akik a kil\u00e9t\u00fcket nem k\u00edv\u00e1nj\u00e1k felfedni a nyilv\u00e1noss\u00e1g sz\u00e1m\u00e1ra, erre n\u00e9zve nyilatkozniuk kell, \u00e9s megokolniuk, mi\u00e9rt ig\u00e9nyelnek kiv\u00e9telt az elj\u00e1r\u00e1s nyilv\u00e1noss\u00e1g\u00e1nak \u00e1ltal\u00e1nos szab\u00e1lya al\u00f3l. A B\u00edr\u00f3s\u00e1g az anonimit\u00e1st enged\u00e9lyezheti, vagy saj\u00e1t kezdem\u00e9nyez\u00e9s\u00e9re megadhatja azt.<\/p>\n<p>5.1. Amennyiben a k\u00e9relmez\u0151 a fenti 1\u20133. pontokban foglalt k\u00f6vetelm\u00e9nyeknek nem tesz eleget, az azt eredm\u00e9nyezheti, hogy a B\u00edr\u00f3s\u00e1g nem vizsg\u00e1lja meg a k\u00e9relmet, kiv\u00e9ve, ha<\/p>\n<p style=\"padding-left: 40px;\">(a) a k\u00e9relmez\u0151 elfogadhat\u00f3 magyar\u00e1zattal szolg\u00e1l a mulaszt\u00e1s\u00e1t illet\u0151en;<\/p>\n<p style=\"padding-left: 40px;\">(b) a k\u00e9relem ideiglenes int\u00e9zked\u00e9s meghozatal\u00e1ra ir\u00e1nyul;<\/p>\n<p style=\"padding-left: 40px;\">(c) a B\u00edr\u00f3s\u00e1g a saj\u00e1t kezdem\u00e9nyez\u00e9s\u00e9re- vagy a k\u00e9relmez\u0151 k\u00e9r\u00e9s\u00e9re m\u00e1sk\u00e9ppen hat\u00e1roz.<\/p>\n<p>5.2. A B\u00edr\u00f3s\u00e1g b\u00e1rmikor felsz\u00f3l\u00edthatja a k\u00e9relmez\u0151t arra, hogy meghat\u00e1rozott form\u00e1ban vagy m\u00f3don tov\u00e1bbi adatot vagy iratot ny\u00fajtson be adott hat\u00e1rid\u0151n bel\u00fcl.<\/p>\n<p>6.<\/p>\n<p style=\"padding-left: 40px;\">(a) Az <a title=\"Az emberi jogok \u00e9s alapvet\u0151 szabads\u00e1gok v\u00e9delm\u00e9r\u0151l sz\u00f3l\u00f3 Egyezm\u00e9ny 35. Cikke\" href=\"https:\/\/europeancourt.org\/hu\/dokumentumok\/eur%c3%b3pa-tan%c3%a1cs\/emberi-jogok-eur%c3%b3pai-egyezm%c3%a9nye\/#35-cikk\">Egyezm\u00e9ny 35. Cikk<\/a> (1) bekezd\u00e9se szempontj\u00e1b\u00f3l a k\u00e9relem beny\u00fajt\u00e1s\u00e1nak napja a jelen Szab\u00e1ly el\u0151\u00edr\u00e1sainak megfelel\u0151en elk\u00e9sz\u00edtett k\u00e9relmez\u0151i \u0171rlap megk\u00fcld\u00e9s\u00e9nek a napja. A felad\u00e1s napj\u00e1nak a postab\u00e9lyegz\u0151n szerepl\u0151 keltez\u00e9s sz\u00e1m\u00edt.<\/p>\n<p style=\"padding-left: 40px;\">(b) A B\u00edr\u00f3s\u00e1g mindamellett indokolt esetben \u00fagy hat\u00e1rozhat, hogy m\u00e1s d\u00e1tumot tekint a beny\u00fajt\u00e1s napj\u00e1nak.<\/p>\n<p>7. A k\u00e9relmez\u0151knek t\u00e1j\u00e9koztatniuk kell a B\u00edr\u00f3s\u00e1got b\u00e1rmely c\u00edmv\u00e1ltoz\u00e1sr\u00f3l \u00e9s a k\u00e9relm\u00fckkel kapcsolatos b\u00e1rmely egy\u00e9b k\u00f6r\u00fclm\u00e9nyr\u0151l.<\/p>\n__________\n<p id=\"fn1\"><sup>1<\/sup> A B\u00edr\u00f3s\u00e1g \u00e1ltal m\u00f3dos\u00edtva 2002. j\u00fanius 17-\u00e9n \u00e9s j\u00falius 8-\u00e1n, 2007. december 11-\u00e9n, 2008. szeptember 22-\u00e9n, 2013. m\u00e1jus 6-\u00e1n, 2015. j\u00fanius 1-j\u00e9n, okt\u00f3ber 5-\u00e9n \u00e9s 2024. janu\u00e1r 18-\u00e1n.<\/p>","protected":false},"excerpt":{"rendered":"Elj\u00e1r\u00e1si Szab\u00e1lyzat 47. \u00a71 \u2013 Az egy\u00e9ni k\u00e9relem tartalma 1. Az Egyezm\u00e9ny 34. Cikke szerint el\u0151terjesztett k\u00e9relmet a Hivatal \u00e1ltal rendelkez\u00e9sre bocs\u00e1tott k\u00e9relmez\u0151i \u0171rlapon kell beny\u00fajtani, hacsak a B\u00edr\u00f3s\u00e1g err\u0151l m\u00e1sk\u00e9pp nem hat\u00e1roz. Tartalmaznia&#46;&#46;&#46;","protected":false},"author":1,"featured_media":188913,"parent":147371,"menu_order":0,"comment_status":"closed","ping_status":"closed","template":"","meta":{"footnotes":""},"categories":[],"tags":[],"class_list":["post-147471","page","type-page","status-publish","has-post-thumbnail","hentry"],"_links":{"self":[{"href":"https:\/\/europeancourt.org\/hu\/wp-json\/wp\/v2\/pages\/147471","targetHints":{"allow":["GET"]}}],"collection":[{"href":"https:\/\/europeancourt.org\/hu\/wp-json\/wp\/v2\/pages"}],"about":[{"href":"https:\/\/europeancourt.org\/hu\/wp-json\/wp\/v2\/types\/page"}],"author":[{"embeddable":true,"href":"https:\/\/europeancourt.org\/hu\/wp-json\/wp\/v2\/users\/1"}],"replies":[{"embeddable":true,"href":"https:\/\/europeancourt.org\/hu\/wp-json\/wp\/v2\/comments?post=147471"}],"version-history":[{"count":0,"href":"https:\/\/europeancourt.org\/hu\/wp-json\/wp\/v2\/pages\/147471\/revisions"}],"up":[{"embeddable":true,"href":"https:\/\/europeancourt.org\/hu\/wp-json\/wp\/v2\/pages\/147371"}],"wp:featuredmedia":[{"embeddable":true,"href":"https:\/\/europeancourt.org\/hu\/wp-json\/wp\/v2\/media\/188913"}],"wp:attachment":[{"href":"https:\/\/europeancourt.org\/hu\/wp-json\/wp\/v2\/media?parent=147471"}],"wp:term":[{"taxonomy":"category","embeddable":true,"href":"https:\/\/europeancourt.org\/hu\/wp-json\/wp\/v2\/categories?post=147471"},{"taxonomy":"post_tag","embeddable":true,"href":"https:\/\/europeancourt.org\/hu\/wp-json\/wp\/v2\/tags?post=147471"}],"curies":[{"name":"wp","href":"https:\/\/api.w.org\/{rel}","templated":true}]}}