{"id":177040,"date":"2022-07-03T16:50:48","date_gmt":"2022-07-03T14:50:48","guid":{"rendered":"https:\/\/europeancourt.org\/dokumentumok\/eur%c3%b3pa-tan%c3%a1cs\/ejeb\/meghatalmaz%c3%a1s\/"},"modified":"2024-06-10T23:56:35","modified_gmt":"2024-06-10T21:56:35","slug":"meghatalmaz%c3%a1s","status":"publish","type":"page","link":"https:\/\/europeancourt.org\/hu\/dokumentumok\/eur%c3%b3pa-tan%c3%a1cs\/ejeb\/meghatalmaz%c3%a1s\/","title":{"rendered":"Emberi Jogok Eur\u00f3pai B\u00edr\u00f3s\u00e1g\u00e1nak Meghatalmaz\u00e1sa"},"content":{"rendered":"<p>A formanyomtatv\u00e1ny haszn\u00e1lat\u00e1hoz Adobe Reader 9 vagy ann\u00e1l frissebb verzi\u00f3 sz\u00fcks\u00e9ges, amelyet csak a Windows \u00e9s a Mac OS X oper\u00e1ci\u00f3s rendszer t\u00e1mogat. Gy\u0151z\u0151dj\u00f6n meg arr\u00f3l, hogy az Acrobat Reader telep\u00edtve van a g\u00e9p\u00e9n (vagy <a href=\"https:\/\/get.adobe.com\/hu\/reader\/\" title=\"Adobe Reader\" target=\"_blank\" rel=\"noopener\">t\u00f6ltse le a www.adobe.com oldalr\u00f3l<\/a>).<\/p>\n<ul>\n<li>Mentse el a nyomtatv\u00e1nyt sz\u00e1m\u00edt\u00f3g\u00e9p\u00e9nek valamelyik k\u00f6nyvt\u00e1r\u00e1ba.<\/li>\n<li>A megfelel\u0151 k\u00f6nyvt\u00e1rb\u00f3l nyissa meg a nyomtatv\u00e1ny lementett m\u00e1solat\u00e1t az Adobe Reader programban.<\/li>\n<li>T\u00f6ltse ki a nyomtatv\u00e1nyt \u00e9s mentse el.<\/li>\n<li>A kit\u00f6lt\u00f6tt nyomtatv\u00e1nyt nyomtassa ki, \u00e9s postai \u00faton k\u00fcldje meg a B\u00edr\u00f3s\u00e1g r\u00e9sz\u00e9re.<\/li>\n<\/ul>\n<p style=\"text-align: center;\"><a title=\"Emberi Jogok Eur\u00f3pai B\u00edr\u00f3s\u00e1g\u00e1nak Meghatalmaz\u00e1sa\" href=\"https:\/\/europeancourt.org\/downloads\/hu\/Emberi_Jogok_Europai_Birosaganak_Meghatalmazasa_HUN_2021-1.PDF\" class=\"extlinkoff mybrightbutton red\" download=\"\">Let\u00f6lt\u00e9s <i class=\"fas fa-download\"><\/i><\/a><\/p>\n<iframe class=\"wonderplugin-pdf-iframe\" src=\"https:\/\/europeancourt.org\/wp-content\/plugins\/wonderplugin-pdf-embed\/pdfjs\/web\/viewer.html?v=2&disabledownload=1&disableprint=1&disabledoc=1&disableopenfile=1&externallinktarget=2&file=https:\/\/europeancourt.org\/noindex\/AuthF_HUN_2021-1.pdf\" title=\"Emberi Jogok Eur\u00f3pai B\u00edr\u00f3s\u00e1g\u00e1nak Meghatalmaz\u00e1sa\" width=\"100%\" height=\"900px\" style=\"border:0;\"><\/iframe>","protected":false},"excerpt":{"rendered":"A formanyomtatv\u00e1ny haszn\u00e1lat\u00e1hoz Adobe Reader 9 vagy ann\u00e1l frissebb verzi\u00f3 sz\u00fcks\u00e9ges, amelyet csak a Windows \u00e9s a Mac OS X oper\u00e1ci\u00f3s rendszer t\u00e1mogat. Gy\u0151z\u0151dj\u00f6n meg arr\u00f3l, hogy az Acrobat Reader telep\u00edtve van a g\u00e9p\u00e9n&#46;&#46;&#46;","protected":false},"author":1,"featured_media":191811,"parent":147371,"menu_order":0,"comment_status":"closed","ping_status":"closed","template":"","meta":{"footnotes":""},"categories":[],"tags":[],"class_list":["post-177040","page","type-page","status-publish","has-post-thumbnail","hentry"],"_links":{"self":[{"href":"https:\/\/europeancourt.org\/hu\/wp-json\/wp\/v2\/pages\/177040","targetHints":{"allow":["GET"]}}],"collection":[{"href":"https:\/\/europeancourt.org\/hu\/wp-json\/wp\/v2\/pages"}],"about":[{"href":"https:\/\/europeancourt.org\/hu\/wp-json\/wp\/v2\/types\/page"}],"author":[{"embeddable":true,"href":"https:\/\/europeancourt.org\/hu\/wp-json\/wp\/v2\/users\/1"}],"replies":[{"embeddable":true,"href":"https:\/\/europeancourt.org\/hu\/wp-json\/wp\/v2\/comments?post=177040"}],"version-history":[{"count":0,"href":"https:\/\/europeancourt.org\/hu\/wp-json\/wp\/v2\/pages\/177040\/revisions"}],"up":[{"embeddable":true,"href":"https:\/\/europeancourt.org\/hu\/wp-json\/wp\/v2\/pages\/147371"}],"wp:featuredmedia":[{"embeddable":true,"href":"https:\/\/europeancourt.org\/hu\/wp-json\/wp\/v2\/media\/191811"}],"wp:attachment":[{"href":"https:\/\/europeancourt.org\/hu\/wp-json\/wp\/v2\/media?parent=177040"}],"wp:term":[{"taxonomy":"category","embeddable":true,"href":"https:\/\/europeancourt.org\/hu\/wp-json\/wp\/v2\/categories?post=177040"},{"taxonomy":"post_tag","embeddable":true,"href":"https:\/\/europeancourt.org\/hu\/wp-json\/wp\/v2\/tags?post=177040"}],"curies":[{"name":"wp","href":"https:\/\/api.w.org\/{rel}","templated":true}]}}