{"id":222178,"date":"2024-01-08T15:08:10","date_gmt":"2024-01-08T14:08:10","guid":{"rendered":"https:\/\/europeancourt.org\/szolg%c3%a1ltat%c3%a1sok\/"},"modified":"2026-04-30T13:37:27","modified_gmt":"2026-04-30T11:37:27","slug":"szolg%c3%a1ltat%c3%a1sok","status":"publish","type":"page","link":"https:\/\/europeancourt.org\/hu\/szolg%c3%a1ltat%c3%a1sok\/","title":{"rendered":"Szolg\u00e1ltat\u00e1sok"},"content":{"rendered":"<ul>\r\n\t<li><a href=\"https:\/\/europeancourt.org\/hu\/szolg%c3%a1ltat%c3%a1sok\/ejeb\/\" title=\"EJEB\">EJEB<\/a><\/li>\r\n<ul>\r\n\t\t<li><a href=\"https:\/\/europeancourt.org\/hu\/szolg%c3%a1ltat%c3%a1sok\/ejeb\/az-ejeb-hez-beny%c3%bajtott-k%c3%a9relmek-el%c5%91k%c3%a9sz%c3%adt%c3%a9se\/\" title=\"Az EJEB-hez beny\u00fajtott k\u00e9relmek el\u0151k\u00e9sz\u00edt\u00e9se\">Az EJEB-hez beny\u00fajtott k\u00e9relmek el\u0151k\u00e9sz\u00edt\u00e9se<\/a><\/li>\r\n\r\n\t<li><a href=\"https:\/\/europeancourt.org\/hu\/szolg%c3%a1ltat%c3%a1sok\/ejeb\/a-kit%c3%b6lt%c3%b6tt-ejeb-k%c3%a9relmi-%c5%b1rlapok-ellen%c5%91rz%c3%a9se\/\" title=\"A kit\u00f6lt\u00f6tt EJEB-k\u00e9relmi \u0171rlapok ellen\u0151rz\u00e9se\">A kit\u00f6lt\u00f6tt EJEB-k\u00e9relmi \u0171rlapok ellen\u0151rz\u00e9se<\/a><\/li>\r\n\r\n\t<li><a href=\"https:\/\/europeancourt.org\/hu\/szolg%c3%a1ltat%c3%a1sok\/ejeb\/a-k%c3%a9relmez%c5%91k-k%c3%a9pviselete-az-ejeb-el%c5%91tt\/\" title=\"A k\u00e9relmez\u0151k k\u00e9pviselete az EJEB el\u0151tt\">A k\u00e9relmez\u0151k k\u00e9pviselete az EJEB el\u0151tt<\/a><\/li>\n<li><a href=\"https:\/\/europeancourt.org\/hu\/szolg%c3%a1ltat%c3%a1sok\/ejeb\/tal%c3%a1ljon-%c3%bcgysz%c3%a1mot-befogad%c3%a1st-vagy-%c3%adt%c3%a9letet\/\" title=\"Tal\u00e1ljon EJEB-\u00fcgysz\u00e1mot, befogad\u00e1st vagy \u00edt\u00e9letet\">Tal\u00e1ljon EJEB-\u00fcgysz\u00e1mot, befogad\u00e1st vagy \u00edt\u00e9letet<\/a><\/li>\r\n\r\n\t<li><a href=\"https:\/\/europeancourt.org\/hu\/jogi-tan%c3%a1csad%c3%a1s-%c3%a9s-kapcsolatok\/\" title=\"Jogi tan\u00e1csad\u00e1s \u00e9s kapcsolatok\">Jogi tan\u00e1csad\u00e1s \u00e9s kapcsolatok<\/a><\/li>\r\n<\/ul>\r\n<\/ul>\r\n","protected":false},"excerpt":{"rendered":"EJEB Az EJEB-hez beny\u00fajtott k\u00e9relmek el\u0151k\u00e9sz\u00edt\u00e9se A kit\u00f6lt\u00f6tt EJEB-k\u00e9relmi \u0171rlapok ellen\u0151rz\u00e9se A k\u00e9relmez\u0151k k\u00e9pviselete az EJEB el\u0151tt Tal\u00e1ljon EJEB-\u00fcgysz\u00e1mot, befogad\u00e1st vagy \u00edt\u00e9letet Jogi tan\u00e1csad\u00e1s \u00e9s kapcsolatok","protected":false},"author":1,"featured_media":0,"parent":0,"menu_order":0,"comment_status":"closed","ping_status":"closed","template":"","meta":{"footnotes":""},"categories":[],"tags":[],"class_list":["post-222178","page","type-page","status-publish","hentry"],"_links":{"self":[{"href":"https:\/\/europeancourt.org\/hu\/wp-json\/wp\/v2\/pages\/222178","targetHints":{"allow":["GET"]}}],"collection":[{"href":"https:\/\/europeancourt.org\/hu\/wp-json\/wp\/v2\/pages"}],"about":[{"href":"https:\/\/europeancourt.org\/hu\/wp-json\/wp\/v2\/types\/page"}],"author":[{"embeddable":true,"href":"https:\/\/europeancourt.org\/hu\/wp-json\/wp\/v2\/users\/1"}],"replies":[{"embeddable":true,"href":"https:\/\/europeancourt.org\/hu\/wp-json\/wp\/v2\/comments?post=222178"}],"version-history":[{"count":5,"href":"https:\/\/europeancourt.org\/hu\/wp-json\/wp\/v2\/pages\/222178\/revisions"}],"predecessor-version":[{"id":226638,"href":"https:\/\/europeancourt.org\/hu\/wp-json\/wp\/v2\/pages\/222178\/revisions\/226638"}],"wp:attachment":[{"href":"https:\/\/europeancourt.org\/hu\/wp-json\/wp\/v2\/media?parent=222178"}],"wp:term":[{"taxonomy":"category","embeddable":true,"href":"https:\/\/europeancourt.org\/hu\/wp-json\/wp\/v2\/categories?post=222178"},{"taxonomy":"post_tag","embeddable":true,"href":"https:\/\/europeancourt.org\/hu\/wp-json\/wp\/v2\/tags?post=222178"}],"curies":[{"name":"wp","href":"https:\/\/api.w.org\/{rel}","templated":true}]}}