{"id":222213,"date":"2024-01-08T15:08:29","date_gmt":"2024-01-08T14:08:29","guid":{"rendered":"https:\/\/europeancourt.org\/szolg%c3%a1ltat%c3%a1sok\/ejeb\/"},"modified":"2025-10-02T23:01:03","modified_gmt":"2025-10-02T23:01:03","slug":"ejeb","status":"publish","type":"page","link":"https:\/\/europeancourt.org\/hu\/szolg%c3%a1ltat%c3%a1sok\/ejeb\/","title":{"rendered":"EJEB"},"content":{"rendered":"<ul>\r\n\t\t<li><a href=\"https:\/\/europeancourt.org\/en\/services\/echr\/preparing-applications\/\" title=\"Az EJEB-hez beny\u00fajtott k\u00e9relmek el\u0151k\u00e9sz\u00edt\u00e9se\">Az EJEB-hez beny\u00fajtott k\u00e9relmek el\u0151k\u00e9sz\u00edt\u00e9se<\/a><\/li>\r\n\r\n\t<li><a href=\"https:\/\/europeancourt.org\/en\/services\/echr\/checking-filled-in-applications\/\" title=\"A kit\u00f6lt\u00f6tt EJEB-k\u00e9relmi \u0171rlapok ellen\u0151rz\u00e9se\">A kit\u00f6lt\u00f6tt EJEB-k\u00e9relmi \u0171rlapok ellen\u0151rz\u00e9se<\/a><\/li>\r\n\r\n\t<li><a href=\"https:\/\/europeancourt.org\/en\/services\/echr\/representing-applicants\/\" title=\"A k\u00e9relmez\u0151k k\u00e9pviselete az EJEB el\u0151tt\">A k\u00e9relmez\u0151k k\u00e9pviselete az EJEB el\u0151tt<\/a><\/li>\r\n\r\n\t<li><a href=\"https:\/\/europeancourt.org\/en\/services\/echr\/translating-applications-into-english\/\" title=\"Az EJEB-hez beny\u00fajtott k\u00e9relmek angolra ford\u00edt\u00e1sa\">Az EJEB-hez beny\u00fajtott k\u00e9relmek angolra ford\u00edt\u00e1sa<\/a><\/li>\r\n\r\n\t<li><a href=\"https:\/\/europeancourt.org\/hu\/szolg%c3%a1ltat%c3%a1sok\/ejeb\/tal%c3%a1ljon-%c3%bcgysz%c3%a1mot-befogad%c3%a1st-vagy-%c3%adt%c3%a9letet\/\" title=\"Tal\u00e1ljon EJEB-\u00fcgysz\u00e1mot, befogad\u00e1st vagy \u00edt\u00e9letet\">Tal\u00e1ljon EJEB-\u00fcgysz\u00e1mot, befogad\u00e1st vagy \u00edt\u00e9letet<\/a><\/li>\r\n\r\n\t<li><a href=\"https:\/\/europeancourt.org\/en\/legal-advice-and-contacts\/\" title=\"Jogi tan\u00e1csad\u00e1s \u00e9s kapcsolatok\">Jogi tan\u00e1csad\u00e1s \u00e9s kapcsolatok<\/a><\/li>\r\n\r\n<\/ul>\r\n\r\n","protected":false},"excerpt":{"rendered":"Az EJEB-hez beny\u00fajtott k\u00e9relmek el\u0151k\u00e9sz\u00edt\u00e9se A kit\u00f6lt\u00f6tt EJEB-k\u00e9relmi \u0171rlapok ellen\u0151rz\u00e9se A k\u00e9relmez\u0151k k\u00e9pviselete az EJEB el\u0151tt Az EJEB-hez beny\u00fajtott k\u00e9relmek angolra ford\u00edt\u00e1sa Tal\u00e1ljon EJEB-\u00fcgysz\u00e1mot, befogad\u00e1st vagy \u00edt\u00e9letet Jogi tan\u00e1csad\u00e1s \u00e9s kapcsolatok","protected":false},"author":1,"featured_media":222512,"parent":222178,"menu_order":0,"comment_status":"closed","ping_status":"closed","template":"","meta":{"footnotes":""},"categories":[],"tags":[],"class_list":["post-222213","page","type-page","status-publish","has-post-thumbnail","hentry"],"_links":{"self":[{"href":"https:\/\/europeancourt.org\/hu\/wp-json\/wp\/v2\/pages\/222213","targetHints":{"allow":["GET"]}}],"collection":[{"href":"https:\/\/europeancourt.org\/hu\/wp-json\/wp\/v2\/pages"}],"about":[{"href":"https:\/\/europeancourt.org\/hu\/wp-json\/wp\/v2\/types\/page"}],"author":[{"embeddable":true,"href":"https:\/\/europeancourt.org\/hu\/wp-json\/wp\/v2\/users\/1"}],"replies":[{"embeddable":true,"href":"https:\/\/europeancourt.org\/hu\/wp-json\/wp\/v2\/comments?post=222213"}],"version-history":[{"count":1,"href":"https:\/\/europeancourt.org\/hu\/wp-json\/wp\/v2\/pages\/222213\/revisions"}],"predecessor-version":[{"id":222287,"href":"https:\/\/europeancourt.org\/hu\/wp-json\/wp\/v2\/pages\/222213\/revisions\/222287"}],"up":[{"embeddable":true,"href":"https:\/\/europeancourt.org\/hu\/wp-json\/wp\/v2\/pages\/222178"}],"wp:featuredmedia":[{"embeddable":true,"href":"https:\/\/europeancourt.org\/hu\/wp-json\/wp\/v2\/media\/222512"}],"wp:attachment":[{"href":"https:\/\/europeancourt.org\/hu\/wp-json\/wp\/v2\/media?parent=222213"}],"wp:term":[{"taxonomy":"category","embeddable":true,"href":"https:\/\/europeancourt.org\/hu\/wp-json\/wp\/v2\/categories?post=222213"},{"taxonomy":"post_tag","embeddable":true,"href":"https:\/\/europeancourt.org\/hu\/wp-json\/wp\/v2\/tags?post=222213"}],"curies":[{"name":"wp","href":"https:\/\/api.w.org\/{rel}","templated":true}]}}