{"id":223401,"date":"2021-10-07T00:26:31","date_gmt":"2021-10-06T22:26:31","guid":{"rendered":"https:\/\/europeancourt.org\/?page_id=223401"},"modified":"2025-11-29T11:11:50","modified_gmt":"2025-11-29T10:11:50","slug":"tal%c3%a1ljon-%c3%bcgysz%c3%a1mot-befogad%c3%a1st-vagy-%c3%adt%c3%a9letet","status":"publish","type":"page","link":"https:\/\/europeancourt.org\/hu\/szolg%c3%a1ltat%c3%a1sok\/ejeb\/tal%c3%a1ljon-%c3%bcgysz%c3%a1mot-befogad%c3%a1st-vagy-%c3%adt%c3%a9letet\/","title":{"rendered":"Tal\u00e1ljon EJEB-\u00fcgysz\u00e1mot, befogad\u00e1st vagy \u00edt\u00e9letet"},"content":{"rendered":"<div class=\"mywpcf7cf myshow myhide\">Ismeri a sz\u00f3ban forg\u00f3 k\u00e9relem sz\u00e1m\u00e1t?<\/div>\r\n<div class=\"mywpcf7cf myshow myhide\">\r\n  <span class=\"mymultyradiobutton blue\">\r\n    <span class=\"wpcf7-list-item wpcf7\">\r\n      <label><input type=\"radio\"><span class=\"wpcf7-list-item-label\">Igen<\/span><\/label>\r\n    <\/span>\r\n  <\/span>\r\n  <span class=\"mymultyradiobutton blue\">\r\n    <span class=\"wpcf7-list-item wpcf7\">\r\n      <label><input type=\"radio\"><span class=\"wpcf7-list-item-label\">Nem<\/span><\/label>\r\n    <\/span>\r\n  <\/span>\r\n<\/div>\r\n<div class=\"mywpcf7cf-blueleft myshow myhide\">\r\n  <span class=\"mycustomsummary\">Mi az a k\u00e9relemsz\u00e1m?<\/span>\r\n  <span class=\"mycustomdetails\">\r\n    <span class=\"vlist\">\r\n      <span class=\"vitem\">Az EJEB b\u00e1rmely nyilv\u00e1ntart\u00e1sba vett k\u00e9relemr\u0151l sz\u00f3l\u00f3 level\u00e9ben a k\u00e9relemsz\u00e1m k\u00f6zvetlen\u00fcl a \u201eK\u00e9relem sz\u00e1ma\u201d szavak ut\u00e1n \u00e9s a k\u00e9relem megnevez\u00e9se el\u0151tt szerepel. Az angol nyelv\u0171 levelez\u00e9sben \u201eApplication no.\u201d, a franci\u00e1ban \u201eRequ\u00eate n\u00b0\u201d szerepel.<\/span>\r\n      <span class=\"vitem\">A k\u00e9relemsz\u00e1m form\u00e1tuma: SZ\u00c1M\/\u00c9V, pl. 123\/14. Csak sz\u00e1mjegyek \u00e9s jobbra d\u0151l\u0151 perjel: \u201e\/\u201d, sz\u00f3k\u00f6z\u00f6k n\u00e9lk\u00fcl.<\/span>\r\n      <span class=\"vitem\">A B\u00edr\u00f3s\u00e1g \u00e1ltal az el\u0151\u00edr\u00e1soknak nem megfelel\u0151 k\u00e9relmez\u0151i \u0171rlapr\u00f3l k\u00fcld\u00f6tt lev\u00e9lben szerepl\u0151, ugyanolyan form\u00e1tum\u00fa sz\u00e1m nem min\u0151s\u00fcl k\u00e9relemsz\u00e1mnak. Ez a sz\u00e1m csak akkor v\u00e1lhat k\u00e9relemsz\u00e1mm\u00e1, ha a B\u00edr\u00f3s\u00e1g megkapja az el\u0151\u00edr\u00e1soknak megfelel\u0151 \u00faj k\u00e9relmez\u0151i \u0171rlapot, \u00e9s a k\u00e9relmet nyilv\u00e1ntart\u00e1sba veszi. Ilyen lev\u00e9lben a k\u00e9relem megnevez\u00e9s\u00e9t nem t\u00fcntetik fel, mert a k\u00e9relmet m\u00e9g nem vett\u00e9k nyilv\u00e1ntart\u00e1sba; rendszerint az ECHR-Axxx6 k\u00f3d szerepel, ahol az \u201exxx\u201d a lev\u00e9l nyelv\u00e9t jel\u00f6li. E k\u00f3d alatt n\u00e9ha ez \u00e1ll: \u201eHivatkoz\u00e1si sz\u00e1m\u201d.<\/span>\r\n    <\/span>\r\n  <\/span>\r\n<\/div>\r\n<div class=\"mywpcf7cf myshow myhide mywpcf7cf-utility\">\r\n  <div class=\"mybutton red not-in-text-button is-disabled\" aria-disabled=\"true\">\u00dajrakezd\u00e9s<\/div>\r\n  <a class=\"mybutton red not-in-text-button\" href=\"mailto:oleg.anishchik@europeancourt.org?subject=Tal\u00e1ljon EJEB-\u00fcgysz\u00e1mot, befogad\u00e1st vagy \u00edt\u00e9letet: hiba&#038;body=Hibale\u00edr\u00e1s: \">Hiba bejelent\u00e9se<\/a>\r\n<\/div>\r\n<div id=\"ajax_content\"><\/div>","protected":false},"excerpt":{"rendered":"Ismeri a sz\u00f3ban forg\u00f3 k\u00e9relem sz\u00e1m\u00e1t? Igen Nem Mi az a k\u00e9relemsz\u00e1m? Az EJEB b\u00e1rmely nyilv\u00e1ntart\u00e1sba vett k\u00e9relemr\u0151l sz\u00f3l\u00f3 level\u00e9ben a k\u00e9relemsz\u00e1m k\u00f6zvetlen\u00fcl a \u201eK\u00e9relem sz\u00e1ma\u201d szavak ut\u00e1n \u00e9s a k\u00e9relem megnevez\u00e9se el\u0151tt szerepel.&#46;&#46;&#46;","protected":false},"author":1,"featured_media":223402,"parent":222213,"menu_order":0,"comment_status":"closed","ping_status":"closed","template":"","meta":{"footnotes":""},"categories":[],"tags":[],"class_list":["post-223401","page","type-page","status-publish","has-post-thumbnail","hentry"],"_links":{"self":[{"href":"https:\/\/europeancourt.org\/hu\/wp-json\/wp\/v2\/pages\/223401","targetHints":{"allow":["GET"]}}],"collection":[{"href":"https:\/\/europeancourt.org\/hu\/wp-json\/wp\/v2\/pages"}],"about":[{"href":"https:\/\/europeancourt.org\/hu\/wp-json\/wp\/v2\/types\/page"}],"author":[{"embeddable":true,"href":"https:\/\/europeancourt.org\/hu\/wp-json\/wp\/v2\/users\/1"}],"replies":[{"embeddable":true,"href":"https:\/\/europeancourt.org\/hu\/wp-json\/wp\/v2\/comments?post=223401"}],"version-history":[{"count":1,"href":"https:\/\/europeancourt.org\/hu\/wp-json\/wp\/v2\/pages\/223401\/revisions"}],"predecessor-version":[{"id":223403,"href":"https:\/\/europeancourt.org\/hu\/wp-json\/wp\/v2\/pages\/223401\/revisions\/223403"}],"up":[{"embeddable":true,"href":"https:\/\/europeancourt.org\/hu\/wp-json\/wp\/v2\/pages\/222213"}],"wp:featuredmedia":[{"embeddable":true,"href":"https:\/\/europeancourt.org\/hu\/wp-json\/wp\/v2\/media\/223402"}],"wp:attachment":[{"href":"https:\/\/europeancourt.org\/hu\/wp-json\/wp\/v2\/media?parent=223401"}],"wp:term":[{"taxonomy":"category","embeddable":true,"href":"https:\/\/europeancourt.org\/hu\/wp-json\/wp\/v2\/categories?post=223401"},{"taxonomy":"post_tag","embeddable":true,"href":"https:\/\/europeancourt.org\/hu\/wp-json\/wp\/v2\/tags?post=223401"}],"curies":[{"name":"wp","href":"https:\/\/api.w.org\/{rel}","templated":true}]}}