{"id":225335,"date":"2026-04-26T14:48:59","date_gmt":"2026-04-26T12:48:59","guid":{"rendered":"https:\/\/europeancourt.org\/jogi-tan%c3%a1csad%c3%a1s-%c3%a9s-kapcsolatok\/"},"modified":"2026-04-27T14:30:03","modified_gmt":"2026-04-27T12:30:03","slug":"jogi-tan%c3%a1csad%c3%a1s-%c3%a9s-kapcsolatok","status":"publish","type":"page","link":"https:\/\/europeancourt.org\/hu\/jogi-tan%c3%a1csad%c3%a1s-%c3%a9s-kapcsolatok\/","title":{"rendered":"Jogi tan\u00e1csad\u00e1s \u00e9s kapcsolatok"},"content":{"rendered":"<div class=\"mywpcf7cf myshow myhide\">Ezt szeretn\u00e9m:<\/div>\n\n<div class=\"myshow myhide\"><span class=\"wpcf7-radio\"><span class=\"wpcf7-list-item\"><label><span class=\"wpcf7-list-item-label\">EJEB-k\u00e9relem el\u0151k\u00e9sz\u00edt\u00e9se<\/span><\/label><\/span><\/span><\/div>\n\n<div class=\"myshow myhide\"><span class=\"wpcf7-radio\"><span class=\"wpcf7-list-item\"><label><span class=\"wpcf7-list-item-label\">a k\u00e9relmez\u0151i \u0171rlap hib\u00e1inak ellen\u0151rz\u00e9se az EJEB-nek val\u00f3 elk\u00fcld\u00e9s el\u0151tt<\/span><\/label><\/span><\/span><\/div>\n\n<div class=\"myshow myhide\"><span class=\"wpcf7-radio\"><span class=\"wpcf7-list-item\"><label><span class=\"wpcf7-list-item-label\">a k\u00e9relmez\u0151 k\u00e9pviselete az EJEB el\u0151tt azut\u00e1n, hogy az EJEB a k\u00e9relmet megk\u00fcldte az \u00e9rintett Korm\u00e1nynak \u00e9szrev\u00e9telez\u00e9sre<\/span><\/label><\/span><\/span><\/div>\n\n<div class=\"myshow myhide\"><span class=\"wpcf7-radio\"><span class=\"wpcf7-list-item\"><label><span class=\"wpcf7-list-item-label\">az EJEB-k\u00e9relem sors\u00e1nak megismer\u00e9se<\/span><\/label><\/span><\/span><\/div>\n\n<div class=\"myshow myhide\"><span class=\"wpcf7-radio\"><span class=\"wpcf7-list-item\"><label><span class=\"wpcf7-list-item-label\">EJEB-k\u00e9relmez\u0151i \u0171rlap let\u00f6lt\u00e9se<\/span><\/label><\/span><\/span><\/div>\n\n<div class=\"myshow myhide\"><span class=\"wpcf7-radio\"><span class=\"wpcf7-list-item\"><label><span class=\"wpcf7-list-item-label\">konzult\u00e1ci\u00f3 k\u00e9r\u00e9se<\/span><\/label><\/span><\/span><\/div>\n\n<div class=\"myshow myhide\"><span class=\"wpcf7-radio\"><span class=\"wpcf7-list-item\"><label><span class=\"wpcf7-list-item-label\">el\u00e9rhet\u0151s\u00e9gek megjelen\u00edt\u00e9se<\/span><\/label><\/span><\/span><\/div>\n<div id=\"ajax_content\"><\/div>","protected":false},"excerpt":{"rendered":"Ezt szeretn\u00e9m: EJEB-k\u00e9relem el\u0151k\u00e9sz\u00edt\u00e9se a k\u00e9relmez\u0151i \u0171rlap hib\u00e1inak ellen\u0151rz\u00e9se az EJEB-nek val\u00f3 elk\u00fcld\u00e9s el\u0151tt a k\u00e9relmez\u0151 k\u00e9pviselete az EJEB el\u0151tt azut\u00e1n, hogy az EJEB a k\u00e9relmet megk\u00fcldte az \u00e9rintett Korm\u00e1nynak \u00e9szrev\u00e9telez\u00e9sre az EJEB-k\u00e9relem sors\u00e1nak&#46;&#46;&#46;","protected":false},"author":0,"featured_media":0,"parent":0,"menu_order":0,"comment_status":"closed","ping_status":"closed","template":"","meta":{"footnotes":""},"categories":[],"tags":[],"class_list":["post-225335","page","type-page","status-publish","hentry"],"_links":{"self":[{"href":"https:\/\/europeancourt.org\/hu\/wp-json\/wp\/v2\/pages\/225335","targetHints":{"allow":["GET"]}}],"collection":[{"href":"https:\/\/europeancourt.org\/hu\/wp-json\/wp\/v2\/pages"}],"about":[{"href":"https:\/\/europeancourt.org\/hu\/wp-json\/wp\/v2\/types\/page"}],"replies":[{"embeddable":true,"href":"https:\/\/europeancourt.org\/hu\/wp-json\/wp\/v2\/comments?post=225335"}],"version-history":[{"count":1,"href":"https:\/\/europeancourt.org\/hu\/wp-json\/wp\/v2\/pages\/225335\/revisions"}],"predecessor-version":[{"id":225599,"href":"https:\/\/europeancourt.org\/hu\/wp-json\/wp\/v2\/pages\/225335\/revisions\/225599"}],"wp:attachment":[{"href":"https:\/\/europeancourt.org\/hu\/wp-json\/wp\/v2\/media?parent=225335"}],"wp:term":[{"taxonomy":"category","embeddable":true,"href":"https:\/\/europeancourt.org\/hu\/wp-json\/wp\/v2\/categories?post=225335"},{"taxonomy":"post_tag","embeddable":true,"href":"https:\/\/europeancourt.org\/hu\/wp-json\/wp\/v2\/tags?post=225335"}],"curies":[{"name":"wp","href":"https:\/\/api.w.org\/{rel}","templated":true}]}}