{"id":116084,"date":"2022-06-13T12:26:38","date_gmt":"2022-06-13T10:26:38","guid":{"rendered":"https:\/\/europeancourt.org\/skj%c3%b6l\/"},"modified":"2024-06-25T16:43:26","modified_gmt":"2024-06-25T14:43:26","slug":"skj%c3%b6l","status":"publish","type":"page","link":"https:\/\/europeancourt.org\/is\/skj%c3%b6l\/","title":{"rendered":"Skj\u00f6l"},"content":{"rendered":"<ul>\n<li><a href=\"https:\/\/europeancourt.org\/is\/skj%c3%b6l\/evr%c3%b3pur%c3%a1%c3%b0i%c3%b0\/\" title=\"Evr\u00f3pur\u00e1\u00f0i\u00f0\">Evr\u00f3pur\u00e1\u00f0i\u00f0<\/a><\/li>\n<ul>\n<li><a href=\"https:\/\/europeancourt.org\/is\/skj%c3%b6l\/evr%c3%b3pur%c3%a1%c3%b0i%c3%b0\/mannr%c3%a9ttindas%c3%a1ttm%c3%a1li-evr%c3%b3pu\/\" title=\"Samningur um verndun mannr\u00e9ttinda og mannfrelsis\">Samningur um verndun mannr\u00e9ttinda og mannfrelsis<\/a><\/li>\n<ul>\n<li><a href=\"https:\/\/europeancourt.org\/is\/skj%c3%b6l\/evr%c3%b3pur%c3%a1%c3%b0i%c3%b0\/mannr%c3%a9ttindas%c3%a1ttm%c3%a1li-evr%c3%b3pu\/samningsvi%c3%b0auki-nr1\/\" title=\"Samningsvi\u00f0auki nr. 1 vi\u00f0 samning um verndun mannr\u00e9ttinda og mannfrelsis\">Samningsvi\u00f0auki nr. 1 vi\u00f0 samning um verndun mannr\u00e9ttinda og mannfrelsis<\/a><\/li>\n<li><a href=\"https:\/\/europeancourt.org\/is\/skj%c3%b6l\/evr%c3%b3pur%c3%a1%c3%b0i%c3%b0\/mannr%c3%a9ttindas%c3%a1ttm%c3%a1li-evr%c3%b3pu\/samningsvi%c3%b0auki-nr4\/\" title=\"Samningsvi\u00f0auki nr. 4 vi\u00f0 samning um verndun mannr\u00e9ttinda og mannfrelsis\">Samningsvi\u00f0auki nr. 4 vi\u00f0 samning um verndun mannr\u00e9ttinda og mannfrelsis<\/a><\/li>\n<li><a href=\"https:\/\/europeancourt.org\/is\/skj%c3%b6l\/evr%c3%b3pur%c3%a1%c3%b0i%c3%b0\/mannr%c3%a9ttindas%c3%a1ttm%c3%a1li-evr%c3%b3pu\/samningsvi%c3%b0auki-nr6\/\" title=\"Samningsvi\u00f0auki nr. 6 vi\u00f0 samning um verndun mannr\u00e9ttinda og mannfrelsis\">Samningsvi\u00f0auki nr. 6 vi\u00f0 samning um verndun mannr\u00e9ttinda og mannfrelsis<\/a><\/li>\n<li><a href=\"https:\/\/europeancourt.org\/is\/skj%c3%b6l\/evr%c3%b3pur%c3%a1%c3%b0i%c3%b0\/mannr%c3%a9ttindas%c3%a1ttm%c3%a1li-evr%c3%b3pu\/samningsvi%c3%b0auki-nr7\/\" title=\"Samningsvi\u00f0auki nr. 7 vi\u00f0 samning um verndun mannr\u00e9ttinda og mannfrelsis\">Samningsvi\u00f0auki nr. 7 vi\u00f0 samning um verndun mannr\u00e9ttinda og mannfrelsis<\/a><\/li>\n<li><a href=\"https:\/\/europeancourt.org\/is\/skj%c3%b6l\/evr%c3%b3pur%c3%a1%c3%b0i%c3%b0\/mannr%c3%a9ttindas%c3%a1ttm%c3%a1li-evr%c3%b3pu\/samningsvi%c3%b0auki-nr12\/\" title=\"Samningsvi\u00f0auki nr. 12 vi\u00f0 samning um verndun mannr\u00e9ttinda og mannfrelsis\">Samningsvi\u00f0auki nr. 12 vi\u00f0 samning um verndun mannr\u00e9ttinda og mannfrelsis<\/a><\/li>\n<li><a href=\"https:\/\/europeancourt.org\/is\/skj%c3%b6l\/evr%c3%b3pur%c3%a1%c3%b0i%c3%b0\/mannr%c3%a9ttindas%c3%a1ttm%c3%a1li-evr%c3%b3pu\/samningsvi%c3%b0auki-nr13\/\" title=\"Samningsvi\u00f0auki nr. 13 vi\u00f0 samning um verndun mannr\u00e9ttinda og mannfrelsis\">Samningsvi\u00f0auki nr. 13 vi\u00f0 samning um verndun mannr\u00e9ttinda og mannfrelsis<\/a><\/li>\n<li><a href=\"https:\/\/europeancourt.org\/is\/skj%c3%b6l\/evr%c3%b3pur%c3%a1%c3%b0i%c3%b0\/mannr%c3%a9ttindas%c3%a1ttm%c3%a1li-evr%c3%b3pu\/samningsvi%c3%b0auki-nr16\/\" title=\"Samningsvi\u00f0auki nr. 16 vi\u00f0 samning um verndun mannr\u00e9ttinda og mannfrelsis\">Samningsvi\u00f0auki nr. 16 vi\u00f0 samning um verndun mannr\u00e9ttinda og mannfrelsis<\/a><\/li>\n<\/ul>\n<li><a href=\"https:\/\/europeancourt.org\/is\/skj%c3%b6l\/evr%c3%b3pur%c3%a1%c3%b0i%c3%b0\/mde\/\" title=\"Mannr\u00e9ttindad\u00f3mst\u00f3ll Evr\u00f3pu\">Mannr\u00e9ttindad\u00f3mst\u00f3ll Evr\u00f3pu<\/a><\/li>\n<ul>\n<li><a href=\"https:\/\/europeancourt.org\/ru\/%d0%b4%d0%be%d0%ba%d1%83%d0%bc%d0%b5%d0%bd%d1%82%d1%8b\/%d1%81%d0%be%d0%b2%d0%b5%d1%82-%d0%b5%d0%b2%d1%80%d0%be%d0%bf%d1%8b\/%d0%b5%d1%81%d0%bf%d1%87\/%d1%80%d0%b5%d0%b3%d0%bb%d0%b0%d0%bc%d0%b5%d0%bd%d1%82-%d1%81%d1%82%d0%b0%d1%82%d1%8c%d1%8f-47\/\" title=\"Reglu 47 \u00ed Reglum Mannr\u00e9ttindad\u00f3mst\u00f3lsins\">Reglur Mannr\u00e9ttindad\u00f3mst\u00f3lsins \u2013 Regla 47<\/a><\/li>\n<li><a href=\"https:\/\/europeancourt.org\/en\/documents\/council-of-europe\/echr\/practice-directions-institution-of-proceedings\/\" title=\"Handb\u00f3k um me\u00f0fer\u00f0arh\u00e6fi k\u00e6ra\">Handb\u00f3k um me\u00f0fer\u00f0arh\u00e6fi k\u00e6ra<\/a><\/li>\n<li><a href=\"https:\/\/europeancourt.org\/is\/skj%c3%b6l\/evr%c3%b3pur%c3%a1%c3%b0i%c3%b0\/mde\/k%c3%a6ruey%c3%b0ubla%c3%b0\/\" title=\"K\u00e6ruey\u00f0ubla\u00f0 til Mannr\u00e9ttindad\u00f3mst\u00f3ls Evr\u00f3pu\">K\u00e6ruey\u00f0ubla\u00f0<\/a><\/li>\n<ul>\n<li><a href=\"https:\/\/europeancourt.org\/is\/skj%c3%b6l\/evr%c3%b3pur%c3%a1%c3%b0i%c3%b0\/mde\/k%c3%a6ruey%c3%b0ubla%c3%b0\/sk%c3%bdringar-var%c3%b0andi-%c3%batfyllingu\/\" title=\"Sk\u00fdringar var\u00f0andi \u00fatfyllingu k\u00e6ruey\u00f0ubla\u00f0sins\">Sk\u00fdringar var\u00f0andi \u00fatfyllingu k\u00e6ruey\u00f0ubla\u00f0sins<\/a><\/li>\n<\/ul>\n<li><a href=\"https:\/\/europeancourt.org\/is\/skj%c3%b6l\/evr%c3%b3pur%c3%a1%c3%b0i%c3%b0\/mde\/umbo%c3%b0sey%c3%b0ubla%c3%b0\/\" title=\"Umbo\u00f0 fyrir Mannr\u00e9ttindad\u00f3mst\u00f3l Evr\u00f3pu\">Umbo\u00f0sey\u00f0ubla\u00f0<\/a><\/li>\n<li><a href=\"https:\/\/europeancourt.org\/downloads\/en\/Table_setting_out_the_required_identifying_details_for_each_applicant_to_the_ECtHR_ENG.XLSX\" title=\"T\u00f6flu \u00fear sem settar eru fram \u00fe\u00e6r kenniuppl\u00fdsingar sem krafist er fyrir hvern k\u00e6randa (\u00e1 ensku)\">Vi\u00f0b\u00f3t fyrir marga k\u00e6rendur<\/a><\/li>\n<\/ul><\/ul><\/ul> ","protected":false},"excerpt":{"rendered":"Evr\u00f3pur\u00e1\u00f0i\u00f0 Samningur um verndun mannr\u00e9ttinda og mannfrelsis Samningsvi\u00f0auki nr. 1 vi\u00f0 samning um verndun mannr\u00e9ttinda og mannfrelsis Samningsvi\u00f0auki nr. 4 vi\u00f0 samning um verndun mannr\u00e9ttinda og mannfrelsis Samningsvi\u00f0auki nr. 6 vi\u00f0 samning um verndun&#46;&#46;&#46;","protected":false},"author":1,"featured_media":210076,"parent":0,"menu_order":0,"comment_status":"closed","ping_status":"closed","template":"","meta":{"footnotes":""},"categories":[],"tags":[],"class_list":["post-116084","page","type-page","status-publish","has-post-thumbnail","hentry"],"_links":{"self":[{"href":"https:\/\/europeancourt.org\/is\/wp-json\/wp\/v2\/pages\/116084","targetHints":{"allow":["GET"]}}],"collection":[{"href":"https:\/\/europeancourt.org\/is\/wp-json\/wp\/v2\/pages"}],"about":[{"href":"https:\/\/europeancourt.org\/is\/wp-json\/wp\/v2\/types\/page"}],"author":[{"embeddable":true,"href":"https:\/\/europeancourt.org\/is\/wp-json\/wp\/v2\/users\/1"}],"replies":[{"embeddable":true,"href":"https:\/\/europeancourt.org\/is\/wp-json\/wp\/v2\/comments?post=116084"}],"version-history":[{"count":0,"href":"https:\/\/europeancourt.org\/is\/wp-json\/wp\/v2\/pages\/116084\/revisions"}],"wp:featuredmedia":[{"embeddable":true,"href":"https:\/\/europeancourt.org\/is\/wp-json\/wp\/v2\/media\/210076"}],"wp:attachment":[{"href":"https:\/\/europeancourt.org\/is\/wp-json\/wp\/v2\/media?parent=116084"}],"wp:term":[{"taxonomy":"category","embeddable":true,"href":"https:\/\/europeancourt.org\/is\/wp-json\/wp\/v2\/categories?post=116084"},{"taxonomy":"post_tag","embeddable":true,"href":"https:\/\/europeancourt.org\/is\/wp-json\/wp\/v2\/tags?post=116084"}],"curies":[{"name":"wp","href":"https:\/\/api.w.org\/{rel}","templated":true}]}}