{"id":176231,"date":"2022-06-28T15:55:16","date_gmt":"2022-06-28T13:55:16","guid":{"rendered":"https:\/\/europeancourt.org\/skj%c3%b6l\/evr%c3%b3pur%c3%a1%c3%b0i%c3%b0\/mde\/k%c3%a6ruey%c3%b0ubla%c3%b0\/"},"modified":"2024-06-10T23:40:51","modified_gmt":"2024-06-10T21:40:51","slug":"k%c3%a6ruey%c3%b0ubla%c3%b0","status":"publish","type":"page","link":"https:\/\/europeancourt.org\/is\/skj%c3%b6l\/evr%c3%b3pur%c3%a1%c3%b0i%c3%b0\/mde\/k%c3%a6ruey%c3%b0ubla%c3%b0\/","title":{"rendered":"K\u00e6ruey\u00f0ubla\u00f0 til Mannr\u00e9ttindad\u00f3mst\u00f3ls Evr\u00f3pu"},"content":{"rendered":"<p>Ey\u00f0ubla\u00f0i\u00f0 virkar eing\u00f6ngu me\u00f0 Adobe Reader 9 e\u00f0a n\u00fdrri \u00fatg\u00e1fu og sty\u00f0st eing\u00f6ngu vi\u00f0 st\u00fdrikerfi Windows og OS X. Tryggi\u00f0 a\u00f0 b\u00fai\u00f0 s\u00e9 a\u00f0 setja upp Adobe Reader \u00ed t\u00f6lvunni (ni\u00f0urhal <a href=\"https:\/\/get.adobe.com\/reader\/\" title=\"Adobe Reader\" target=\"_blank\" rel=\"noopener\">a\u00f0gengilegt \u00e1 www.adobe.com<\/a>).<\/p>\n<ul>\n<li>Visti\u00f0 ey\u00f0ubla\u00f0i\u00f0 \u00e1 t\u00f6lvunni \u00e1 s\u00e9rvalinni sta\u00f0setningu.<\/li>\n<li>Opni\u00f0 vista\u00f0 eintak af ey\u00f0ubla\u00f0inu \u00ed Adobe Reader fr\u00e1 s\u00e9rv\u00f6ldu sta\u00f0setningunni.<\/li>\n<li>Fylli\u00f0 \u00fat ey\u00f0ubla\u00f0i\u00f0 og visti\u00f0.<\/li>\n<li>\u00deegar b\u00fai\u00f0 er a\u00f0 fylla \u00fat ey\u00f0ubla\u00f0i\u00f0 skal \u00fea\u00f0 prenta\u00f0 \u00fat, undirrita\u00f0 og sent \u00ed p\u00f3sti til Mannr\u00e9ttindad\u00f3mst\u00f3lsins.<\/li>\n<\/ul>\n<p style=\"text-align:center\"><a title=\"K\u00e6ruey\u00f0ubla\u00f0 til Mannr\u00e9ttindad\u00f3mst\u00f3ls Evr\u00f3pu\" href=\"https:\/\/europeancourt.org\/downloads\/is\/Kaerueydublad_til_Mannrettindadomstols_Evropu_ISL_2022-2.PDF\" class=\"extlinkoff mybrightbutton red\" download=\"\">Hladdu ni\u00f0ur <i class=\"fas fa-download\"><\/i><\/a><\/p>\n<iframe class=\"wonderplugin-pdf-iframe\" src=\"https:\/\/europeancourt.org\/wp-content\/plugins\/wonderplugin-pdf-embed\/pdfjs\/web\/viewer.html?v=2&disabledownload=1&disableprint=1&disabledoc=1&disableopenfile=1&externallinktarget=2&file=https:\/\/europeancourt.org\/noindex\/AppF_ISL_2022-2.pdf\" title=\"K\u00e6ruey\u00f0ubla\u00f0 til Mannr\u00e9ttindad\u00f3mst\u00f3ls Evr\u00f3pu\" width=\"100%\" height=\"900px\" style=\"border:0\"><\/iframe>\n","protected":false},"excerpt":{"rendered":"Ey\u00f0ubla\u00f0i\u00f0 virkar eing\u00f6ngu me\u00f0 Adobe Reader 9 e\u00f0a n\u00fdrri \u00fatg\u00e1fu og sty\u00f0st eing\u00f6ngu vi\u00f0 st\u00fdrikerfi Windows og OS X. Tryggi\u00f0 a\u00f0 b\u00fai\u00f0 s\u00e9 a\u00f0 setja upp Adobe Reader \u00ed t\u00f6lvunni (ni\u00f0urhal a\u00f0gengilegt \u00e1 www.adobe.com).&#46;&#46;&#46;","protected":false},"author":1,"featured_media":191927,"parent":147372,"menu_order":0,"comment_status":"closed","ping_status":"closed","template":"","meta":{"footnotes":""},"categories":[],"tags":[],"class_list":["post-176231","page","type-page","status-publish","has-post-thumbnail","hentry"],"_links":{"self":[{"href":"https:\/\/europeancourt.org\/is\/wp-json\/wp\/v2\/pages\/176231","targetHints":{"allow":["GET"]}}],"collection":[{"href":"https:\/\/europeancourt.org\/is\/wp-json\/wp\/v2\/pages"}],"about":[{"href":"https:\/\/europeancourt.org\/is\/wp-json\/wp\/v2\/types\/page"}],"author":[{"embeddable":true,"href":"https:\/\/europeancourt.org\/is\/wp-json\/wp\/v2\/users\/1"}],"replies":[{"embeddable":true,"href":"https:\/\/europeancourt.org\/is\/wp-json\/wp\/v2\/comments?post=176231"}],"version-history":[{"count":0,"href":"https:\/\/europeancourt.org\/is\/wp-json\/wp\/v2\/pages\/176231\/revisions"}],"up":[{"embeddable":true,"href":"https:\/\/europeancourt.org\/is\/wp-json\/wp\/v2\/pages\/147372"}],"wp:featuredmedia":[{"embeddable":true,"href":"https:\/\/europeancourt.org\/is\/wp-json\/wp\/v2\/media\/191927"}],"wp:attachment":[{"href":"https:\/\/europeancourt.org\/is\/wp-json\/wp\/v2\/media?parent=176231"}],"wp:term":[{"taxonomy":"category","embeddable":true,"href":"https:\/\/europeancourt.org\/is\/wp-json\/wp\/v2\/categories?post=176231"},{"taxonomy":"post_tag","embeddable":true,"href":"https:\/\/europeancourt.org\/is\/wp-json\/wp\/v2\/tags?post=176231"}],"curies":[{"name":"wp","href":"https:\/\/api.w.org\/{rel}","templated":true}]}}