{"id":222179,"date":"2024-01-08T15:08:10","date_gmt":"2024-01-08T14:08:10","guid":{"rendered":"https:\/\/europeancourt.org\/%c3%bej%c3%b3nusta\/"},"modified":"2025-10-02T23:01:05","modified_gmt":"2025-10-02T23:01:05","slug":"%c3%bej%c3%b3nusta","status":"publish","type":"page","link":"https:\/\/europeancourt.org\/is\/%c3%bej%c3%b3nusta\/","title":{"rendered":"\u00dej\u00f3nusta"},"content":{"rendered":"<ul>\r\n\t<li><a href=\"https:\/\/europeancourt.org\/is\/%c3%bej%c3%b3nusta\/mde\/\" title=\"MDE\">MDE<\/a><\/li>\r\n<ul>\r\n\t\t<li><a href=\"https:\/\/europeancourt.org\/en\/services\/echr\/preparing-applications\/\" title=\"Undirb\u00faningur k\u00e6rum\u00e1la til MDE\">Undirb\u00faningur k\u00e6rum\u00e1la til MDE<\/a><\/li>\r\n\r\n\t<li><a href=\"https:\/\/europeancourt.org\/en\/services\/echr\/checking-filled-in-applications\/\" title=\"Sta\u00f0festing \u00e1 \u00fatfylltum MDE k\u00e6ruey\u00f0ubl\u00f6\u00f0um\">Sta\u00f0festing \u00e1 \u00fatfylltum MDE k\u00e6ruey\u00f0ubl\u00f6\u00f0um<\/a><\/li>\r\n\r\n\t<li><a href=\"https:\/\/europeancourt.org\/en\/services\/echr\/representing-applicants\/\" title=\"Fulltr\u00fai k\u00e6renda fyrir MDE\">Fulltr\u00fai k\u00e6renda fyrir MDE<\/a><\/li>\r\n\r\n\t<li><a href=\"https:\/\/europeancourt.org\/en\/services\/echr\/translating-applications-into-english\/\" title=\"\u00de\u00fd\u00f0ing \u00e1 k\u00e6rum til MDE \u00e1 ensku\"> \u00de\u00fd\u00f0ing \u00e1 k\u00e6rum til MDE \u00e1 ensku<\/a><\/li>\r\n\r\n\t<li><a href=\"https:\/\/europeancourt.org\/is\/%c3%bej%c3%b3nusta\/mde\/finna-k%c3%a6ru-nr-skr%c3%a1ningu-e%c3%b0a-d%c3%b3m\/\" title=\"Finna k\u00e6ru nr., skr\u00e1ningu e\u00f0a d\u00f3m hj\u00e1 MDE\"> Finna k\u00e6ru nr., skr\u00e1ningu e\u00f0a d\u00f3m hj\u00e1 MDE<\/a><\/li>\r\n\r\n\t<li><a href=\"https:\/\/europeancourt.org\/en\/legal-advice-and-contacts\/\" title=\"L\u00f6gfr\u00e6\u00f0ir\u00e1\u00f0gj\u00f6f og tengili\u00f0ir\">L\u00f6gfr\u00e6\u00f0ir\u00e1\u00f0gj\u00f6f og tengili\u00f0ir<\/a><\/li>\r\n<\/ul>\r\n<\/ul>\r\n","protected":false},"excerpt":{"rendered":"MDE Undirb\u00faningur k\u00e6rum\u00e1la til MDE Sta\u00f0festing \u00e1 \u00fatfylltum MDE k\u00e6ruey\u00f0ubl\u00f6\u00f0um Fulltr\u00fai k\u00e6renda fyrir MDE \u00de\u00fd\u00f0ing \u00e1 k\u00e6rum til MDE \u00e1 ensku Finna k\u00e6ru nr., skr\u00e1ningu e\u00f0a d\u00f3m hj\u00e1 MDE L\u00f6gfr\u00e6\u00f0ir\u00e1\u00f0gj\u00f6f og tengili\u00f0ir","protected":false},"author":1,"featured_media":222424,"parent":0,"menu_order":0,"comment_status":"closed","ping_status":"closed","template":"","meta":{"footnotes":""},"categories":[],"tags":[],"class_list":["post-222179","page","type-page","status-publish","has-post-thumbnail","hentry"],"_links":{"self":[{"href":"https:\/\/europeancourt.org\/is\/wp-json\/wp\/v2\/pages\/222179","targetHints":{"allow":["GET"]}}],"collection":[{"href":"https:\/\/europeancourt.org\/is\/wp-json\/wp\/v2\/pages"}],"about":[{"href":"https:\/\/europeancourt.org\/is\/wp-json\/wp\/v2\/types\/page"}],"author":[{"embeddable":true,"href":"https:\/\/europeancourt.org\/is\/wp-json\/wp\/v2\/users\/1"}],"replies":[{"embeddable":true,"href":"https:\/\/europeancourt.org\/is\/wp-json\/wp\/v2\/comments?post=222179"}],"version-history":[{"count":2,"href":"https:\/\/europeancourt.org\/is\/wp-json\/wp\/v2\/pages\/222179\/revisions"}],"predecessor-version":[{"id":222421,"href":"https:\/\/europeancourt.org\/is\/wp-json\/wp\/v2\/pages\/222179\/revisions\/222421"}],"wp:featuredmedia":[{"embeddable":true,"href":"https:\/\/europeancourt.org\/is\/wp-json\/wp\/v2\/media\/222424"}],"wp:attachment":[{"href":"https:\/\/europeancourt.org\/is\/wp-json\/wp\/v2\/media?parent=222179"}],"wp:term":[{"taxonomy":"category","embeddable":true,"href":"https:\/\/europeancourt.org\/is\/wp-json\/wp\/v2\/categories?post=222179"},{"taxonomy":"post_tag","embeddable":true,"href":"https:\/\/europeancourt.org\/is\/wp-json\/wp\/v2\/tags?post=222179"}],"curies":[{"name":"wp","href":"https:\/\/api.w.org\/{rel}","templated":true}]}}