{"id":223404,"date":"2021-10-07T00:26:31","date_gmt":"2021-10-06T22:26:31","guid":{"rendered":"https:\/\/europeancourt.org\/?page_id=223404"},"modified":"2025-11-29T11:13:11","modified_gmt":"2025-11-29T10:13:11","slug":"finna-k%c3%a6ru-nr-skr%c3%a1ningu-e%c3%b0a-d%c3%b3m","status":"publish","type":"page","link":"https:\/\/europeancourt.org\/is\/%c3%bej%c3%b3nusta\/mde\/finna-k%c3%a6ru-nr-skr%c3%a1ningu-e%c3%b0a-d%c3%b3m\/","title":{"rendered":"Finna k\u00e6ru nr., skr\u00e1ningu e\u00f0a d\u00f3m hj\u00e1 MDE"},"content":{"rendered":"<div class=\"mywpcf7cf myshow myhide\">Viti\u00f0 m\u00e1lsn\u00fameri\u00f0?<\/div>\r\n<div class=\"mywpcf7cf myshow myhide\">\r\n  <span class=\"mymultyradiobutton blue\">\r\n    <span class=\"wpcf7-list-item wpcf7\">\r\n      <label><input type=\"radio\"><span class=\"wpcf7-list-item-label\">J\u00e1<\/span><\/label>\r\n    <\/span>\r\n  <\/span>\r\n  <span class=\"mymultyradiobutton blue\">\r\n    <span class=\"wpcf7-list-item wpcf7\">\r\n      <label><input type=\"radio\"><span class=\"wpcf7-list-item-label\">Nei<\/span><\/label>\r\n    <\/span>\r\n  <\/span>\r\n<\/div>\r\n<div class=\"mywpcf7cf-blueleft myshow myhide\">\r\n  <span class=\"mycustomsummary\">Hva\u00f0 er m\u00e1lsn\u00famer?<\/span>\r\n  <span class=\"mycustomdetails\">\r\n    <span class=\"vlist\">\r\n      <span class=\"vitem\">M\u00e1lsn\u00famer kemur fram \u00ed hverju br\u00e9fi fr\u00e1 MDE um k\u00e6ru sem hefur veri\u00f0 skr\u00e1\u00f0, strax \u00e1 eftir or\u00f0unum \u201eK\u00e6ra nr.\u201c og \u00e1 undan m\u00e1lsheitinu. \u00cd samskiptum \u00e1 ensku er skrifa\u00f0 \u201eApplication no.\u201c, \u00e1 fr\u00f6nsku er skrifa\u00f0 \u201eRequ\u00eate n\u00b0\u201c.<\/span>\r\n      <span class=\"vitem\">Sni\u00f0 m\u00e1lsn\u00famersins: N\u00daMER\/\u00c1R, t.d. 123\/14. A\u00f0eins t\u00f6lustafir og sk\u00e1strik sem hallar til h\u00e6gri: \u201e\/\u201c, \u00e1n bils.<\/span>\r\n      <span class=\"vitem\">N\u00famer \u00ed sama sni\u00f0i \u00ed br\u00e9fi MDE um a\u00f0 k\u00e6ruey\u00f0ubla\u00f0i\u00f0 uppfylli ekki skilyr\u00f0i er ekki m\u00e1lsn\u00famer. Sl\u00edkt n\u00famer getur or\u00f0i\u00f0 a\u00f0 m\u00e1lsn\u00fameri a\u00f0eins eftir a\u00f0 MDE f\u00e6r n\u00fdtt k\u00e6ruey\u00f0ubla\u00f0 sem uppfyllir skilyr\u00f0i og skr\u00e1ir k\u00e6runa. \u00cd sl\u00edku br\u00e9fi er m\u00e1lsheiti\u00f0 ekki tilgreint, \u00fear sem k\u00e6ran er ekki skr\u00e1\u00f0, og venjulega er v\u00edsa\u00f0 til k\u00f3\u00f0a ECHR-Axxx6, \u00fear sem \u201exxx\u201c t\u00e1knar tungum\u00e1l br\u00e9fsins.<\/span>\r\n    <\/span>\r\n  <\/span>\r\n<\/div>\r\n<div class=\"mywpcf7cf myshow myhide mywpcf7cf-utility\">\r\n  <div class=\"mybutton red not-in-text-button is-disabled\" aria-disabled=\"true\">Byrja upp \u00e1 n\u00fdtt<\/div>\r\n  <a class=\"mybutton red not-in-text-button\" href=\"mailto:oleg.anishchik@europeancourt.org?subject=Finna k\u00e6ru nr., skr\u00e1ningu e\u00f0a d\u00f3m hj\u00e1 MDE: villa&#038;body=L\u00fdsing \u00e1 villu: \">Tilkynna villu<\/a>\r\n<\/div>\r\n<div id=\"ajax_content\"><\/div>","protected":false},"excerpt":{"rendered":"Viti\u00f0 m\u00e1lsn\u00fameri\u00f0? J\u00e1 Nei Hva\u00f0 er m\u00e1lsn\u00famer? M\u00e1lsn\u00famer kemur fram \u00ed hverju br\u00e9fi fr\u00e1 MDE um k\u00e6ru sem hefur veri\u00f0 skr\u00e1\u00f0, strax \u00e1 eftir or\u00f0unum \u201eK\u00e6ra nr.\u201c og \u00e1 undan m\u00e1lsheitinu. \u00cd samskiptum \u00e1&#46;&#46;&#46;","protected":false},"author":1,"featured_media":223405,"parent":222214,"menu_order":0,"comment_status":"closed","ping_status":"closed","template":"","meta":{"footnotes":""},"categories":[],"tags":[],"class_list":["post-223404","page","type-page","status-publish","has-post-thumbnail","hentry"],"_links":{"self":[{"href":"https:\/\/europeancourt.org\/is\/wp-json\/wp\/v2\/pages\/223404","targetHints":{"allow":["GET"]}}],"collection":[{"href":"https:\/\/europeancourt.org\/is\/wp-json\/wp\/v2\/pages"}],"about":[{"href":"https:\/\/europeancourt.org\/is\/wp-json\/wp\/v2\/types\/page"}],"author":[{"embeddable":true,"href":"https:\/\/europeancourt.org\/is\/wp-json\/wp\/v2\/users\/1"}],"replies":[{"embeddable":true,"href":"https:\/\/europeancourt.org\/is\/wp-json\/wp\/v2\/comments?post=223404"}],"version-history":[{"count":1,"href":"https:\/\/europeancourt.org\/is\/wp-json\/wp\/v2\/pages\/223404\/revisions"}],"predecessor-version":[{"id":223406,"href":"https:\/\/europeancourt.org\/is\/wp-json\/wp\/v2\/pages\/223404\/revisions\/223406"}],"up":[{"embeddable":true,"href":"https:\/\/europeancourt.org\/is\/wp-json\/wp\/v2\/pages\/222214"}],"wp:featuredmedia":[{"embeddable":true,"href":"https:\/\/europeancourt.org\/is\/wp-json\/wp\/v2\/media\/223405"}],"wp:attachment":[{"href":"https:\/\/europeancourt.org\/is\/wp-json\/wp\/v2\/media?parent=223404"}],"wp:term":[{"taxonomy":"category","embeddable":true,"href":"https:\/\/europeancourt.org\/is\/wp-json\/wp\/v2\/categories?post=223404"},{"taxonomy":"post_tag","embeddable":true,"href":"https:\/\/europeancourt.org\/is\/wp-json\/wp\/v2\/tags?post=223404"}],"curies":[{"name":"wp","href":"https:\/\/api.w.org\/{rel}","templated":true}]}}