{"id":225349,"date":"2026-04-26T21:34:06","date_gmt":"2026-04-26T19:34:06","guid":{"rendered":"https:\/\/europeancourt.org\/%c3%bej%c3%b3nusta\/mde\/fulltr%c3%bai-k%c3%a6renda-fyrir-mde\/"},"modified":"2026-04-26T21:30:16","modified_gmt":"2026-04-26T19:30:16","slug":"fulltr%c3%bai-k%c3%a6renda-fyrir-mde","status":"publish","type":"page","link":"https:\/\/europeancourt.org\/is\/%c3%bej%c3%b3nusta\/mde\/fulltr%c3%bai-k%c3%a6renda-fyrir-mde\/","title":{"rendered":"Fulltr\u00fai k\u00e6renda fyrir MDE"},"content":{"rendered":"<div id=\"ec-representation-page\" class=\"ec-service-page ec-service-representation\" data-service=\"representation\"\n  data-ec-service-page-id=\"225349\"\n  data-ec-service-form-id=\"225350\"\n  data-ec-service-lang=\"is\"\n  data-ec-service-docs-message=\"Hengdu skj\u00f6lin vi\u00f0 e\u00f0a l\u00edmdu inn hlekk \u00e1 \u00feau \u00ed hva\u00f0a sk\u00fdjageymslu sem er.\"\n  data-ec-service-submit-message=\"Til a\u00f0 senda bei\u00f0nina \u00fearftu a\u00f0 hengja vi\u00f0 skj\u00f6l e\u00f0a l\u00edma inn hlekk \u00e1 \u00feau.\"\n  data-ec-service-email-message=\"Vinsamlegast fylltu \u00fat \u00feennan reit.\"\n  data-ec-service-invalid-url-message=\"Vinsamlegast lei\u00f0r\u00e9ttu hlekkinn.\"\n  data-ec-service-load-error=\"Villa.\">\n<div class=\"ec-service-screen ec-service-screen-1\">\n<div class=\"mywpcf7cf myshow myhide\">\u00deessi \u00fej\u00f3nusta er a\u00f0eins \u00ed bo\u00f0i vegna k\u00e6ra sem Mannr\u00e9ttindad\u00f3mst\u00f3llinn hefur \u00feegar tilkynnt vi\u00f0komandi stj\u00f3rnv\u00f6ldum og \u00fear sem d\u00f3mst\u00f3llinn hefur tilkynnt k\u00e6randa a\u00f0 skriflegar athugasemdir \u00feurfi a\u00f0 leggja fram.<\/div>\n<div class=\"mywpcf7cf myshow myhide\">Kostna\u00f0ur vi\u00f0 fyrirsvar fyrir Mannr\u00e9ttindad\u00f3mst\u00f3lnum fer eftir \u00fev\u00ed hve mikinn t\u00edma \u00fearf til a\u00f0 undirb\u00faa sv\u00f6r vi\u00f0 spurningum d\u00f3mst\u00f3lsins, andm\u00e6li vi\u00f0 r\u00f6kum r\u00edkisins sem k\u00e6ran beinist gegn og, ef \u00fe\u00f6rf krefur, n\u00e1nari sk\u00fdringar \u00e1 m\u00e1lav\u00f6xtum og kr\u00f6fur um sanngjarnar b\u00e6tur. Bili\u00f0 getur veri\u00f0 mj\u00f6g breitt: fr\u00e1 nokkrum hundru\u00f0um evra, \u00feegar verki\u00f0 tekur tv\u00e6r til \u00ferj\u00e1r klukkustundir, upp \u00ed 10 \u00fe\u00fasund evrur e\u00f0a meira, \u00feegar \u00fea\u00f0 krefst tuga klukkustunda.<\/div>\n<div class=\"mywpcf7cf myshow myhide\">Hve langan t\u00edma verki\u00f0 tekur \u00ed \u00fe\u00ednu tilviki, og \u00fear me\u00f0 hva\u00f0 fyrirsvari\u00f0 kostar, get \u00e9g a\u00f0eins meti\u00f0 \u00fat fr\u00e1 skj\u00f6lunum. Sendu m\u00e9r k\u00e6runa me\u00f0 \u00f6llum fylgiskj\u00f6lum, allt sem s\u00ed\u00f0ar var sent Mannr\u00e9ttindad\u00f3mst\u00f3lnum vegna hennar og allt sem hefur borist fr\u00e1 Mannr\u00e9ttindad\u00f3mst\u00f3lnum. Ef \u00e9g \u00fearf fleiri skj\u00f6l mun \u00e9g bi\u00f0ja \u00feig um \u00feau.<\/div>\n<div class=\"mywpcf7cf myshow myhide\">A\u00f0 jafna\u00f0i svara \u00e9g bei\u00f0ni um kostna\u00f0armat fyrir fyrirsvar fyrir Mannr\u00e9ttindad\u00f3mst\u00f3lnum innan viku fr\u00e1 \u00fev\u00ed a\u00f0 \u00e9g f\u00e6 \u00f6ll nau\u00f0synleg skj\u00f6l og uppl\u00fdsingar. Ef frestur sem Mannr\u00e9ttindad\u00f3mst\u00f3llinn hefur sett til a\u00f0 leggja fram athugasemdir e\u00f0a \u00f6nnur g\u00f6gn rennur \u00fat \u00e1 n\u00e6stu d\u00f6gum skaltu senda m\u00e9r t\u00f6lvup\u00f3st og spyrja hvort \u00e9g geti teki\u00f0 bei\u00f0nina til br\u00e1\u00f0rar sko\u00f0unar. \u00c9g lofa a\u00f0 svara sl\u00edkum t\u00f6lvup\u00f3sti innan 24 klukkustunda. Ef \u00e9g sta\u00f0festi a\u00f0 \u00e9g geti \u00fea\u00f0 og \u00fe\u00fa sendir strax nau\u00f0synleg skj\u00f6l og uppl\u00fdsingar, lofa \u00e9g a\u00f0 l\u00e1ta \u00feig vita af ni\u00f0urst\u00f6\u00f0u minni um bei\u00f0nina innan n\u00e6stu 48 klukkustunda.<\/div>\n<div class=\"mywpcf7cf myshow myhide\">\u00deegar \u00e9g tilkynni \u00fe\u00e9r kostna\u00f0 \u00fej\u00f3nustunnar sendi \u00e9g \u00fe\u00e9r jafnframt, til a\u00f0 spara t\u00edma, \u00fej\u00f3nustusamning og \u00fatfyllt umbo\u00f0sey\u00f0ubla\u00f0 vegna fyrirsvars fyrir Mannr\u00e9ttindad\u00f3mst\u00f3lnum. Umbo\u00f0i\u00f0 \u00fearf a\u00f0 prenta \u00fat, undirrita og senda me\u00f0 br\u00e9fp\u00f3sti \u00e1 heimilisfang mitt \u00ed Frakklandi. \u00deegar skj\u00f6lin fyrir Mannr\u00e9ttindad\u00f3mst\u00f3linn hafa veri\u00f0 undirb\u00fain m\u00e1 grei\u00f0a fyrir \u00fej\u00f3nustuna me\u00f0 millif\u00e6rslu \u00e1 bankareikning minn \u00ed Sviss e\u00f0a me\u00f0 \u00f6\u00f0rum grei\u00f0slum\u00e1ta, eftir \u00fev\u00ed fr\u00e1 hva\u00f0a landi grei\u00f0slan er innt af hendi. Betra er \u00fe\u00f3 a\u00f0 grei\u00f0a \u00e1\u00f0ur en \u00feau eru send til Mannr\u00e9ttindad\u00f3mst\u00f3lsins, svo h\u00e6gt s\u00e9 a\u00f0 leggja fram grei\u00f0slusta\u00f0festingu me\u00f0 kr\u00f6fum um sanngjarnar b\u00e6tur. \u00de\u00e1 er mun au\u00f0veldara a\u00f0 r\u00f6ksty\u00f0ja kr\u00f6fu um endurgrei\u00f0slu \u00e1 kostna\u00f0i sem \u00feegar hefur falli\u00f0 til vegna fyrirsvars k\u00e6randa fyrir d\u00f3mst\u00f3lnum.<\/div>\n<div class=\"mywpcf7cf myshow myhide\">\u00deessi \u00fej\u00f3nusta hentar \u00fe\u00e9r greinilega ekki ef \u00fe\u00fa getur \u00f6rugglega teki\u00f0 undir einhverja af eftirfarandi fullyr\u00f0ingum:<\/div>\n<ul class=\"myshow myhide ec-service-blocker-list\"><li><label><input type=\"checkbox\" class=\"ec-service-blocker\" \/><span>Mannr\u00e9ttindad\u00f3mst\u00f3llinn hefur ekki enn tilkynnt k\u00e6runa m\u00edna vi\u00f0komandi stj\u00f3rnv\u00f6ldum, e\u00f0a h\u00fan hefur veri\u00f0 tilkynnt \u00e1n bei\u00f0ni um skriflegar athugasemdir.<\/span><\/label><\/li>\n<li><label><input type=\"checkbox\" class=\"ec-service-blocker\" \/><span>\u00c9g get ekki sent \u00f6ll nau\u00f0synleg skj\u00f6l.<\/span><\/label><\/li>\n<li><label><input type=\"checkbox\" class=\"ec-service-blocker\" \/><span>\u00c9g get ekki s\u00e9\u00f0 um umbo\u00f0i\u00f0 og sent \u00fea\u00f0 me\u00f0 br\u00e9fp\u00f3sti.<\/span><\/label><\/li>\n<li><label><input type=\"checkbox\" class=\"ec-service-blocker\" \/><span>\u00c9g get ekki svara\u00f0 n\u00e1nari spurningum og lagt fram vi\u00f0b\u00f3tarskj\u00f6l me\u00f0an \u00e1 vinnunni stendur, ef \u00feess \u00fearf.<\/span><\/label><\/li><\/ul>\n<div class=\"checking-load-wrap ec-service-load-wrap\"><div class=\"checking-load-button-row ec-service-load-button-row\"><button type=\"button\" class=\"mybutton blue ec-service-load-button\" id=\"load_ajax_form\" data-ec-service-load=\"representation\" data-ec-service-form-id=\"225350\" data-blocked-message=\"Ekki er h\u00e6gt a\u00f0 halda \u00e1fram \u00e1 me\u00f0an haka\u00f0 er vi\u00f0 einhverja af fullyr\u00f0ingunum. Ef \u00fe\u00fa haka\u00f0ir vi\u00f0 atri\u00f0i fyrir mist\u00f6k skaltu taka haki\u00f0 af \u00fev\u00ed.\">Senda skj\u00f6l<\/button><\/div>\n<div id=\"ec-service-load-status\" class=\"checking-load-status ec-service-load-status\" role=\"status\" aria-live=\"polite\"><\/div><\/div>\n<div class=\"mywpcf7cf myshow myhide\"><a class=\"mybutton blue not-in-text-button\" href=\"mailto:oleg.anishchik@europeancourt.org?subject=%C3%89g%20vil%20f%C3%A1%20n%C3%A1nari%20uppl%C3%BDsingar%20um%20skilyr%C3%B0in\">\u00c9g vil f\u00e1 n\u00e1nari uppl\u00fdsingar um skilyr\u00f0in<\/a><\/div>\n<div class=\"mywpcf7cf mywpcf7cf-utility ec-service-utility-row\"><div class=\"mybutton red not-in-text-button is-disabled\" aria-disabled=\"true\">Byrja upp \u00e1 n\u00fdtt<\/div><div class=\"mybutton red not-in-text-button\" onclick=\"window.location.href='mailto:oleg.anishchik@europeancourt.org?subject=Fulltr%C3%BAi%20k%C3%A6renda%20fyrir%20MDE%3A%20villa&amp;body=L%C3%BDsing%20%C3%A1%20villu%3A';\">Tilkynna villu<\/div><\/div>\n<\/div>\n<div class=\"ec-service-form-shell\"><div id=\"ajax_content\" class=\"ec-service-ajax-content\" data-loaded=\"0\"><\/div><\/div>\n<\/div>\n<script>\n(function(){\n  if (window.ecServicePageRuntimeReady) return;\n  window.ecServicePageRuntimeReady = true;\n\n  function trim(value) {\n    return String(value || '').replace(\/^\\s+|\\s+$\/g, '');\n  }\n\n  function clearNode(node) {\n    if (!node) return;\n    while (node.firstChild) node.removeChild(node.firstChild);\n  }\n\n  function renderStatus(node, message) {\n    if (!node) return;\n    clearNode(node);\n    if (!message) return;\n    var tip = document.createElement('span');\n    tip.className = 'wpcf7-not-valid-tip';\n    tip.textContent = message;\n    node.appendChild(tip);\n  }\n\n  function ajaxUrl() {\n    if (window.wpcf7cf_global_settings) {\n      if (window.wpcf7cf_global_settings.ajaxurl) {\n        return window.wpcf7cf_global_settings.ajaxurl;\n      }\n    }\n    if (window.ajaxurl) return window.ajaxurl;\n    return '\/wp-admin\/admin-ajax.php';\n  }\n\n  function pageRoot(node) {\n    if (!node) return null;\n    return node.closest ? node.closest('.ec-service-page') : null;\n  }\n\n  function loadStatus(root) {\n    return root ? root.querySelector('.ec-service-load-status') : null;\n  }\n\n  function submitStatus(root) {\n    if (!root) return null;\n    var submit = root.querySelector('#ajax_content .wpcf7-submit');\n    if (!submit) return null;\n    var node = root.querySelector('#ajax_content .ec-service-submit-status');\n    if (!node) {\n      node = document.createElement('div');\n      node.className = 'ec-service-submit-status';\n      node.setAttribute('role', 'status');\n      node.setAttribute('aria-live', 'polite');\n      submit.insertAdjacentElement('afterend', node);\n    }\n    return node;\n  }\n\n  function isLoaded(root) {\n    if (!root) return false;\n    var target = root.querySelector('#ajax_content');\n    if (!target) return false;\n    return target.getAttribute('data-loaded') === '1';\n  }\n\n  function syncBlockers(root) {\n    if (!root || isLoaded(root)) return;\n    var button = root.querySelector('[data-ec-service-load]');\n    if (!button || button.getAttribute('aria-busy') === 'true') return;\n    var blocked = !!root.querySelector('.ec-service-blocker:checked');\n    button.disabled = false;\n    button.setAttribute('data-soft-disabled', blocked ? '1' : '0');\n    button.classList.toggle('is-soft-disabled', blocked);\n    if (!blocked) renderStatus(loadStatus(root), '');\n  }\n\n  function scrollToNode(node) {\n    if (!node || !node.getBoundingClientRect) return;\n    var offset = 50;\n    var adminBar = document.getElementById('wpadminbar');\n    if (adminBar) {\n      if (window.getComputedStyle(adminBar).position === 'fixed') {\n        offset += adminBar.offsetHeight || 0;\n      }\n    }\n    var top = node.getBoundingClientRect().top + window.pageYOffset - offset;\n    window.scrollTo({ top: Math.max(top, 0), behavior: 'smooth' });\n  }\n\n  function initCf7(target) {\n    if (!target) return;\n    var form = target.querySelector('.wpcf7-form');\n    if (!form) return;\n    if (window.wpcf7) {\n      if (typeof window.wpcf7.init === 'function') {\n        try { window.wpcf7.init(form); } catch (error) {}\n      }\n    }\n    if (window.jQuery) {\n      if (window.wpcf7cf) {\n        if (typeof window.wpcf7cf.initForm === 'function') {\n          try { window.wpcf7cf.initForm(window.jQuery(form)); } catch (error) {}\n        }\n      }\n    }\n  }\n\n  function hasFiles(root) {\n    if (!root) return false;\n    var input = root.querySelector('#ajax_content input[name=\"multifile-applicationformfiles[]\"]');\n    if (!input) return false;\n    if (!input.files) return false;\n    return !!input.files.length;\n  }\n\n  function hasDocsLink(root) {\n    if (!root) return false;\n    var input = root.querySelector('#ajax_content input[name=\"url-documents-link\"]');\n    if (!input) return false;\n    var value = trim(input.value);\n    if (!value) return false;\n    if (typeof input.checkValidity === 'function') return input.checkValidity();\n    return true;\n  }\n\n  function docsLinkInvalid(root) {\n    if (!root) return false;\n    var input = root.querySelector('#ajax_content input[name=\"url-documents-link\"]');\n    if (!input) return false;\n    if (!trim(input.value)) return false;\n    if (typeof input.checkValidity !== 'function') return false;\n    return !input.checkValidity();\n  }\n\n  function emailOk(root) {\n    if (!root) return false;\n    var input = root.querySelector('#ajax_content input[name=\"your-email\"]');\n    if (!input) return true;\n    var value = trim(input.value);\n    if (!value) return false;\n    if (typeof input.checkValidity === 'function') return input.checkValidity();\n    return \/^[^\\s@]+@[^\\s@]+\\.[^\\s@]+$\/.test(value);\n  }\n\n  function isVisible(node) {\n    if (!node) return false;\n    var current = node;\n    while (current) {\n      if (current === document.documentElement) break;\n      if (current.nodeType === 1) {\n        if (current.hidden) return false;\n        if (current.classList) {\n          if (current.classList.contains('wpcf7cf-hidden')) return false;\n        }\n        if (current.getAttribute) {\n          if (current.getAttribute('aria-hidden') === 'true') return false;\n        }\n        if (window.getComputedStyle(current).display === 'none') return false;\n      }\n      current = current.parentNode;\n    }\n    return true;\n  }\n\n  function radioGroupOk(root, name) {\n    var items = root ? root.querySelectorAll('#ajax_content input[name=\"' + name + '\"]') : [];\n    if (!items.length) return true;\n    for (var i = 0; i < items.length; i += 1) {\n      if (items[i].checked) return true;\n    }\n    return false;\n  }\n\n  function visibleTextOk(root, name) {\n    if (!root) return true;\n    var node = root.querySelector('#ajax_content [name=\"' + name + '\"]');\n    if (!node || !isVisible(node)) return true;\n    return !!trim(node.value);\n  }\n\n  function answersOk(root) {\n    if (!root || root.getAttribute('data-service') !== 'preparation') return true;\n    if (!radioGroupOk(root, 'prep-claims-scope')) return false;\n    if (!radioGroupOk(root, 'prep-low-chance')) return false;\n    if (!radioGroupOk(root, 'prep-essential-results')) return false;\n    if (!visibleTextOk(root, 'prep-listed-claims-text')) return false;\n    if (!visibleTextOk(root, 'prep-low-chance-claims-text')) return false;\n    if (!visibleTextOk(root, 'prep-essential-results-details')) return false;\n    return true;\n  }\n\n  function markAttention(root, on) {\n    ['input[name=\"multifile-applicationformfiles[]\"]', 'input[name=\"url-documents-link\"]', 'input[name=\"your-email\"]', 'textarea[name=\"prep-listed-claims-text\"]', 'textarea[name=\"prep-low-chance-claims-text\"]', 'textarea[name=\"prep-essential-results-details\"]'].forEach(function(selector) {\n      var node = root ? root.querySelector('#ajax_content ' + selector) : null;\n      if (!node) return;\n      node.classList.toggle('ec-service-needs-attention', !!on);\n      if (on) node.setAttribute('aria-invalid', 'true');\n      else node.removeAttribute('aria-invalid');\n    });\n    ['prep-claims-scope', 'prep-low-chance', 'prep-essential-results'].forEach(function(name) {\n      var wrap = root ? root.querySelector('#ajax_content .wpcf7-form-control-wrap[data-name=\"' + name + '\"]') : null;\n      if (!wrap) return;\n      wrap.classList.toggle('ec-service-needs-attention', !!on);\n    });\n  }\n\n  function formReady(root) {\n    if (!(hasFiles(root) || hasDocsLink(root))) return false;\n    if (!answersOk(root)) return false;\n    return emailOk(root);\n  }\n\n  function syncSubmit(root) {\n    if (!root) return;\n    var submit = root.querySelector('#ajax_content .wpcf7-submit');\n    if (!submit) return;\n    var ready = formReady(root);\n    submit.disabled = false;\n    submit.setAttribute('data-soft-disabled', ready ? '0' : '1');\n    submit.classList.toggle('is-soft-disabled', !ready);\n    if (ready) {\n      renderStatus(submitStatus(root), '');\n      markAttention(root, false);\n    }\n  }\n\n  function missingMessage(root) {\n    if (docsLinkInvalid(root)) {\n      return root.getAttribute('data-ec-service-invalid-url-message') || '';\n    }\n    if (!(hasFiles(root) || hasDocsLink(root)) || !answersOk(root)) {\n      return root.getAttribute('data-ec-service-submit-message') || root.getAttribute('data-ec-service-docs-message') || '';\n    }\n    if (!emailOk(root)) {\n      return root.getAttribute('data-ec-service-email-message') || '';\n    }\n    return '';\n  }\n\n  function blockSubmit(event, root) {\n    if (formReady(root)) return false;\n    event.preventDefault();\n    event.stopPropagation();\n    if (event.stopImmediatePropagation) event.stopImmediatePropagation();\n    markAttention(root, true);\n    renderStatus(submitStatus(root), missingMessage(root));\n    return true;\n  }\n\n  function setupLoadedForm(root) {\n    syncSubmit(root);\n  }\n\n  function loadForm(root, button) {\n    if (!root || !button || root.__ecServiceLoading) return;\n    var target = root.querySelector('#ajax_content');\n    if (!target) return;\n    var formId = root.getAttribute('data-ec-service-form-id') || button.getAttribute('data-ec-service-form-id') || '';\n    var pageId = root.getAttribute('data-ec-service-page-id') || '';\n    var service = root.getAttribute('data-service') || button.getAttribute('data-ec-service-load') || '';\n    var lang = root.getAttribute('data-ec-service-lang') || '';\n    if (!formId || !pageId || !service) {\n      renderStatus(loadStatus(root), root.getAttribute('data-ec-service-load-error') || '');\n      return;\n    }\n    root.__ecServiceLoading = true;\n    root.classList.add('is-form-loading');\n    button.setAttribute('aria-busy', 'true');\n    renderStatus(loadStatus(root), '');\n    var body = new URLSearchParams();\n    body.set('action', 'load_form_ec_service');\n    body.set('service', service);\n    body.set('page_id', pageId);\n    body.set('form_id', formId);\n    body.set('lang', lang);\n    window.fetch(ajaxUrl(), {\n      method: 'POST',\n      credentials: 'same-origin',\n      headers: {'Content-Type': 'application\/x-www-form-urlencoded; charset=UTF-8'},\n      body: body.toString()\n    }).then(function(response) {\n      if (!response.ok) throw new Error('ajax_' + response.status);\n      return response.text();\n    }).then(function(html) {\n      if (!trim(html)) throw new Error('empty_response');\n      target.innerHTML = html;\n      target.setAttribute('data-loaded', '1');\n      root.classList.add('is-form-open');\n      initCf7(target);\n      setupLoadedForm(root);\n      scrollToNode(target);\n    }).catch(function() {\n      renderStatus(loadStatus(root), root.getAttribute('data-ec-service-load-error') || '');\n    }).then(function() {\n      root.__ecServiceLoading = false;\n      root.classList.remove('is-form-loading');\n      button.removeAttribute('aria-busy');\n      syncBlockers(root);\n    });\n  }\n\n  window.ecServiceStartOver = function(event) {\n    var root = pageRoot(event ? event.target : null);\n    if (!root) return;\n    if (event) {\n      event.preventDefault();\n      event.stopPropagation();\n    }\n    var target = root.querySelector('#ajax_content');\n    if (target) {\n      target.innerHTML = '';\n      target.setAttribute('data-loaded', '0');\n    }\n    root.querySelectorAll('.ec-service-blocker').forEach(function(node) { node.checked = false; });\n    root.classList.remove('is-form-open', 'is-form-loading');\n    renderStatus(loadStatus(root), '');\n    syncBlockers(root);\n    scrollToNode(root);\n  };\n\n  document.addEventListener('click', function(event) {\n    var button = null;\n    if (event.target) {\n      if (event.target.closest) {\n        button = event.target.closest('[data-ec-service-load]');\n      }\n    }\n    if (!button) return;\n    var root = pageRoot(button);\n    if (!root) return;\n    event.preventDefault();\n    event.stopPropagation();\n    if (event.stopImmediatePropagation) event.stopImmediatePropagation();\n    if (root.querySelector('.ec-service-blocker:checked')) {\n      renderStatus(loadStatus(root), button.getAttribute('data-blocked-message') || '');\n      syncBlockers(root);\n      return;\n    }\n    loadForm(root, button);\n  }, true);\n\n  document.addEventListener('click', function(event) {\n    var submit = null;\n    if (event.target) {\n      if (event.target.closest) {\n        submit = event.target.closest('.ec-service-page #ajax_content .wpcf7-submit');\n      }\n    }\n    if (!submit) return;\n    blockSubmit(event, pageRoot(submit));\n  }, true);\n\n  document.addEventListener('submit', function(event) {\n    var form = event.target;\n    if (!form || !form.closest) return;\n    var root = form.closest('.ec-service-page');\n    if (root) blockSubmit(event, root);\n  }, true);\n\n  document.addEventListener('change', function(event) {\n    var root = pageRoot(event.target);\n    if (!root) return;\n    if (event.target.matches('.ec-service-blocker')) syncBlockers(root);\n    syncSubmit(root);\n  }, true);\n\n  document.addEventListener('input', function(event) {\n    var root = pageRoot(event.target);\n    if (root) syncSubmit(root);\n  }, true);\n\n  document.querySelectorAll('.ec-service-page').forEach(syncBlockers);\n})();\n<\/script>","protected":false},"excerpt":{"rendered":"\u00deessi \u00fej\u00f3nusta er a\u00f0eins \u00ed bo\u00f0i vegna k\u00e6ra sem Mannr\u00e9ttindad\u00f3mst\u00f3llinn hefur \u00feegar tilkynnt vi\u00f0komandi stj\u00f3rnv\u00f6ldum og \u00fear sem d\u00f3mst\u00f3llinn hefur tilkynnt k\u00e6randa a\u00f0 skriflegar athugasemdir \u00feurfi a\u00f0 leggja fram. Kostna\u00f0ur vi\u00f0 fyrirsvar fyrir Mannr\u00e9ttindad\u00f3mst\u00f3lnum&#46;&#46;&#46;","protected":false},"author":0,"featured_media":0,"parent":222214,"menu_order":0,"comment_status":"closed","ping_status":"closed","template":"","meta":{"footnotes":""},"categories":[],"tags":[],"class_list":["post-225349","page","type-page","status-publish","hentry"],"_links":{"self":[{"href":"https:\/\/europeancourt.org\/is\/wp-json\/wp\/v2\/pages\/225349","targetHints":{"allow":["GET"]}}],"collection":[{"href":"https:\/\/europeancourt.org\/is\/wp-json\/wp\/v2\/pages"}],"about":[{"href":"https:\/\/europeancourt.org\/is\/wp-json\/wp\/v2\/types\/page"}],"replies":[{"embeddable":true,"href":"https:\/\/europeancourt.org\/is\/wp-json\/wp\/v2\/comments?post=225349"}],"version-history":[{"count":4,"href":"https:\/\/europeancourt.org\/is\/wp-json\/wp\/v2\/pages\/225349\/revisions"}],"predecessor-version":[{"id":225973,"href":"https:\/\/europeancourt.org\/is\/wp-json\/wp\/v2\/pages\/225349\/revisions\/225973"}],"up":[{"embeddable":true,"href":"https:\/\/europeancourt.org\/is\/wp-json\/wp\/v2\/pages\/222214"}],"wp:attachment":[{"href":"https:\/\/europeancourt.org\/is\/wp-json\/wp\/v2\/media?parent=225349"}],"wp:term":[{"taxonomy":"category","embeddable":true,"href":"https:\/\/europeancourt.org\/is\/wp-json\/wp\/v2\/categories?post=225349"},{"taxonomy":"post_tag","embeddable":true,"href":"https:\/\/europeancourt.org\/is\/wp-json\/wp\/v2\/tags?post=225349"}],"curies":[{"name":"wp","href":"https:\/\/api.w.org\/{rel}","templated":true}]}}