{"id":40792,"date":"2022-04-29T20:07:30","date_gmt":"2022-04-29T18:07:30","guid":{"rendered":"https:\/\/europeancourt.org\/mannr%c3%a9ttindas%c3%a1ttm%c3%a1li-evr%c3%b3pu\/"},"modified":"2024-06-02T01:04:31","modified_gmt":"2024-06-01T23:04:31","slug":"mannr%c3%a9ttindad%c3%b3mst%c3%b3ll-evr%c3%b3pu","status":"publish","type":"page","link":"https:\/\/europeancourt.org\/is\/","title":{"rendered":"Oleg Anishchik, fulltr\u00fai fyrir MDE, MRNS\u00fe, Interpol-CCF"},"content":{"rendered":"<p>Mannr\u00e9ttindad\u00f3mst\u00f3ll Evr\u00f3pu (MDE) er al\u00fej\u00f3\u00f0ad\u00f3mst\u00f3ll sem getur eing\u00f6ngu teki\u00f0 til sko\u00f0unar k\u00e6ruefni fr\u00e1 einstaklingum, samt\u00f6kum og f\u00e9l\u00f6gum sem halda \u00fev\u00ed fram a\u00f0 broti\u00f0 hafi veri\u00f0 \u00e1 r\u00e9ttindum \u00feeirra samkv\u00e6mt mannr\u00e9ttindas\u00e1ttm\u00e1la Evr\u00f3pu.<\/p> \n<p><a title=\"Samningur um verndun mannr\u00e9ttinda og mannfrelsis\" href=\"https:\/\/europeancourt.org\/is\/skj%c3%b6l\/evr%c3%b3pur%c3%a1%c3%b0i%c3%b0\/mannr%c3%a9ttindas%c3%a1ttm%c3%a1li-evr%c3%b3pu\/\">Samningur um verndun mannr\u00e9ttinda og mannfrelsis<\/a> er al\u00fej\u00f3\u00f0legur s\u00e1ttm\u00e1li sem fj\u00f6lm\u00f6rg evr\u00f3psk r\u00edki hafa sam\u00feykkt til a\u00f0 tryggja tiltekin grundvallarr\u00e9ttindi. R\u00e9ttindin sem eru trygg\u00f0 eru sett fram \u00ed sj\u00e1lfum mannr\u00e9ttindas\u00e1ttm\u00e1lanum og einnig \u00ed samningsvi\u00f0aukum nr. <a title=\"Samningsvi\u00f0auki nr. 1 vi\u00f0 samning um verndun mannr\u00e9ttinda og mannfrelsis\" href=\"https:\/\/europeancourt.org\/is\/skj%c3%b6l\/evr%c3%b3pur%c3%a1%c3%b0i%c3%b0\/mannr%c3%a9ttindas%c3%a1ttm%c3%a1li-evr%c3%b3pu\/samningsvi%c3%b0auki-nr1\/\">1<\/a>, <a title=\"Samningsvi\u00f0auki nr. 4 vi\u00f0 samning um verndun mannr\u00e9ttinda og mannfrelsis\" href=\"https:\/\/europeancourt.org\/is\/skj%c3%b6l\/evr%c3%b3pur%c3%a1%c3%b0i%c3%b0\/mannr%c3%a9ttindas%c3%a1ttm%c3%a1li-evr%c3%b3pu\/samningsvi%c3%b0auki-nr4\/\">4<\/a>, <a title=\"Samningsvi\u00f0auki nr. 6 vi\u00f0 samning um verndun mannr\u00e9ttinda og mannfrelsis\" href=\"https:\/\/europeancourt.org\/is\/skj%c3%b6l\/evr%c3%b3pur%c3%a1%c3%b0i%c3%b0\/mannr%c3%a9ttindas%c3%a1ttm%c3%a1li-evr%c3%b3pu\/samningsvi%c3%b0auki-nr6\/\">6<\/a>, <a title=\"Samningsvi\u00f0auki nr. 7 vi\u00f0 samning um verndun mannr\u00e9ttinda og mannfrelsis\" href=\"https:\/\/europeancourt.org\/is\/skj%c3%b6l\/evr%c3%b3pur%c3%a1%c3%b0i%c3%b0\/mannr%c3%a9ttindas%c3%a1ttm%c3%a1li-evr%c3%b3pu\/samningsvi%c3%b0auki-nr7\/\">7<\/a>, <a title=\"Samningsvi\u00f0auki nr. 12 vi\u00f0 samning um verndun mannr\u00e9ttinda og mannfrelsis\" href=\"https:\/\/europeancourt.org\/is\/skj%c3%b6l\/evr%c3%b3pur%c3%a1%c3%b0i%c3%b0\/mannr%c3%a9ttindas%c3%a1ttm%c3%a1li-evr%c3%b3pu\/samningsvi%c3%b0auki-nr12\/\">12<\/a> og <a title=\"Samningsvi\u00f0auki nr. 13 vi\u00f0 samning um verndun mannr\u00e9ttinda og mannfrelsis\" href=\"https:\/\/europeancourt.org\/is\/skj%c3%b6l\/evr%c3%b3pur%c3%a1%c3%b0i%c3%b0\/mannr%c3%a9ttindas%c3%a1ttm%c3%a1li-evr%c3%b3pu\/samningsvi%c3%b0auki-nr13\/\">13<\/a>, sem a\u00f0eins nokkur r\u00edkjanna hafa sam\u00feykkt.<\/p>\n<p>Mannr\u00e9ttindad\u00f3mst\u00f3llinn getur eing\u00f6ngu teki\u00f0 m\u00e1l til sko\u00f0unar ef   <\/p>\n<p>\u2013 k\u00e6ruefni sn\u00fdr a\u00f0 <a title=\"A\u00f0ildarr\u00edki Evr\u00f3pur\u00e1\u00f0sins\" href=\"https:\/\/europeancourt.org\/is\/skj%c3%b6l\/evr%c3%b3pur%c3%a1%c3%b0i%c3%b0\/mannr%c3%a9ttindas%c3%a1ttm%c3%a1li-evr%c3%b3pu\/#fullgilding\">r\u00edki sem hefur fullgilt s\u00e1ttm\u00e1lann<\/a> e\u00f0a vi\u00f0komandi samningsvi\u00f0auka; \u2013 k\u00e6ruefni tengist atri\u00f0um sem var\u00f0a \u00e1byrg\u00f0 opinbers yfirvalds (l\u00f6ggjafa, stj\u00f3rns\u00fdslustofnunar, d\u00f3mst\u00f3ls, o.s.frv.); Mannr\u00e9ttindad\u00f3mst\u00f3llinn getur ekki teki\u00f0 fyrir k\u00e6rur gegn einstaklingum e\u00f0a einkareknum stofnunum;  \u00fe\u00fa hefur sj\u00e1lfur or\u00f0i\u00f0 fyrir beinum \u00e1hrifum af brotum \u00e1 grundvallarr\u00e9ttindum (ert me\u00f0 \u201est\u00f6\u00f0u brota\u00feola\u201c);   k\u00e6ruefni er \u00ed tengslum vi\u00f0 brot \u00e1 einum e\u00f0a fleiri r\u00e9ttindum sem sett eru fram \u00ed mannr\u00e9ttindas\u00e1ttm\u00e1lanum og samningsvi\u00f0aukunum;<\/p>\n<p>\u2013 \u00fe\u00fa hefur t\u00e6mt r\u00e9ttar\u00farr\u00e6\u00f0i heima fyrir til a\u00f0 leita lei\u00f0r\u00e9ttinga \u00e1 brotum \u00e1 r\u00e9ttindum (\u201einnlend r\u00e9ttar\u00farr\u00e6\u00f0i t\u00e6md\u201c); \u00feetta \u00fe\u00fd\u00f0ir a\u00f0 \u00e1\u00f0ur en k\u00e6ra er l\u00f6g\u00f0 fyrir d\u00f3mst\u00f3linn \u00fearf almennt a\u00f0 hafa lagt fram s\u00f6mu k\u00e6ruefni fyrir innlenda d\u00f3mst\u00f3la, \u00fe.m.t. \u00e6\u00f0sta d\u00f3mstig.    <a title=\"K\u00e6ruey\u00f0ubla\u00f0 til Mannr\u00e9ttindad\u00f3mst\u00f3ls Evr\u00f3pu\" href=\"https:\/\/europeancourt.org\/is\/skj%c3%b6l\/evr%c3%b3pur%c3%a1%c3%b0i%c3%b0\/mde\/k%c3%a6ruey%c3%b0ubla%c3%b0\/\">K\u00e6ruey\u00f0ubla\u00f0i\u00f0<\/a>, \u00e1samt \u00f6llum tilskildum uppl\u00fdsingum og skj\u00f6lum, ver\u00f0ur a\u00f0 senda Mannr\u00e9ttindad\u00f3mst\u00f3lnum \u00e1 e\u00f0a fyrir lokadag fj\u00f6gurra m\u00e1na\u00f0a t\u00edmabilsins. <a title=\"Athugun \u00e1 k\u00e6ru \u2013 Mannr\u00e9ttindad\u00f3mst\u00f3ll Evr\u00f3pu\" href=\"https:\/\/europeancourt.org\/en\/services\/echr\/checking-filled-in-applications\/\">Sta\u00f0festa<\/a> a\u00f0 \u00fea\u00f0 innihaldi allar \u00fe\u00e6r uppl\u00fdsingar og skj\u00f6l sem krafist er.<\/p>\n<p>Mannr\u00e9ttindad\u00f3mst\u00f3llinn getur ekki teki\u00f0 fyrir allar tegundir k\u00e6ruefna. Valdsvi\u00f0 hans er skilgreint \u00fat fr\u00e1 skilyr\u00f0um fyrir me\u00f0fer\u00f0arh\u00e6fi k\u00e6ra, sem sett eru fram \u00ed mannr\u00e9ttindas\u00e1ttm\u00e1lanum, sem setur takm\u00f6rk var\u00f0andi hver getur lagt fram k\u00e6ru, hven\u00e6r og var\u00f0andi hva\u00f0. Yfir 90% \u00feeirra k\u00e6ra sem Mannr\u00e9ttindad\u00f3mst\u00f3llinn tekur til me\u00f0fer\u00f0ar er v\u00edsa\u00f0 fr\u00e1. \u00dev\u00ed skal athuga hvort k\u00e6ruefni uppfylli skilyr\u00f0in, til a\u00f0 teljast me\u00f0fer\u00f0arh\u00e6f. Til a\u00f0 f\u00e1 frekari uppl\u00fdsingar var\u00f0andi \u00feessi vi\u00f0mi\u00f0 er h\u00e6gt a\u00f0 <a title=\"Samr\u00e1\u00f0 l\u00f6gmanns \u2013 Mannr\u00e9ttindad\u00f3mst\u00f3ll Evr\u00f3pu\" href=\"https:\/\/europeancourt.org\/en\/legal-advice-and-contacts\/\">hafa samr\u00e1\u00f0 vi\u00f0 l\u00f6gmann<\/a>.<\/p>\n<p>M\u00e1l a\u00f0ila ver\u00f0a tekin til me\u00f0fer\u00f0ar \u00e1n endurgjalds. K\u00e6randi \u00fearf ekki a\u00f0 r\u00e1\u00f0a l\u00f6gmann \u00e1 \u00fev\u00ed stigi \u00feegar k\u00e6ran er l\u00f6g\u00f0 fram. K\u00e6randinn er uppl\u00fdstur um \u00feegar m\u00e1li\u00f0 kemst \u00e1 \u00fea\u00f0 stig m\u00e1lsme\u00f0fer\u00f0arinnar a\u00f0 \u00fe\u00f6rf s\u00e9 \u00e1 leita s\u00e9r <a title=\"Undirb\u00faa k\u00e6rur til Mannr\u00e9ttindad\u00f3mst\u00f3ls Evr\u00f3pu\" href=\"https:\/\/europeancourt.org\/en\/services\/echr\/preparing-applications\/\">a\u00f0sto\u00f0ar l\u00f6gmanns<\/a>. \u00c1 \u00feessu stigi \u2014 \u00feegar Mannr\u00e9ttindad\u00f3mst\u00f3llinn hefur tilkynnt vi\u00f0komandi stj\u00f3rnv\u00f6ldum um k\u00e6runa til a\u00f0 f\u00e1 skriflegar athugasemdir \u2014 getur k\u00e6randinn \u00e1tt r\u00e9tt \u00e1 r\u00e9ttara\u00f0sto\u00f0 ef hann hefur takm\u00f6rku\u00f0 fj\u00e1rr\u00e1\u00f0 til a\u00f0 grei\u00f0a l\u00f6gfr\u00e6\u00f0ikostna\u00f0 og ef veiting sl\u00edkrar <a title=\"L\u00f6gfr\u00e6\u00f0ifulltr\u00fai \u2013 Mannr\u00e9ttindad\u00f3mst\u00f3ll Evr\u00f3pu\" href=\"https:\/\/europeancourt.org\/en\/services\/echr\/representing-applicants\/\">a\u00f0sto\u00f0ar<\/a> telst nau\u00f0synleg fyrir tilhl\u00fd\u00f0ilega framkv\u00e6md m\u00e1lsins.<\/p>\n<p>Mannr\u00e9ttindad\u00f3mst\u00f3llinn getur d\u00e6mt b\u00e6tur \u00e1 grunni eftirfarandi atri\u00f0a: kostna\u00f0ur og \u00fatgj\u00f6ld sem stofna\u00f0 er til \u00ed \u00fev\u00ed skyni a\u00f0 koma \u00ed veg fyrir e\u00f0a r\u00e9tta hlut sinn var\u00f0andi meint brot \u00e1 s\u00e1ttm\u00e1lanum, b\u00e6\u00f0i \u00ed r\u00e9ttarkerfinu innanlands og \u00ed m\u00e1lsme\u00f0fer\u00f0inni \u00ed Strassborg.<\/p>","protected":false},"excerpt":{"rendered":"Mannr\u00e9ttindad\u00f3mst\u00f3ll Evr\u00f3pu (MDE) er al\u00fej\u00f3\u00f0ad\u00f3mst\u00f3ll sem getur eing\u00f6ngu teki\u00f0 til sko\u00f0unar k\u00e6ruefni fr\u00e1 einstaklingum, samt\u00f6kum og f\u00e9l\u00f6gum sem halda \u00fev\u00ed fram a\u00f0 broti\u00f0 hafi veri\u00f0 \u00e1 r\u00e9ttindum \u00feeirra samkv\u00e6mt mannr\u00e9ttindas\u00e1ttm\u00e1la Evr\u00f3pu. Samningur um verndun&#46;&#46;&#46;","protected":false},"author":1,"featured_media":208894,"parent":0,"menu_order":0,"comment_status":"closed","ping_status":"closed","template":"","meta":{"footnotes":""},"categories":[],"tags":[],"class_list":["post-40792","page","type-page","status-publish","has-post-thumbnail","hentry"],"_links":{"self":[{"href":"https:\/\/europeancourt.org\/is\/wp-json\/wp\/v2\/pages\/40792","targetHints":{"allow":["GET"]}}],"collection":[{"href":"https:\/\/europeancourt.org\/is\/wp-json\/wp\/v2\/pages"}],"about":[{"href":"https:\/\/europeancourt.org\/is\/wp-json\/wp\/v2\/types\/page"}],"author":[{"embeddable":true,"href":"https:\/\/europeancourt.org\/is\/wp-json\/wp\/v2\/users\/1"}],"replies":[{"embeddable":true,"href":"https:\/\/europeancourt.org\/is\/wp-json\/wp\/v2\/comments?post=40792"}],"version-history":[{"count":0,"href":"https:\/\/europeancourt.org\/is\/wp-json\/wp\/v2\/pages\/40792\/revisions"}],"wp:featuredmedia":[{"embeddable":true,"href":"https:\/\/europeancourt.org\/is\/wp-json\/wp\/v2\/media\/208894"}],"wp:attachment":[{"href":"https:\/\/europeancourt.org\/is\/wp-json\/wp\/v2\/media?parent=40792"}],"wp:term":[{"taxonomy":"category","embeddable":true,"href":"https:\/\/europeancourt.org\/is\/wp-json\/wp\/v2\/categories?post=40792"},{"taxonomy":"post_tag","embeddable":true,"href":"https:\/\/europeancourt.org\/is\/wp-json\/wp\/v2\/tags?post=40792"}],"curies":[{"name":"wp","href":"https:\/\/api.w.org\/{rel}","templated":true}]}}